{"id":1020,"date":"2021-01-19T07:35:33","date_gmt":"2021-01-19T07:35:33","guid":{"rendered":"https:\/\/nilbilisim.com.tr\/magaza\/urun\/dahua-s4000-7x-7-port-fiber-ring-network-anahtara\/"},"modified":"2024-07-01T01:40:50","modified_gmt":"2024-06-30T22:40:50","slug":"dahua-s4000-7x-7-port-fiber-ring-network-anahtara","status":"publish","type":"product","link":"https:\/\/nilbilisim.com.tr\/magaza\/urun\/dahua-s4000-7x-7-port-fiber-ring-network-anahtara\/","title":{"rendered":"Dahua S4000-7X 7-Port Fiber Ring Network Anahtar\u0131"},"content":{"rendered":"<ul>\n<li>2 katl\u0131 end&uuml;striyel seviye anahtar\u0131<\/li>\n<li>A\u011f protokol&uuml;n&uuml; destekleyen STP \/ RSTP mevcut<\/li>\n<li>2 * 1000Mbps SFP fiber port ve 2 fiber port, ring a\u011f<\/li>\n<li>IEEE802.3, IEEE802.3u, IEEE802.3ab \/ z ve IEEE802.3X standartlar\u0131n\u0131 olu\u015fturabilir.<\/li>\n<li>End&uuml;striyel seviyede geni\u015f s\u0131cakl\u0131k tasar\u0131m\u0131<\/li>\n<li>WEB, SNMP a\u011f y&ouml;netimi (v1 \/ v2c) mevcut<\/li>\n<li>IEEE802.3X &ccedil;ift tam ak\u0131\u015f kontrol&uuml; ve Backpressure yar\u0131 &ccedil;ift ak\u0131\u015f kontrol&uuml;<\/li>\n<li>G&ouml;sterge veri iletim durumunu ve g&uuml;&ccedil; durumunu g&ouml;sterir.<\/li>\n<li>Destek portu izolasyonu, h\u0131z s\u0131n\u0131r\u0131, yans\u0131tma, 802.1Q VLAN<\/li>\n<li>DC12V \/ DC24V \/ AC24V g&uuml;&ccedil; kayna\u011f\u0131 mevcut<\/li>\n<\/ul>\n<table border=\"1\" cellpadding=\"5\" cellspacing=\"1\">\n<tbody>\n<tr>\n<td><strong>Model<\/strong><\/td>\n<td colspan=\"1\"><strong>Dahua S4000-7X Teknik &Ouml;zellikleri<\/strong><\/td>\n<\/tr>\n<tr>\n<td>Fiziksel Port<\/td>\n<td>2*1000 Base-X<br \/>1*10\/100\/1000 Base-T<br \/>4*10\/100 Base-T<br \/>Alarm\uff1a4\/1 Giri\u015f\/&Ccedil;\u0131k\u0131\u015f<br \/>4*RS485, 1*RS232<br \/>1*Console<\/td>\n<\/tr>\n<tr>\n<td>De\u011fi\u015fim Modu<\/td>\n<td colspan=\"1\">Kaydet&nbsp;&nbsp;&amp; &nbsp;G&ouml;nder<\/td>\n<\/tr>\n<tr>\n<td>Ba\u011f\u0131l Nem<\/td>\n<td colspan=\"1\">% 10-% 90<\/td>\n<\/tr>\n<tr>\n<td>G&uuml;&ccedil;<\/td>\n<td colspan=\"1\">DC12V \/ AC24V<\/td>\n<\/tr>\n<tr>\n<td>G&uuml;&ccedil; T&uuml;ketimi<\/td>\n<td colspan=\"1\">&le;15W<\/td>\n<\/tr>\n<tr>\n<td>&Ccedil;al\u0131\u015fma Ko\u015fullar\u0131<\/td>\n<td colspan=\"1\">-40 \u2103 ~ 75 \u2103<\/td>\n<\/tr>\n<tr>\n<td>A\u011f\u0131rl\u0131k<\/td>\n<td colspan=\"1\">1.15kg<\/td>\n<\/tr>\n<tr>\n<td>Boyutlar<\/td>\n<td colspan=\"1\">210mm x 132 mM &times; 52mm<\/td>\n<\/tr>\n<\/tbody>\n<\/table>\n","protected":false},"excerpt":{"rendered":"<p>2 katl\u0131 end&uuml;striyel seviye anahtar\u0131 A\u011f protokol&uuml;n&uuml; destekleyen STP \/ RSTP mevcut 2 * 1000Mbps SFP fiber port ve 2 fiber port, ring a\u011f IEEE802.3, IEEE802.3u, IEEE802.3ab \/ z ve IEEE802.3X standartlar\u0131n\u0131 olu\u015fturabilir. End&uuml;striyel seviyede geni\u015f s\u0131cakl\u0131k tasar\u0131m\u0131 WEB, SNMP a\u011f y&ouml;netimi (v1 \/ v2c) mevcut IEEE802.3X &ccedil;ift tam ak\u0131\u015f kontrol&uuml; ve Backpressure yar\u0131 &ccedil;ift [&#8230;]\n","protected":false},"featured_media":1021,"comment_status":"closed","ping_status":"closed","template":"","meta":[],"_links":{"self":[{"href":"https:\/\/nilbilisim.com.tr\/magaza\/wp-json\/wp\/v2\/product\/1020"}],"collection":[{"href":"https:\/\/nilbilisim.com.tr\/magaza\/wp-json\/wp\/v2\/product"}],"about":[{"href":"https:\/\/nilbilisim.com.tr\/magaza\/wp-json\/wp\/v2\/types\/product"}],"replies":[{"embeddable":true,"href":"https:\/\/nilbilisim.com.tr\/magaza\/wp-json\/wp\/v2\/comments?post=1020"}],"wp:featuredmedia":[{"embeddable":true,"href":"https:\/\/nilbilisim.com.tr\/magaza\/wp-json\/wp\/v2\/media\/1021"}],"wp:attachment":[{"href":"https:\/\/nilbilisim.com.tr\/magaza\/wp-json\/wp\/v2\/media?parent=1020"}],"curies":[{"name":"wp","href":"https:\/\/api.w.org\/{rel}","templated":true}]}}