{"id":1024,"date":"2021-01-19T07:35:40","date_gmt":"2021-01-19T07:35:40","guid":{"rendered":"https:\/\/nilbilisim.com.tr\/magaza\/urun\/dahua-pfs4220-16t-16-port-ethernet-switch-inetilen\/"},"modified":"2024-07-01T01:40:49","modified_gmt":"2024-06-30T22:40:49","slug":"dahua-pfs4220-16t-16-port-ethernet-switch-inetilen","status":"publish","type":"product","link":"https:\/\/nilbilisim.com.tr\/magaza\/urun\/dahua-pfs4220-16t-16-port-ethernet-switch-inetilen\/","title":{"rendered":"Dahua PFS4220-16T 16-Port Ethernet Switch (Y\u00f6netilen)"},"content":{"rendered":"<ul>\n<li>2 katmanl\u0131 y&ouml;netilen switch<\/li>\n<li>Basit bir i\u015flem ile web tabanl\u0131 katman 2 network y&ouml;netimi sa\u011flama<\/li>\n<li>G&uuml;venlik g&ouml;zetiminde video veri iletme i\u015fleminin b&uuml;y&uuml;k ak\u0131\u015f\u0131n\u0131 sa\u011flamak i&ccedil;in m&uuml;kemmel tasarlanm\u0131\u015f y&uuml;ksek h\u0131zl\u0131 veri iletimi<\/li>\n<li>IP adresini ve kullan\u0131c\u0131 \u015fifresini tek tu\u015fla kurtarma<\/li>\n<\/ul>\n<table border=\"1\" cellpadding=\"5\" cellspacing=\"1\">\n<tbody>\n<tr>\n<td><strong>Model<\/strong><\/td>\n<td><strong>Dahua<\/strong>&nbsp;<strong>DH-PFS4220-16T Teknik &Ouml;zellikleri<\/strong><\/td>\n<\/tr>\n<tr>\n<td>Ethernet Port<\/td>\n<td>2*1000 Base-X (SFP)<\/p>\n<p>&nbsp;<\/p>\n<p>2*10\/100\/1000 Base-T<\/p>\n<p>16*10\/100 Base-T<\/p>\n<\/td>\n<\/tr>\n<tr>\n<td>Anahtar Kapasitesi<\/td>\n<td>24.8G<\/td>\n<\/tr>\n<tr>\n<td>Paket \u0130letim Oran\u0131<\/td>\n<td>8.33Gpps<\/td>\n<\/tr>\n<tr>\n<td>Paket Tampon Bellek<\/td>\n<td>8Mb<\/td>\n<\/tr>\n<tr>\n<td>MAC Tablosu Boyutu<\/td>\n<td>16K<\/td>\n<\/tr>\n<tr>\n<td>De\u011fi\u015fim Modu<\/td>\n<td>Depolama &amp; \u0130letme<\/td>\n<\/tr>\n<tr>\n<td>Nem Oran\u0131<\/td>\n<td>0% -95%<\/td>\n<\/tr>\n<tr>\n<td>G&uuml;&ccedil; Kayna\u011f\u0131<\/td>\n<td>AC 100 ~ 240V<\/td>\n<\/tr>\n<tr>\n<td>G&uuml;&ccedil; T&uuml;ketimi<\/td>\n<td>&le;30W<\/td>\n<\/tr>\n<tr>\n<td>Y\u0131ld\u0131r\u0131mdan Korunma<\/td>\n<td>Ortak Mod 2KV<\/p>\n<p>&nbsp;<\/p>\n<p>Diferansiyel Mod 1KV<\/p>\n<\/td>\n<\/tr>\n<tr>\n<td>&Ccedil;al\u0131\u015fma Ko\u015fullar\u0131<\/td>\n<td>-10 \u2103 ~ 55 \u2103<\/td>\n<\/tr>\n<tr>\n<td>Net A\u011f\u0131rl\u0131k<\/td>\n<td>2.9kg<\/td>\n<\/tr>\n<tr>\n<td>Boyutlar<\/td>\n<td>442mm x 263mm x 44.5mm<\/td>\n<\/tr>\n<tr>\n<td><strong>Aksesuarlar<\/strong><\/td>\n<td>&nbsp;<\/td>\n<\/tr>\n<tr>\n<td>PFT3950<\/td>\n<td>1.25G 850nm, 500m, LC, &Ccedil;ok modlu<\/td>\n<\/tr>\n<tr>\n<td>PFT3960<\/td>\n<td>1.25G 1310 \/ 1550nm, 20km, LC, Tek modlu<\/td>\n<\/tr>\n<tr>\n<td>PFT3970<\/td>\n<td>1.25G 1550 \/ 1310nm, 20km, LC, Tek modlu<\/td>\n<\/tr>\n<\/tbody>\n<\/table>\n<table border=\"1\" cellpadding=\"5\" cellspacing=\"1\" id=\"table003\">\n<tbody>\n<tr>\n<td colspan=\"2\"><strong>Servis &Ouml;zellikleri<\/strong><\/td>\n<\/tr>\n<tr>\n<td rowspan=\"2\">Sistem<\/td>\n<td>Kullan\u0131c\u0131 ad\u0131 \/ \u015fifre: admin \/ admin<\/td>\n<\/tr>\n<tr>\n<td>IP Adresi: 192.168.1.200\/24<\/td>\n<\/tr>\n<tr>\n<td rowspan=\"2\">VLAN<\/td>\n<td>Port tabanl\u0131 VLAN<\/td>\n<\/tr>\n<tr>\n<td>802.1Q Standart VLAN<\/td>\n<\/tr>\n<tr>\n<td rowspan=\"2\">Geni\u015fleme<\/td>\n<td>STP<\/td>\n<\/tr>\n<tr>\n<td>RSTP<\/td>\n<\/tr>\n<tr>\n<td>Port Toplama<\/td>\n<td>Ba\u011flant\u0131 toplama<\/td>\n<\/tr>\n<tr>\n<td>Mirror<\/td>\n<td>Birden &ccedil;ok port mirroring mevcut<\/td>\n<\/tr>\n<tr>\n<td rowspan=\"2\">Ak\u0131\u015f Kontrol&uuml;<\/td>\n<td>Yar\u0131 bas\u0131n&ccedil;l\u0131 tip kontroll&uuml; yar\u0131 dubleks mevcut<\/td>\n<\/tr>\n<tr>\n<td>PAUSE &ccedil;er&ccedil;eve dayal\u0131 tam dubleks mevcut<\/td>\n<\/tr>\n<tr>\n<td>Multicast<\/td>\n<td>IGMP Snooping<\/td>\n<\/tr>\n<tr>\n<td rowspan=\"2\">G&uuml;venlik &Ouml;zellikleri<\/td>\n<td>Donan\u0131m IP + MAC port&rsquo;a dayal\u0131 ba\u011flamay\u0131 destekler<\/td>\n<\/tr>\n<tr>\n<td>IEEE802.1x port kimlik do\u011frulamas\u0131 mevcut<\/td>\n<\/tr>\n<tr>\n<td rowspan=\"3\">Sistem Bak\u0131m\u0131<\/td>\n<td>Yap\u0131land\u0131rma dosyas\u0131 y&uuml;kleme \/ indirme mevcut<\/td>\n<\/tr>\n<tr>\n<td>G&uuml;ncellenmi\u015f paket y&uuml;kleme mevcut<\/td>\n<\/tr>\n<tr>\n<td>Sistemi g&uuml;nl&uuml;kleri mevcut<\/td>\n<\/tr>\n<tr>\n<td>Netwok Y&ouml;netimi<\/td>\n<td>WEB (http ve https protokol&uuml;)<\/td>\n<\/tr>\n<\/tbody>\n<\/table>\n","protected":false},"excerpt":{"rendered":"<p>2 katmanl\u0131 y&ouml;netilen switch Basit bir i\u015flem ile web tabanl\u0131 katman 2 network y&ouml;netimi sa\u011flama G&uuml;venlik g&ouml;zetiminde video veri iletme i\u015fleminin b&uuml;y&uuml;k ak\u0131\u015f\u0131n\u0131 sa\u011flamak i&ccedil;in m&uuml;kemmel tasarlanm\u0131\u015f y&uuml;ksek h\u0131zl\u0131 veri iletimi IP adresini ve kullan\u0131c\u0131 \u015fifresini tek tu\u015fla kurtarma Model Dahua&nbsp;DH-PFS4220-16T Teknik &Ouml;zellikleri Ethernet Port 2*1000 Base-X (SFP) &nbsp; 2*10\/100\/1000 Base-T 16*10\/100 Base-T Anahtar Kapasitesi [&#8230;]\n","protected":false},"featured_media":1025,"comment_status":"closed","ping_status":"closed","template":"","meta":[],"_links":{"self":[{"href":"https:\/\/nilbilisim.com.tr\/magaza\/wp-json\/wp\/v2\/product\/1024"}],"collection":[{"href":"https:\/\/nilbilisim.com.tr\/magaza\/wp-json\/wp\/v2\/product"}],"about":[{"href":"https:\/\/nilbilisim.com.tr\/magaza\/wp-json\/wp\/v2\/types\/product"}],"replies":[{"embeddable":true,"href":"https:\/\/nilbilisim.com.tr\/magaza\/wp-json\/wp\/v2\/comments?post=1024"}],"wp:featuredmedia":[{"embeddable":true,"href":"https:\/\/nilbilisim.com.tr\/magaza\/wp-json\/wp\/v2\/media\/1025"}],"wp:attachment":[{"href":"https:\/\/nilbilisim.com.tr\/magaza\/wp-json\/wp\/v2\/media?parent=1024"}],"curies":[{"name":"wp","href":"https:\/\/api.w.org\/{rel}","templated":true}]}}