{"id":1026,"date":"2021-01-19T07:35:44","date_gmt":"2021-01-19T07:35:44","guid":{"rendered":"https:\/\/nilbilisim.com.tr\/magaza\/urun\/dahua-pfs4228-24t-24-port-ethernet-switch-inetilen\/"},"modified":"2024-07-01T01:40:49","modified_gmt":"2024-06-30T22:40:49","slug":"dahua-pfs4228-24t-24-port-ethernet-switch-inetilen","status":"publish","type":"product","link":"https:\/\/nilbilisim.com.tr\/magaza\/urun\/dahua-pfs4228-24t-24-port-ethernet-switch-inetilen\/","title":{"rendered":"Dahua PFS4228-24T 24-Port Ethernet Switch (Y\u00f6netilen)"},"content":{"rendered":"<ul>\n<li>2 katmanl\u0131&nbsp;y&ouml;netilen switch<\/li>\n<li>Basit kullan\u0131m ile web tabanl\u0131 katman 2 network y&ouml;netimi sa\u011flama<\/li>\n<li>G&uuml;venlik g&ouml;zetiminde video veri iletme i\u015fleminin b&uuml;y&uuml;k ak\u0131\u015f i&ccedil;in m&uuml;kemmel tasarlanm\u0131\u015f, y&uuml;ksek h\u0131zl\u0131 veri ileti\u015fimi deste\u011fi<\/li>\n<li>IP adresini ve kullan\u0131c\u0131 \u015fifresini tek tu\u015fla kurtarma<\/li>\n<\/ul>\n<table border=\"1\" cellpadding=\"5\" cellspacing=\"1\">\n<tbody>\n<tr>\n<td><strong>Model<\/strong><\/td>\n<td><strong>Dahua PFS4228-24&Tau; Teknik &Ouml;zellikleri<\/strong><\/td>\n<\/tr>\n<tr>\n<td>Ethernet Port<\/td>\n<td>2*1000 Base-X (SFP)<\/p>\n<p>&nbsp;<\/p>\n<p>2*10\/100\/1000 Base-T<\/p>\n<p>24*10\/100 Base-T<\/p>\n<\/td>\n<\/tr>\n<tr>\n<td>Switch Kapasitesi<\/td>\n<td>24.8G<\/td>\n<\/tr>\n<tr>\n<td>Paket \u0130letme Oran\u0131<\/td>\n<td>9.52Gpps<\/td>\n<\/tr>\n<tr>\n<td>Paket Bellek<\/td>\n<td>8Mb<\/td>\n<\/tr>\n<tr>\n<td>MAC Tablo Boyutu<\/td>\n<td>16K<\/td>\n<\/tr>\n<tr>\n<td>Exchange Modu<\/td>\n<td>Saklama ve iletme<\/td>\n<\/tr>\n<tr>\n<td>&Ccedil;al\u0131\u015fma Nemi<\/td>\n<td>% 0-% 95<\/td>\n<\/tr>\n<tr>\n<td>G&uuml;&ccedil; Kayna\u011f\u0131<\/td>\n<td>AC 100 &ndash; 240V<\/td>\n<\/tr>\n<tr>\n<td>G&uuml;&ccedil; T&uuml;ketimi<\/td>\n<td>&le;30 W<\/td>\n<\/tr>\n<tr>\n<td>Y\u0131ld\u0131r\u0131mdan Korunma<\/td>\n<td>Ortak Mod 2KV<\/p>\n<p>&nbsp;<\/p>\n<p>Diferansiyel Modu 1KV<\/p>\n<\/td>\n<\/tr>\n<tr>\n<td>&Ccedil;al\u0131\u015fma Ko\u015fullar\u0131<\/td>\n<td>-10 &deg; C-55 &deg; C<\/td>\n<\/tr>\n<tr>\n<td>Net A\u011f\u0131rl\u0131k<\/td>\n<td>3.05kg<\/td>\n<\/tr>\n<tr>\n<td>Boyutlar<\/td>\n<td>442mm x 263mm x 44.5mm<\/td>\n<\/tr>\n<tr>\n<td><strong>Aksesuarlar<\/strong><\/td>\n<td>&nbsp;<\/td>\n<\/tr>\n<tr>\n<td>PFT3950<\/td>\n<td>1.25G 850nm, 500m, LC, &Ccedil;ok modlu<\/td>\n<\/tr>\n<tr>\n<td>PFT3960<\/td>\n<td>1.25G 1310 \/ 1550nm, 20km, LC, Tek modlu<\/td>\n<\/tr>\n<tr>\n<td>PFT3970<\/td>\n<td>1.25G 1550 \/ 1310nm, 20km, LC, Tek modlu<\/td>\n<\/tr>\n<tr>\n<td><strong>Hizmet &Ouml;zellikleri<\/strong><\/td>\n<td>&nbsp;<\/td>\n<\/tr>\n<tr>\n<td>Sistem<\/td>\n<td>Kullan\u0131c\u0131 ad\u0131 \/ \u015fifre: admin \/ admin<\/p>\n<p>&nbsp;<\/p>\n<p>IP Adresi: 192.168.1.200\/24<\/p>\n<\/td>\n<\/tr>\n<tr>\n<td>VLAN<\/td>\n<td>Port tabanl\u0131 VLAN<\/p>\n<p>&nbsp;<\/p>\n<p>802.1Q Standart VLAN<\/p>\n<\/td>\n<\/tr>\n<tr>\n<td>Spanning Tree<\/td>\n<td>STP<\/p>\n<p>&nbsp;<\/p>\n<p>RSTP<\/p>\n<\/td>\n<\/tr>\n<tr>\n<td>Port Toplama<\/td>\n<td>Ba\u011flant\u0131 toplama<\/td>\n<\/tr>\n<tr>\n<td>Mirror<\/td>\n<td>Birden &ccedil;ok port mirroring mevcut<\/td>\n<\/tr>\n<tr>\n<td>Ak\u0131\u015f Kontrol&uuml;<\/td>\n<td>Yar\u0131 bas\u0131n&ccedil;l\u0131 tip kontroll&uuml; yar\u0131 dubleks mevcut<\/p>\n<p>&nbsp;<\/p>\n<p>PAUSE &ccedil;er&ccedil;evesine dayal\u0131 tam dubleks mevcut<\/p>\n<\/td>\n<\/tr>\n<tr>\n<td>Multicast<\/td>\n<td>IGMP Snooping<\/td>\n<\/tr>\n<tr>\n<td>G&uuml;venlik &Ouml;zellikleri<\/td>\n<td>Donan\u0131m, porta dayal\u0131 IP + MAC ba\u011flamay\u0131 destekler<\/p>\n<p>&nbsp;<\/p>\n<p>IEEE802.1x port kimlik do\u011frulamas\u0131n\u0131 destekleme<\/p>\n<\/td>\n<\/tr>\n<tr>\n<td>Sistem Bak\u0131m\u0131<\/td>\n<td>Yap\u0131land\u0131rma dosyas\u0131n\u0131 y&uuml;kleme \/ indirmeyi destekleme<\/p>\n<p>&nbsp;<\/p>\n<p>G&uuml;ncellenmi\u015f paket y&uuml;kleme<\/p>\n<p>Sistem log mevcut<\/p>\n<\/td>\n<\/tr>\n<tr>\n<td>Network Y&ouml;netimi<\/td>\n<td>WEB (http ve https protokol&uuml;)<\/td>\n<\/tr>\n<\/tbody>\n<\/table>\n","protected":false},"excerpt":{"rendered":"<p>2 katmanl\u0131&nbsp;y&ouml;netilen switch Basit kullan\u0131m ile web tabanl\u0131 katman 2 network y&ouml;netimi sa\u011flama G&uuml;venlik g&ouml;zetiminde video veri iletme i\u015fleminin b&uuml;y&uuml;k ak\u0131\u015f i&ccedil;in m&uuml;kemmel tasarlanm\u0131\u015f, y&uuml;ksek h\u0131zl\u0131 veri ileti\u015fimi deste\u011fi IP adresini ve kullan\u0131c\u0131 \u015fifresini tek tu\u015fla kurtarma Model Dahua PFS4228-24&Tau; Teknik &Ouml;zellikleri Ethernet Port 2*1000 Base-X (SFP) &nbsp; 2*10\/100\/1000 Base-T 24*10\/100 Base-T Switch Kapasitesi 24.8G [&#8230;]\n","protected":false},"featured_media":1027,"comment_status":"closed","ping_status":"closed","template":"","meta":[],"_links":{"self":[{"href":"https:\/\/nilbilisim.com.tr\/magaza\/wp-json\/wp\/v2\/product\/1026"}],"collection":[{"href":"https:\/\/nilbilisim.com.tr\/magaza\/wp-json\/wp\/v2\/product"}],"about":[{"href":"https:\/\/nilbilisim.com.tr\/magaza\/wp-json\/wp\/v2\/types\/product"}],"replies":[{"embeddable":true,"href":"https:\/\/nilbilisim.com.tr\/magaza\/wp-json\/wp\/v2\/comments?post=1026"}],"wp:featuredmedia":[{"embeddable":true,"href":"https:\/\/nilbilisim.com.tr\/magaza\/wp-json\/wp\/v2\/media\/1027"}],"wp:attachment":[{"href":"https:\/\/nilbilisim.com.tr\/magaza\/wp-json\/wp\/v2\/media?parent=1026"}],"curies":[{"name":"wp","href":"https:\/\/api.w.org\/{rel}","templated":true}]}}