{"id":1028,"date":"2021-01-19T07:35:48","date_gmt":"2021-01-19T07:35:48","guid":{"rendered":"https:\/\/nilbilisim.com.tr\/magaza\/urun\/dahua-pfs5424-24t-l2-inetilen-switch\/"},"modified":"2024-07-01T01:40:49","modified_gmt":"2024-06-30T22:40:49","slug":"dahua-pfs5424-24t-l2-inetilen-switch","status":"publish","type":"product","link":"https:\/\/nilbilisim.com.tr\/magaza\/urun\/dahua-pfs5424-24t-l2-inetilen-switch\/","title":{"rendered":"Dahua PFS5424-24T L2 + Y\u00f6netilen Switch"},"content":{"rendered":"<ul>\n<li>G&uuml;&ccedil;l&uuml; \u0130\u015fleme Kapasitesi<\/li>\n<li>M&uuml;kemmel G&uuml;venlik Kontrol Stratejisi<\/li>\n<li>M&uuml;kemmel G&uuml;venilirlik Koruma Mekanizmas\u0131<\/li>\n<li>Kullan\u0131\u015fl\u0131 Y&ouml;netim ve Bak\u0131m<\/li>\n<\/ul>\n<table border=\"1\" cellpadding=\"5\" cellspacing=\"1\">\n<tbody>\n<tr>\n<td><strong>Model<\/strong><\/td>\n<td><strong>&nbsp;Dahua PFS5424-24T Teknik &Ouml;zellikleri<\/strong><\/td>\n<\/tr>\n<tr>\n<td>Aray&uuml;z<\/td>\n<td>10\/100\/1000BASE-T port x 20<\/p>\n<p>&nbsp;<\/p>\n<p>Combo 1000BASE-T\/SFP port x 4<\/p>\n<\/td>\n<\/tr>\n<tr>\n<td>Y&ouml;netim Port<\/td>\n<td>1 Konsol port<\/td>\n<\/tr>\n<tr>\n<td>Reset Buton<\/td>\n<td>Bir Restore Factory Default D&uuml;\u011fmesi<\/td>\n<\/tr>\n<tr>\n<td>Switch Kapasite<\/td>\n<td>350Gbps<\/td>\n<\/tr>\n<tr>\n<td>Paket Forward Oran\u0131<\/td>\n<td>35.7Mpps<\/td>\n<\/tr>\n<tr>\n<td>&Ccedil;al\u0131\u015fma Ko\u015fullar\u0131<\/td>\n<td>-10 ila 55 &deg; C&rsquo;dir<\/td>\n<\/tr>\n<tr>\n<td>Dayan\u0131kl\u0131l\u0131k Ko\u015fullar\u0131<\/td>\n<td>-40 ~ 70 &deg; C<\/td>\n<\/tr>\n<tr>\n<td>&Ccedil;al\u0131\u015fma Nemi<\/td>\n<td>% 5 ~% 95 Yo\u011fu\u015fmas\u0131z<\/td>\n<\/tr>\n<tr>\n<td>Boyutlar<\/td>\n<td>440 (L) x 285 (W) x 44.5 (H) mm<\/td>\n<\/tr>\n<tr>\n<td>Net A\u011f\u0131rl\u0131k<\/td>\n<td>&lt;5kg<\/td>\n<\/tr>\n<tr>\n<td>Giri\u015f Voltaj\u0131<\/td>\n<td>AC: 110 ~ 240V \/ 50 ~ 60Hz<\/td>\n<\/tr>\n<tr>\n<td>G&uuml;&ccedil; T&uuml;ketimi<\/td>\n<td>&lt;50W<\/td>\n<\/tr>\n<tr>\n<td><strong>Hizmet &Ouml;zellikleri<\/strong><\/td>\n<td>&nbsp;<\/td>\n<\/tr>\n<tr>\n<td>Protokol Standard\u0131<\/td>\n<td>IEEE 802.3ad, IEEE 802.3, IEEE 802.3u, IEEE 802.3ab, IEEE 802.3z, IEEE 802.3ae, IEEE 802.3x, IEEE 802.3az<\/td>\n<\/tr>\n<tr>\n<td>MAC Tablo<\/td>\n<td>32K<\/td>\n<\/tr>\n<tr>\n<td>VLAN<\/td>\n<td>4K<\/p>\n<p>&nbsp;<\/p>\n<p>Port tabanl\u0131 VLAN<\/p>\n<p>802.1Q Standart VLAN<\/p>\n<p>MAC tabanl\u0131 VLAN<\/p>\n<p>Protokol tabanl\u0131 VLAN<\/p>\n<\/td>\n<\/tr>\n<tr>\n<td>Spanning Tree<\/td>\n<td>STP<\/p>\n<p>&nbsp;<\/p>\n<p>RSTP<\/p>\n<p>MSTP<\/p>\n<\/td>\n<\/tr>\n<tr>\n<td>Loop Korumas\u0131<\/td>\n<td>ERPS<\/td>\n<\/tr>\n<tr>\n<td>Loopback Alg\u0131lamas\u0131<\/td>\n<td>Mevcut<\/td>\n<\/tr>\n<tr>\n<td>Port Toplama<\/td>\n<td>En fazla 14 toplama grubu ve her grup i&ccedil;in 8 GE portu<\/p>\n<p>&nbsp;<\/p>\n<p>LACP, Manuel toplama<\/p>\n<\/td>\n<\/tr>\n<tr>\n<td>Mirror<\/td>\n<td>Birden &ccedil;ok port mirroring mevcut, yans\u0131tma kaynak port miktar\u0131 i&ccedil;in s\u0131n\u0131rlama yok.<\/td>\n<\/tr>\n<tr>\n<td rowspan=\"2\">Ak\u0131\u015f Kontrol&uuml;<\/td>\n<td>Yar\u0131 bas\u0131n&ccedil;l\u0131 tip kontroll&uuml; yar\u0131 dubleks mevcut<\/td>\n<\/tr>\n<tr>\n<td>PAUSE &ccedil;er&ccedil;evesine dayal\u0131 tam dubleks mevcut<\/td>\n<\/tr>\n<tr>\n<td>Port H\u0131z Limiti<\/td>\n<td>Mevcut<\/td>\n<\/tr>\n<tr>\n<td>IP Y&ouml;nlendirme<\/td>\n<td>Statik y&ouml;nlendirme<\/td>\n<\/tr>\n<tr>\n<td>Multicast<\/td>\n<td>IGMP Snooping<\/p>\n<p>&nbsp;<\/p>\n<p>MVR (Multicast VLAN Kayd\u0131)<\/p>\n<\/td>\n<\/tr>\n<tr>\n<td>DHCP<\/td>\n<td>DHCP \u0130stemcisi<\/p>\n<p>&nbsp;<\/p>\n<p>DHCP Sunucusu<\/p>\n<p>DHCP Snooping<\/p>\n<\/td>\n<\/tr>\n<tr>\n<td>Storm Engellemesi<\/td>\n<td>Broadcast &uuml;zerindeki storm engelleme, multicast, unicast<\/td>\n<\/tr>\n<tr>\n<td>G&uuml;venlik &Ouml;zellikleri<\/td>\n<td>Donan\u0131m IP ACL, MAC ACL, VLAN ACL&rsquo;yi destekliyor.<\/p>\n<p>&nbsp;<\/p>\n<p>Donan\u0131m, porta dayal\u0131 IP + MAC ba\u011flamay\u0131 destekler.<\/p>\n<p>IP Kaynak Korumas\u0131n\u0131 Destekleme<\/p>\n<p>ARP Alg\u0131lamay\u0131 Destekleme<\/p>\n<p>IEEE802.1x port kimlik do\u011frulamas\u0131n\u0131 destekleme<\/p>\n<p>Yar\u0131&ccedil;ap Kimlik Do\u011frulamas\u0131 mevcut<\/p>\n<p>Kullan\u0131c\u0131 s\u0131n\u0131fland\u0131rma y&ouml;netimini ve parola korumas\u0131n\u0131 destekleme<\/p>\n<\/td>\n<\/tr>\n<tr>\n<td>Sistem Korumas\u0131<\/td>\n<td>Konfig&uuml;rasyon dosyas\u0131 upload\/download mevcut<\/p>\n<p>&nbsp;<\/p>\n<p>G&uuml;ncellenmi\u015f paket y&uuml;kleme<\/p>\n<p>Web &uuml;zerinden default moduna &ccedil;ekme<\/p>\n<p>Sistem log mevcut<\/p>\n<p>PING<\/p>\n<\/td>\n<\/tr>\n<tr>\n<td>Network Y&ouml;netimi<\/td>\n<td>WEB (http ve https protokol&uuml;)<\/p>\n<p>&nbsp;<\/p>\n<p>CLI<\/p>\n<p>Telnet<\/p>\n<p>SSH 2.0<\/p>\n<p>SNMP<\/p>\n<p>RMON<\/p>\n<p>LLDP<\/p>\n<p>NTP istemcisini destekleme<\/p>\n<\/td>\n<\/tr>\n<tr>\n<td><strong>Aksesuarlar<\/strong><\/td>\n<td>&nbsp;<\/td>\n<\/tr>\n<tr>\n<td>PFT3950<\/td>\n<td>1.25G 850nm, 500m, LC, &Ccedil;ok modlu<\/td>\n<\/tr>\n<tr>\n<td>PFT3960<\/td>\n<td>1.25G 1310 \/ 1550nm, 20km, LC, Tek modlu<\/td>\n<\/tr>\n<tr>\n<td>PFT3970<\/td>\n<td>1.25G 1550 \/ 1310nm, 20km, LC, Tek modlu<\/td>\n<\/tr>\n<\/tbody>\n<\/table>\n","protected":false},"excerpt":{"rendered":"<p>G&uuml;&ccedil;l&uuml; \u0130\u015fleme Kapasitesi M&uuml;kemmel G&uuml;venlik Kontrol Stratejisi M&uuml;kemmel G&uuml;venilirlik Koruma Mekanizmas\u0131 Kullan\u0131\u015fl\u0131 Y&ouml;netim ve Bak\u0131m Model &nbsp;Dahua PFS5424-24T Teknik &Ouml;zellikleri Aray&uuml;z 10\/100\/1000BASE-T port x 20 &nbsp; Combo 1000BASE-T\/SFP port x 4 Y&ouml;netim Port 1 Konsol port Reset Buton Bir Restore Factory Default D&uuml;\u011fmesi Switch Kapasite 350Gbps Paket Forward Oran\u0131 35.7Mpps &Ccedil;al\u0131\u015fma Ko\u015fullar\u0131 -10 ila 55 [&#8230;]\n","protected":false},"featured_media":1029,"comment_status":"closed","ping_status":"closed","template":"","meta":[],"_links":{"self":[{"href":"https:\/\/nilbilisim.com.tr\/magaza\/wp-json\/wp\/v2\/product\/1028"}],"collection":[{"href":"https:\/\/nilbilisim.com.tr\/magaza\/wp-json\/wp\/v2\/product"}],"about":[{"href":"https:\/\/nilbilisim.com.tr\/magaza\/wp-json\/wp\/v2\/types\/product"}],"replies":[{"embeddable":true,"href":"https:\/\/nilbilisim.com.tr\/magaza\/wp-json\/wp\/v2\/comments?post=1028"}],"wp:featuredmedia":[{"embeddable":true,"href":"https:\/\/nilbilisim.com.tr\/magaza\/wp-json\/wp\/v2\/media\/1029"}],"wp:attachment":[{"href":"https:\/\/nilbilisim.com.tr\/magaza\/wp-json\/wp\/v2\/media?parent=1028"}],"curies":[{"name":"wp","href":"https:\/\/api.w.org\/{rel}","templated":true}]}}