{"id":1034,"date":"2021-01-19T07:35:57","date_gmt":"2021-01-19T07:35:57","guid":{"rendered":"https:\/\/nilbilisim.com.tr\/magaza\/urun\/dahua-s5500-48gt4gf-48-kanal-ieni-nesil-ethernet-switch\/"},"modified":"2024-07-01T01:40:48","modified_gmt":"2024-06-30T22:40:48","slug":"dahua-s5500-48gt4gf-48-kanal-ieni-nesil-ethernet-switch","status":"publish","type":"product","link":"https:\/\/nilbilisim.com.tr\/magaza\/urun\/dahua-s5500-48gt4gf-48-kanal-ieni-nesil-ethernet-switch\/","title":{"rendered":"Dahua S5500-48GT4GF 48 Kanal Yeni Nesil Ethernet Switch"},"content":{"rendered":"<ul>\n<li>Y&uuml;ksek Performans ve &Ouml;l&ccedil;eklenebilirlik<\/li>\n<li>&Ccedil;e\u015fitle\u015ftirilmi\u015f G&uuml;venlik Politikalar\u0131<\/li>\n<li>Geli\u015ftirilmi\u015f &Ccedil;oklu Hizmet &Ouml;zellikleri<\/li>\n<li>Profesyonel y\u0131ld\u0131r\u0131mdan koruma fonksiyonlar\u0131<\/li>\n<li>&Ccedil;evreye Duyarl\u0131l\u0131k ve Enerji Tasarrufu<\/li>\n<li>Network Y&ouml;netiminde Kolayl\u0131k<\/li>\n<\/ul>\n<table border=\"1\" cellpadding=\"5\" cellspacing=\"1\">\n<tbody>\n<tr>\n<td colspan=\"2\"><strong>Dahua S5500-48GT4GF Teknik &Ouml;zellikleri<\/strong><\/td>\n<\/tr>\n<tr>\n<td>Switch Kapasitesi<\/td>\n<td rowspan=\"1\">256 Gbit\/s<\/td>\n<\/tr>\n<tr>\n<td>Paket Y&ouml;nlendirme Oran\u0131<\/td>\n<td rowspan=\"1\">78Mpps<\/td>\n<\/tr>\n<tr>\n<td>Y&ouml;netim Port<\/td>\n<td rowspan=\"1\">1 konsol port<\/td>\n<\/tr>\n<tr>\n<td>Sabit Port<\/td>\n<td rowspan=\"1\">48 x 10\/100\/1000Base-T Ethernet port<\/p>\n<p>&nbsp;<\/p>\n<p>4 x 1000Base-X Ethernet port<\/p>\n<\/td>\n<\/tr>\n<tr>\n<td>Port Toplama<\/td>\n<td rowspan=\"1\">A\u015fa\u011f\u0131daki port toplama &ouml;zelliklerini destekler:<br \/>\n\t\t\t\u25cf LACP<br \/>\n\t\t\t\u25cf Elle port agregasyonu<br \/>\n\t\t\t\u25cf Her bir toplama grubunda maksimum sekiz ports<\/td>\n<\/tr>\n<tr>\n<td>Katman-2 Halka Network Protokol&uuml;<\/td>\n<td>STP, RSTP ve MSTP&rsquo;yi destekler.<\/td>\n<\/tr>\n<tr>\n<td>VLAN<\/td>\n<td>A\u015fa\u011f\u0131daki VLAN &ouml;zelliklerini destekler:<br \/>\n\t\t\t\u25cf Port tabanl\u0131 VLAN&rsquo;lar (4.000 VLAN)<br \/>\n\t\t\t\u25cf MAC adres tabanl\u0131 VLAN&rsquo;lar<br \/>\n\t\t\t\u25cf Protokol tabanl\u0131 VLAN&rsquo;lar<br \/>\n\t\t\t\u25cf&nbsp;GVRP<br \/>\n\t\t\t\u25cfQinQ ve esnek QinQ<br \/>\n\t\t\t\u25cf VLAN e\u015flemesi<br \/>\n\t\t\t\u25cf Konuk VLAN&rsquo;lar\u0131<\/td>\n<\/tr>\n<tr>\n<td>DHCP<\/td>\n<td>A\u015fa\u011f\u0131daki DHCP &ouml;zelliklerini destekler:<br \/>\n\t\t\t\u25cf DHCP Sunucusu<br \/>\n\t\t\t\u25cf DHCP \u0130stemcisi<br \/>\n\t\t\t\u25cf DHCP Ge&ccedil;i\u015fi<br \/>\n\t\t\t\u25cf DHCP Snooping<br \/>\n\t\t\t\u25cf DHCP Snooping Option82<\/td>\n<\/tr>\n<tr>\n<td>IPv4<\/td>\n<td>IPv4 statik y&ouml;nlendirme, RIP ve OSPF&rsquo;yi destekler.<\/td>\n<\/tr>\n<tr>\n<td>IPv6<\/td>\n<td>A\u015fa\u011f\u0131daki IPv6 &ouml;zelliklerini destekler:<br \/>\n\t\t\t\u25cf IPv4 ve IPv6 &ccedil;ift protokol k&uuml;mesi<br \/>\n\t\t\t\u25cf IPv6 statik y&ouml;nlendirme<br \/>\n\t\t\t\u25cf ND ve PMTUD<br \/>\n\t\t\t\u25cf Pingv6, Telnetv6, FTPv6, TFTPv6 ve ICMPv6<\/td>\n<\/tr>\n<tr>\n<td>Multicast<\/td>\n<td>A\u015fa\u011f\u0131daki multicast yay\u0131n &ouml;zelliklerini destekler:<br \/>\n\t\t\t\u25cf IGMP Snooping ve h\u0131zl\u0131 izin<br \/>\n\t\t\t\u25cf MLD Snooping<br \/>\n\t\t\t\u25cf Multicast Yay\u0131n VLAN&rsquo;lar\u0131<\/td>\n<\/tr>\n<tr>\n<td>K&uuml;meleme<\/td>\n<td>Maksimum 32 cihaz\u0131n hybrid k&uuml;melemesi mevcut.<\/td>\n<\/tr>\n<tr>\n<td>Mirror<\/td>\n<td>Port yans\u0131tma ve ak\u0131\u015f aynalamas\u0131n\u0131 destekler.<\/td>\n<\/tr>\n<tr>\n<td>ACL<\/td>\n<td>A\u015fa\u011f\u0131daki ACL &ouml;zelliklerini destekler:<br \/>\n\t\t\t\u25cf L2&rsquo;den L4&rsquo;e paket filtreleme<br \/>\n\t\t\t\u25cf Paketteki &ouml;nceki 80 bayt\u0131n e\u015fle\u015fmesi \u25cf Kaynak MAC adresi, var\u0131\u015f MAC adresi, kaynak IP adresi, hedef IP adresi, IP protokol t&uuml;r&uuml;, TCP \/ UDP&rsquo;ye dayal\u0131 ACL tan\u0131m\u0131<br \/>\n\t\t\tBa\u011flant\u0131 noktas\u0131, TCP \/ UDP ba\u011flant\u0131 noktas\u0131 kapsam\u0131 ve VLAN \u25cf Ba\u011flant\u0131 noktalar\u0131 veya VLAN&rsquo;lara dayal\u0131 ACL yay\u0131m\u0131<br \/>\n\t\t\t\u25cf Zaman aral\u0131klar\u0131na dayal\u0131 ACL&rsquo;ler<br \/>\n\t\t\t\u25cf Donan\u0131m tabanl\u0131 IPv6 ACL ve QoS<\/td>\n<\/tr>\n<tr>\n<td>QoS<\/td>\n<td>\n<p>A\u015fa\u011f\u0131daki QoS &ouml;zelliklerini destekler:<br \/>\n\t\t\t\u25cf Farkl\u0131 Servis Kalitesi<br \/>\n\t\t\t\u25cf Her bir ba\u011flant\u0131 noktas\u0131nda sekiz &ccedil;\u0131kt\u0131 s\u0131ras\u0131<br \/>\n\t\t\t\u25cf 802.1P \/ DSCP &ouml;ncelik e\u015flemesi<br \/>\n\t\t\t\u25cf S\u0131ra zamanlama mekanizmalar\u0131<br \/>\n\t\t\t\u25cf &Ouml;ncelikli i\u015faretleme ve tekrar a&ccedil;ma<br \/>\n\t\t\t\u25cf Ak\u0131\u015f tabanl\u0131 paket filtreleme<br \/>\n\t\t\t\u25cf Ak\u0131\u015f temelli y&ouml;nlendirme<br \/>\n\t\t\t\u25cf Ak\u0131\u015f esasl\u0131 h\u0131z s\u0131n\u0131rlamas\u0131<br \/>\n\t\t\t\u25cf Ses VLAN&rsquo;lar\u0131<\/p>\n<\/td>\n<\/tr>\n<tr>\n<td>G&uuml;venlik<\/td>\n<td>A\u015fa\u011f\u0131daki g&uuml;venlik &ouml;zelliklerini destekler:<br \/>\n\t\t\t\u25cf Seviye tabanl\u0131 kullan\u0131c\u0131 y&ouml;netimi ve parola korumas\u0131<br \/>\n\t\t\t\u25cf Konuk VLAN&rsquo;lar\u0131<br \/>\n\t\t\t\u25cf IEEE 802.1X kimlik do\u011frulama ve merkezi MAC adresi kimlik do\u011frulama \u25cf H\u0131zl\u0131 EAD da\u011f\u0131t\u0131m\u0131<br \/>\n\t\t\t\u25cf AAA, RADIUS ve HWTACACS kimlik do\u011frulamas\u0131 \u25cf &Ouml;\u011frenilen MAC adreslerinin say\u0131s\u0131yla ilgili k\u0131s\u0131tlama<br \/>\n\t\t\t\u25cf MAC adresi kara delik<br \/>\n\t\t\t\u25cf Kullan\u0131c\u0131 giri\u015fi i&ccedil;in g&uuml;venli \u015fifreli kanallar sa\u011flayan SSH 2.0<br \/>\n\t\t\t\u25cf SSL, veri aktar\u0131m\u0131n\u0131n g&uuml;venli\u011fini sa\u011flama<br \/>\n\t\t\t\u25cf HABP<br \/>\n\t\t\t\u25cf SAVI kaynak adreslerinin ge&ccedil;erlilik do\u011frulamas\u0131<br \/>\n\t\t\t\u25cf Port izolasyonu<br \/>\n\t\t\t\u25cf ARP paketleri i&ccedil;in h\u0131z s\u0131n\u0131rlamas\u0131<br \/>\n\t\t\t\u25cf Kaynak IP adreslerinin korunmas\u0131<br \/>\n\t\t\t\u25cf ARP sald\u0131r\u0131lar\u0131n\u0131n tespiti<br \/>\n\t\t\t\u25cf DoS sald\u0131r\u0131lar\u0131na kar\u015f\u0131 savunma<br \/>\n\t\t\t\u25cf Yay\u0131n paketlerinin bast\u0131r\u0131lmas\u0131<br \/>\n\t\t\t\u25cf Aktif \/ Bekleme veri yedekleme mekanizmas\u0131 \u25cf IP adresi + ba\u011flant\u0131 noktas\u0131 ba\u011flama, IP adresi + MAC adresi ba\u011flama, port + MAC adresi ba\u011flama, IP adresi + MAC adresi + ba\u011flant\u0131 noktas\u0131 ba\u011flama ve IP adresi + MAC adresi + portu + VLAN ba\u011flama \u25cf CPU korumas\u0131<\/td>\n<\/tr>\n<tr>\n<td>G&uuml;venilirlik<\/td>\n<td>A\u015fa\u011f\u0131daki g&uuml;venilirlik &ouml;zelliklerini destekler:<br \/>\n\t\t\t\u25cf Ethernet OAM<br \/>\n\t\t\t\u25cf CFD<br \/>\n\t\t\t\u25cf &Ccedil;ift-uplink network i&ccedil;in etkili ve g&uuml;venilir ba\u011flant\u0131 yedeklemesi, y&uuml;k payla\u015f\u0131m\u0131 ve h\u0131zl\u0131 yak\u0131nsama sa\u011flamak i&ccedil;in Ak\u0131ll\u0131 Ba\u011flant\u0131<br \/>\n\t\t\t\u25cf Uplink durumunu izlemek ve Smart Link ile birlikte daha verimli bir ba\u011flant\u0131 yedeklemesi ve anahtarlama sa\u011flamak i&ccedil;in Monitor Link&rsquo;i<br \/>\n\t\t\t\u25cf DLDP, tek y&ouml;nl&uuml; kullan\u0131labilir ba\u011flant\u0131lar\u0131 saptamak i&ccedil;in<br \/>\n\t\t\t\u25cf RRPP<\/td>\n<\/tr>\n<tr>\n<td>Sistem Y&ouml;netimi<\/td>\n<td>A\u015fa\u011f\u0131daki sistem y&ouml;netimi &ouml;zelliklerini destekler:<br \/>\n\t\t\t\u25cf Konsol arac\u0131l\u0131\u011f\u0131yla Yap\u0131land\u0131rma, AUX Modem,<br \/>\n\t\t\tTelnet ve SSH2.0 CLI<br \/>\n\t\t\t\u25cf Dosya indirme ve y&uuml;kleme FTP, TFTP,<br \/>\n\t\t\tXmodem ve SFTP<br \/>\n\t\t\t\u25cf SNMP v1 \/ v2c \/ v3<br \/>\n\t\t\t\u25cf RMON<br \/>\n\t\t\t\u25cf Sanal Kablo Testi (VCT)<br \/>\n\t\t\t\u25cf TR069<br \/>\n\t\t\t\u25cf NTP saati<br \/>\n\t\t\t\u25cf Sistem &ccedil;al\u0131\u015fma g&uuml;nl&uuml;\u011f&uuml;<br \/>\n\t\t\t\u25cf K&uuml;me y&ouml;netimi<br \/>\n\t\t\t\u25cf Ak\u0131ll\u0131 y&ouml;netim merkezleri<\/td>\n<\/tr>\n<tr>\n<td>Ortam Nemi<\/td>\n<td>&Ccedil;al\u0131\u015fma ortam nemi:% 5 -% 95 (noncondensing)<br \/>\n\t\t\tDayan\u0131kl\u0131l\u0131k ortam nemi:% 5 -% 95 (noncondensing)<\/td>\n<\/tr>\n<tr>\n<td>&Ccedil;evre Koruma Standard\u0131<\/td>\n<td>&Ccedil;in RoHS ve EEE<\/td>\n<\/tr>\n<tr>\n<td>A\u011f\u0131rl\u0131k (Tam Yap\u0131land\u0131rma)<\/td>\n<td>&le; 3.4 kg<\/td>\n<\/tr>\n<tr>\n<td>Statik G&uuml;&ccedil; T&uuml;ketimi<\/td>\n<td rowspan=\"1\">20 W<\/td>\n<\/tr>\n<tr>\n<td>G&uuml;&ccedil; T&uuml;ketimi (Tam Y&uuml;kte)<\/td>\n<td rowspan=\"1\">&le; 32 W<\/td>\n<\/tr>\n<tr>\n<td>Giri\u015f Voltaj\u0131<\/td>\n<td rowspan=\"1\">AC: 100 V&ndash;240 V AC, 50\/60 Hz<\/td>\n<\/tr>\n<tr>\n<td>Boyutlar<\/td>\n<td>440 x 238 x 44 mm<\/td>\n<\/tr>\n<\/tbody>\n<\/table>\n","protected":false},"excerpt":{"rendered":"<p>Y&uuml;ksek Performans ve &Ouml;l&ccedil;eklenebilirlik &Ccedil;e\u015fitle\u015ftirilmi\u015f G&uuml;venlik Politikalar\u0131 Geli\u015ftirilmi\u015f &Ccedil;oklu Hizmet &Ouml;zellikleri Profesyonel y\u0131ld\u0131r\u0131mdan koruma fonksiyonlar\u0131 &Ccedil;evreye Duyarl\u0131l\u0131k ve Enerji Tasarrufu Network Y&ouml;netiminde Kolayl\u0131k Dahua S5500-48GT4GF Teknik &Ouml;zellikleri Switch Kapasitesi 256 Gbit\/s Paket Y&ouml;nlendirme Oran\u0131 78Mpps Y&ouml;netim Port 1 konsol port Sabit Port 48 x 10\/100\/1000Base-T Ethernet port &nbsp; 4 x 1000Base-X Ethernet port Port Toplama [&#8230;]\n","protected":false},"featured_media":1035,"comment_status":"closed","ping_status":"closed","template":"","meta":[],"_links":{"self":[{"href":"https:\/\/nilbilisim.com.tr\/magaza\/wp-json\/wp\/v2\/product\/1034"}],"collection":[{"href":"https:\/\/nilbilisim.com.tr\/magaza\/wp-json\/wp\/v2\/product"}],"about":[{"href":"https:\/\/nilbilisim.com.tr\/magaza\/wp-json\/wp\/v2\/types\/product"}],"replies":[{"embeddable":true,"href":"https:\/\/nilbilisim.com.tr\/magaza\/wp-json\/wp\/v2\/comments?post=1034"}],"wp:featuredmedia":[{"embeddable":true,"href":"https:\/\/nilbilisim.com.tr\/magaza\/wp-json\/wp\/v2\/media\/1035"}],"wp:attachment":[{"href":"https:\/\/nilbilisim.com.tr\/magaza\/wp-json\/wp\/v2\/media?parent=1034"}],"curies":[{"name":"wp","href":"https:\/\/api.w.org\/{rel}","templated":true}]}}