{"id":1036,"date":"2021-01-19T07:35:58","date_gmt":"2021-01-19T07:35:58","guid":{"rendered":"https:\/\/nilbilisim.com.tr\/magaza\/urun\/dahua-s5500-48gt4xf-iksek-performansla-1000m-ethernet-switch\/"},"modified":"2024-07-01T01:40:47","modified_gmt":"2024-06-30T22:40:47","slug":"dahua-s5500-48gt4xf-iksek-performansla-1000m-ethernet-switch","status":"publish","type":"product","link":"https:\/\/nilbilisim.com.tr\/magaza\/urun\/dahua-s5500-48gt4xf-iksek-performansla-1000m-ethernet-switch\/","title":{"rendered":"Dahua S5500-48GT4XF Y\u00fcksek Performansl\u0131 1000M Ethernet Switch"},"content":{"rendered":"<ul>\n<li>Y&uuml;ksek &Ouml;l&ccedil;eklenebilirlik, Yat\u0131r\u0131mlar\u0131 Koruma<\/li>\n<li>IRF2<\/li>\n<li>Komple G&uuml;venlik Kontrol Politikalar\u0131<\/li>\n<li>Farkl\u0131la\u015fm\u0131\u015f QoS Politikalar\u0131<\/li>\n<li>Y&uuml;ksek kullan\u0131labilirlik<\/li>\n<li>&Ccedil;evreye Duyarl\u0131l\u0131k ve Enerji Tasarrufu<\/li>\n<\/ul>\n<table border=\"1\" cellpadding=\"5\" cellspacing=\"1\">\n<tbody>\n<tr>\n<td colspan=\"2\"><strong>Dahua S5500-48GT4XF Teknik &Ouml;zellikleri<\/strong><\/td>\n<\/tr>\n<tr>\n<td>Switch Kapasitesi<\/td>\n<td rowspan=\"1\">256 Gbit\/s<\/td>\n<\/tr>\n<tr>\n<td>Paket Y&ouml;nlendirme Oran\u0131<\/td>\n<td rowspan=\"1\">132 Mpps<\/td>\n<\/tr>\n<tr>\n<td>Sabit Port<\/td>\n<td rowspan=\"1\">48 x 10\/100\/1000Base-T elektrik port<\/p>\n<p>&nbsp;<\/p>\n<p>4 x 10G BASE-X SFP+ optik port<\/p>\n<\/td>\n<\/tr>\n<tr>\n<td>Port Toplama<\/td>\n<td rowspan=\"1\">A\u015fa\u011f\u0131daki ba\u011flant\u0131 toplama &ouml;zelliklerini destekler:<br \/>\n\t\t\t\u25cf GE \/ 10GE ba\u011flant\u0131 noktas\u0131 toplam\u0131<br \/>\n\t\t\t\u25cf Dinamik toplama<br \/>\n\t\t\t\u25cf Cihazlar aras\u0131 toplama<\/td>\n<\/tr>\n<tr>\n<td>Port<\/td>\n<td>A\u015fa\u011f\u0131daki port &ouml;zelliklerini destekler:<br \/>\n\t\t\t\u25cf IEEE802.3x tabanl\u0131 trafik kontrol&uuml; (tam dupleks)<br \/>\n\t\t\t\u25cf Port oran\u0131 y&uuml;zdesine dayanan bast\u0131rma<br \/>\n\t\t\t\u25cf PPS tabanl\u0131 ve BPS tabanl\u0131 bast\u0131rma<\/td>\n<\/tr>\n<tr>\n<td>IRF2<\/td>\n<td>A\u015fa\u011f\u0131daki IRF2 &ouml;zelliklerini destekler:<br \/>\n\t\t\t\u25cf IRF2<br \/>\n\t\t\t\u25cf Standart Ethernet arabirimleri &uuml;zerinden k&uuml;meleme<br \/>\n\t\t\t\u25cf Yerel k&uuml;meleme ve uzaktan k&uuml;meleme<br \/>\n\t\t\t\u25cf Da\u011f\u0131t\u0131lm\u0131\u015f cihaz y&ouml;netimi ve da\u011f\u0131t\u0131lm\u0131\u015f ba\u011flant\u0131 toplam\u0131<\/td>\n<\/tr>\n<tr>\n<td>IP Y&ouml;nlendirme<\/td>\n<td>Statik y&ouml;nlendirmeyi destekler.<\/td>\n<\/tr>\n<tr>\n<td>VLAN<\/td>\n<td>A\u015fa\u011f\u0131daki VLAN &ouml;zelliklerini destekler:<br \/>\n\t\t\t\u25cf Port tabanl\u0131 VLAN&rsquo;lar<br \/>\n\t\t\t\u25cf Protokol tabanl\u0131 VLAN&rsquo;lar<br \/>\n\t\t\t\u25cfQinQ ve esnek QinQ<br \/>\n\t\t\t\u25cf VLAN e\u015flemesi<br \/>\n\t\t\t\u25cf Ses VLAN&rsquo;lar\u0131<br \/>\n\t\t\t\u25cf Konuk VLAN&rsquo;lar\u0131<\/td>\n<\/tr>\n<tr>\n<td>ACL<\/td>\n<td>A\u015fa\u011f\u0131daki ACL &ouml;zelliklerini destekler:<br \/>\n\t\t\t\u25cf Katman 2&rsquo;de (L2) katman 4&rsquo;e (L4) yap\u0131lan paket filtreleme \u25cf Kaynak MAC adresine, var\u0131\u015f MAC adresine, kaynak IP adresine, hedef IP adresine, TCP \/ UDP portuna, IP protokol t&uuml;r&uuml;ne ve VLAN&rsquo;a dayal\u0131 ak\u0131\u015f s\u0131n\u0131flamas\u0131 \u25cf ACL&rsquo;ler Zaman aral\u0131klar\u0131na dayal\u0131<br \/>\n\t\t\t\u25cf Portlara veya VLAN&rsquo;lara dayal\u0131 ACL&rsquo;lerin genel yay\u0131nlanmas\u0131<\/td>\n<\/tr>\n<tr>\n<td>QoS<\/td>\n<td>A\u015fa\u011f\u0131daki QoS &ouml;zelliklerini destekler:<br \/>\n\t\t\t\u25cf Paket al\u0131m h\u0131z\u0131 ve paket iletim h\u0131z\u0131n\u0131n portlarda k\u0131s\u0131tlanmas\u0131<br \/>\n\t\t\t\u25cf Paket y&ouml;nlendirmesi<br \/>\n\t\t\t\u25cf Her bir ba\u011flant\u0131 noktas\u0131nda sekiz &ccedil;\u0131kt\u0131 s\u0131ras\u0131<br \/>\n\t\t\t\u25cf Ba\u011flant\u0131 noktalar\u0131 &uuml;zerinde s\u0131ra zamanlamas\u0131 (SP, WRR ve SP + WRR) \u25cf Paketlerin 802.1p ve DSCP &ouml;nceliklerini yeniden i\u015faretleme<\/td>\n<\/tr>\n<tr>\n<td>DHCP<\/td>\n<td>A\u015fa\u011f\u0131daki DHCP &ouml;zelliklerini destekler:<br \/>\n\t\t\t\u25cf DHCP \u0130stemcisi<br \/>\n\t\t\t\u25cf DHCP Snooping<br \/>\n\t\t\t\u25cf DHCP Snooping se&ccedil;ene\u011fi82<br \/>\n\t\t\t\u25cf DHCP Ge&ccedil;i\u015fi<br \/>\n\t\t\t\u25cf DHCP Sunucusu<br \/>\n\t\t\t\u25cf DHCP otomatik yap\u0131land\u0131rmas\u0131 (s\u0131f\u0131r yap\u0131land\u0131rma)<\/td>\n<\/tr>\n<tr>\n<td>Multicast<\/td>\n<td>A\u015fa\u011f\u0131daki &ccedil;ok noktaya yay\u0131n &ouml;zelliklerini destekler:<br \/>\n\t\t\t\u25cf IGMP Snooping \/ MLD Snooping<br \/>\n\t\t\t\u25cf Multicast Yay\u0131n VLAN&rsquo;lar\u0131<\/td>\n<\/tr>\n<tr>\n<td>Katman-2 Halka Network Protokol&uuml;<\/td>\n<td>STP, RSTP, MSTP ve PVST&rsquo;yi destekler.<\/td>\n<\/tr>\n<tr>\n<td>OAM<\/td>\n<td>802.1ag ve 802.3ah&rsquo;yi destekler.<\/td>\n<\/tr>\n<tr>\n<td>Mirror<\/td>\n<td>A\u015fa\u011f\u0131daki yans\u0131tma &ouml;zelliklerini destekler:<br \/>\n\t\t\t\u25cf Ba\u011flant\u0131 noktas\u0131 yans\u0131tma<br \/>\n\t\t\t\u25cf Uzaktan anahtarlamal\u0131 port analiz&ouml;r&uuml; (RSPAN)<br \/>\n\t\t\t\u25cf Trafik yans\u0131tmas\u0131<\/td>\n<\/tr>\n<tr>\n<td>G&uuml;venlik<\/td>\n<td>\n<p>A\u015fa\u011f\u0131daki g&uuml;venlik &ouml;zelliklerini destekler:<br \/>\n\t\t\t\u25cf Seviye tabanl\u0131 kullan\u0131c\u0131 y&ouml;netimi ve parola korumas\u0131<br \/>\n\t\t\t\u25cf 802.1X kimlik do\u011frulama ve merkezi MAC adresi kimlik do\u011frulama \u25cf Konuk VLAN&rsquo;lar\u0131<br \/>\n\t\t\t\u25cf RADIUS kimlik do\u011frulamas\u0131<br \/>\n\t\t\t\u25cf SSH 2.0<br \/>\n\t\t\t\u25cf Port izolasyonu<br \/>\n\t\t\t\u25cf Port g&uuml;venli\u011fi<br \/>\n\t\t\t\u25cf &Ouml;\u011frenilen MAC adreslerinin say\u0131s\u0131 &uuml;zerinde k\u0131s\u0131tlama<br \/>\n\t\t\t\u25cf Kaynak IP adreslerinin korunmas\u0131<br \/>\n\t\t\t\u25cf ARP sald\u0131r\u0131lar\u0131n\u0131n tespiti<br \/>\n\t\t\t\u25cf IP adresi + MAC adresi + ba\u011flant\u0131 noktas\u0131 &ccedil;ok &ouml;\u011feli ba\u011flama<\/p>\n<\/td>\n<\/tr>\n<tr>\n<td>Y&ouml;netim ve Bak\u0131m<\/td>\n<td>A\u015fa\u011f\u0131daki y&ouml;netim ve bak\u0131m &ouml;zelliklerini destekler:<br \/>\n\t\t\t\u25cf XModem, FTP veya TFTP ile y&uuml;kleme ve y&uuml;kseltme<br \/>\n\t\t\t\u25cf CLI, Telnet ve Konsol ba\u011flant\u0131 noktas\u0131 &uuml;zerinden yap\u0131land\u0131rmalar<br \/>\n\t\t\t\u25cf SNMPv1 \/ v2 \/ v3 ve Web tabanl\u0131 a\u011f y&ouml;netimi<br \/>\n\t\t\t\u25cf RMON alarmlar\u0131, olaylar\u0131 ve ge&ccedil;mi\u015f kay\u0131tlar\u0131<br \/>\n\t\t\t\u25cf Ak\u0131ll\u0131 y&ouml;netim merkezleri<br \/>\n\t\t\t\u25cf Sistem g&uuml;nl&uuml;kleri, hiyerar\u015fik alarmlar ve hata ay\u0131klama bilgileri &ccedil;\u0131kt\u0131s\u0131<br \/>\n\t\t\t\u25cf NTP<br \/>\n\t\t\t\u25cf Ping ve Tracert<br \/>\n\t\t\t\u25cf Sanal Kablo Testi (VCT)<br \/>\n\t\t\t\u25cf Ayg\u0131t Ba\u011flant\u0131 Alg\u0131lama Protokol&uuml; (DLDP)<br \/>\n\t\t\t\u25cf&nbsp;Ba\u011flant\u0131 noktalar\u0131 i&ccedil;in d&ouml;ng&uuml; &ouml;nleme alg\u0131lama<br \/>\n\t\t\t\u25cf G&uuml;&ccedil; kaynaklar\u0131 ve fanlar i&ccedil;in s\u0131cakl\u0131k alarmlar\u0131<br \/>\n\t\t\t\u25cf CPU korumas\u0131<\/td>\n<\/tr>\n<tr>\n<td>&Ccedil;evre Dostu ve Enerji Tasarrufu<\/td>\n<td>A\u015fa\u011f\u0131daki enerji tasarrufu &ouml;zelliklerini destekler:<br \/>\n\t\t\t\u25cf EEE (802.3az)<br \/>\n\t\t\t\u25cf Portlar\u0131n otomatik kapanma fonksiyonu<br \/>\n\t\t\t\u25cf Ba\u011flant\u0131 noktalar\u0131n\u0131n zamanlanm\u0131\u015f i\u015flevi (i\u015fi planla)<\/td>\n<\/tr>\n<tr>\n<td>Giri\u015f Voltaj\u0131<\/td>\n<td>H\u0131z voltaj aral\u0131\u011f\u0131:<br \/>\n\t\t\tAC: 100 V-240 V 50\/60 Hz<br \/>\n\t\t\tDC: -36 V ila -72 V<\/td>\n<\/tr>\n<tr>\n<td>Boyutlar<\/td>\n<td>440 x 260 x 43.6 mm<\/td>\n<\/tr>\n<tr>\n<td>G&uuml;&ccedil; T&uuml;ketimi<\/td>\n<td>Statik: 38 W<br \/>\n\t\t\tTam y&uuml;k: 45 W<\/td>\n<\/tr>\n<tr>\n<td>&Ccedil;al\u0131\u015fma Ko\u015fullar\u0131<\/td>\n<td>0&ordm;C (32&deg;F)&ndash;45&ordm;C (113&deg;F)<\/td>\n<\/tr>\n<tr>\n<td>Ba\u011f\u0131l &Ccedil;al\u0131\u015fma Ortam Nemi (Yo\u011fu\u015fmas\u0131z)<\/td>\n<td rowspan=\"1\">5%&ndash;95%<\/td>\n<\/tr>\n<\/tbody>\n<\/table>\n","protected":false},"excerpt":{"rendered":"<p>Y&uuml;ksek &Ouml;l&ccedil;eklenebilirlik, Yat\u0131r\u0131mlar\u0131 Koruma IRF2 Komple G&uuml;venlik Kontrol Politikalar\u0131 Farkl\u0131la\u015fm\u0131\u015f QoS Politikalar\u0131 Y&uuml;ksek kullan\u0131labilirlik &Ccedil;evreye Duyarl\u0131l\u0131k ve Enerji Tasarrufu Dahua S5500-48GT4XF Teknik &Ouml;zellikleri Switch Kapasitesi 256 Gbit\/s Paket Y&ouml;nlendirme Oran\u0131 132 Mpps Sabit Port 48 x 10\/100\/1000Base-T elektrik port &nbsp; 4 x 10G BASE-X SFP+ optik port Port Toplama A\u015fa\u011f\u0131daki ba\u011flant\u0131 toplama &ouml;zelliklerini destekler: \u25cf [&#8230;]\n","protected":false},"featured_media":1037,"comment_status":"closed","ping_status":"closed","template":"","meta":[],"_links":{"self":[{"href":"https:\/\/nilbilisim.com.tr\/magaza\/wp-json\/wp\/v2\/product\/1036"}],"collection":[{"href":"https:\/\/nilbilisim.com.tr\/magaza\/wp-json\/wp\/v2\/product"}],"about":[{"href":"https:\/\/nilbilisim.com.tr\/magaza\/wp-json\/wp\/v2\/types\/product"}],"replies":[{"embeddable":true,"href":"https:\/\/nilbilisim.com.tr\/magaza\/wp-json\/wp\/v2\/comments?post=1036"}],"wp:featuredmedia":[{"embeddable":true,"href":"https:\/\/nilbilisim.com.tr\/magaza\/wp-json\/wp\/v2\/media\/1037"}],"wp:attachment":[{"href":"https:\/\/nilbilisim.com.tr\/magaza\/wp-json\/wp\/v2\/media?parent=1036"}],"curies":[{"name":"wp","href":"https:\/\/api.w.org\/{rel}","templated":true}]}}