{"id":1068,"date":"2021-01-19T09:07:20","date_gmt":"2021-01-19T06:07:20","guid":{"rendered":"https:\/\/nilbilisim.com.tr\/magaza\/urun\/dahua-tpc-pt8620ap-b60z30-termal-network-hibrid-pan-tilt-kamera\/"},"modified":"2024-07-01T01:40:42","modified_gmt":"2024-06-30T22:40:42","slug":"dahua-tpc-pt8620ap-b60z30-termal-network-hibrid-pan-tilt-kamera","status":"publish","type":"product","link":"https:\/\/nilbilisim.com.tr\/magaza\/urun\/dahua-tpc-pt8620ap-b60z30-termal-network-hibrid-pan-tilt-kamera\/","title":{"rendered":"Dahua TPC-PT8620AP-B60Z30 Termal Network Hibrid Pan  Tilt Kamera"},"content":{"rendered":"<ul>\n<li>640&times;512 VOx so\u011futmas\u0131z termal sens&ouml;r teknolojisi<\/li>\n<li>Athermalized Lens(termal),Focus-free<\/li>\n<li>1\/1.9&rdquo; 2Megapiksel progresif tarama Sony CMOS<\/li>\n<li>G&uuml;&ccedil;l&uuml; 30x optik zoom<\/li>\n<li>Yang\u0131n alg\u0131lama ve alarm mevcut<\/li>\n<li>Maks. 160 &deg; \/ s pan h\u0131z\u0131, 360 &deg; endless pan D&ouml;nd&uuml;rme<\/li>\n<li>En fazla 300 &ouml;nayar, 5 otomatik tarama, 8 tur, 5 pattern<\/li>\n<li>7\/2 alarm giri\u015fi \/ &ccedil;\u0131k\u0131\u015f\u0131<\/li>\n<li>Mikro SD bellek, IP67<\/li>\n<\/ul>\n<p><img src=\"https:\/\/www.okisan.com\/wp-content\/uploads\/2016\/05\/20170717160050_39067-1.png\" \/><\/p>\n<table border=\"1\" cellpadding=\"5\" cellspacing=\"1\">\n<tbody>\n<tr>\n<td><strong>Model<\/strong><\/td>\n<td colspan=\"3\"><strong>Dahua TPC-PT8620AP-B60Z30 Teknik &Ouml;zellikleri<\/strong><\/td>\n<\/tr>\n<tr>\n<td><strong>Termal Kamera<\/strong><\/td>\n<td colspan=\"3\">&nbsp;<\/td>\n<\/tr>\n<tr>\n<td>G&ouml;r&uuml;nt&uuml; Sens&ouml;r&uuml;<\/td>\n<td colspan=\"3\">So\u011futulmam\u0131\u015f VOx Mikrobolometre<\/td>\n<\/tr>\n<tr>\n<td>Efektif Piksel<\/td>\n<td colspan=\"3\">640 (H) X512 (V)<\/td>\n<\/tr>\n<tr>\n<td>Piksel Boyutu<\/td>\n<td colspan=\"3\">17um<\/td>\n<\/tr>\n<tr>\n<td>Termal Hassasiyet<\/td>\n<td colspan=\"3\">&lt;40mK@f\/1.0<\/td>\n<\/tr>\n<tr>\n<td>Spektral Aral\u0131k<\/td>\n<td colspan=\"3\">7a- 14um<\/td>\n<\/tr>\n<tr>\n<td>Resim Ayar\u0131<\/td>\n<td colspan=\"3\">Parlakl\u0131k \/ Netlik \/ ROI \/ AGC \/ FFC \/ 3D DNR<\/td>\n<\/tr>\n<tr>\n<td>Renk Paletleri<\/td>\n<td colspan=\"3\">14(Whitehot\/Blackhot\/Ironrow\/Icefire\/<\/p>\n<p>&nbsp;<\/p>\n<p>Fusion\/Rainbow\/Globow\/Iconbow1\/<\/p>\n<p>Iconbow2 .etc)<\/p>\n<\/td>\n<\/tr>\n<tr>\n<td><strong>Termal Lens<\/strong><\/td>\n<td colspan=\"3\">&nbsp;<\/td>\n<\/tr>\n<tr>\n<td>Lens Tipi<\/td>\n<td colspan=\"3\">Sabit<\/td>\n<\/tr>\n<tr>\n<td>Odak Kontrol&uuml;<\/td>\n<td colspan=\"3\">Athermalized,Focus-free<\/td>\n<\/tr>\n<tr>\n<td>Odak Uzakl\u0131\u011f\u0131<\/td>\n<td colspan=\"3\">60mm<\/td>\n<\/tr>\n<tr>\n<td>G&ouml;r&uuml;\u015f A&ccedil;\u0131s\u0131<\/td>\n<td colspan=\"3\">H: 10.3 &deg;, V: 8.3 &deg;<\/td>\n<\/tr>\n<tr>\n<td>Etkili Mesafe \u2460<\/p>\n<p>&nbsp;<\/p>\n<p>\u0130nsan (1,8m * 0.5m)<\/p>\n<\/td>\n<td colspan=\"3\" rowspan=\"1\">D:2000m<\/p>\n<p>&nbsp;<\/p>\n<p>R:510m<\/p>\n<p>I :260m<\/p>\n<\/td>\n<\/tr>\n<tr>\n<td>Etkili Mesafe<\/p>\n<p>&nbsp;<\/p>\n<p>Ara&ccedil; (2.3M * 2.3m)<\/p>\n<\/td>\n<td colspan=\"3\" rowspan=\"1\">D:6000m<\/p>\n<p>&nbsp;<\/p>\n<p>R: 1600m<\/p>\n<p>I : 800m<\/p>\n<\/td>\n<\/tr>\n<tr>\n<td><strong>G&ouml;r&uuml;n&uuml;r Kamera<\/strong><\/td>\n<td colspan=\"3\">&nbsp;<\/td>\n<\/tr>\n<tr>\n<td>G&ouml;r&uuml;nt&uuml; Sens&ouml;r&uuml;<\/td>\n<td colspan=\"3\">1 \/ 1.9 &ldquo;Sony CMOS<\/td>\n<\/tr>\n<tr>\n<td>Etkin Piksel Say\u0131s\u0131<\/td>\n<td colspan=\"3\">1944 (H) x1092 (V)<\/td>\n<\/tr>\n<tr>\n<td>Elektronik Shutter H\u0131z\u0131<\/td>\n<td colspan=\"3\">1\/1 ~ 1 \/ 30.000s<\/td>\n<\/tr>\n<tr>\n<td>Min. Ayd\u0131nlatma<\/td>\n<td colspan=\"3\">0.001Lux@F1.5 (Renk), 0.0001Lux@F1.5 (S \/ B)<\/td>\n<\/tr>\n<tr>\n<td>S \/ N Oran\u0131<\/td>\n<td colspan=\"3\">55 dB&rsquo;den fazla<\/td>\n<\/tr>\n<tr>\n<td>IR Mesafesi<\/td>\n<td colspan=\"3\">150m (492ft)<\/td>\n<\/tr>\n<tr>\n<td>IR A&ccedil;ma \/ Kapama Kontrol&uuml;<\/td>\n<td colspan=\"3\">Otomatik&nbsp;\/ Manuel<\/td>\n<\/tr>\n<tr>\n<td>IR LED<\/td>\n<td colspan=\"3\">9<\/td>\n<\/tr>\n<tr>\n<td><strong>G&ouml;r&uuml;n&uuml;r Lens<\/strong><\/td>\n<td colspan=\"3\">&nbsp;<\/td>\n<\/tr>\n<tr>\n<td>Odak Uzakl\u0131\u011f\u0131<\/td>\n<td colspan=\"3\">6 mm ~ 180 mm<\/td>\n<\/tr>\n<tr>\n<td>Maks. Diyafram<\/td>\n<td colspan=\"3\">F1.5 ~ F4.3<\/td>\n<\/tr>\n<tr>\n<td>G&ouml;r&uuml;\u015f A&ccedil;\u0131s\u0131<\/td>\n<td colspan=\"3\">H: 59 &deg; ~ 2.4 &deg;<\/td>\n<\/tr>\n<tr>\n<td>Optik Zoom<\/td>\n<td colspan=\"3\">30x<\/td>\n<\/tr>\n<tr>\n<td>Odak Kontrol&uuml;<\/td>\n<td colspan=\"3\">Otomatik \/ Manuel<\/td>\n<\/tr>\n<tr>\n<td>Yak\u0131n Odak Mesafesi<\/td>\n<td colspan=\"3\">100mm ~ 1000mm (0.33ft ~ 3.28ft)<\/td>\n<\/tr>\n<tr>\n<td><strong>PTZ<\/strong><\/td>\n<td colspan=\"3\">&nbsp;<\/td>\n<\/tr>\n<tr>\n<td>Pan\/Tilt Aral\u0131\u011f\u0131<\/td>\n<td colspan=\"3\">Pan: 0&deg; ~ 360&deg; endless;Tilt: -40&deg; ~ 90&deg;<\/td>\n<\/tr>\n<tr>\n<td>Manuel Kontrol H\u0131z\u0131<\/td>\n<td colspan=\"3\">Pan: 0.1&deg; ~160&deg; \/s; Tilt: 0.1&deg; ~60&deg; \/s<\/td>\n<\/tr>\n<tr>\n<td>Ayarlanabilir H\u0131z<\/td>\n<td colspan=\"3\">Pan: 0.1&deg; ~160&deg; \/s ;Tilt: 0.1&deg; ~60&deg; \/s<\/td>\n<\/tr>\n<tr>\n<td>Preset<\/td>\n<td colspan=\"3\">300<\/td>\n<\/tr>\n<tr>\n<td>PTZ Modu<\/td>\n<td colspan=\"3\">5 Pattern, 8 Tur, Otomatik Pan, 5 Otomatik Tarama<\/td>\n<\/tr>\n<tr>\n<td>H\u0131z Ayar\u0131<\/td>\n<td colspan=\"3\">\u0130nsan odakl\u0131 odak uzakl\u0131\u011f\u0131 \/ h\u0131z adaptasyonu<\/td>\n<\/tr>\n<tr>\n<td>Eylem Durumu<\/td>\n<td colspan=\"3\">&Ouml;nceki PTZ&rsquo;ye ve objektif durumuna otomatik geri y&uuml;kleme<\/p>\n<p>&nbsp;<\/p>\n<p>(Elektrik kesildikten sonra)<\/p>\n<\/td>\n<\/tr>\n<tr>\n<td>PTZ Bo\u015fta \u0130ken<\/td>\n<td colspan=\"3\">Belirtilen periyotta komut yoksa Preset \/ Tarama \/ Tur \/ Pattern&rsquo;i etkinle\u015ftirme<\/td>\n<\/tr>\n<tr>\n<td>Protokol<\/td>\n<td colspan=\"3\">DH-SD, Pelco-P \/ D (Otomatik tan\u0131ma)<\/td>\n<\/tr>\n<tr>\n<td><strong>Video<\/strong><\/td>\n<td colspan=\"3\">&nbsp;<\/td>\n<\/tr>\n<tr>\n<td>S\u0131k\u0131\u015ft\u0131rma<\/td>\n<td colspan=\"3\">H.264 \/ MJPEG<\/td>\n<\/tr>\n<tr>\n<td>Frame Oran\u0131<\/td>\n<td colspan=\"3\">Ana Aktar\u0131m:<\/p>\n<p>&nbsp;<\/p>\n<p>Termal: 1280&times;1024 (varsay\u0131lan) \/ 720P @ 1 ~ 25 \/ 30fps<\/p>\n<p>G&ouml;r&uuml;n&uuml;r: 1080P (varsay\u0131lan) \/ 720P @ 1 ~ 25 \/ 30fps<\/p>\n<p>Alt Ak\u0131\u015f:<\/p>\n<p>Termal: 640&times;512 (varsay\u0131lan) \/ 320&times;256 @ 1 ~ 25 \/ 30fps<\/p>\n<p>G&ouml;r&uuml;n&uuml;r: CIF (varsay\u0131lan) \/ D1 @ 1 ~ 25 \/ 30fps<\/p>\n<\/td>\n<\/tr>\n<tr>\n<td>Bit H\u0131z\u0131 Kontrol&uuml;<\/td>\n<td colspan=\"3\">CBR \/ VBR<\/td>\n<\/tr>\n<tr>\n<td>Bit Oran\u0131<\/td>\n<td colspan=\"3\">H.264: 640 ~ 8192Kbps<\/td>\n<\/tr>\n<tr>\n<td>G&uuml;nd&uuml;z Gece<\/td>\n<td colspan=\"3\">Otomatik (ICR) \/ Renkli \/ S \/ B<\/td>\n<\/tr>\n<tr>\n<td>BLC Modu<\/td>\n<td colspan=\"3\">BLC \/ HLC \/ WDR<\/td>\n<\/tr>\n<tr>\n<td>Beyaz Dengesi<\/td>\n<td colspan=\"3\">Otomatik, ATW, Kapal\u0131, A&ccedil;\u0131k, Manuel<\/td>\n<\/tr>\n<tr>\n<td>Parazit Azaltma<\/td>\n<td colspan=\"3\">3D DNR<\/td>\n<\/tr>\n<tr>\n<td>Hareket Alg\u0131lama<\/td>\n<td colspan=\"3\">Kapal\u0131 \/ A&ccedil;\u0131k (4 b&ouml;lge, Dikd&ouml;rtgen)<\/td>\n<\/tr>\n<tr>\n<td>ROI<\/td>\n<td colspan=\"3\">Kapal\u0131 \/ a&ccedil;\u0131k (4 b&ouml;lge)<\/td>\n<\/tr>\n<tr>\n<td>Elektronik G&ouml;r&uuml;nt&uuml; Sabitleme<\/p>\n<p>&nbsp;<\/p>\n<p>(EIS)<\/p>\n<\/td>\n<td colspan=\"3\">&ndash;<\/td>\n<\/tr>\n<tr>\n<td>Ultra Defog (Anti Sis)<\/td>\n<td colspan=\"3\">Kapal\u0131 \/ A&ccedil;\u0131k<\/td>\n<\/tr>\n<tr>\n<td>Dijital Zoom<\/td>\n<td colspan=\"3\">24x<\/td>\n<\/tr>\n<tr>\n<td>Flip<\/td>\n<td colspan=\"3\">180&deg;<\/td>\n<\/tr>\n<tr>\n<td>Mirror<\/td>\n<td colspan=\"3\">Kapal\u0131 \/ A&ccedil;\u0131k<\/td>\n<\/tr>\n<tr>\n<td>&Ouml;zel Alan Maskelemesi<\/td>\n<td colspan=\"3\">Kapal\u0131 \/ A&ccedil;\u0131k (4 alan, Dikd&ouml;rtgen)<\/td>\n<\/tr>\n<tr>\n<td><strong>Ses<\/strong><\/td>\n<td colspan=\"3\">&nbsp;<\/td>\n<\/tr>\n<tr>\n<td>S\u0131k\u0131\u015ft\u0131rma<\/td>\n<td colspan=\"3\">G.711A \/ G.711Mu \/ AAC<\/td>\n<\/tr>\n<tr>\n<td><strong>Ak\u0131ll\u0131 Fonksiyonlar<\/strong><\/td>\n<td colspan=\"3\">&nbsp;<\/td>\n<\/tr>\n<tr>\n<td>IVS<\/td>\n<td colspan=\"3\">Tripwire, Sald\u0131r\u0131, Vazge&ccedil;ilen Nesne \/ Kay\u0131p<\/td>\n<\/tr>\n<tr>\n<td>Ak\u0131ll\u0131 Fonksiyonlar<\/td>\n<td colspan=\"3\">Yang\u0131n alg\u0131lama ve alarm<\/td>\n<\/tr>\n<tr>\n<td>\u0130zleme Tetikleme Modu<\/td>\n<td colspan=\"3\">&ndash;<\/td>\n<\/tr>\n<tr>\n<td>\u0130zleme Tetik Etkinli\u011fi<\/td>\n<td colspan=\"3\">&ndash;<\/td>\n<\/tr>\n<tr>\n<td><strong>Network<\/strong><\/td>\n<td colspan=\"3\">&nbsp;<\/td>\n<\/tr>\n<tr>\n<td>Ethernet<\/td>\n<td colspan=\"3\">RJ-45 (10 \/ 100Base-T)<\/td>\n<\/tr>\n<tr>\n<td>Protokol<\/td>\n<td colspan=\"3\">IPv4 \/ IPv6, HTTP, HTTPS, 802.1x, Qos, FTP, SMTP, UPnP, SNMP, DNS, DDNS, NTP, RTSP, RTP, TCP, UDP, IGMP, ICMP, DHCP, PPPoE, ONVIF<\/td>\n<\/tr>\n<tr>\n<td>ONVIF<\/td>\n<td colspan=\"3\">ONVIF Profili S &amp; G, PSIA, CGI<\/td>\n<\/tr>\n<tr>\n<td>Ak\u0131\u015f Y&ouml;ntemi<\/td>\n<td colspan=\"3\">Tek Noktaya Yay\u0131n \/ &Ccedil;ok Noktaya Yay\u0131n<\/td>\n<\/tr>\n<tr>\n<td>Maks. Kullan\u0131c\u0131 Eri\u015fimi<\/td>\n<td colspan=\"3\">10 Kullan\u0131c\u0131lar \/ 20 Kullan\u0131c\u0131<\/td>\n<\/tr>\n<tr>\n<td>Direkt Depolama<\/td>\n<td colspan=\"3\">Mikro SD (256GB)<\/p>\n<p>&nbsp;<\/p>\n<p>Bellek durum g&ouml;stergesi (Normal \/ Hata \/ Aktif \/ Bi&ccedil;imlendirme \/ Kilitleme),<\/p>\n<p>NAS (A\u011fa Ba\u011fl\u0131 Depolama), anl\u0131k kay\u0131t i&ccedil;in Yerel PC<\/p>\n<\/td>\n<\/tr>\n<tr>\n<td>Yaz\u0131l\u0131m Y&ouml;netimi<\/td>\n<td colspan=\"3\">Ak\u0131ll\u0131 PSS, DSS<\/td>\n<\/tr>\n<tr>\n<td>Ak\u0131ll\u0131 Telefon<\/td>\n<td colspan=\"3\">Android, Ios<\/td>\n<\/tr>\n<tr>\n<td><strong>Sertifikalar<\/strong><\/td>\n<td colspan=\"3\">&nbsp;<\/td>\n<\/tr>\n<tr>\n<td>Sertifikalar<\/td>\n<td colspan=\"3\">CE (EN 60950: 2000) FCC (FCC B&ouml;l&uuml;m 15 Subpart B)<\/td>\n<\/tr>\n<tr>\n<td><strong>Aray&uuml;z<\/strong><\/td>\n<td colspan=\"3\">&nbsp;<\/td>\n<\/tr>\n<tr>\n<td>Video Aray&uuml;z&uuml;<\/td>\n<td colspan=\"3\">1.0Vp-p \/ 75&Omega;, PAL \/ NTSC (HDCVI Opsiyonel)<\/td>\n<\/tr>\n<tr>\n<td>Ses Aray&uuml;z&uuml;<\/td>\n<td colspan=\"3\">Giri\u015f \/ &Ccedil;\u0131k\u0131\u015f 1 Giri\u015f \/ 1 &Ccedil;\u0131k\u0131\u015f<\/td>\n<\/tr>\n<tr>\n<td>RS485<\/td>\n<td colspan=\"3\">Mevcut<\/td>\n<\/tr>\n<tr>\n<td>Alarm<\/td>\n<td colspan=\"3\">7\/2 Giri\u015f \/ &Ccedil;\u0131k\u0131\u015f<\/td>\n<\/tr>\n<tr>\n<td><strong>Genel<\/strong><\/td>\n<td colspan=\"3\">&nbsp;<\/td>\n<\/tr>\n<tr>\n<td>G&uuml;&ccedil; Kayna\u011f\u0131<\/td>\n<td colspan=\"3\">AC 24V \/ 5A &plusmn;% 15<\/td>\n<\/tr>\n<tr>\n<td>G&uuml;&ccedil; T&uuml;ketimi<\/td>\n<td colspan=\"3\">30W, Maks.&nbsp;70W (Is\u0131t\u0131c\u0131, LED)<\/td>\n<\/tr>\n<tr>\n<td>&Ccedil;al\u0131\u015fma Ko\u015fullar\u0131<\/td>\n<td colspan=\"3\">-40 &deg; C ~ + 70 &deg; C (-40 &deg; F ~ + 158 &deg; F) \/% 95&rsquo;den az RH<\/p>\n<p>&nbsp;<\/p>\n<p>* Ba\u015flang\u0131&ccedil; \u200b\u200b-40 &deg; C&rsquo;nin &uuml;st&uuml;nde (-40 &deg; F) yap\u0131lmal\u0131d\u0131r.<\/p>\n<\/td>\n<\/tr>\n<tr>\n<td>Dayan\u0131kl\u0131l\u0131k Ko\u015fullar\u0131<\/td>\n<td colspan=\"3\">-40 &deg; C ~ + 70 &deg; C&nbsp;(&nbsp;-40 &deg; F ~ + 158 &deg; F&nbsp;) \/% 95&rsquo;den az RH<\/td>\n<\/tr>\n<tr>\n<td>Koruma Sertifikas\u0131<\/td>\n<td colspan=\"3\">IP67<\/td>\n<\/tr>\n<tr>\n<td>Kasa<\/td>\n<td colspan=\"3\">Metal<\/td>\n<\/tr>\n<tr>\n<td>Boyutlar<\/td>\n<td colspan=\"3\">345mm x 252mm x 470mm<\/td>\n<\/tr>\n<tr>\n<td>Net A\u011f\u0131rl\u0131k<\/td>\n<td colspan=\"3\">13Kg<\/td>\n<\/tr>\n<\/tbody>\n<\/table>\n<p>&nbsp;<\/p>\n<p><img alt=\"\" data-orig-sizes=\"(max-width: 500px) 100vw, 500px\" data-orig-src=\"https:\/\/www.okisan.com\/wp-content\/uploads\/2016\/05\/TPC-PT8620P-100-4-500x196.png\" data-pagespeed-url-hash=\"3142465108\" data-sizes=\"auto\" data-srcset=\"https:\/\/www.okisan.com\/wp-content\/uploads\/2016\/05\/TPC-PT8620P-100-4-150x59.png 150w, https:\/\/www.okisan.com\/wp-content\/uploads\/2016\/05\/TPC-PT8620P-100-4-200x78.png 200w, https:\/\/www.okisan.com\/wp-content\/uploads\/2016\/05\/TPC-PT8620P-100-4-300x117.png 300w, https:\/\/www.okisan.com\/wp-content\/uploads\/2016\/05\/TPC-PT8620P-100-4-400x157.png 400w, https:\/\/www.okisan.com\/wp-content\/uploads\/2016\/05\/TPC-PT8620P-100-4-500x196.jpg 500w, https:\/\/www.okisan.com\/wp-content\/uploads\/2016\/05\/TPC-PT8620P-100-4-600x235.png 600w, https:\/\/www.okisan.com\/wp-content\/uploads\/2016\/05\/TPC-PT8620P-100-4-700x274.jpg 700w, https:\/\/www.okisan.com\/wp-content\/uploads\/2016\/05\/TPC-PT8620P-100-4-768x301.png 768w, https:\/\/www.okisan.com\/wp-content\/uploads\/2016\/05\/TPC-PT8620P-100-4-800x313.png 800w, https:\/\/www.okisan.com\/wp-content\/uploads\/2016\/05\/TPC-PT8620P-100-4-900x352.png 900w, https:\/\/www.okisan.com\/wp-content\/uploads\/2016\/05\/TPC-PT8620P-100-4.jpg 976w\" height=\"196\" loading=\"lazy\" onload=\"pagespeed.CriticalImages.checkImageForCriticality(this);\" sizes=\"500px\" src=\"https:\/\/www.okisan.com\/wp-content\/uploads\/2016\/05\/TPC-PT8620P-100-4-500x196.png\" srcset=\"https:\/\/www.okisan.com\/wp-content\/uploads\/2016\/05\/TPC-PT8620P-100-4-150x59.png 150w, https:\/\/www.okisan.com\/wp-content\/uploads\/2016\/05\/TPC-PT8620P-100-4-200x78.png 200w, https:\/\/www.okisan.com\/wp-content\/uploads\/2016\/05\/TPC-PT8620P-100-4-300x117.png 300w, https:\/\/www.okisan.com\/wp-content\/uploads\/2016\/05\/TPC-PT8620P-100-4-400x157.png 400w, https:\/\/www.okisan.com\/wp-content\/uploads\/2016\/05\/TPC-PT8620P-100-4-500x196.jpg 500w, https:\/\/www.okisan.com\/wp-content\/uploads\/2016\/05\/TPC-PT8620P-100-4-600x235.png 600w, https:\/\/www.okisan.com\/wp-content\/uploads\/2016\/05\/TPC-PT8620P-100-4-700x274.jpg 700w, https:\/\/www.okisan.com\/wp-content\/uploads\/2016\/05\/TPC-PT8620P-100-4-768x301.png 768w, https:\/\/www.okisan.com\/wp-content\/uploads\/2016\/05\/TPC-PT8620P-100-4-800x313.png 800w, https:\/\/www.okisan.com\/wp-content\/uploads\/2016\/05\/TPC-PT8620P-100-4-900x352.png 900w, https:\/\/www.okisan.com\/wp-content\/uploads\/2016\/05\/TPC-PT8620P-100-4.jpg 976w\" width=\"500\" \/><img alt=\"\" data-orig-sizes=\"(max-width: 500px) 100vw, 500px\" data-orig-src=\"https:\/\/www.okisan.com\/wp-content\/uploads\/2016\/05\/TPC-PT8620P-100-k-2-500x305.png\" data-pagespeed-url-hash=\"2987898410\" data-sizes=\"auto\" data-srcset=\"https:\/\/www.okisan.com\/wp-content\/uploads\/2016\/05\/TPC-PT8620P-100-k-2-150x92.png 150w, https:\/\/www.okisan.com\/wp-content\/uploads\/2016\/05\/TPC-PT8620P-100-k-2-200x122.png 200w, https:\/\/www.okisan.com\/wp-content\/uploads\/2016\/05\/TPC-PT8620P-100-k-2-300x183.png 300w, https:\/\/www.okisan.com\/wp-content\/uploads\/2016\/05\/TPC-PT8620P-100-k-2-400x244.png 400w, https:\/\/www.okisan.com\/wp-content\/uploads\/2016\/05\/TPC-PT8620P-100-k-2-500x305.jpg 500w, https:\/\/www.okisan.com\/wp-content\/uploads\/2016\/05\/TPC-PT8620P-100-k-2-600x366.png 600w, https:\/\/www.okisan.com\/wp-content\/uploads\/2016\/05\/TPC-PT8620P-100-k-2-700x427.jpg 700w, https:\/\/www.okisan.com\/wp-content\/uploads\/2016\/05\/TPC-PT8620P-100-k-2-768x469.png 768w, https:\/\/www.okisan.com\/wp-content\/uploads\/2016\/05\/TPC-PT8620P-100-k-2-800x488.png 800w, https:\/\/www.okisan.com\/wp-content\/uploads\/2016\/05\/TPC-PT8620P-100-k-2.jpg 860w\" height=\"305\" loading=\"lazy\" onload=\"pagespeed.CriticalImages.checkImageForCriticality(this);\" sizes=\"500px\" src=\"https:\/\/www.okisan.com\/wp-content\/uploads\/2016\/05\/TPC-PT8620P-100-k-2-500x305.png\" srcset=\"https:\/\/www.okisan.com\/wp-content\/uploads\/2016\/05\/TPC-PT8620P-100-k-2-150x92.png 150w, https:\/\/www.okisan.com\/wp-content\/uploads\/2016\/05\/TPC-PT8620P-100-k-2-200x122.png 200w, https:\/\/www.okisan.com\/wp-content\/uploads\/2016\/05\/TPC-PT8620P-100-k-2-300x183.png 300w, https:\/\/www.okisan.com\/wp-content\/uploads\/2016\/05\/TPC-PT8620P-100-k-2-400x244.png 400w, https:\/\/www.okisan.com\/wp-content\/uploads\/2016\/05\/TPC-PT8620P-100-k-2-500x305.jpg 500w, https:\/\/www.okisan.com\/wp-content\/uploads\/2016\/05\/TPC-PT8620P-100-k-2-600x366.png 600w, https:\/\/www.okisan.com\/wp-content\/uploads\/2016\/05\/TPC-PT8620P-100-k-2-700x427.jpg 700w, https:\/\/www.okisan.com\/wp-content\/uploads\/2016\/05\/TPC-PT8620P-100-k-2-768x469.png 768w, https:\/\/www.okisan.com\/wp-content\/uploads\/2016\/05\/TPC-PT8620P-100-k-2-800x488.png 800w, https:\/\/www.okisan.com\/wp-content\/uploads\/2016\/05\/TPC-PT8620P-100-k-2.jpg 860w\" width=\"500\" \/><\/p>\n","protected":false},"excerpt":{"rendered":"<p>640&times;512 VOx so\u011futmas\u0131z termal sens&ouml;r teknolojisi Athermalized Lens(termal),Focus-free 1\/1.9&rdquo; 2Megapiksel progresif tarama Sony CMOS G&uuml;&ccedil;l&uuml; 30x optik zoom Yang\u0131n alg\u0131lama ve alarm mevcut Maks. 160 &deg; \/ s pan h\u0131z\u0131, 360 &deg; endless pan D&ouml;nd&uuml;rme En fazla 300 &ouml;nayar, 5 otomatik tarama, 8 tur, 5 pattern 7\/2 alarm giri\u015fi \/ &ccedil;\u0131k\u0131\u015f\u0131 Mikro SD bellek, IP67 [&#8230;]\n","protected":false},"featured_media":1069,"comment_status":"closed","ping_status":"closed","template":"","meta":[],"_links":{"self":[{"href":"https:\/\/nilbilisim.com.tr\/magaza\/wp-json\/wp\/v2\/product\/1068"}],"collection":[{"href":"https:\/\/nilbilisim.com.tr\/magaza\/wp-json\/wp\/v2\/product"}],"about":[{"href":"https:\/\/nilbilisim.com.tr\/magaza\/wp-json\/wp\/v2\/types\/product"}],"replies":[{"embeddable":true,"href":"https:\/\/nilbilisim.com.tr\/magaza\/wp-json\/wp\/v2\/comments?post=1068"}],"wp:featuredmedia":[{"embeddable":true,"href":"https:\/\/nilbilisim.com.tr\/magaza\/wp-json\/wp\/v2\/media\/1069"}],"wp:attachment":[{"href":"https:\/\/nilbilisim.com.tr\/magaza\/wp-json\/wp\/v2\/media?parent=1068"}],"curies":[{"name":"wp","href":"https:\/\/api.w.org\/{rel}","templated":true}]}}