{"id":1078,"date":"2021-01-19T09:07:55","date_gmt":"2021-01-19T09:07:55","guid":{"rendered":"https:\/\/nilbilisim.com.tr\/magaza\/urun\/dahua-tpc-pt8620ap-tc100z30-termal-network-hibrid-ptz\/"},"modified":"2024-07-01T01:40:41","modified_gmt":"2024-06-30T22:40:41","slug":"dahua-tpc-pt8620ap-tc100z30-termal-network-hibrid-ptz","status":"publish","type":"product","link":"https:\/\/nilbilisim.com.tr\/magaza\/urun\/dahua-tpc-pt8620ap-tc100z30-termal-network-hibrid-ptz\/","title":{"rendered":"Dahua TPC-PT8620AP-TC100Z30 Termal Network Hybrid PTZ"},"content":{"rendered":"<ul>\n<li>640 * 512 VOx so\u011futmas\u0131z termal sens&ouml;r teknolojisi<\/li>\n<li>Athermalized Lens(thermal),Focus-free<\/li>\n<li>1\/1.9&rdquo; 2Megapiksel progresif tarama Sony CMOS<\/li>\n<li>G&uuml;&ccedil;l&uuml; 30x optik zoom<\/li>\n<li>S\u0131cakl\u0131k &ouml;l&ccedil;&uuml;m&uuml; mevcut<\/li>\n<li>Yang\u0131n alg\u0131lama ve alarm mevcut<\/li>\n<li>Maks. 160 &deg; \/ s pan h\u0131z\u0131 , 360 &deg; endless pan d&ouml;nd&uuml;rme<\/li>\n<li>300 &ouml;n ayara kadar, 5 otomatik tarama, 8 tur, 5 pattern<\/li>\n<li>7\/2 alarm giri\u015fi \/ &ccedil;\u0131k\u0131\u015f\u0131<\/li>\n<li>Micro SD bellek, IP67<\/li>\n<\/ul>\n<p><img src=\"https:\/\/www.okisan.com\/wp-content\/uploads\/2016\/05\/20170717160249_33027-500x51.png\" \/><\/p>\n<table border=\"1\" cellpadding=\"5\" cellspacing=\"1\" id=\"table001\">\n<tbody>\n<tr>\n<td colspan=\"4\"><strong>Dahua TPC-PT8620AP-TC100Z30 Teknik &Ouml;zellikleri<\/strong><\/td>\n<\/tr>\n<tr>\n<td colspan=\"4\"><strong>Termal Kamera<\/strong><\/td>\n<\/tr>\n<tr>\n<td>G&ouml;r&uuml;nt&uuml; Sens&ouml;r&uuml;<\/td>\n<td colspan=\"3\">So\u011futmas\u0131z VOx Mikrobolometre<\/td>\n<\/tr>\n<tr>\n<td>Efektif Piksel<\/td>\n<td colspan=\"3\">640 (H) X512 (V)<\/td>\n<\/tr>\n<tr>\n<td>Piksel Boyutu<\/td>\n<td colspan=\"3\">17um<\/td>\n<\/tr>\n<tr>\n<td>Termal Hassasiyeti (NETD)<\/td>\n<td colspan=\"3\">&lt;40mK@f\/1.0<\/td>\n<\/tr>\n<tr>\n<td>Spektral Aral\u0131k<\/td>\n<td colspan=\"3\">7- 14um<\/td>\n<\/tr>\n<tr>\n<td>G&ouml;r&uuml;nt&uuml; Ayar\u0131<\/td>\n<td colspan=\"3\">Parlakl\u0131k \/ Netlik \/ ROI \/ AGC \/ FFC \/ 3D DNR<\/td>\n<\/tr>\n<tr>\n<td>Renk Paletleri<\/td>\n<td colspan=\"3\">14(Whitehot\/Blackhot\/Ironrow\/Icefire\/<\/p>\n<p>&nbsp;<\/p>\n<p>Fusion\/Rainbow\/Globow\/Iconbow1\/<\/p>\n<p>Iconbow2 .etc)<\/p>\n<\/td>\n<\/tr>\n<\/tbody>\n<\/table>\n<table border=\"1\" cellpadding=\"5\" cellspacing=\"1\" id=\"table001\">\n<tbody>\n<tr>\n<td colspan=\"2\"><strong>Termal Lens<\/strong><\/td>\n<\/tr>\n<tr>\n<td>Lens Tipi<\/td>\n<td>Sabit<\/td>\n<\/tr>\n<tr>\n<td>Netlik Ayar\u0131<\/td>\n<td>Athermalized,Focus-free<\/td>\n<\/tr>\n<tr>\n<td>Odak Uzakl\u0131\u011f\u0131<\/td>\n<td>100mm<\/td>\n<\/tr>\n<tr>\n<td>G&ouml;r&uuml;\u015f A&ccedil;\u0131s\u0131<\/td>\n<td>H:6.2&deg;, V:4.7&deg;<\/td>\n<\/tr>\n<tr>\n<td>Etkili Mesafe<\/p>\n<p>&nbsp;<\/p>\n<p>\u0130nsan (1.8m * 0.5m)<\/p>\n<\/td>\n<td>D:3000m<\/p>\n<p>&nbsp;<\/p>\n<p>R:750m<\/p>\n<p>I :380m<\/p>\n<\/td>\n<\/tr>\n<tr>\n<td>Etkili Mesafe<\/p>\n<p>&nbsp;<\/p>\n<p>Ara&ccedil; (2.3m * 2.3m)<\/p>\n<\/td>\n<td>D:8800m<\/p>\n<p>&nbsp;<\/p>\n<p>R:2300m<\/p>\n<p>I :1200m<\/p>\n<\/td>\n<\/tr>\n<tr>\n<td colspan=\"2\"><strong>Kamera G&ouml;r&uuml;nt&uuml;s&uuml;<\/strong><\/td>\n<\/tr>\n<tr>\n<td>G&ouml;r&uuml;nt&uuml; Sens&ouml;r&uuml;<\/td>\n<td>1 \/ 1.9 &ldquo;Sony CMOS<\/td>\n<\/tr>\n<tr>\n<td>Efektif Piksel<\/td>\n<td>1944(H)x1092(V)<\/td>\n<\/tr>\n<tr>\n<td>Elektronik Shutter H\u0131z\u0131<\/td>\n<td>1\/1 ~ 1 \/ 30.000s<\/td>\n<\/tr>\n<tr>\n<td>Min. Ayd\u0131nlatma<\/td>\n<td>0.001Lux@Fl.5 (Renk), 0.0001Lux@Fl.5 (B \/ W)<\/td>\n<\/tr>\n<tr>\n<td>S \/ N Oran\u0131<\/td>\n<td>55 dB&rsquo;den fazla<\/td>\n<\/tr>\n<tr>\n<td>IR Mesafesi<\/td>\n<td>150m (492ft)<\/td>\n<\/tr>\n<tr>\n<td>IR A&ccedil;\u0131k \/ Kapal\u0131 Kontrol<\/td>\n<td>Otomatik \/ Manuel<\/td>\n<\/tr>\n<tr>\n<td>IR LED<\/td>\n<td>9<\/td>\n<\/tr>\n<tr>\n<td colspan=\"2\"><strong>Lens<\/strong><\/td>\n<\/tr>\n<tr>\n<td>Odak Uzakl\u0131\u011f\u0131<\/td>\n<td>6mm ~ 180mm<\/td>\n<\/tr>\n<tr>\n<td>Maks. A&ccedil;\u0131kl\u0131k<\/td>\n<td>F1.5 ~ F4.3<\/td>\n<\/tr>\n<tr>\n<td>G&ouml;r&uuml;\u015f A&ccedil;\u0131s\u0131<\/td>\n<td>H: 59 &deg; ~ 2.4 &deg;<\/td>\n<\/tr>\n<tr>\n<td>Optik Zoom<\/td>\n<td>30x<\/td>\n<\/tr>\n<tr>\n<td>Netlik Ayar\u0131<\/td>\n<td>Otomatik \/ Manuel<\/td>\n<\/tr>\n<tr>\n<td>Yak\u0131n Odak Mesafesi<\/td>\n<td>100mm ~ 1000mm (0.33ft ~ 3.28ft)<\/td>\n<\/tr>\n<tr>\n<td colspan=\"2\"><strong>PTZ<\/strong><\/td>\n<\/tr>\n<tr>\n<td>Pan \/ Tilt Aral\u0131\u011f\u0131<\/td>\n<td>Pan: 0&deg; ~ 360&deg; endless;Tilt: -40&deg; ~ 90&deg;<\/td>\n<\/tr>\n<tr>\n<td>Manuel Kontrol H\u0131z\u0131<\/td>\n<td>Pan: 0.1&deg; ~160&deg; \/s; Tilt: 0.1&deg; ~60&deg; \/s<\/td>\n<\/tr>\n<\/tbody>\n<\/table>\n<table border=\"1\" cellpadding=\"5\" cellspacing=\"1\" id=\"table002\">\n<tbody>\n<tr>\n<td>Ayarlanabilir H\u0131z<\/td>\n<td>Pan: 0.1&deg; ~160&deg; \/s ;Tilt: 0.1&deg; ~60&deg; \/s<\/td>\n<\/tr>\n<tr>\n<td>Preset<\/td>\n<td>300<\/td>\n<\/tr>\n<tr>\n<td>PTZ Modu<\/td>\n<td>5 Pattern, 8 Tur, Otomatik Pan, 5 Otomatik Tarama<\/td>\n<\/tr>\n<tr>\n<td>Preset Ayar\u0131<\/td>\n<td>\u0130nsan odakl\u0131 odak uzakl\u0131\u011f\u0131 \/ h\u0131z adaptasyonu<\/td>\n<\/tr>\n<tr>\n<td>Eylem Durumu<\/td>\n<td>G&uuml;&ccedil; Kesintisinden Sonra &Ouml;nceki PTZ ve Lens Durumuna Otomatik Geri Y&uuml;kleme<\/td>\n<\/tr>\n<tr>\n<td>PTZ Bo\u015fta \u0130ken<\/td>\n<td>Belirli bir s&uuml;re &ccedil;erisinde herhangi bir komut verilmedi\u011fi taktirde Preset \/ Tarama \/ Tur \/ Pattern&rsquo;i aktif etme<\/td>\n<\/tr>\n<tr>\n<td>Protokol<\/td>\n<td>DH-SD, Pelco-P \/ D (Otomatik tan\u0131ma)<\/td>\n<\/tr>\n<tr>\n<td colspan=\"2\"><strong>Video<\/strong><\/td>\n<\/tr>\n<tr>\n<td>S\u0131k\u0131\u015ft\u0131rma<\/td>\n<td>H.264 \/ MJPEG<\/td>\n<\/tr>\n<tr>\n<td rowspan=\"2\">Frame Oran\u0131<\/td>\n<td>Ana Ak\u0131\u015f:<\/p>\n<p>&nbsp;<\/p>\n<p>Termal: 1280&times;1024 (varsay\u0131lan) \/ 720P @ 1 ~ 25 \/ 30fps<\/p>\n<p>G&ouml;r&uuml;n&uuml;r: 1080P (varsay\u0131lan) \/ 720P @ 1 ~ 25 \/ 30fps<\/p>\n<\/td>\n<\/tr>\n<tr>\n<td>Alt Ak\u0131\u015f:<\/p>\n<p>&nbsp;<\/p>\n<p>Termal: 640&times;512 (varsay\u0131lan) \/ 320&times;256 @ 1 ~ 25 \/ 30fps<\/p>\n<p>G&ouml;r&uuml;n&uuml;r: CIF (varsay\u0131lan) \/ D1 @ 1 ~ 25 \/ 30fps<\/p>\n<\/td>\n<\/tr>\n<tr>\n<td>Bit H\u0131z\u0131 Kontrol&uuml;<\/td>\n<td>CBR \/ VBR<\/td>\n<\/tr>\n<tr>\n<td>Bit H\u0131z\u0131<\/td>\n<td>H.264: 640 ~8192Kbps<\/td>\n<\/tr>\n<tr>\n<td>G&uuml;nd&uuml;z \/Gece<\/td>\n<td>Otomatik (ICR) \/ Renkli \/ S \/ B<\/td>\n<\/tr>\n<tr>\n<td>BLC Modu<\/td>\n<td>BLC \/ HLC \/ WDR<\/td>\n<\/tr>\n<tr>\n<td>Beyaz Dengesi<\/td>\n<td>Otomatik, ATW, Kapal\u0131, A&ccedil;\u0131k, Manuel<\/td>\n<\/tr>\n<tr>\n<td>Parazit Azaltma<\/td>\n<td>3D DNR<\/td>\n<\/tr>\n<tr>\n<td>Hareket Alg\u0131lama<\/td>\n<td>Kapal\u0131 \/ A&ccedil;\u0131k (4 b&ouml;lge, Dikd&ouml;rtgen)<\/td>\n<\/tr>\n<tr>\n<td>ROI<\/td>\n<td>A&ccedil;\u0131k&nbsp; \/ kapal\u0131(4 b&ouml;lge)<\/td>\n<\/tr>\n<tr>\n<td>Ultra Defog (Anti Sis)<\/td>\n<td>Kapal\u0131 \/ A&ccedil;\u0131k<\/td>\n<\/tr>\n<tr>\n<td>Dijital Zoom<\/td>\n<td>24x<\/td>\n<\/tr>\n<tr>\n<td>Flip<\/td>\n<td>180 &deg;<\/td>\n<\/tr>\n<tr>\n<td>Mirror<\/td>\n<td>Kapal\u0131 \/ A&ccedil;\u0131k<\/td>\n<\/tr>\n<tr>\n<td>&Ouml;zel Alan Maskelemesi<\/td>\n<td>Kapal\u0131 \/ A&ccedil;\u0131k (4 alan, Dikd&ouml;rtgen)<\/td>\n<\/tr>\n<tr>\n<td colspan=\"2\"><strong>S\u0131cakl\u0131k &Ouml;l&ccedil;&uuml;m&uuml;<\/strong><\/td>\n<\/tr>\n<tr>\n<td>&Ouml;l&ccedil;&uuml;m Aral\u0131\u011f\u0131<\/td>\n<td>D&uuml;\u015f&uuml;k Kazan&ccedil;: -40 &deg; C ~ + 550 &deg; C<\/p>\n<p>&nbsp;<\/p>\n<p>Y&uuml;ksek Kazan&ccedil;: -40 &deg; C ~ + 160 &deg; C<\/p>\n<\/td>\n<\/tr>\n<tr>\n<td>&Ouml;l&ccedil;&uuml;m Hassasiyeti<\/td>\n<td>Maks. (&plusmn; 2 &deg; C, &plusmn;% 2)<\/td>\n<\/tr>\n<tr>\n<td>&Ouml;l&ccedil;&uuml;m Modu<\/td>\n<td>Spot \/ Hat \/ Alan<\/td>\n<\/tr>\n<tr>\n<td>Ayarlanabilir Preset<\/td>\n<td>Nokta: 12<\/p>\n<p>&nbsp;<\/p>\n<p>Hat: 12<\/p>\n<p>Alan: 12<\/p>\n<p>E\u015fzamanl\u0131 olarak ayn\u0131 anda 12 kurallar\u0131 destekleme<\/p>\n<\/td>\n<\/tr>\n<tr>\n<td colspan=\"2\"><strong>Ses<\/strong><\/td>\n<\/tr>\n<tr>\n<td>S\u0131k\u0131\u015ft\u0131rma<\/td>\n<td>G.711A \/ G.711Mu \/ AAC<\/td>\n<\/tr>\n<\/tbody>\n<\/table>\n<table border=\"1\" cellpadding=\"5\" cellspacing=\"1\" id=\"table004\">\n<tbody>\n<tr>\n<td colspan=\"2\"><strong>Ak\u0131ll\u0131 Fonksiyonlar<\/strong><\/td>\n<\/tr>\n<tr>\n<td>IVS<\/td>\n<td>Tripwire, Sald\u0131r\u0131, Vazge&ccedil;ilen Nesne \/ Kay\u0131p<\/td>\n<\/tr>\n<tr>\n<td>Ak\u0131ll\u0131 Fonksiyonlar<\/td>\n<td>Yang\u0131n Alg\u0131lama ve Alarm\u0131, Otomatik \u0130zleme<\/td>\n<\/tr>\n<tr>\n<td>Tarama Tetik Modu<\/td>\n<td>Manuel \/ Otomatik (alarm)<\/td>\n<\/tr>\n<tr>\n<td>Tarama Tetik Olaylar\u0131<\/td>\n<td>Hedefleme, Zoom, \u0130zleme, Kay\u0131t, Anl\u0131k G&ouml;r&uuml;nt&uuml;, Alarm vb.<\/td>\n<\/tr>\n<tr>\n<td colspan=\"2\"><strong>Network<\/strong><\/td>\n<\/tr>\n<tr>\n<td>Ethernet<\/td>\n<td>RJ-45 (10 \/ 100Base-T)<\/td>\n<\/tr>\n<tr>\n<td>Protokol<\/td>\n<td>IPv4 \/ IPv6, HTTP, HTTPS, SSL, TCP \/ IP, UDP, UPnP, ICMP, IGMP, SNMP, RTSP, RTP, SMTP, NTP, DHCP, DNS, PPPOE, DDNS, FTP, IP Filtresi, QoS, Bonjour, 802.1 x<\/td>\n<\/tr>\n<tr>\n<td>ONVIF<\/td>\n<td>ONVIF Profili S &amp; G, PSIA, CGI<\/td>\n<\/tr>\n<tr>\n<td>Ak\u0131\u015f Y&ouml;ntemi<\/td>\n<td>Tek Noktaya Yay\u0131n \/ &Ccedil;ok Noktaya Yay\u0131n<\/td>\n<\/tr>\n<tr>\n<td>Maks. Kullan\u0131c\u0131 Eri\u015fimi<\/td>\n<td>10 Kullan\u0131c\u0131lar \/ 20 Kullan\u0131c\u0131<\/td>\n<\/tr>\n<tr>\n<td>Direkt Depolama<\/td>\n<td>Micro SD (128GB)<\/p>\n<p>&nbsp;<\/p>\n<p>Bellek durumu g&ouml;stergesi (Normal \/ Hata \/ Etkin \/ Bi&ccedil;imlendirme \/ Kilitleme),<\/p>\n<p>NAS (Network Attached Storage), anl\u0131k kay\u0131t i&ccedil;in yerel PC<\/p>\n<\/td>\n<\/tr>\n<tr>\n<td>Yaz\u0131l\u0131m Y&ouml;netimi<\/td>\n<td>Smart PSS, DSS<\/td>\n<\/tr>\n<tr>\n<td>Ak\u0131ll\u0131 Telefon<\/td>\n<td>Android, Ios<\/td>\n<\/tr>\n<tr>\n<td><strong>Sertifikalar<\/strong><\/td>\n<td>&nbsp;<\/td>\n<\/tr>\n<tr>\n<td>Sertifikalar<\/td>\n<td>CE (EN 60950: 2000) FCC (FCC B&ouml;l&uuml;m 15 Subpart B)<\/td>\n<\/tr>\n<tr>\n<td colspan=\"2\"><strong>Aray&uuml;z<\/strong><\/td>\n<\/tr>\n<tr>\n<td>Video Aray&uuml;z&uuml;<\/td>\n<td>1.0Vp-p \/ 75&Omega;, PAL \/ NTSC (HDCVI Opsiyonel)<\/td>\n<\/tr>\n<tr>\n<td>Ses Aray&uuml;z&uuml;<\/td>\n<td>Giri\u015f \/ &Ccedil;\u0131k\u0131\u015f 1 Giri\u015f \/ 1 &Ccedil;\u0131k\u0131\u015f<\/td>\n<\/tr>\n<tr>\n<td>RS485<\/td>\n<td>Mevcut<\/td>\n<\/tr>\n<tr>\n<td>Alarm<\/td>\n<td>7\/2 Giri\u015f\/ &Ccedil;\u0131k\u0131\u015f<\/td>\n<\/tr>\n<tr>\n<td colspan=\"2\"><strong>G&uuml;&ccedil;<\/strong><\/td>\n<\/tr>\n<tr>\n<td>G&uuml;&ccedil; Kayna\u011f\u0131<\/td>\n<td>24V AC &plusmn;% 15<\/td>\n<\/tr>\n<tr>\n<td>G&uuml;&ccedil; T&uuml;ketimi<\/td>\n<td>Maks. 70W (24V AC, Is\u0131t\u0131c\u0131)<\/td>\n<\/tr>\n<tr>\n<td colspan=\"2\"><strong>&Ccedil;evre Ko\u015fullar\u0131<\/strong><\/td>\n<\/tr>\n<tr>\n<td>&Ccedil;al\u0131\u015fma Ko\u015fullar\u0131<\/td>\n<td>-40 &deg; C ~ + 70 &deg; C (-40 &deg; F ~ + 158 &deg; F) \/ az% 95 RH<\/td>\n<\/tr>\n<tr>\n<td>Dayan\u0131kl\u0131l\u0131k Ko\u015fullar\u0131<\/td>\n<td>-40 &deg; C ~ + 70 &deg; C ( -40 &deg; F ~ + 158 &deg; F) ) \/ az% 95 RH<\/td>\n<\/tr>\n<tr>\n<td>Koruma Sertifikas\u0131<\/td>\n<td>IP67<\/td>\n<\/tr>\n<tr>\n<td colspan=\"2\"><strong>Kasa<\/strong><\/td>\n<\/tr>\n<tr>\n<td>Kasa<\/td>\n<td>Metal<\/td>\n<\/tr>\n<tr>\n<td>Boyutlar<\/td>\n<td>345mm x 252mm x 470mm<\/td>\n<\/tr>\n<tr>\n<td>Net A\u011f\u0131rl\u0131k<\/td>\n<td>13kg<\/td>\n<\/tr>\n<\/tbody>\n<\/table>\n","protected":false},"excerpt":{"rendered":"<p>640 * 512 VOx so\u011futmas\u0131z termal sens&ouml;r teknolojisi Athermalized Lens(thermal),Focus-free 1\/1.9&rdquo; 2Megapiksel progresif tarama Sony CMOS G&uuml;&ccedil;l&uuml; 30x optik zoom S\u0131cakl\u0131k &ouml;l&ccedil;&uuml;m&uuml; mevcut Yang\u0131n alg\u0131lama ve alarm mevcut Maks. 160 &deg; \/ s pan h\u0131z\u0131 , 360 &deg; endless pan d&ouml;nd&uuml;rme 300 &ouml;n ayara kadar, 5 otomatik tarama, 8 tur, 5 pattern 7\/2 alarm giri\u015fi [&#8230;]\n","protected":false},"featured_media":1079,"comment_status":"closed","ping_status":"closed","template":"","meta":[],"_links":{"self":[{"href":"https:\/\/nilbilisim.com.tr\/magaza\/wp-json\/wp\/v2\/product\/1078"}],"collection":[{"href":"https:\/\/nilbilisim.com.tr\/magaza\/wp-json\/wp\/v2\/product"}],"about":[{"href":"https:\/\/nilbilisim.com.tr\/magaza\/wp-json\/wp\/v2\/types\/product"}],"replies":[{"embeddable":true,"href":"https:\/\/nilbilisim.com.tr\/magaza\/wp-json\/wp\/v2\/comments?post=1078"}],"wp:featuredmedia":[{"embeddable":true,"href":"https:\/\/nilbilisim.com.tr\/magaza\/wp-json\/wp\/v2\/media\/1079"}],"wp:attachment":[{"href":"https:\/\/nilbilisim.com.tr\/magaza\/wp-json\/wp\/v2\/media?parent=1078"}],"curies":[{"name":"wp","href":"https:\/\/api.w.org\/{rel}","templated":true}]}}