{"id":1084,"date":"2021-01-19T09:08:12","date_gmt":"2021-01-19T09:08:12","guid":{"rendered":"https:\/\/nilbilisim.com.tr\/magaza\/urun\/dahua-mcvr5104-gfw-4-kanal-mobil-hdcvi-dvr-4g-gps-wi-fi\/"},"modified":"2024-07-01T01:40:40","modified_gmt":"2024-06-30T22:40:40","slug":"dahua-mcvr5104-gfw-4-kanal-mobil-hdcvi-dvr-4g-gps-wi-fi","status":"publish","type":"product","link":"https:\/\/nilbilisim.com.tr\/magaza\/urun\/dahua-mcvr5104-gfw-4-kanal-mobil-hdcvi-dvr-4g-gps-wi-fi\/","title":{"rendered":"Dahua MCVR5104-GFW 4 Kanal Mobil HDCVI DVR 4G+GPS+WI-FI"},"content":{"rendered":"<ul>\n<li>HDCVI\/Analog Video Giri\u015fi mevcut<\/li>\n<li>H.264 dual-stream video s\u0131k\u0131\u015ft\u0131rma<\/li>\n<li>2 kanal 1080P+2 kanal 720P realtime kay\u0131t<\/li>\n<li>VGA \/ TV e\u015fzamanl\u0131 video &ccedil;\u0131k\u0131\u015f\u0131<\/li>\n<li>1 SATA HDD, 2 USB2.0 mevcut<\/li>\n<li>Aviation konekt&ouml;rleri<\/li>\n<li>&Ccedil;oklu Network G&ouml;ru\u0308ntu\u0308leme: Web g&ouml;r&uuml;nt&uuml;leyici, CMS (DSS) ve DMSS<\/li>\n<\/ul>\n<table border=\"1\" cellpadding=\"5\" cellspacing=\"1\">\n<tbody>\n<tr>\n<td><strong>Model<\/strong><\/td>\n<td><strong>Dahua MCVR5104-GFW Teknik &Ouml;zellikleri<\/strong><\/td>\n<\/tr>\n<tr>\n<td><strong>Sistem<\/strong><\/td>\n<td colspan=\"1\">&nbsp;<\/td>\n<\/tr>\n<tr>\n<td>Ana \u0130\u015flemci<\/td>\n<td colspan=\"1\">G&ouml;m&uuml;l&uuml; Mikroi\u015flemci<\/td>\n<\/tr>\n<tr>\n<td>\u0130\u015fletim Sistemi<\/td>\n<td colspan=\"1\">G&ouml;m&uuml;l&uuml; LINUX<\/td>\n<\/tr>\n<tr>\n<td><strong>Video<\/strong><\/td>\n<td colspan=\"1\">&nbsp;<\/td>\n<\/tr>\n<tr>\n<td>Giri\u015f<\/td>\n<td colspan=\"1\">4 kanal<\/td>\n<\/tr>\n<tr>\n<td>Standart<\/td>\n<td colspan=\"1\">Analog: NTSC(525Line), PAL(625Line)<\/p>\n<p>&nbsp;<\/p>\n<p>HDCVI: 720P\/1080P HDCVI Kamera<\/p>\n<\/td>\n<\/tr>\n<tr>\n<td><strong>Ses<\/strong><\/td>\n<td colspan=\"1\">&nbsp;<\/td>\n<\/tr>\n<tr>\n<td>Giri\u015f<\/td>\n<td colspan=\"1\">4 Kanal<\/td>\n<\/tr>\n<tr>\n<td>&Ccedil;\u0131k\u0131\u015f<\/td>\n<td colspan=\"1\">1 Kanal<\/td>\n<\/tr>\n<tr>\n<td>\u0130ki Y&ouml;nl&uuml; Konu\u015fma<\/td>\n<td colspan=\"1\">1 kanal giri\u015f\/ &ccedil;\u0131k\u0131\u015f<\/td>\n<\/tr>\n<tr>\n<td><strong>G&ouml;r&uuml;nt&uuml;leme<\/strong><\/td>\n<td colspan=\"1\">&nbsp;<\/td>\n<\/tr>\n<tr>\n<td>Aray&uuml;z<\/td>\n<td colspan=\"1\">1VGA, 2TV<\/td>\n<\/tr>\n<tr>\n<td>&Ccedil;&ouml;z&uuml;n&uuml;rl&uuml;k<\/td>\n<td colspan=\"1\">1920 &times; 1080, 1280 &times; 1024, 1280 &times; 720, 1024 &times; 768, 800 &times; 600<\/td>\n<\/tr>\n<tr>\n<td>B&ouml;l&uuml;nm&uuml;\u015f Ekran<\/td>\n<td colspan=\"1\">1\/4<\/td>\n<\/tr>\n<tr>\n<td>&Ouml;zel Alan Maskelemesi<\/td>\n<td colspan=\"1\">4 Dikd&ouml;rtgen Alan (Her bir Kamera \u0130&ccedil;in)<\/td>\n<\/tr>\n<tr>\n<td>OSD<\/td>\n<td colspan=\"1\">Kamera Ba\u015fl\u0131\u011f\u0131, Zaman, Video Kayb\u0131, Kamera Kilidi,&nbsp;Kaydetme<\/td>\n<\/tr>\n<tr>\n<td><strong>Kay\u0131t<\/strong><\/td>\n<td colspan=\"1\">&nbsp;<\/td>\n<\/tr>\n<tr>\n<td>Video&amp;Ses S\u0131k\u0131\u015ft\u0131rma<\/td>\n<td colspan=\"1\">H.264 \/ G.711<\/td>\n<\/tr>\n<tr>\n<td>Frame Oran\u0131<\/td>\n<td colspan=\"1\">Ana Ak\u0131\u015f: 2ch@1080P+2ch@720P(1~25\/30fps)<\/p>\n<p>&nbsp;<\/p>\n<p>Alt Ak\u0131\u015f: D1(1~6\/8fps)\/CIF(1~25\/30fps)<\/p>\n<\/td>\n<\/tr>\n<tr>\n<td>Bit Oran\u0131<\/td>\n<td colspan=\"1\">48~8192Kb\/s<\/td>\n<\/tr>\n<tr>\n<td>Kay\u0131t Modu<\/td>\n<td colspan=\"1\">Manuel, Zamanlama (D&uuml;zenli (S&uuml;rekli), Alarm),&nbsp;Durdurma<\/td>\n<\/tr>\n<tr>\n<td>Kay\u0131t Aral\u0131\u011f\u0131<\/td>\n<td colspan=\"1\">1 ~ 120dk. (Varsay\u0131lan: 60dk.), &Ouml;n Kay\u0131t: 1 ~ 30sn.,&nbsp;Son Kay\u0131t: 10 ~ 300sn.<\/td>\n<\/tr>\n<tr>\n<td><strong>Video Alg\u0131lama ve Alarm<\/strong><\/td>\n<td colspan=\"1\">&nbsp;<\/td>\n<\/tr>\n<tr>\n<td>Tetikleyen Olaylar<\/td>\n<td colspan=\"1\">Kay\u0131t, PTZ, Tur, Alarm, E-posta, FTP, Buzzer &amp; Ekran ipu&ccedil;lar\u0131<\/td>\n<\/tr>\n<tr>\n<td>Video Alg\u0131lama<\/td>\n<td colspan=\"1\">Hareket Alg\u0131lama, MD B&ouml;lgeleri: 396 (22 &times; 18), Video Kayb\u0131 ve Bo\u015f&nbsp;Kamera<\/td>\n<\/tr>\n<tr>\n<td>Alarm Giri\u015fi<\/td>\n<td colspan=\"1\">7 Kanal<\/td>\n<\/tr>\n<tr>\n<td>Alarm &Ccedil;\u0131k\u0131\u015f\u0131<\/td>\n<td colspan=\"1\">2 Kanal<\/td>\n<\/tr>\n<tr>\n<td><strong>Playback &amp; Yedekleme<\/strong><\/td>\n<td colspan=\"1\">&nbsp;<\/td>\n<\/tr>\n<tr>\n<td>Playback<\/td>\n<td colspan=\"1\">1<\/td>\n<\/tr>\n<tr>\n<td>Arama Modu<\/td>\n<td colspan=\"1\">Zaman\/Tarih, Alarm, Hareket Alg\u0131lama ve Tam arama (Saniyesinde)<\/td>\n<\/tr>\n<tr>\n<td>Playback Fonksiyonlar\u0131<\/td>\n<td colspan=\"1\">Oynatma, Dondurma, Durdurma, Geri Sarma, H\u0131zl\u0131 Oynatma, Yava\u015f Oynatma, Sonraki B&ouml;l&uuml;m, &Ouml;nceki B&ouml;l&uuml;m, Sonraki Kamera, &Ouml;nceki Kamera,&nbsp;Tam Ekran, Tekrar, Rastgele, Yedekleme Se&ccedil;imi, Dijital Zoom<\/td>\n<\/tr>\n<tr>\n<td>Yedekleme Modu<\/td>\n<td colspan=\"1\">USB S&uuml;r&uuml;c&uuml; \/ Network<\/td>\n<\/tr>\n<tr>\n<td><strong>Network<\/strong><\/td>\n<td colspan=\"1\">&nbsp;<\/td>\n<\/tr>\n<tr>\n<td>Ethernet<\/td>\n<td colspan=\"1\">RJ-45 port (10\/100M)<\/td>\n<\/tr>\n<tr>\n<td>GPS<\/td>\n<td colspan=\"1\">Dahili y&uuml;ksek hassas GPS mod&uuml;l&uuml;<\/td>\n<\/tr>\n<tr>\n<td>3G \/ 4G<\/td>\n<td>Dahili 3G \/ 4G mod&uuml;l&uuml;<\/td>\n<\/tr>\n<tr>\n<td>W\u0130-F\u0130<\/td>\n<td>Dahili W\u0130-F\u0130 mod&uuml;l&uuml;<\/td>\n<\/tr>\n<tr>\n<td>Network Fonksiyonlar\u0131<\/td>\n<td colspan=\"1\">TCP\/IP, UDP, DHCP, DDNS, FTP, Email, Alarm Server<\/td>\n<\/tr>\n<tr>\n<td>Maks. Kullan\u0131c\u0131 Eri\u015fimi<\/td>\n<td colspan=\"1\">10 Kullan\u0131c\u0131<\/td>\n<\/tr>\n<tr>\n<td>Ak\u0131ll\u0131 Telefon<\/td>\n<td colspan=\"1\">iPhone, iPad, Android, Windows Phone<\/td>\n<\/tr>\n<tr>\n<td><strong>Depolama<\/strong><\/td>\n<td colspan=\"1\">&nbsp;<\/td>\n<\/tr>\n<tr>\n<td>Dahili HDD<\/td>\n<td colspan=\"1\">1 SATA port<\/td>\n<\/tr>\n<tr>\n<td>SD Kart<\/td>\n<td colspan=\"1\">1 SD Kart<\/td>\n<\/tr>\n<tr>\n<td><strong>Aray&uuml;z<\/strong><\/td>\n<td colspan=\"1\">&nbsp;<\/td>\n<\/tr>\n<tr>\n<td>USB<\/td>\n<td colspan=\"1\">2 Ports (Biri Arkada), USB 2.0<\/td>\n<\/tr>\n<tr>\n<td>RS232<\/td>\n<td colspan=\"1\">PC \u0130leti\u015fimi ve Keyboard i&ccedil;in, 1 Port<\/td>\n<\/tr>\n<tr>\n<td>RS485<\/td>\n<td colspan=\"1\">PTZ Kontrol&uuml; i&ccedil;in, 1 Port<\/td>\n<\/tr>\n<tr>\n<td>CAN<\/td>\n<td colspan=\"1\">Mevcut<\/td>\n<\/tr>\n<tr>\n<td>Is\u0131t\u0131c\u0131<\/td>\n<td colspan=\"1\">Opsiyonel<\/td>\n<\/tr>\n<tr>\n<td><strong>Genel<\/strong><\/td>\n<td colspan=\"1\">&nbsp;<\/td>\n<\/tr>\n<tr>\n<td>G&uuml;&ccedil;<\/td>\n<td colspan=\"1\">6V~36V<\/td>\n<\/tr>\n<tr>\n<td>G&uuml;&ccedil; T&uuml;ketimi<\/td>\n<td colspan=\"1\">&lt;15W(HDD ile)<\/td>\n<\/tr>\n<tr>\n<td>&Ccedil;al\u0131\u015fma Ko\u015fullar\u0131<\/td>\n<td colspan=\"1\">-10&deg;C ~+60&deg;C \/ 10%~95%RH \/ 86~106kpa<\/td>\n<\/tr>\n<tr>\n<td>Boyutlar<\/td>\n<td colspan=\"1\">178mm&times;220mm&times;50mm<\/td>\n<\/tr>\n<tr>\n<td>Net A\u011f\u0131rl\u0131k<\/td>\n<td colspan=\"1\">2.1KG (HDD ile)<\/td>\n<\/tr>\n<tr>\n<td>Titre\u015fim Dayan\u0131kl\u0131l\u0131k<\/td>\n<td colspan=\"1\">5Hz~200Hz: X \/ Y \/ Z Her Y&ouml;ne 5.5 saat<\/p>\n<p>&nbsp;<\/p>\n<p>5Hz~5.5Hz: Titre\u015fim genli\u011fi 12.7mm<\/p>\n<p>5.5Hz~200Hz: 15m\/s2<\/p>\n<\/td>\n<\/tr>\n<\/tbody>\n<\/table>\n<p>&nbsp;<\/p>\n<p><img alt=\"\" data-orig-sizes=\"(max-width: 500px) 100vw, 500px\" data-orig-src=\"https:\/\/www.okisan.com\/wp-content\/uploads\/2016\/10\/MCVR5104-GFW-1-500x392.jpg\" data-pagespeed-url-hash=\"773391272\" data-sizes=\"auto\" data-srcset=\"https:\/\/www.okisan.com\/wp-content\/uploads\/2016\/10\/MCVR5104-GFW-1-150x118.jpg 150w, https:\/\/www.okisan.com\/wp-content\/uploads\/2016\/10\/MCVR5104-GFW-1-200x157.jpg 200w, https:\/\/www.okisan.com\/wp-content\/uploads\/2016\/10\/MCVR5104-GFW-1-300x235.jpg 300w, https:\/\/www.okisan.com\/wp-content\/uploads\/2016\/10\/MCVR5104-GFW-1-400x313.jpg 400w, https:\/\/www.okisan.com\/wp-content\/uploads\/2016\/10\/MCVR5104-GFW-1-500x392.jpg 500w, https:\/\/www.okisan.com\/wp-content\/uploads\/2016\/10\/MCVR5104-GFW-1-600x470.jpg 600w, https:\/\/www.okisan.com\/wp-content\/uploads\/2016\/10\/MCVR5104-GFW-1-700x549.jpg 700w, https:\/\/www.okisan.com\/wp-content\/uploads\/2016\/10\/MCVR5104-GFW-1.jpg 712w\" height=\"392\" loading=\"lazy\" onload=\"pagespeed.CriticalImages.checkImageForCriticality(this);\" sizes=\"500px\" src=\"https:\/\/www.okisan.com\/wp-content\/uploads\/2016\/10\/MCVR5104-GFW-1-500x392.jpg\" srcset=\"https:\/\/www.okisan.com\/wp-content\/uploads\/2016\/10\/MCVR5104-GFW-1-150x118.jpg 150w, https:\/\/www.okisan.com\/wp-content\/uploads\/2016\/10\/MCVR5104-GFW-1-200x157.jpg 200w, https:\/\/www.okisan.com\/wp-content\/uploads\/2016\/10\/MCVR5104-GFW-1-300x235.jpg 300w, https:\/\/www.okisan.com\/wp-content\/uploads\/2016\/10\/MCVR5104-GFW-1-400x313.jpg 400w, https:\/\/www.okisan.com\/wp-content\/uploads\/2016\/10\/MCVR5104-GFW-1-500x392.jpg 500w, https:\/\/www.okisan.com\/wp-content\/uploads\/2016\/10\/MCVR5104-GFW-1-600x470.jpg 600w, https:\/\/www.okisan.com\/wp-content\/uploads\/2016\/10\/MCVR5104-GFW-1-700x549.jpg 700w, https:\/\/www.okisan.com\/wp-content\/uploads\/2016\/10\/MCVR5104-GFW-1.jpg 712w\" width=\"500\" \/><\/p>\n","protected":false},"excerpt":{"rendered":"<p>HDCVI\/Analog Video Giri\u015fi mevcut H.264 dual-stream video s\u0131k\u0131\u015ft\u0131rma 2 kanal 1080P+2 kanal 720P realtime kay\u0131t VGA \/ TV e\u015fzamanl\u0131 video &ccedil;\u0131k\u0131\u015f\u0131 1 SATA HDD, 2 USB2.0 mevcut Aviation konekt&ouml;rleri &Ccedil;oklu Network G&ouml;ru\u0308ntu\u0308leme: Web g&ouml;r&uuml;nt&uuml;leyici, CMS (DSS) ve DMSS Model Dahua MCVR5104-GFW Teknik &Ouml;zellikleri Sistem &nbsp; Ana \u0130\u015flemci G&ouml;m&uuml;l&uuml; Mikroi\u015flemci \u0130\u015fletim Sistemi G&ouml;m&uuml;l&uuml; LINUX Video &nbsp; [&#8230;]\n","protected":false},"featured_media":1085,"comment_status":"closed","ping_status":"closed","template":"","meta":[],"_links":{"self":[{"href":"https:\/\/nilbilisim.com.tr\/magaza\/wp-json\/wp\/v2\/product\/1084"}],"collection":[{"href":"https:\/\/nilbilisim.com.tr\/magaza\/wp-json\/wp\/v2\/product"}],"about":[{"href":"https:\/\/nilbilisim.com.tr\/magaza\/wp-json\/wp\/v2\/types\/product"}],"replies":[{"embeddable":true,"href":"https:\/\/nilbilisim.com.tr\/magaza\/wp-json\/wp\/v2\/comments?post=1084"}],"wp:featuredmedia":[{"embeddable":true,"href":"https:\/\/nilbilisim.com.tr\/magaza\/wp-json\/wp\/v2\/media\/1085"}],"wp:attachment":[{"href":"https:\/\/nilbilisim.com.tr\/magaza\/wp-json\/wp\/v2\/media?parent=1084"}],"curies":[{"name":"wp","href":"https:\/\/api.w.org\/{rel}","templated":true}]}}