{"id":1090,"date":"2021-01-19T09:08:30","date_gmt":"2021-01-19T09:08:30","guid":{"rendered":"https:\/\/nilbilisim.com.tr\/magaza\/urun\/dahua-dvr0404me-he-gc-4-kanal-hdcvi-mobil-hibrit-dvr-3g-gps\/"},"modified":"2024-07-01T01:40:39","modified_gmt":"2024-06-30T22:40:39","slug":"dahua-dvr0404me-he-gc-4-kanal-hdcvi-mobil-hibrit-dvr-3g-gps","status":"publish","type":"product","link":"https:\/\/nilbilisim.com.tr\/magaza\/urun\/dahua-dvr0404me-he-gc-4-kanal-hdcvi-mobil-hibrit-dvr-3g-gps\/","title":{"rendered":"Dahua DVR0404ME-HE-GC 4 Kanal HDCVI Mobil Hybrit DVR 3G + GPS"},"content":{"rendered":"<ul>\n<li>4 kanal @ 960H realtime kay\u0131t mevcut<\/li>\n<li>H.264 dual-stream video s\u0131k\u0131\u015ft\u0131rma<\/li>\n<li>VGA \/ TV e\u015f zamanl\u0131 video &ccedil;\u0131k\u0131\u015f\u0131<\/li>\n<li>1 SATA HDD, 2 USB2.0 mevcut<\/li>\n<li>Aviation konekt&ouml;rleri<\/li>\n<li>&Ccedil;oklu network izleme: Web g&ouml;r&uuml;nt&uuml;leyici, CMS (DSS) DMSS<\/li>\n<\/ul>\n<table border=\"1\" cellpadding=\"5\" cellspacing=\"1\">\n<tbody>\n<tr>\n<td><strong>Model<\/strong><\/td>\n<td><strong>Dahua DVR0404ME-HE-GC Teknik &Ouml;zellikleri<\/strong><\/td>\n<\/tr>\n<tr>\n<td><strong>Sistem<\/strong><\/td>\n<td colspan=\"1\">&nbsp;<\/td>\n<\/tr>\n<tr>\n<td>Ana \u0130\u015flemci<\/td>\n<td colspan=\"1\">G&ouml;m&uuml;l&uuml; mikroi\u015flemci<\/td>\n<\/tr>\n<tr>\n<td>\u0130\u015fletim Sistemi<\/td>\n<td colspan=\"1\">G&ouml;m&uuml;l&uuml; LINUX<\/td>\n<\/tr>\n<tr>\n<td><strong>Video<\/strong><\/td>\n<td colspan=\"1\">&nbsp;<\/td>\n<\/tr>\n<tr>\n<td>Giri\u015f<\/td>\n<td colspan=\"1\">4 Kanal<\/td>\n<\/tr>\n<tr>\n<td>Standart<\/td>\n<td colspan=\"1\">NTSC (525Line, 60f \/ s), PAL (625Line, 50f \/ s)<\/td>\n<\/tr>\n<tr>\n<td><strong>Ses<\/strong><\/td>\n<td colspan=\"1\">&nbsp;<\/td>\n<\/tr>\n<tr>\n<td>Giri\u015f<\/td>\n<td colspan=\"1\">4 Kanal<\/td>\n<\/tr>\n<tr>\n<td>&Ccedil;\u0131k\u0131\u015f<\/td>\n<td colspan=\"1\">1 Kanal<\/td>\n<\/tr>\n<tr>\n<td>&Ccedil;ift Y&ouml;nl&uuml; Ses<\/td>\n<td colspan=\"1\">1 Kanal Giri\u015f, 1 Kanal &Ccedil;\u0131k\u0131\u015f<\/td>\n<\/tr>\n<tr>\n<td><strong>G&ouml;r&uuml;nt&uuml;leme<\/strong><\/td>\n<td colspan=\"1\">&nbsp;<\/td>\n<\/tr>\n<tr>\n<td>Aray&uuml;z<\/td>\n<td colspan=\"1\">1VGA, 2TV<\/td>\n<\/tr>\n<tr>\n<td>&Ccedil;&ouml;z&uuml;n&uuml;rl&uuml;k<\/td>\n<td colspan=\"1\">1280&times;1024, 1280&times;720, 1024&times;768, 800&times;600<\/td>\n<\/tr>\n<tr>\n<td>B&ouml;l&uuml;nm&uuml;\u015f Ekran<\/td>\n<td colspan=\"1\">1\/4<\/td>\n<\/tr>\n<tr>\n<td>&Ouml;zel Alan Maskelemesi<\/td>\n<td colspan=\"1\">4 Alan (Her Kamera i&ccedil;in)<\/td>\n<\/tr>\n<tr>\n<td>OSD<\/td>\n<td colspan=\"1\">Kamera ba\u015fl\u0131\u011f\u0131, Zaman, Video kayb\u0131, Kamera kilidi, Hareket alg\u0131lama, Kay\u0131t<\/td>\n<\/tr>\n<tr>\n<td><strong>Kay\u0131t<\/strong><\/td>\n<td colspan=\"1\">&nbsp;<\/td>\n<\/tr>\n<tr>\n<td>Video\/Ses S\u0131k\u0131\u015ft\u0131rma<\/td>\n<td colspan=\"1\">H.264 \/ PCM<\/td>\n<\/tr>\n<tr>\n<td>&Ccedil;&ouml;z&uuml;n&uuml;rl&uuml;k<\/td>\n<td colspan=\"1\">960H (960 &times; 576\/960 &times; 480) \/ D1 \/ 4CIF (704 &times; 576\/704 &times; 480) \/ HD1 (352 &times; 576\/352 &times; 480) \/ 2CIF (\/ 704 &times; 240 704 &times; 288) \/ CIF (352 &times; 288\/352 &times; 240) \/ QCIF (176 &times; 144\/176 &times; 120)<\/td>\n<\/tr>\n<tr>\n<td>Kay\u0131t Oran\u0131<\/td>\n<td colspan=\"1\">Ana Ak\u0131\u015f:&nbsp;Tam kanal @ 960H \/ D1 (1 ~ 25 \/ 30fps)<\/p>\n<p>&nbsp;<\/p>\n<p>Alt Ak\u0131\u015f:CIF \/ QCIF (1 ~ 25 \/ 30fps)<\/p>\n<\/td>\n<\/tr>\n<tr>\n<td>Bit Oran\u0131<\/td>\n<td colspan=\"1\">48 ~ 2048 Kb \/ s<\/td>\n<\/tr>\n<tr>\n<td>G&ouml;r&uuml;nt&uuml; Kalitesi<\/td>\n<td colspan=\"1\">1 ~ 6 seviye (seviye 6 iyi, VBR etkili)<\/td>\n<\/tr>\n<tr>\n<td>Kay\u0131t Modu<\/td>\n<td colspan=\"1\">Manuel, Plan (D&uuml;zenli(S&uuml;rekli), MD, Alarm), Durdurma<\/td>\n<\/tr>\n<tr>\n<td>Kay\u0131t Aral\u0131\u011f\u0131<\/td>\n<td colspan=\"1\">1~120 dk. (Varsay\u0131lan: 60 dk.), &Ouml;n-Kay\u0131t: 1~30 sn, Son-Kay\u0131t: 10~300 sn.<\/td>\n<\/tr>\n<tr>\n<td><strong>Video Alg\u0131lama &amp; Alarm<\/strong><\/td>\n<td colspan=\"1\">&nbsp;<\/td>\n<\/tr>\n<tr>\n<td>Tetikleen Olaylar<\/td>\n<td colspan=\"1\">Kay\u0131t, PTZ, Tur, Alarm, E-posta, FTP, Buzzer ve Ekran ipu&ccedil;lar\u0131<\/td>\n<\/tr>\n<tr>\n<td>Video Alg\u0131lama<\/td>\n<td colspan=\"1\">Hareket Alg\u0131lama, MD B&ouml;lgeleri: 396 (22 &times; 18), Video Kayb\u0131 ve Kamera Bo\u015f<\/td>\n<\/tr>\n<tr>\n<td>Alarm Giri\u015fi<\/td>\n<td colspan=\"1\">7 Kanal<\/td>\n<\/tr>\n<tr>\n<td>Alarm &Ccedil;\u0131k\u0131\u015f\u0131<\/td>\n<td colspan=\"1\">2 Kanal<\/td>\n<\/tr>\n<tr>\n<td><strong>Playback &amp; Yedekleme<\/strong><\/td>\n<td colspan=\"1\">&nbsp;<\/td>\n<\/tr>\n<tr>\n<td>Playback<\/td>\n<td colspan=\"1\">1\/4<\/td>\n<\/tr>\n<tr>\n<td>Arama Modu<\/td>\n<td colspan=\"1\">Zaman\/Tarih, Alarm, Hareket Alg\u0131lama ve Tam arama (Saniye Hassasiyetinde)<\/td>\n<\/tr>\n<tr>\n<td>Playback Fonksiyonu<\/td>\n<td colspan=\"1\">Oynat, Duraklat, Durdur, Geri Al, H\u0131zl\u0131 oynat, Yava\u015f oynat, Sonraki dosya, &Ouml;nceki dosya, Sonraki kamera, &Ouml;nceki kamera, Tam ekran, Tekrarla, Kar\u0131\u015f\u0131k, Yedek se&ccedil;im, Dijital zoom<\/td>\n<\/tr>\n<tr>\n<td>Yedekleme Modu<\/td>\n<td colspan=\"1\">USB Cihaz\u0131 \/Network<\/td>\n<\/tr>\n<tr>\n<td><strong>Network<\/strong><\/td>\n<td colspan=\"1\">&nbsp;<\/td>\n<\/tr>\n<tr>\n<td>Ethernet<\/td>\n<td colspan=\"1\">RJ-45 port (10\/100M)<\/td>\n<\/tr>\n<tr>\n<td>3G \/ 4G<\/td>\n<td colspan=\"1\">Dahili 3G \/ 4G mod&uuml;l&uuml;<\/td>\n<\/tr>\n<tr>\n<td>GPS<\/td>\n<td colspan=\"1\">Dahili y&uuml;ksek hassas GPS mod&uuml;l&uuml;<\/td>\n<\/tr>\n<tr>\n<td>Network Fonksiyonlar\u0131<\/td>\n<td colspan=\"1\">TCP \/ IP, UDP, DHCP, DNS, IP Filtresi, PPPOE, DDNS, FTP, E-posta, Alarm Sunucusu<\/td>\n<\/tr>\n<tr>\n<td>Maks. Kullan\u0131c\u0131 Eri\u015fimi<\/td>\n<td colspan=\"1\">10 kullan\u0131c\u0131<\/td>\n<\/tr>\n<tr>\n<td>Ak\u0131ll\u0131 Telefon<\/td>\n<td colspan=\"1\">iPhone, iPad, Android, Windows Phone<\/td>\n<\/tr>\n<tr>\n<td><strong>Depolama<\/strong><\/td>\n<td colspan=\"1\">&nbsp;<\/td>\n<\/tr>\n<tr>\n<td>Dahili HDD<\/td>\n<td colspan=\"1\">1 SATA port<\/td>\n<\/tr>\n<tr>\n<td>SD Kart<\/td>\n<td colspan=\"1\">1 SD Kart<\/td>\n<\/tr>\n<tr>\n<td><strong>Aray&uuml;z<\/strong><\/td>\n<td colspan=\"1\">&nbsp;<\/td>\n<\/tr>\n<tr>\n<td>USB<\/td>\n<td colspan=\"1\">2 ports (1 arka), USB2.0<\/td>\n<\/tr>\n<tr>\n<td>RS232<\/td>\n<td colspan=\"1\">PC \u0130leti\u015fimi ve Keyboard i&ccedil;in, 1 Port<\/td>\n<\/tr>\n<tr>\n<td>RS485<\/td>\n<td colspan=\"1\">PTZ Kontrol&uuml; i&ccedil;in, 1 Port<\/td>\n<\/tr>\n<tr>\n<td>CAN<\/td>\n<td colspan=\"1\">Mevcut<\/td>\n<\/tr>\n<tr>\n<td>SSD<\/td>\n<td colspan=\"1\">Opsiyonel<\/td>\n<\/tr>\n<tr>\n<td>Is\u0131t\u0131c\u0131<\/td>\n<td colspan=\"1\">Opsiyonel<\/td>\n<\/tr>\n<tr>\n<td><strong>Genel<\/strong><\/td>\n<td colspan=\"1\">&nbsp;<\/td>\n<\/tr>\n<tr>\n<td>G&uuml;&ccedil; Kayna\u011f\u0131<\/td>\n<td colspan=\"1\">6V ~ 36V<\/td>\n<\/tr>\n<tr>\n<td>G&uuml;&ccedil; T&uuml;ketimi<\/td>\n<td colspan=\"1\">&lt;15W (HDD ile)<\/td>\n<\/tr>\n<tr>\n<td>&Ccedil;al\u0131\u015fma Ko\u015fullar\u0131<\/td>\n<td colspan=\"1\">-30 &deg; C (opsiyonel \u0131s\u0131t\u0131c\u0131) ~ + 60 &deg; C \/% 10 -% 95 RH \/ 86 ~ 106kpa<\/td>\n<\/tr>\n<tr>\n<td>Boyutlar<\/td>\n<td colspan=\"1\">178mm&times;220mm&times;50mm<\/td>\n<\/tr>\n<tr>\n<td>Net A\u011f\u0131rl\u0131k<\/td>\n<td colspan=\"1\">2.1KG (HDD ile)<\/td>\n<\/tr>\n<tr>\n<td>Titre\u015fim Dayan\u0131kl\u0131<\/td>\n<td colspan=\"1\">5Hz ~ 300Hz: Her y&ouml;nde X \/ Y \/ Z 8 saat<br \/>\n\t\t\t5Hz ~ 11Hz: Titre\u015fim genli\u011fi 10mm 11Hz<br \/>\n\t\t\t~ 300Hz: 50m \/ s2<\/td>\n<\/tr>\n<\/tbody>\n<\/table>\n","protected":false},"excerpt":{"rendered":"<p>4 kanal @ 960H realtime kay\u0131t mevcut H.264 dual-stream video s\u0131k\u0131\u015ft\u0131rma VGA \/ TV e\u015f zamanl\u0131 video &ccedil;\u0131k\u0131\u015f\u0131 1 SATA HDD, 2 USB2.0 mevcut Aviation konekt&ouml;rleri &Ccedil;oklu network izleme: Web g&ouml;r&uuml;nt&uuml;leyici, CMS (DSS) DMSS Model Dahua DVR0404ME-HE-GC Teknik &Ouml;zellikleri Sistem &nbsp; Ana \u0130\u015flemci G&ouml;m&uuml;l&uuml; mikroi\u015flemci \u0130\u015fletim Sistemi G&ouml;m&uuml;l&uuml; LINUX Video &nbsp; Giri\u015f 4 Kanal Standart [&#8230;]\n","protected":false},"featured_media":1091,"comment_status":"closed","ping_status":"closed","template":"","meta":[],"_links":{"self":[{"href":"https:\/\/nilbilisim.com.tr\/magaza\/wp-json\/wp\/v2\/product\/1090"}],"collection":[{"href":"https:\/\/nilbilisim.com.tr\/magaza\/wp-json\/wp\/v2\/product"}],"about":[{"href":"https:\/\/nilbilisim.com.tr\/magaza\/wp-json\/wp\/v2\/types\/product"}],"replies":[{"embeddable":true,"href":"https:\/\/nilbilisim.com.tr\/magaza\/wp-json\/wp\/v2\/comments?post=1090"}],"wp:featuredmedia":[{"embeddable":true,"href":"https:\/\/nilbilisim.com.tr\/magaza\/wp-json\/wp\/v2\/media\/1091"}],"wp:attachment":[{"href":"https:\/\/nilbilisim.com.tr\/magaza\/wp-json\/wp\/v2\/media?parent=1090"}],"curies":[{"name":"wp","href":"https:\/\/api.w.org\/{rel}","templated":true}]}}