{"id":1100,"date":"2021-01-19T09:08:49","date_gmt":"2021-01-19T09:08:49","guid":{"rendered":"https:\/\/nilbilisim.com.tr\/magaza\/urun\/dahua-mxvr1004-gfw-4-kanal-h265-penta-brid-2-sd-mobil-dvr-4g-gps-wifi\/"},"modified":"2024-07-01T01:40:37","modified_gmt":"2024-06-30T22:40:37","slug":"dahua-mxvr1004-gfw-4-kanal-h265-penta-brid-2-sd-mobil-dvr-4g-gps-wifi","status":"publish","type":"product","link":"https:\/\/nilbilisim.com.tr\/magaza\/urun\/dahua-mxvr1004-gfw-4-kanal-h265-penta-brid-2-sd-mobil-dvr-4g-gps-wifi\/","title":{"rendered":"Dahua MXVR1004-GFW 4 Kanal H.265 Penta-brid 2 SD Mobil DVR 4G+GPS+WiFi"},"content":{"rendered":"<ul>\n<li>Penta-brid (HDCVI \/ AHD \/ TVI \/ CVBS \/ IP) video giri\u015fi<\/li>\n<li>&nbsp;H.265 \/ smart H.265 video s\u0131k\u0131\u015ft\u0131rma<\/li>\n<li>4 kanal 1080P &ouml;nizleme deste\u011fi<\/li>\n<li>2 SD kart<\/li>\n<li>Y&uuml;z alg\u0131lama mevcut<\/li>\n<li>Aviation konekt&ouml;rleri mevcut<\/li>\n<li>&Ccedil;oklu izleme: Web g&ouml;r&uuml;nt&uuml;leyici, CMS (DSS) ve DMSS<\/li>\n<\/ul>\n<p><img src=\"https:\/\/www.okisan.com\/wp-content\/uploads\/2019\/03\/20190304170733_57639.png\" \/><\/p>\n<table border=\"1\" cellpadding=\"5\" cellspacing=\"1\">\n<tbody>\n<tr>\n<td><strong>Model<\/strong><\/td>\n<td><strong>Dahua MXVR1004-GFW Teknik &Ouml;zellikleri<\/strong><\/td>\n<\/tr>\n<tr>\n<td><strong>Sistem<\/strong><\/td>\n<td>&nbsp;<\/td>\n<\/tr>\n<tr>\n<td>Ana \u0130\u015flemci<\/td>\n<td>G&ouml;m&uuml;l&uuml; Mikroi\u015flemci<\/td>\n<\/tr>\n<tr>\n<td>\u0130\u015fletim Sistemi<\/td>\n<td>G&ouml;m&uuml;l&uuml; LINUX<\/td>\n<\/tr>\n<tr>\n<td><strong>Video<\/strong><\/td>\n<td>&nbsp;<\/td>\n<\/tr>\n<tr>\n<td>Giri\u015f<\/td>\n<td>4 kanal&nbsp;HDCVI \/ AHD \/ TVI \/ CVBS&nbsp;(AHD \/ TVI kameralar\u0131 ba\u011flarken sesi destekleme) + 1 kanal 4MP IPC<\/td>\n<\/tr>\n<tr>\n<td>\u0130ki Y&ouml;nl&uuml; Konu\u015fma<\/td>\n<td>1<\/td>\n<\/tr>\n<tr>\n<td><strong>Ekran<\/strong><\/td>\n<td>&nbsp;<\/td>\n<\/tr>\n<tr>\n<td>Aray&uuml;z<\/td>\n<td>2 TV (1 aviation konekt&ouml;r&uuml;)<\/td>\n<\/tr>\n<tr>\n<td>&Ccedil;&ouml;z&uuml;n&uuml;rl&uuml;k<\/td>\n<td>800 x 600<\/td>\n<\/tr>\n<tr>\n<td>B&ouml;l&uuml;nm&uuml;\u015f Ekran<\/td>\n<td>1\/4\/6<\/td>\n<\/tr>\n<tr>\n<td>&Ouml;zel Alan Maskelemesi<\/td>\n<td>4 dikd&ouml;rtgen b&ouml;lge (her kamera)<\/td>\n<\/tr>\n<tr>\n<td>OSD<\/td>\n<td>Kanal ad\u0131, saat, GPS, lisans numaras\u0131<\/td>\n<\/tr>\n<tr>\n<td><strong>Kay\u0131t<\/strong><\/td>\n<td>&nbsp;<\/td>\n<\/tr>\n<tr>\n<td>Video S\u0131k\u0131\u015ft\u0131rma<\/td>\n<td>H.265 \/ ak\u0131ll\u0131 H.265 \/ H.264\/smart H.264<\/td>\n<\/tr>\n<tr>\n<td>Ses S\u0131k\u0131\u015ft\u0131rma<\/td>\n<td>G.711A \/ G.711U \/ PCM<\/td>\n<\/tr>\n<tr>\n<td>&Ccedil;&ouml;z&uuml;n&uuml;rl&uuml;k<\/td>\n<td>4 kanal @ 1080P ger&ccedil;ek zamanl\u0131 kay\u0131t<\/td>\n<\/tr>\n<tr>\n<td>Kay\u0131t Modu<\/td>\n<td>Manuel, Zamanlama (D&uuml;zenli (S&uuml;rekli), MD, Alarm), Durdur<\/td>\n<\/tr>\n<tr>\n<td>Kay\u0131t Aral\u0131\u011f\u0131<\/td>\n<td>1 ~ 120 dk (varsay\u0131lan: 60 dk), &Ouml;n kay\u0131t: 1 ~ 30 sn, Kay\u0131t sonras\u0131: 10 ~ 300 sn<\/td>\n<\/tr>\n<tr>\n<td><strong>Video Alg\u0131lama ve Alarm<\/strong><\/td>\n<td>&nbsp;<\/td>\n<\/tr>\n<tr>\n<td>Tetikleyen Olaylar<\/td>\n<td>Kay\u0131t, PTZ, Tur, Alarm, E-posta, FTP, Zil ve Ekran ipu&ccedil;lar\u0131<\/td>\n<\/tr>\n<tr>\n<td>Video Alg\u0131lama<\/td>\n<td>Hareket Alg\u0131lama, MD B&ouml;lgeleri: 396 (PAL: 22 &times; 18, NTSC: 22 &times; 15), Video Kayb\u0131 ve Kurcalama<\/td>\n<\/tr>\n<tr>\n<td>Alarm Giri\u015fi<\/td>\n<td>7 kanal, Alarm 1-Alarm 6 yerel alarm giri\u015fleridir. Alarm 7, darbe giri\u015fidir.<\/td>\n<\/tr>\n<tr>\n<td>Alarm &Ccedil;\u0131k\u0131\u015f\u0131<\/td>\n<td>2 kanal, 1 r&ouml;le, 1 Kontrol edilebilir 12V &ccedil;\u0131k\u0131\u015f\u0131<\/td>\n<\/tr>\n<tr>\n<td><strong>Playback ve Yedekleme<\/strong><\/td>\n<td>&nbsp;<\/td>\n<\/tr>\n<tr>\n<td>Playback<\/td>\n<td>1<\/td>\n<\/tr>\n<tr>\n<td>Arama Modu<\/td>\n<td>Saat \/ Tarih, Alarm, Hareket Alg\u0131lama ve Kesin arama (saniyeye do\u011fru)<\/td>\n<\/tr>\n<tr>\n<td>Playback Fonksiyonu<\/td>\n<td>Oynat, Duraklat, Durdur, Geri, H\u0131zl\u0131 oynat, Yava\u015f oynat, Sonraki dosya, &Ouml;nceki dosya, Sonraki kamera, &Ouml;nceki kamera, Tam ekran, Tekrarla, Kar\u0131\u015ft\u0131r, Yedekleme se&ccedil;imi, Dijital zoom<\/td>\n<\/tr>\n<tr>\n<td>Yedekleme Modu<\/td>\n<td>USB Ayg\u0131t\u0131 \/ Network<\/td>\n<\/tr>\n<tr>\n<td><strong>Depolama<\/strong><\/td>\n<td>&nbsp;<\/td>\n<\/tr>\n<tr>\n<td>Haf\u0131za Kart\u0131<\/td>\n<td>2 SD kart, her biri 256 GB&rsquo;a kadar<\/td>\n<\/tr>\n<tr>\n<td><strong>Network<\/strong><\/td>\n<td>&nbsp;<\/td>\n<\/tr>\n<tr>\n<td>Ethernet<\/td>\n<td>RJ-45 port (10 \/ 100Mbps)<\/td>\n<\/tr>\n<tr>\n<td>Kablosuz Network<\/td>\n<td>Dahili 3G \/ 4G \/ Wi-Fi mod&uuml;l&uuml; (opsiyonel)<\/td>\n<\/tr>\n<tr>\n<td>GPS<\/td>\n<td>Dahili y&uuml;ksek hassasiyetli GPS mod&uuml;l&uuml; (opsiyonel)<\/td>\n<\/tr>\n<tr>\n<td>Network Fonksiyonu<\/td>\n<td>TCP \/ IP, UDP, DHCP, DDNS, FTP, E-posta, Alarm Sunucusu<\/td>\n<\/tr>\n<tr>\n<td>Maks. Kullan\u0131c\u0131 Eri\u015fimi<\/td>\n<td>128 kullan\u0131c\u0131<\/td>\n<\/tr>\n<tr>\n<td>Ak\u0131ll\u0131 Telefon<\/td>\n<td>iPhone, iPad, Android<\/td>\n<\/tr>\n<tr>\n<td><strong>Aray&uuml;z<\/strong><\/td>\n<td>&nbsp;<\/td>\n<\/tr>\n<tr>\n<td>USB<\/td>\n<td>2 USB 2.0<\/td>\n<\/tr>\n<tr>\n<td>RS232<\/td>\n<td>1 Port<\/td>\n<\/tr>\n<tr>\n<td>RS485<\/td>\n<td>1 Port<\/td>\n<\/tr>\n<tr>\n<td>Is\u0131t\u0131c\u0131<\/td>\n<td>Opsiyonel<\/td>\n<\/tr>\n<tr>\n<td><strong>G&uuml;&ccedil;<\/strong><\/td>\n<td>&nbsp;<\/td>\n<\/tr>\n<tr>\n<td>G&uuml;&ccedil; Kayna\u011f\u0131<\/td>\n<td>DC 6V ~ 36V<\/td>\n<\/tr>\n<tr>\n<td>G&uuml;&ccedil; T&uuml;ketimi<\/td>\n<td>6.7W (HDD Olmadan)<\/td>\n<\/tr>\n<tr>\n<td><strong>&Ccedil;evre Ko\u015fullar\u0131<\/strong><\/td>\n<td>&nbsp;<\/td>\n<\/tr>\n<tr>\n<td>&Ccedil;al\u0131\u015fma Ko\u015fullar\u0131<\/td>\n<td>-30 &deg; C (\u0131s\u0131t\u0131c\u0131 ile) ~ + 70 &deg; C (-22 &deg; F ~ + 158 &deg; F)<\/td>\n<\/tr>\n<tr>\n<td>&Ccedil;al\u0131\u015fma Nemi<\/td>\n<td>% 10 ~ 90 ba\u011f\u0131l nem<\/td>\n<\/tr>\n<tr>\n<td><strong>Kasa<\/strong><\/td>\n<td>&nbsp;<\/td>\n<\/tr>\n<tr>\n<td>Boyutlar<\/td>\n<td>138mm &times; 160mm &times; 49mm<\/td>\n<\/tr>\n<tr>\n<td>Net A\u011f\u0131rl\u0131k (HDD Hari&ccedil;)<\/td>\n<td>0.97Kg<\/td>\n<\/tr>\n<tr>\n<td><strong>Sertifikalar<\/strong><\/td>\n<td>&nbsp;<\/td>\n<\/tr>\n<tr>\n<td>CE<\/td>\n<td>FCC<\/td>\n<\/tr>\n<tr>\n<td>EN50155<\/td>\n<td>ISO7637-2<\/td>\n<\/tr>\n<tr>\n<td>ISO16750<\/td>\n<td>BIS<\/td>\n<\/tr>\n<\/tbody>\n<\/table>\n","protected":false},"excerpt":{"rendered":"<p>Penta-brid (HDCVI \/ AHD \/ TVI \/ CVBS \/ IP) video giri\u015fi &nbsp;H.265 \/ smart H.265 video s\u0131k\u0131\u015ft\u0131rma 4 kanal 1080P &ouml;nizleme deste\u011fi 2 SD kart Y&uuml;z alg\u0131lama mevcut Aviation konekt&ouml;rleri mevcut &Ccedil;oklu izleme: Web g&ouml;r&uuml;nt&uuml;leyici, CMS (DSS) ve DMSS Model Dahua MXVR1004-GFW Teknik &Ouml;zellikleri Sistem &nbsp; Ana \u0130\u015flemci G&ouml;m&uuml;l&uuml; Mikroi\u015flemci \u0130\u015fletim Sistemi G&ouml;m&uuml;l&uuml; LINUX [&#8230;]\n","protected":false},"featured_media":1101,"comment_status":"closed","ping_status":"closed","template":"","meta":[],"_links":{"self":[{"href":"https:\/\/nilbilisim.com.tr\/magaza\/wp-json\/wp\/v2\/product\/1100"}],"collection":[{"href":"https:\/\/nilbilisim.com.tr\/magaza\/wp-json\/wp\/v2\/product"}],"about":[{"href":"https:\/\/nilbilisim.com.tr\/magaza\/wp-json\/wp\/v2\/types\/product"}],"replies":[{"embeddable":true,"href":"https:\/\/nilbilisim.com.tr\/magaza\/wp-json\/wp\/v2\/comments?post=1100"}],"wp:featuredmedia":[{"embeddable":true,"href":"https:\/\/nilbilisim.com.tr\/magaza\/wp-json\/wp\/v2\/media\/1101"}],"wp:attachment":[{"href":"https:\/\/nilbilisim.com.tr\/magaza\/wp-json\/wp\/v2\/media?parent=1100"}],"curies":[{"name":"wp","href":"https:\/\/api.w.org\/{rel}","templated":true}]}}