{"id":1144,"date":"2021-01-28T10:54:52","date_gmt":"2021-01-28T07:54:52","guid":{"rendered":"https:\/\/nilbilisim.com.tr\/magaza\/urun\/dahua-ipc-hfw1230s-s-0280b-s4-2mp-ir-bullet-network-kamera\/"},"modified":"2024-07-01T01:40:35","modified_gmt":"2024-06-30T22:40:35","slug":"dahua-ipc-hfw1230s-s-0280b-s4-2mp-ir-bullet-network-kamera","status":"publish","type":"product","link":"https:\/\/nilbilisim.com.tr\/magaza\/urun\/dahua-ipc-hfw1230s-s-0280b-s4-2mp-ir-bullet-network-kamera\/","title":{"rendered":"Dahua IPC-HFW1230S-S-0280B-S4 2MP IR Bullet Network Kamera"},"content":{"rendered":"<ul>\n<li>2 MP, 1 \/ 2,7 &rdquo;CMOS g&ouml;r&uuml;nt&uuml; sens&ouml;r&uuml;, d&uuml;\u015f&uuml;k ayd\u0131nlatma, y&uuml;ksek g&ouml;r&uuml;nt&uuml; tan\u0131m\u0131<\/li>\n<li>25\/30 fps&rsquo;de 2 MP (1920 &times; 1080)<\/li>\n<li>H.265 kodek, y&uuml;ksek s\u0131k\u0131\u015ft\u0131rma oran\u0131, ultra d&uuml;\u015f&uuml;k bit h\u0131z\u0131<\/li>\n<li>Dahili IR LED, maks. IR mesafesi: 30 m<\/li>\n<li>256 GB Micro SD kart<\/li>\n<li>12V DC \/ POE g&uuml;&ccedil; deste\u011fi<\/li>\n<li>IP67<\/li>\n<\/ul>\n<p><img loading=\"lazy\" alt=\"\" data-pagespeed-url-hash=\"1382953058\" height=\"87\" src=\"https:\/\/www.okisan.com\/wp-content\/uploads\/2020\/12\/Adsiz-2.png\" width=\"402\" \/><\/p>\n<p>&nbsp;<\/p>\n<table border=\"1\" cellpadding=\"5\" cellspacing=\"1\" id=\"table001\">\n<tbody>\n<tr>\n<td colspan=\"2\"><strong>Dahua IPC-HFW1230S-S-0280B-S4 Teknik &Ouml;zellikleri<\/strong><\/td>\n<\/tr>\n<tr>\n<td colspan=\"2\"><strong>Kamera<\/strong><\/td>\n<\/tr>\n<tr>\n<td>G&ouml;r&uuml;nt&uuml; Sens&ouml;r&uuml;<\/td>\n<td>1\/2.7&rdquo;2Megapixel progresif CMOS<\/td>\n<\/tr>\n<tr>\n<td>Efektif Piksel<\/td>\n<td>1920 (H) x 1080 (V)<\/td>\n<\/tr>\n<tr>\n<td>ROM<\/td>\n<td>128 MB<\/td>\n<\/tr>\n<tr>\n<td>RAM<\/td>\n<td>128 MB<\/td>\n<\/tr>\n<tr>\n<td>Tarama Sistemi<\/td>\n<td>Progresif<\/td>\n<\/tr>\n<tr>\n<td>Elektronik Shutter H\u0131z\u0131<\/td>\n<td>Otomatik\/Manuel 1\/3 s&ndash;1\/100000 s<\/td>\n<\/tr>\n<tr>\n<td>Minimum Ayd\u0131nlatma<\/td>\n<td>0.005 Lux@F1.6<\/td>\n<\/tr>\n<tr>\n<td>IR Mesafesi<\/td>\n<td>30 m (98.43 ft)<\/td>\n<\/tr>\n<tr>\n<td>IR A&ccedil;\u0131k \/ Kapal\u0131 Kontrol<\/td>\n<td>Otomatik \/ Manuel<\/td>\n<\/tr>\n<tr>\n<td>IR LED<\/td>\n<td>1<\/td>\n<\/tr>\n<tr>\n<td>Pan\/Tilt\/D&ouml;nd&uuml;rme Aral\u0131\u011f\u0131<\/td>\n<td>Pan: 0&deg;&ndash;360&deg;<br \/>\n\t\t\tTilt: 0&deg;&ndash;90&deg;<br \/>\n\t\t\tD&ouml;nd&uuml;rme: 0&deg;&ndash;360&deg;<\/td>\n<\/tr>\n<tr>\n<td colspan=\"2\"><strong>Lens<\/strong><\/td>\n<\/tr>\n<tr>\n<td>Lens Tipi<\/td>\n<td>Sabit<\/td>\n<\/tr>\n<tr>\n<td>Montaj Tipi<\/td>\n<td>M12<\/td>\n<\/tr>\n<tr>\n<td>Odak Uzakl\u0131\u011f\u0131<\/td>\n<td>2.8 mm<\/td>\n<\/tr>\n<tr>\n<td>Maks. A&ccedil;\u0131kl\u0131k<\/td>\n<td>F1.6<br \/>\n\t\t\tF1.6<\/td>\n<\/tr>\n<tr>\n<td>G&ouml;r&uuml;\u015f A&ccedil;\u0131s\u0131<\/td>\n<td>2.8 mm:<br \/>\n\t\t\tPan: 110.0&deg;<br \/>\n\t\t\tTilt: 59.0&deg;<br \/>\n\t\t\tDiagonal: 132.0&deg;<\/td>\n<\/tr>\n<tr>\n<td>\u0130ris Tipi<\/td>\n<td>Sabit diyafram<\/td>\n<\/tr>\n<tr>\n<td>Yak\u0131n Odak Mesafesi<\/td>\n<td>2.8 mm: 0.6 m<\/td>\n<\/tr>\n<tr>\n<td colspan=\"2\"><strong>Video<\/strong><\/td>\n<\/tr>\n<tr>\n<td>S\u0131k\u0131\u015ft\u0131rma<\/td>\n<td>H.265; H.264; H.264B; MJPEG<\/td>\n<\/tr>\n<tr>\n<td>Ak\u0131ll\u0131 Codec<\/td>\n<td>Mevcut<\/td>\n<\/tr>\n<tr>\n<td>Video Frame Oran\u0131<\/td>\n<td>Ana ak\u0131\u015f:<br \/>\n\t\t\t1920 &times; 1080 (1 fps-25\/30 fps)<br \/>\n\t\t\tAlt ak\u0131\u015f:<br \/>\n\t\t\t704 &times; 576 (1 fps-25 fps)<br \/>\n\t\t\t704 &times; 480 (1 fps-30 fps)<\/td>\n<\/tr>\n<tr>\n<td>G&ouml;r&uuml;nt&uuml; Ak\u0131\u015f Kapasitesi<\/td>\n<td>2&rsquo;li ak\u0131\u015f<\/td>\n<\/tr>\n<tr>\n<td>&Ccedil;&ouml;z&uuml;n&uuml;rl&uuml;k<\/td>\n<td>1080p (1920 &times; 1080); 1.3M (1280 &times; 960); 720p (1280 &times; 720); D1 (704 &times; 576\/704 &times; 480); VGA (640 &times; 480); CIF (352 &times; 288\/352 &times; 240)<\/td>\n<\/tr>\n<tr>\n<td>Bit H\u0131z\u0131 Kontrol&uuml;<\/td>\n<td>CBR \/ VBR<\/td>\n<\/tr>\n<tr>\n<td>Video Bit H\u0131z\u0131<\/td>\n<td>H.264: 32 Kbps&ndash;6144 Kbps<br \/>\n\t\t\tH.265: 12 Kbps&ndash;6144 Kbps<\/td>\n<\/tr>\n<tr>\n<td>G&uuml;nd&uuml;z \/ Gece<\/td>\n<td>Otomatik(ICR)\/Renkli\/Siyah\/Beyaz<\/td>\n<\/tr>\n<\/tbody>\n<\/table>\n<table border=\"1\" cellpadding=\"5\" cellspacing=\"1\" id=\"table002\">\n<tbody>\n<tr>\n<td>BLC<\/td>\n<td>Mevcut<\/td>\n<\/tr>\n<tr>\n<td>HLC<\/td>\n<td>Mevcut<\/td>\n<\/tr>\n<tr>\n<td>WDR<\/td>\n<td>DWDR<\/td>\n<\/tr>\n<tr>\n<td>Beyaz Dengesi<\/td>\n<td>Otomatik \/ do\u011fal \/ sokak lambas\u0131 \/ d\u0131\u015f mekan \/ manuel \/ &ouml;zel b&ouml;lge<\/td>\n<\/tr>\n<tr>\n<td>Kazan&ccedil; Kontrol&uuml;<\/td>\n<td>Otomatik \/ Manuel<\/td>\n<\/tr>\n<tr>\n<td>Parazit Azaltma<\/td>\n<td>3D DNR<\/td>\n<\/tr>\n<tr>\n<td>Hareket Alg\u0131lama<\/td>\n<td>KAPALI \/ A&Ccedil;IK (4 alan, dikd&ouml;rtgen)<\/td>\n<\/tr>\n<tr>\n<td>ROI<\/td>\n<td>Mevcut (4 alan)<\/td>\n<\/tr>\n<tr>\n<td>Ak\u0131ll\u0131 IR<\/td>\n<td>Mevcut<\/td>\n<\/tr>\n<tr>\n<td>G&ouml;r&uuml;nt&uuml; D&ouml;nd&uuml;rme<\/td>\n<td>0 &deg; \/ 90 &deg; \/ 180 &deg; \/ 270 &deg; (1080p &ccedil;&ouml;z&uuml;n&uuml;rl&uuml;k ve daha d&uuml;\u015f&uuml;k &ccedil;&ouml;z&uuml;n&uuml;rl&uuml;kte 90 &deg; \/ 270 &deg; destekler.)<\/td>\n<\/tr>\n<tr>\n<td>Mirror<\/td>\n<td>Mevcut<\/td>\n<\/tr>\n<tr>\n<td>&Ouml;zel Alan Maskelemesi<\/td>\n<td>4 Alan<\/td>\n<\/tr>\n<tr>\n<td colspan=\"2\"><strong>Network<\/strong><\/td>\n<\/tr>\n<tr>\n<td>Network<\/td>\n<td>RJ-45 (10\/100 Base-T)<\/td>\n<\/tr>\n<tr>\n<td>Protokol<\/td>\n<td>IPv4; IPv6; HTTP; HTTPS; TCP; UDP; ARP; RTP ; RTSP; RTCP; RTMP; SMTP; FTP; SFTP; DHCP; DNS; DDNS; QoS; UPnP; NTP; Multicast; ICMP; IGMP; NFS; PPPoE; 802.1x; Bonjour<\/td>\n<\/tr>\n<tr>\n<td>ONVIF<\/td>\n<td>ONVIF(Profil S\/Profil G\/Profil T);CGI; P2P; Milestone; Genetec<\/td>\n<\/tr>\n<tr>\n<td>Maks. Kullan\u0131c\u0131 Eri\u015fimi<\/td>\n<td>20 Kullan\u0131c\u0131<\/td>\n<\/tr>\n<tr>\n<td>Edge Depolama<\/td>\n<td>Dahua Cloud; FTP; SFTP; Micro SD Card (maks. 256 GB); NAS<\/td>\n<\/tr>\n<tr>\n<td>Web G&ouml;r&uuml;nt&uuml;leyici<\/td>\n<td>IE<br \/>\n\t\t\tChrome<br \/>\n\t\t\tFirefox<\/td>\n<\/tr>\n<tr>\n<td>Yaz\u0131l\u0131m Y&ouml;netimi<\/td>\n<td>Smart PSS; DSS; DMSS<\/td>\n<\/tr>\n<tr>\n<td>Ak\u0131ll\u0131 Telefon<\/td>\n<td>IOS, Android<\/td>\n<\/tr>\n<tr>\n<td><strong>Sertifikalar<\/strong><\/td>\n<td>&nbsp;<\/td>\n<\/tr>\n<tr>\n<td>Sertifikalar<\/td>\n<td>CE-LVD: EN60950-1<br \/>\n\t\t\tCE-EMC: Elektromanyetik Uyumluluk Direktifi 2014\/30 \/ EU<br \/>\n\t\t\tFCC: 47 CFR FCC B&ouml;l&uuml;m 15, Alt B&ouml;l&uuml;m B<br \/>\n\t\t\tUL \/ CUL: UL60950-1 CAN \/ CSA C22.2 No. 60950-1-07<\/td>\n<\/tr>\n<tr>\n<td colspan=\"2\"><strong>G&uuml;&ccedil;<\/strong><\/td>\n<\/tr>\n<tr>\n<td>G&uuml;&ccedil; Kayna\u011f\u0131<\/td>\n<td>12V DC\/PoE (802.3af)<\/td>\n<\/tr>\n<tr>\n<td>G&uuml;&ccedil; T&uuml;ketimi<\/td>\n<td>&lt; 4.6W<\/td>\n<\/tr>\n<\/tbody>\n<\/table>\n<table border=\"1\" cellpadding=\"5\" cellspacing=\"1\" id=\"table003\">\n<tbody>\n<tr>\n<td colspan=\"2\"><strong>&Ccedil;evre Ko\u015fullar\u0131<\/strong><\/td>\n<\/tr>\n<tr>\n<td>&Ccedil;al\u0131\u015fma Ko\u015fullar\u0131<\/td>\n<td>-40 &deg; C ila + 60 &deg; C (-40 &deg; F ila + 140 &deg; F) \/ &le;% 95 RH&rsquo;den az<\/td>\n<\/tr>\n<tr>\n<td>Dayan\u0131kl\u0131l\u0131k Ko\u015fullar\u0131<\/td>\n<td>-40 &deg; C ile + 60 &deg; C (-40 &deg; F ile + 140 &deg; F)<\/td>\n<\/tr>\n<tr>\n<td>Koruma Sertifikas\u0131<\/td>\n<td>IP67<\/td>\n<\/tr>\n<tr>\n<td colspan=\"2\"><strong>Kasa<\/strong><\/td>\n<\/tr>\n<tr>\n<td>Kasa<\/td>\n<td>Metal<\/td>\n<\/tr>\n<tr>\n<td>Boyutlar<\/td>\n<td>166.2 mm &times; &Phi;70 mm<\/td>\n<\/tr>\n<tr>\n<td>Net A\u011f\u0131rl\u0131k<\/td>\n<td>0.48 kg<\/td>\n<\/tr>\n<\/tbody>\n<\/table>\n<p>&nbsp;<\/p>\n<p><img alt=\"\" data-orig-sizes=\"(max-width: 500px) 100vw, 500px\" data-orig-src=\"https:\/\/www.okisan.com\/wp-content\/uploads\/2020\/12\/Boyutlar-18-500x312.png\" data-pagespeed-url-hash=\"115891638\" data-sizes=\"auto\" data-srcset=\"https:\/\/www.okisan.com\/wp-content\/uploads\/2020\/12\/Boyutlar-18-16x10.png 16w, https:\/\/www.okisan.com\/wp-content\/uploads\/2020\/12\/Boyutlar-18-150x94.png 150w, https:\/\/www.okisan.com\/wp-content\/uploads\/2020\/12\/Boyutlar-18-200x125.png 200w, https:\/\/www.okisan.com\/wp-content\/uploads\/2020\/12\/Boyutlar-18-300x187.png 300w, https:\/\/www.okisan.com\/wp-content\/uploads\/2020\/12\/Boyutlar-18-400x249.png 400w, https:\/\/www.okisan.com\/wp-content\/uploads\/2020\/12\/Boyutlar-18-500x312.png 500w, https:\/\/www.okisan.com\/wp-content\/uploads\/2020\/12\/Boyutlar-18-600x374.png 600w, https:\/\/www.okisan.com\/wp-content\/uploads\/2020\/12\/Boyutlar-18.png 656w\" height=\"312\" loading=\"lazy\" src=\"https:\/\/www.okisan.com\/wp-content\/uploads\/2020\/12\/Boyutlar-18-500x312.png\" width=\"500\" \/><img alt=\"\" data-orig-sizes=\"(max-width: 515px) 100vw, 515px\" data-orig-src=\"https:\/\/www.okisan.com\/wp-content\/uploads\/2020\/12\/Aksesuarlar-4.png\" data-pagespeed-url-hash=\"1560958957\" data-sizes=\"auto\" data-srcset=\"https:\/\/www.okisan.com\/wp-content\/uploads\/2020\/12\/Aksesuarlar-4-16x8.png 16w, https:\/\/www.okisan.com\/wp-content\/uploads\/2020\/12\/Aksesuarlar-4-150x75.png 150w, https:\/\/www.okisan.com\/wp-content\/uploads\/2020\/12\/Aksesuarlar-4-200x100.png 200w, https:\/\/www.okisan.com\/wp-content\/uploads\/2020\/12\/Aksesuarlar-4-300x150.png 300w, https:\/\/www.okisan.com\/wp-content\/uploads\/2020\/12\/Aksesuarlar-4-400x200.png 400w, https:\/\/www.okisan.com\/wp-content\/uploads\/2020\/12\/Aksesuarlar-4-500x250.png 500w, https:\/\/www.okisan.com\/wp-content\/uploads\/2020\/12\/Aksesuarlar-4.png 515w\" height=\"258\" loading=\"lazy\" src=\"https:\/\/www.okisan.com\/wp-content\/uploads\/2020\/12\/Aksesuarlar-4.png\" width=\"515\" \/><\/p>\n<p>&nbsp;<\/p>\n","protected":false},"excerpt":{"rendered":"<p>2 MP, 1 \/ 2,7 &rdquo;CMOS g&ouml;r&uuml;nt&uuml; sens&ouml;r&uuml;, d&uuml;\u015f&uuml;k ayd\u0131nlatma, y&uuml;ksek g&ouml;r&uuml;nt&uuml; tan\u0131m\u0131 25\/30 fps&rsquo;de 2 MP (1920 &times; 1080) H.265 kodek, y&uuml;ksek s\u0131k\u0131\u015ft\u0131rma oran\u0131, ultra d&uuml;\u015f&uuml;k bit h\u0131z\u0131 Dahili IR LED, maks. IR mesafesi: 30 m 256 GB Micro SD kart 12V DC \/ POE g&uuml;&ccedil; deste\u011fi IP67 &nbsp; Dahua IPC-HFW1230S-S-0280B-S4 Teknik &Ouml;zellikleri Kamera [&#8230;]\n","protected":false},"featured_media":1145,"comment_status":"closed","ping_status":"closed","template":"","meta":[],"_links":{"self":[{"href":"https:\/\/nilbilisim.com.tr\/magaza\/wp-json\/wp\/v2\/product\/1144"}],"collection":[{"href":"https:\/\/nilbilisim.com.tr\/magaza\/wp-json\/wp\/v2\/product"}],"about":[{"href":"https:\/\/nilbilisim.com.tr\/magaza\/wp-json\/wp\/v2\/types\/product"}],"replies":[{"embeddable":true,"href":"https:\/\/nilbilisim.com.tr\/magaza\/wp-json\/wp\/v2\/comments?post=1144"}],"wp:featuredmedia":[{"embeddable":true,"href":"https:\/\/nilbilisim.com.tr\/magaza\/wp-json\/wp\/v2\/media\/1145"}],"wp:attachment":[{"href":"https:\/\/nilbilisim.com.tr\/magaza\/wp-json\/wp\/v2\/media?parent=1144"}],"curies":[{"name":"wp","href":"https:\/\/api.w.org\/{rel}","templated":true}]}}