{"id":1150,"date":"2021-01-28T10:55:00","date_gmt":"2021-01-28T07:55:00","guid":{"rendered":"https:\/\/nilbilisim.com.tr\/magaza\/urun\/dahua-ipc-hdbw2531e-s-0280b-s2-5mp-lite-ir-sabit-dome-network-kamera\/"},"modified":"2024-07-01T01:40:34","modified_gmt":"2024-06-30T22:40:34","slug":"dahua-ipc-hdbw2531e-s-0280b-s2-5mp-lite-ir-sabit-dome-network-kamera","status":"publish","type":"product","link":"https:\/\/nilbilisim.com.tr\/magaza\/urun\/dahua-ipc-hdbw2531e-s-0280b-s2-5mp-lite-ir-sabit-dome-network-kamera\/","title":{"rendered":"Dahua IPC-HDBW2531E-S-0280B-S2 5MP Lite IR sabit Dome Network Kamera"},"content":{"rendered":"<ul>\n<li>5MP, 1 \/ 2,7 &rdquo;CMOS g&ouml;r&uuml;nt&uuml; sens&ouml;r&uuml;,<\/li>\n<li>H.265 kodek,<\/li>\n<li>Dahili IR LED, maksimum IR mesafesi: 30 m<\/li>\n<li>ROI, SMART H.264 \/ H.265, esnek kodlama, &ccedil;e\u015fitli bant geni\u015fli\u011fi ve depolama ortamlar\u0131na uygulanabilir<\/li>\n<li>&Ccedil;e\u015fitli izleme sahnelerine uygulanabilen d&ouml;nd&uuml;rme modu, WDR, 3D DNR, HLC, BLC, dijital filigran ekleme<\/li>\n<li>IP67,IK10 korumas\u0131<\/li>\n<\/ul>\n<p>&nbsp;<\/p>\n<p><img loading=\"lazy\" alt=\"\" data-pagespeed-url-hash=\"3537681454\" height=\"53\" src=\"https:\/\/www.okisan.com\/wp-content\/uploads\/2020\/09\/20191023171633_18096.png\" width=\"490\" \/><\/p>\n<p>&nbsp;<\/p>\n<table border=\"1\" cellpadding=\"5\" cellspacing=\"1\">\n<tbody>\n<tr>\n<td><strong>Model<\/strong><\/td>\n<td><strong>Dahua IPC-HDBW2531E-S-0280B-S2 Teknik &Ouml;zellikleri<\/strong><\/td>\n<\/tr>\n<tr>\n<td><strong>Kamera<\/strong><\/td>\n<td>&nbsp;<\/td>\n<\/tr>\n<tr>\n<td>G&ouml;r&uuml;nt&uuml; Sens&ouml;r&uuml;<\/td>\n<td>1 \/ 2,7 &rdquo;5 Megapiksel progresif CMOS<\/td>\n<\/tr>\n<tr>\n<td>Efektif Piksel<\/td>\n<td>2592 (Y) &times; 1944 (D)<\/td>\n<\/tr>\n<tr>\n<td>ROM<\/td>\n<td>128 MB<\/td>\n<\/tr>\n<tr>\n<td>Veri Deposu<\/td>\n<td>256 MB<\/td>\n<\/tr>\n<tr>\n<td>Tarama Sistemi<\/td>\n<td>Progresif<\/td>\n<\/tr>\n<tr>\n<td>Elektronik Shutter H\u0131z\u0131<\/td>\n<td>Otomatik \/ Manuel 1\/3 s &ndash; 1\/100000 s<\/td>\n<\/tr>\n<tr>\n<td>Min. Ayd\u0131nlatma<\/td>\n<td>0.008 Lux@F1.6<\/td>\n<\/tr>\n<tr>\n<td>IR Mesafesi<\/td>\n<td>30 m (196,8 ft)<\/td>\n<\/tr>\n<tr>\n<td>IR A&ccedil;\u0131k \/ Kapal\u0131 Kontrol<\/td>\n<td>Otomatik \/ Manuel<\/td>\n<\/tr>\n<tr>\n<td>IR LED<\/td>\n<td>3<\/td>\n<\/tr>\n<tr>\n<td>Pan\/Tilt\/D&ouml;nd&uuml;rme<\/td>\n<td>Yatay : 0 &deg; &ndash;355 &deg; Dikey: 0 &deg; &ndash;65 &deg;<br \/>\n\t\t\tD&ouml;nd&uuml;rme: 0 &deg; &ndash;355 &deg;<\/td>\n<\/tr>\n<tr>\n<td><strong>Lens<\/strong><\/td>\n<td>&nbsp;<\/td>\n<\/tr>\n<tr>\n<td>Lens Tipi<\/td>\n<td>Sabit<\/td>\n<\/tr>\n<tr>\n<td>Montaj Tipi<\/td>\n<td>M12<\/td>\n<\/tr>\n<tr>\n<td>Odak Uzakl\u0131\u011f\u0131<\/td>\n<td>2.8mm<\/td>\n<\/tr>\n<tr>\n<td>Maks. Diyafram<\/td>\n<td>F1.6<\/td>\n<\/tr>\n<tr>\n<td>G&ouml;r&uuml;\u015f A&ccedil;\u0131s\u0131<\/td>\n<td>Yatay: 103 .0 &deg;<\/p>\n<p>&nbsp;<\/p>\n<p>Dikey: 71.0 &deg;<\/p>\n<p>Diyagonal: 132.0 &deg;<\/p>\n<\/td>\n<\/tr>\n<tr>\n<td>Yak\u0131n Odak Mesafesi<\/td>\n<td>0.9 m (2.95 ft)<\/td>\n<\/tr>\n<tr>\n<td><strong>Ak\u0131ll\u0131 Etkinlik<\/strong><\/td>\n<td>&nbsp;<\/td>\n<\/tr>\n<tr>\n<td>Genel IVS Analizi<\/td>\n<td>tripwire;&nbsp;ihlal<\/td>\n<\/tr>\n<tr>\n<td><strong>Video<\/strong><\/td>\n<td>&nbsp;<\/td>\n<\/tr>\n<tr>\n<td>S\u0131k\u0131\u015ft\u0131rma<\/td>\n<td>H.265;&nbsp;H.264;&nbsp;H.264B;&nbsp;MJPEG<\/td>\n<\/tr>\n<tr>\n<td>Ak\u0131ll\u0131 Codec<\/td>\n<td>Mevcut<\/td>\n<\/tr>\n<tr>\n<td>Video Frame H\u0131z\u0131<\/td>\n<td>Ana ak\u0131\u015f:<br \/>\n\t\t\t2592 &times; 1944 (1 fps-20 fps)<br \/>\n\t\t\t2688 &times; 1520 (1 fps-25\/30 fps)<br \/>\n\t\t\tAlt ak\u0131\u015f:<br \/>\n\t\t\t704 &times; 576 (1 fps-25 fps)<br \/>\n\t\t\t704 &times; 480 (1 fps-30 fps)<\/td>\n<\/tr>\n<tr>\n<td>G&ouml;r&uuml;nt&uuml; Ak\u0131\u015f Kapasitesi<\/td>\n<td>2&rsquo;li ak\u0131\u015f<\/td>\n<\/tr>\n<tr>\n<td>&Ccedil;&ouml;z&uuml;n&uuml;rl&uuml;k<\/td>\n<td>2592&times;1944(2592&times;1944); 2688&times;1520(2688&times;1520); 3M(2048&times;1536); 2304&times;1296(2304&times;1296); 1080p(1920&times;1080); 1.3M (1280 &times; 960); 720p(1280&times;720); D1(704&times; 576\/704&times;480); VGA(640&times;480); CIF(352&times;288\/352&times;240)<\/td>\n<\/tr>\n<tr>\n<td>Bit H\u0131z\u0131 Kontrol&uuml;<\/td>\n<td>CBR\/VBR<\/td>\n<\/tr>\n<tr>\n<td>Bit Oran\u0131<\/td>\n<td>H.264: 32Kbps ~ 8192Kbps<\/p>\n<p>&nbsp;<\/p>\n<p>H.265: 12Kbps ~ 8192Kbps<\/p>\n<\/td>\n<\/tr>\n<tr>\n<td>G&uuml;nd&uuml;z\/Gece<\/td>\n<td>Otomatik (ICR) \/ Renkli \/ S \/ B<\/td>\n<\/tr>\n<tr>\n<td>BLC<\/td>\n<td>Mevcut<\/td>\n<\/tr>\n<tr>\n<td>HLC<\/td>\n<td>Mevcut<\/td>\n<\/tr>\n<tr>\n<td>WDR<\/td>\n<td>120 dB<\/td>\n<\/tr>\n<tr>\n<td>Beyaz Dengesi<\/td>\n<td>Otomatik \/ do\u011fal \/ sokak lambas\u0131 \/ a&ccedil;\u0131k \/ manuel \/ b&ouml;lgesel &ouml;zel<\/td>\n<\/tr>\n<tr>\n<td>Kazan&ccedil; Kontrol&uuml;<\/td>\n<td>Otomatik&nbsp;\/&nbsp;Manuel<\/td>\n<\/tr>\n<tr>\n<td>Parazit Azaltma<\/td>\n<td>3D DNR<\/td>\n<\/tr>\n<tr>\n<td>Hareket Alg\u0131lama<\/td>\n<td>Kapal\u0131 \/ A&ccedil;\u0131k (4 B&ouml;lge, Dikd&ouml;rtgen)<\/td>\n<\/tr>\n<tr>\n<td>ROI<\/td>\n<td>Mevcut (4 B&ouml;lge)<\/td>\n<\/tr>\n<tr>\n<td>Ak\u0131ll\u0131 IR<\/td>\n<td>Mevcut<\/td>\n<\/tr>\n<tr>\n<td>G&ouml;r&uuml;nt&uuml; D&ouml;nd&uuml;rme<\/td>\n<td>0 &deg; \/ 90 &deg; \/ 180 &deg; \/ 270 &deg; (2688 &times; 1520 &ccedil;&ouml;z&uuml;n&uuml;rl&uuml;k ve alt\u0131nda 90 &deg; \/ 270 &deg; destekler.)<\/td>\n<\/tr>\n<tr>\n<td>Mirror<\/td>\n<td>Mevcut<\/td>\n<\/tr>\n<tr>\n<td>&Ouml;zel Alan Maskelemesi<\/td>\n<td>4 Alan<\/td>\n<\/tr>\n<tr>\n<td><strong>Network<\/strong><\/td>\n<td>&nbsp;<\/td>\n<\/tr>\n<tr>\n<td>Ethernet<\/td>\n<td>RJ-45 (10\/100Base-T)<\/td>\n<\/tr>\n<tr>\n<td>Protokol<\/td>\n<td>IPv4;&nbsp;IPv6;&nbsp;HTTP;&nbsp;HTTPS;&nbsp;TCP;&nbsp;UDP;&nbsp;ARP;&nbsp;RTP;&nbsp;RTSP;&nbsp;RTCP;&nbsp;RTMP;&nbsp;SMTP;<\/p>\n<p>&nbsp;<\/p>\n<p>FTP;&nbsp;SFTP;&nbsp;DHCP;&nbsp;DNS;&nbsp;DDNS;&nbsp;QoS;&nbsp;UPnP;&nbsp;NTP;&nbsp;&Ccedil;oklu Yay\u0131n;&nbsp;ICMP;&nbsp;IGMP;&nbsp;NFS;&nbsp;PPPoE;&nbsp;802.1 x;&nbsp;Bonjour<\/p>\n<\/td>\n<\/tr>\n<tr>\n<td>ONVIF<\/td>\n<td>ONVIF(Profile S\/Profile G); CGI; P2P; Milestone; Genetec<\/td>\n<\/tr>\n<tr>\n<td>Kullan\u0131c\u0131 \/ Sunucu<\/td>\n<td>20<\/td>\n<\/tr>\n<tr>\n<td>Kenar Saklama<\/td>\n<td>Cloud; FTP; SFTP; Micro SD Kart (maksimum 256 GB deste\u011fi); NAS<\/td>\n<\/tr>\n<tr>\n<td>Taray\u0131c\u0131<\/td>\n<td>IE<\/p>\n<p>&nbsp;<\/p>\n<p>Chrome<\/p>\n<p>Firefox<\/p>\n<\/td>\n<\/tr>\n<tr>\n<td>Yaz\u0131l\u0131m Y&ouml;netimi<\/td>\n<td>Smart PSS; DSS; DMSS<\/td>\n<\/tr>\n<tr>\n<td>Ak\u0131ll\u0131 Telefon<\/td>\n<td>IOS, Android<\/td>\n<\/tr>\n<tr>\n<td><strong>Sertifikalar<\/strong><\/td>\n<td>&nbsp;<\/td>\n<\/tr>\n<tr>\n<td>Sertifikalar<\/td>\n<td>CE-LVD: EN60950-1<br \/>\n\t\t\tCE-EMC: Electromagnetic Compatibility Directive<br \/>\n\t\t\t2014\/30\/EU<br \/>\n\t\t\tFCC: 47 CFR FCC Part 15, Subpart B<br \/>\n\t\t\tUL\/CUL: UL60950-1 CAN\/CSA C22.2 No.60950-1-07<\/td>\n<\/tr>\n<tr>\n<td><strong>G&uuml;&ccedil;<\/strong><\/td>\n<td>&nbsp;<\/td>\n<\/tr>\n<tr>\n<td>G&uuml;&ccedil; Kayna\u011f\u0131<\/td>\n<td>12V DC\/PoE (802.3af)<\/td>\n<\/tr>\n<tr>\n<td>G&uuml;&ccedil; T&uuml;ketimi<\/td>\n<td>&lt; 6.1W<\/td>\n<\/tr>\n<tr>\n<td><strong>&Ccedil;evre Ko\u015fullar\u0131<\/strong><\/td>\n<td>&nbsp;<\/td>\n<\/tr>\n<tr>\n<td>&Ccedil;al\u0131\u015fma Ko\u015fullar\u0131<\/td>\n<td>-40 &deg; C ila + 60 &deg; C (-22 &deg; F ila + 140 &deg; F) \/ &le;% 95&rsquo;ten az<\/td>\n<\/tr>\n<tr>\n<td>Dayan\u0131kl\u0131l\u0131k Ko\u015fullar\u0131<\/td>\n<td>-40 &deg; C ila + 60 &deg; C (-40 &deg; F ila + 140 &deg; F)<\/td>\n<\/tr>\n<tr>\n<td>Koruma Sertifikas\u0131<\/td>\n<td>IP67, IK10<\/td>\n<\/tr>\n<tr>\n<td>Kasa<\/td>\n<td>Metal<\/td>\n<\/tr>\n<tr>\n<td>Boyutlar<\/td>\n<td>81 mm &times; &Phi;109.9 mm<\/td>\n<\/tr>\n<tr>\n<td>Net A\u011f\u0131rl\u0131k<\/td>\n<td>0.350 kg<\/td>\n<\/tr>\n<\/tbody>\n<\/table>\n","protected":false},"excerpt":{"rendered":"<p>5MP, 1 \/ 2,7 &rdquo;CMOS g&ouml;r&uuml;nt&uuml; sens&ouml;r&uuml;, H.265 kodek, Dahili IR LED, maksimum IR mesafesi: 30 m ROI, SMART H.264 \/ H.265, esnek kodlama, &ccedil;e\u015fitli bant geni\u015fli\u011fi ve depolama ortamlar\u0131na uygulanabilir &Ccedil;e\u015fitli izleme sahnelerine uygulanabilen d&ouml;nd&uuml;rme modu, WDR, 3D DNR, HLC, BLC, dijital filigran ekleme IP67,IK10 korumas\u0131 &nbsp; &nbsp; Model Dahua IPC-HDBW2531E-S-0280B-S2 Teknik &Ouml;zellikleri Kamera [&#8230;]\n","protected":false},"featured_media":1151,"comment_status":"closed","ping_status":"closed","template":"","meta":[],"_links":{"self":[{"href":"https:\/\/nilbilisim.com.tr\/magaza\/wp-json\/wp\/v2\/product\/1150"}],"collection":[{"href":"https:\/\/nilbilisim.com.tr\/magaza\/wp-json\/wp\/v2\/product"}],"about":[{"href":"https:\/\/nilbilisim.com.tr\/magaza\/wp-json\/wp\/v2\/types\/product"}],"replies":[{"embeddable":true,"href":"https:\/\/nilbilisim.com.tr\/magaza\/wp-json\/wp\/v2\/comments?post=1150"}],"wp:featuredmedia":[{"embeddable":true,"href":"https:\/\/nilbilisim.com.tr\/magaza\/wp-json\/wp\/v2\/media\/1151"}],"wp:attachment":[{"href":"https:\/\/nilbilisim.com.tr\/magaza\/wp-json\/wp\/v2\/media?parent=1150"}],"curies":[{"name":"wp","href":"https:\/\/api.w.org\/{rel}","templated":true}]}}