{"id":1154,"date":"2021-02-06T11:06:59","date_gmt":"2021-02-06T08:06:59","guid":{"rendered":"https:\/\/nilbilisim.com.tr\/magaza\/urun\/hikvision-ds-2cd1043g0e-if-4-mp-network-bullet-kamera\/"},"modified":"2024-07-01T01:40:34","modified_gmt":"2024-06-30T22:40:34","slug":"hikvision-ds-2cd1043g0e-if-4-mp-network-bullet-kamera","status":"publish","type":"product","link":"https:\/\/nilbilisim.com.tr\/magaza\/urun\/hikvision-ds-2cd1043g0e-if-4-mp-network-bullet-kamera\/","title":{"rendered":"HIKVISION DS-2CD1043G0E-IF 4 MP Network Bullet Kamera"},"content":{"rendered":"<p>&nbsp;<\/p>\n<table border=\"0\" cellpadding=\"0\" cellspacing=\"0\" width=\"100%\">\n<tbody>\n<tr>\n<td>\n<table border=\"0\" cellpadding=\"0\" cellspacing=\"0\" width=\"100%\">\n<tbody>\n<tr>\n<td>&Uuml;r&uuml;n Detay<\/td>\n<td valign=\"top\" width=\"10\">&nbsp;<\/td>\n<\/tr>\n<\/tbody>\n<\/table>\n<\/td>\n<\/tr>\n<tr>\n<td>\n<table>\n<tbody>\n<tr>\n<th colspan=\"3\">Kamera<\/th>\n<\/tr>\n<tr>\n<td>G&ouml;r&uuml;nt&uuml; sens&ouml;r&uuml;:<\/td>\n<td>1\/3 &quot;A\u015famal\u0131 Tarama CMOS<\/td>\n<\/tr>\n<tr>\n<td>Min.&nbsp;&nbsp;Ayd\u0131nlatma:<\/td>\n<td>Renk: 0.01 Lux @ (F1.2, AGC ON), 0.028 Lux @ (F2.0, AGC ON)<\/td>\n<\/tr>\n<tr>\n<td>Enstantane s&uuml;resi:<\/td>\n<td>1\/3 sn &#8211; 1\/100, 000 sn<\/td>\n<\/tr>\n<tr>\n<td>Yava\u015f deklan\u015f&ouml;r:<\/td>\n<td>Evet<\/td>\n<\/tr>\n<tr>\n<td>Lens:<\/td>\n<td>2,8 mm, 4 mm, 6 mm<br \/>\n\t\t\t\t\t\t2,8 mm, yatay FOV 100 &deg;, dikey FOV 55 &deg;, diyagonal FOV 117 &deg;<br \/>\n\t\t\t\t\t\t4 mm, yatay FOV 77 &deg;, dikey FOV 42 &deg;, diyagonal FOV 88 &deg;<br \/>\n\t\t\t\t\t\t6 mm, yatay FOV 51 &deg;, dikey FOV 28 &deg;, diyagonal FOV 58 &deg;<\/td>\n<\/tr>\n<tr>\n<td>Lens Yuvas\u0131:<\/td>\n<td>M12<\/td>\n<\/tr>\n<tr>\n<td>Ayar aral\u0131\u011f\u0131:<\/td>\n<td>Yatay kayd\u0131rma: 0 &deg; ila 360 &deg;, e\u011fim: 0 &deg; ila 180 &deg;, d&ouml;n&uuml;\u015f: 0 &deg; ila 360 &deg;<\/td>\n<\/tr>\n<tr>\n<td>G&uuml;nd&uuml;z gece:<\/td>\n<td>IR Kesme Filtresi<\/td>\n<\/tr>\n<tr>\n<td>Geni\u015f dinamik alan:<\/td>\n<td>120 dB<\/td>\n<\/tr>\n<tr>\n<td>Dijital g&uuml;r&uuml;lt&uuml; azaltma:<\/td>\n<td>3D DNR<\/td>\n<\/tr>\n<\/tbody>\n<\/table>\n<table>\n<tbody>\n<tr>\n<th colspan=\"3\">S\u0131k\u0131\u015ft\u0131rma Standard\u0131<\/th>\n<\/tr>\n<tr>\n<td>H.265 T&uuml;r&uuml;:<\/td>\n<td>Ana Profil<\/td>\n<\/tr>\n<tr>\n<td>Video s\u0131k\u0131\u015ft\u0131rma:<\/td>\n<td>H.265 \/ H.264 \/ MJPEG<\/td>\n<\/tr>\n<tr>\n<td>H.264 kod profili:<\/td>\n<td>Temel Profil \/ Ana Profil \/ Y&uuml;ksek Profil<\/td>\n<\/tr>\n<tr>\n<td>Video bit h\u0131z\u0131:<\/td>\n<td>32Kbps ~ 8Mbps<\/td>\n<\/tr>\n<\/tbody>\n<\/table>\n<table>\n<tbody>\n<tr>\n<th colspan=\"3\">g&ouml;r&uuml;nt&uuml;<\/th>\n<\/tr>\n<tr>\n<td>Maks.&nbsp;&nbsp;G&ouml;r&uuml;nt&uuml; &ccedil;&ouml;z&uuml;n&uuml;rl&uuml;\u011f&uuml;:<\/td>\n<td>2560 &times; 1440<\/td>\n<\/tr>\n<tr>\n<td>Kare h\u0131z\u0131:<\/td>\n<td>50Hz: 20fps (2560 &times; 1440), 25fps (2304 &times; 1296, 1920 &times; 1080, 1280 &times; 720)<br \/>\n\t\t\t\t\t\t60Hz: 20fps (2560 &times; 1440), 30fps (2304 &times; 1296, 1920 &times; 1080, 1280 &times; 720)<\/td>\n<\/tr>\n<tr>\n<td>Alt Ak\u0131\u015f:<\/td>\n<td>50Hz: 25 fps (640 &times; 480, 640 &times; 360, 320 &times; 240)<br \/>\n\t\t\t\t\t\t60Hz: 30fps (640 &times; 480, 640 &times; 360, 320 &times; 240)<\/td>\n<\/tr>\n<tr>\n<td>G&ouml;r&uuml;nt&uuml; Geli\u015ftirme:<\/td>\n<td>BLC, 3D DNR<\/td>\n<\/tr>\n<tr>\n<td>G&ouml;r&uuml;nt&uuml; Ayarlar\u0131:<\/td>\n<td>Doygunluk, parlakl\u0131k, kontrast, keskinlik, AGC, istemci yaz\u0131l\u0131m\u0131 veya web taray\u0131c\u0131s\u0131 ile ayarlanabilen beyaz dengesi<\/td>\n<\/tr>\n<tr>\n<td>KING:<\/td>\n<td>Ana ak\u0131\u015f ve alt ak\u0131\u015f i&ccedil;in 1 sabit b&ouml;lge<\/td>\n<\/tr>\n<tr>\n<td>G&uuml;nd&uuml;z \/ Gece Anahtar\u0131:<\/td>\n<td>Otomatik, planlanm\u0131\u015f<\/td>\n<\/tr>\n<\/tbody>\n<\/table>\n<table>\n<tbody>\n<tr>\n<th colspan=\"3\">A\u011f<\/th>\n<\/tr>\n<tr>\n<td>Genel \u0130\u015flev:<\/td>\n<td>Titre\u015fim &ouml;nleyici, kalp at\u0131\u015f\u0131, ayna, \u015fifre korumas\u0131, gizlilik maskesi, filigran, IP adres filtresi<\/td>\n<\/tr>\n<tr>\n<td>A\u011f Depolama:<\/td>\n<td>NAS (NFS, SMB \/ CIFS deste\u011fi)<\/td>\n<\/tr>\n<tr>\n<td>Alarm Tetikleyici:<\/td>\n<td>Hareket alg\u0131lama, video kurcalama alarm\u0131, yasad\u0131\u015f\u0131 giri\u015f<\/td>\n<\/tr>\n<tr>\n<td>Protokoller:<\/td>\n<td>TCP \/ IP, ICMP, HTTP, HTTPS, FTP, DHCP, DNS, DDNS, RTP, RTSP, RTCP, PPPoE, NTP, UPnP, SMTP, SNMP, IGMP, 802.1X, QoS, IPv6 UDP, Bonjour<\/td>\n<\/tr>\n<tr>\n<td>Sistem Uyumlulu\u011fu:<\/td>\n<td>ONVIF (Profil S, Profil G), ISAPI<\/td>\n<\/tr>\n<\/tbody>\n<\/table>\n<table>\n<tbody>\n<tr>\n<th colspan=\"3\">Aray&uuml;z<\/th>\n<\/tr>\n<tr>\n<td>\u0130leti\u015fim aray&uuml;z&uuml;:<\/td>\n<td>1 RJ45 10M \/ 100M kendinden uyarlamal\u0131 Ethernet ba\u011flant\u0131 noktas\u0131<\/td>\n<\/tr>\n<\/tbody>\n<\/table>\n<table>\n<tbody>\n<tr>\n<th colspan=\"3\">Genel<\/th>\n<\/tr>\n<tr>\n<td>&Ccedil;al\u0131\u015fma durumu:<\/td>\n<td>-30 &deg; C ila 50 &deg; C (nem: -22 &deg; F ila 122 &deg; F), nem:% 95 veya daha az (yo\u011fu\u015fmas\u0131z)<\/td>\n<\/tr>\n<tr>\n<td>G&uuml;&ccedil; kayna\u011f\u0131:<\/td>\n<td>12 VDC &plusmn;% 25, ??PoE (802.3af S\u0131n\u0131f3)<\/td>\n<\/tr>\n<tr>\n<td>G&uuml;&ccedil; t&uuml;ketimi:<\/td>\n<td>12 VDC, 0,4 A, Maks: 5 W<br \/>\n\t\t\t\t\t\tPoE: (802,3af, 36 V &#8211; 57 V), 0,2 A &#8211; 0,13 A, Maks: 7 W<\/td>\n<\/tr>\n<tr>\n<td>Hava Kan\u0131t\u0131:<\/td>\n<td>IP67<\/td>\n<\/tr>\n<tr>\n<td>IR Aral\u0131\u011f\u0131:<\/td>\n<td>30 metreye kadar<\/td>\n<\/tr>\n<tr>\n<td>Boyutlar:<\/td>\n<td>Kamera: &Oslash; 70 mm &times; 172,7 mm (2,7 &quot;&times; 6,8&quot;) Paketli<br \/>\n\t\t\t\t\t\t: 216 mm &times; 121 mm &times; 118 mm (8,5 &quot;&times; 4,8&quot; &times; 4,6 &quot;)<\/td>\n<\/tr>\n<tr>\n<td>A\u011f\u0131rl\u0131k:<\/td>\n<td>Kamera: yakl.&nbsp;&nbsp;280 g (0,62 lb.) Paketli<br \/>\n\t\t\t\t\t\t: yakla\u015f\u0131k: 530 g (1,17 lb.)<\/td>\n<\/tr>\n<\/tbody>\n<\/table>\n<\/td>\n<\/tr>\n<\/tbody>\n<\/table>\n","protected":false},"excerpt":{"rendered":"<p>&nbsp; &Uuml;r&uuml;n Detay &nbsp; Kamera G&ouml;r&uuml;nt&uuml; sens&ouml;r&uuml;: 1\/3 &quot;A\u015famal\u0131 Tarama CMOS Min.&nbsp;&nbsp;Ayd\u0131nlatma: Renk: 0.01 Lux @ (F1.2, AGC ON), 0.028 Lux @ (F2.0, AGC ON) Enstantane s&uuml;resi: 1\/3 sn &#8211; 1\/100, 000 sn Yava\u015f deklan\u015f&ouml;r: Evet Lens: 2,8 mm, 4 mm, 6 mm 2,8 mm, yatay FOV 100 &deg;, dikey FOV 55 &deg;, diyagonal FOV [&#8230;]\n","protected":false},"featured_media":1155,"comment_status":"closed","ping_status":"closed","template":"","meta":[],"_links":{"self":[{"href":"https:\/\/nilbilisim.com.tr\/magaza\/wp-json\/wp\/v2\/product\/1154"}],"collection":[{"href":"https:\/\/nilbilisim.com.tr\/magaza\/wp-json\/wp\/v2\/product"}],"about":[{"href":"https:\/\/nilbilisim.com.tr\/magaza\/wp-json\/wp\/v2\/types\/product"}],"replies":[{"embeddable":true,"href":"https:\/\/nilbilisim.com.tr\/magaza\/wp-json\/wp\/v2\/comments?post=1154"}],"wp:featuredmedia":[{"embeddable":true,"href":"https:\/\/nilbilisim.com.tr\/magaza\/wp-json\/wp\/v2\/media\/1155"}],"wp:attachment":[{"href":"https:\/\/nilbilisim.com.tr\/magaza\/wp-json\/wp\/v2\/media?parent=1154"}],"curies":[{"name":"wp","href":"https:\/\/api.w.org\/{rel}","templated":true}]}}