{"id":1156,"date":"2021-02-06T11:07:05","date_gmt":"2021-02-06T08:07:05","guid":{"rendered":"https:\/\/nilbilisim.com.tr\/magaza\/urun\/hikvision-ds-2de4425iw-de-4mp-speed-dome-ptz-ip-kamera\/"},"modified":"2024-07-01T01:40:34","modified_gmt":"2024-06-30T22:40:34","slug":"hikvision-ds-2de4425iw-de-4mp-speed-dome-ptz-ip-kamera","status":"publish","type":"product","link":"https:\/\/nilbilisim.com.tr\/magaza\/urun\/hikvision-ds-2de4425iw-de-4mp-speed-dome-ptz-ip-kamera\/","title":{"rendered":"HIKVISION DS-2DE4425IW-DE 4MP Speed Dome PTZ IP Kamera"},"content":{"rendered":"<h1>DarkFighter IR Network Speed \u200b\u200bDome ile G&uuml;&ccedil;lendirilen 4 in&ccedil; 4 MP 25X<\/h1>\n<ul>\n<li>4 MP &ccedil;&ouml;z&uuml;n&uuml;rl&uuml;kl&uuml; y&uuml;ksek kaliteli g&ouml;r&uuml;nt&uuml;leme<\/li>\n<li>DarkFighter teknolojisiyle g&uuml;&ccedil;lendirilmi\u015f m&uuml;kemmel d&uuml;\u015f&uuml;k \u0131\u015f\u0131k performans\u0131<\/li>\n<li>120 dB WDR teknolojisi sayesinde g&uuml;&ccedil;l&uuml; arka ayd\u0131nlatmaya kar\u015f\u0131 net g&ouml;r&uuml;nt&uuml;leme<\/li>\n<li>Kayd\u0131rma ve e\u011fme yetene\u011fi, kameran\u0131n ilgi alanlar\u0131n\u0131 izlemesini sa\u011flar<\/li>\n<li>25x optik yak\u0131nla\u015ft\u0131rma, geni\u015f alanlarda konular\u0131n daha yak\u0131ndan g&ouml;r&uuml;nt&uuml;lenmesini sa\u011flar<\/li>\n<li>100 m&#39;ye kadar IR aral\u0131\u011f\u0131 geceleri g&uuml;venli\u011fi sa\u011flar<\/li>\n<li>Suya ve toza dayan\u0131kl\u0131 (IP66)<\/li>\n<\/ul>\n<p><strong>Lens<\/strong><\/p>\n<ul>\n<li><strong>FOV<\/strong>Yatay g&ouml;r&uuml;\u015f alan\u0131: 59,5 &deg; &#8211; 2,6 &deg; (Geni\u015f-Tele), Dikey g&ouml;r&uuml;\u015f alan\u0131: 35,7 &deg; &#8211; 1,5 &deg; (Geni\u015f-Tele), &Ccedil;apraz g&ouml;r&uuml;\u015f alan\u0131: 66,6 &#8211; 3,0 &deg; (Geni\u015f-Tele)<\/li>\n<li><strong>Yak\u0131nla\u015ft\u0131rma H\u0131z\u0131<\/strong>Yakla\u015f\u0131k.&nbsp;3,6 s (optik lens, geni\u015f tel)<\/li>\n<li><strong>&Ccedil;al\u0131\u015fma Mesafesi<\/strong>10 mm &#8211; 1500 mm (geni\u015f tel)<\/li>\n<li><strong>Diyafram Aral\u0131\u011f\u0131<\/strong>F1.6 &#8211; F3.5<\/li>\n<li><strong>Odak Uzakl\u0131\u011f\u0131<\/strong>4,8 mm &#8211; 120 mm, 25 &times; optik yak\u0131nla\u015ft\u0131rma<\/li>\n<\/ul>\n<p><strong>Resim<\/strong><\/p>\n<ul>\n<li><strong>G&ouml;r&uuml;nt&uuml; Geli\u015ftirme<\/strong>HLC \/ BLC \/ 3D DNR \/ Defog \/ EIS \/ B&ouml;lgesel Maruziyet \/ B&ouml;lgesel Odak<\/li>\n<li><strong>Alt Ak\u0131\u015f<\/strong>50Hz: 25fps (704 &times; 576, 640 &times; 480, 352 &times; 288), 60Hz: 30fps (704 &times; 480, 640 &times; 480, 352 &times; 240)<\/li>\n<li><strong>Maks. Alan Say\u0131s\u0131&nbsp;&Ccedil;&ouml;z&uuml;m<\/strong>2560 &times; 1440<\/li>\n<li><strong>Ana Ak\u0131\u015f<\/strong>50Hz: 25fps (2560 &times; 1440, 2048 &times; 1536, 1920 &times; 1080, 1280 &times; 960, 1280 &times; 720), 50fps (1920 &times; 1080, 1280 &times; 960, 1280 &times; 720), 60Hz: 30fps (2560 &times; 1440, 2048 &times; 1536, 1920 &times; 1080, 1280 &times; 960, 1280 &times; 720), 60fps (1920 &times; 1080, 1280 &times; 960, 1280 &times; 720)<\/li>\n<li><strong>&Uuml;&ccedil;&uuml;nc&uuml; Ak\u0131\u015f<\/strong>50Hz: 25fps (1920 &times; 1080, 1280 &times; 960, 1280 &times; 720, 704 &times; 576, 640 &times; 480, 352 &times; 288), 60Hz: 30fps (1920 &times; 1080, 1280 &times; 960, 1280 &times; 720, 704 &times; 480, 640 &times; 480, 352 &times; 240)<\/li>\n<\/ul>\n<p><strong>A\u011f<\/strong><\/p>\n<ul>\n<li><strong>A\u011f Depolama<\/strong>Dahili haf\u0131za kart\u0131 yuvas\u0131, 256 GB&#39;a kadar Micro SD \/ SDHC \/ SDXC deste\u011fi;&nbsp;NAS (NPS, SMB \/ CIPS), ANR<\/li>\n<li><strong>Protokoller<\/strong>IPv4 \/ IPv6, HTTP, HTTPS, 802.1x, Qos, FTP, SMTP, UPnP, SNMP, DNS, DDNS, NTP, RTSP, RTCP, RTP, TCP \/ IP, UDP, IGMP, ICMP, DHCP, PPPoE, Bonjour<\/li>\n<li><strong>API<\/strong>A&ccedil;\u0131k u&ccedil;lu, ONVIF, ISAPI ve CGI deste\u011fi, HIKVISION SDK ve &Uuml;&ccedil;&uuml;nc&uuml; Taraf Y&ouml;netim Platformunu destekler<\/li>\n<li><strong>E\u015fzamanl\u0131 Canl\u0131 G&ouml;r&uuml;nt&uuml;<\/strong>20 kanala kadar<\/li>\n<li><strong>Kullan\u0131c\u0131 \/ Bar\u0131nd\u0131r\u0131c\u0131<\/strong>32 kullan\u0131c\u0131ya kadar, 3 seviye: Y&ouml;netici, Operat&ouml;r ve Kullan\u0131c\u0131<\/li>\n<li><strong>M&uuml;\u015fteri<\/strong>iVMS-4200, iVMS-4500, iVMS-5200, Hik-Connect<\/li>\n<li><strong>\u0130nternet Taray\u0131c\u0131s\u0131<\/strong>IE 8-11, Chrome 31.0 &#8211; 44, Firefox 30.0 &#8211; 51<\/li>\n<li><strong>G&uuml;venlik &Ouml;nlemleri<\/strong>Kullan\u0131c\u0131 kimlik do\u011frulamas\u0131 (Kimlik ve PW), Ana bilgisayar kimlik do\u011frulamas\u0131 (MAC adresi);&nbsp;HTTPS \u015fifreleme;&nbsp;IEEE 802.1x ba\u011flant\u0131 noktas\u0131 tabanl\u0131 a\u011f eri\u015fim denetimi;&nbsp;IP adresi filtreleme<\/li>\n<\/ul>\n<p><strong>Aray&uuml;z<\/strong><\/p>\n<ul>\n<li><strong>Ses Giri\u015fi<\/strong>1 kanall\u0131 ses giri\u015fi<\/li>\n<li><strong>Ses &Ccedil;\u0131k\u0131\u015f\u0131<\/strong>1 kanal ses &ccedil;\u0131k\u0131\u015f\u0131<\/li>\n<li><strong>A\u011f Aray&uuml;z&uuml;<\/strong>1 RJ45 10 M \/ 100 M Ethernet, PoE + (802.3 at, s\u0131n\u0131f4)<\/li>\n<\/ul>\n<p><strong>S\u0131k\u0131\u015ft\u0131rma Standard\u0131<\/strong><\/p>\n<ul>\n<li><strong>H.264 +<\/strong>Destek<\/li>\n<li><strong>H.265 +<\/strong>Destek<\/li>\n<li><strong>H.264 T&uuml;r&uuml;<\/strong>Temel Profil \/ Ana Profil \/ Y&uuml;ksek Profil<\/li>\n<li><strong>Video S\u0131k\u0131\u015ft\u0131rma<\/strong>Ana Ak\u0131\u015f: H.265 + \/ H.265 \/ H.264 + \/ H.264, Alt ak\u0131\u015f: H.265 \/ H.264 \/ MJPEG, &Uuml;&ccedil;&uuml;nc&uuml; Ak\u0131\u015f: H.265 \/ H.264 \/ MJPEG<\/li>\n<li><strong>H.265 T&uuml;r&uuml;<\/strong>Temel Profil \/ Ana Profil \/ Y&uuml;ksek Profil<\/li>\n<li><strong>Video Bit H\u0131z\u0131<\/strong>32 Kbps &#8211; 16384 Kbps<\/li>\n<li><strong>Ses S\u0131k\u0131\u015ft\u0131rma<\/strong>G.711alaw \/ G.711ulaw \/ G.722.1 \/ G.726 \/ MP2L2 \/ PCM<\/li>\n<li><strong>Ses Bit H\u0131z\u0131<\/strong>G.711alaw \/ G.711ulaw: 64 Kbps, G.722.1 \/ G.726: 16 Kbps, MP212 \/ PCM: 32 Kbps \/ 64 Kbps \/ 128 Kbps<\/li>\n<li><strong>SVC<\/strong>Destek<\/li>\n<\/ul>\n<p><strong>Kamera Mod&uuml;l&uuml;<\/strong><\/p>\n<ul>\n<li><strong>G&ouml;r&uuml;nt&uuml; Sens&ouml;r&uuml;<\/strong>1 \/ 2,5 &quot;a\u015famal\u0131 tarama CMOS<\/li>\n<li><strong>Min.&nbsp;Ayd\u0131nlatma<\/strong>Renk: 0.005 Lux @ (F1.6, AGC ON), S \/ B: 0.001Lux @ (F1.6, AGC ON), IR ile 0 Lux<\/li>\n<li><strong>Beyaz Dengesi<\/strong>Otomatik \/ Manuel \/ ATW (Otomatik \u0130zleme Beyaz Dengesi) \/ \u0130&ccedil; Mekan \/ D\u0131\u015f Mekan \/ Floresan Lamba \/ Sodyum Lamba<\/li>\n<li><strong>Kazan&ccedil;<\/strong>Otomatik \/ Manuel<\/li>\n<li><strong>Deklan\u015f&ouml;r S&uuml;resi<\/strong>50 Hz: 1\/1 sn &#8211; 1 \/ 30.000 sn, 60 Hz: 1\/1 sn &#8211; 1 \/ 30.000 sn<\/li>\n<li><strong>G&uuml;nd&uuml;z Gece<\/strong>IR Kesme Filtresi<\/li>\n<li><strong>Dijital Yak\u0131nla\u015ft\u0131rma<\/strong>16 &times;<\/li>\n<li><strong>Gizlilik Maskesi<\/strong>24 programlanabilir gizlilik maskesi<\/li>\n<li><strong>Odak Modu<\/strong>Otomatik \/ Yar\u0131 otomatik \/ Manuel<\/li>\n<li><strong>WDR<\/strong>120 dB WDR (tam kare h\u0131z\u0131 taraf\u0131ndan desteklenmez)<\/li>\n<\/ul>\n<p><strong>Ek I\u015f\u0131k<\/strong><\/p>\n<ul>\n<li><strong>IR Mesafesi<\/strong>100 m<\/li>\n<li><strong>Ak\u0131ll\u0131 IR<\/strong>Destek<\/li>\n<\/ul>\n<p><strong>PTZ<\/strong><\/p>\n<ul>\n<li><strong>Hareket Aral\u0131\u011f\u0131 (Pan)<\/strong>360 &deg; sonsuz<\/li>\n<li><strong>Pan H\u0131z\u0131<\/strong>0,1 &deg; \/ sn&#39;den 80 &deg; \/ sn&#39;ye yap\u0131land\u0131r\u0131labilir, &Ouml;nceden ayarlanm\u0131\u015f h\u0131z: 80 &deg; \/ sn<\/li>\n<li><strong>Hareket Aral\u0131\u011f\u0131 (E\u011fim)<\/strong>-15 &deg; ila 90 &deg; (otomatik &ccedil;evirme)<\/li>\n<li><strong>E\u011fim H\u0131z\u0131<\/strong>0,1 &deg; \/ sn ile 80 &deg; \/ sn aras\u0131nda yap\u0131land\u0131r\u0131labilir, &Ouml;nceden Ayarlanm\u0131\u015f H\u0131z: 80 &deg; \/ sn<\/li>\n<li><strong>Orant\u0131l\u0131 Yak\u0131nla\u015ft\u0131rma<\/strong>Destek<\/li>\n<li><strong>&Ouml;n Ayarlar<\/strong>300<\/li>\n<li><strong>Devriye Taramas\u0131<\/strong>Her devriye i&ccedil;in 32 &ouml;n ayarl\u0131 8 devriye<\/li>\n<li><strong>Desen Taramas\u0131<\/strong>4 desen taramas\u0131, her tarama i&ccedil;in 10 dakikadan fazla kay\u0131t s&uuml;resi<\/li>\n<li><strong>Kapatma Belle\u011fi<\/strong>Destek<\/li>\n<li><strong>Park Eylemi<\/strong>&Ouml;n Ayar \/ Desen Tarama \/ Devriye Tarama \/ Otomatik Tarama \/ E\u011fimli Tarama \/ Rasgele Tarama \/ &Ccedil;er&ccedil;eve Tarama \/ Panorama Taramas\u0131<\/li>\n<li><strong>3D Konumland\u0131rma<\/strong>Destek<\/li>\n<li><strong>PTZ Durum Ekran\u0131<\/strong>Destek<\/li>\n<li><strong>&Ouml;n Ayarl\u0131 Dondurma<\/strong>Destek<\/li>\n<li><strong>Planli Gorev<\/strong>&Ouml;n Ayar \/ Desen Tarama \/ Devriye Taramas\u0131 \/ Otomatik Tarama \/ E\u011fimli Tarama \/ Rasgele Tarama \/ &Ccedil;er&ccedil;eve Taramas\u0131 \/ Panorama Taramas\u0131 \/ Kubbe Yeniden Ba\u015flatma \/ Kubbe Ayar\u0131 \/ Aux &Ccedil;\u0131k\u0131\u015f\u0131<\/li>\n<\/ul>\n<p><strong>Ak\u0131ll\u0131 &Ouml;zellikler<\/strong><\/p>\n<ul>\n<li><strong>Temel Olay Alg\u0131lama<\/strong>Hareket Alg\u0131lama, Video Kurcalama Alg\u0131lama, \u0130stisna<\/li>\n<li><strong>Ak\u0131ll\u0131 Alg\u0131lama<\/strong>\u0130zinsiz Giri\u015f Alg\u0131lama, Hat Ge&ccedil;i\u015fi Alg\u0131lama, B&ouml;lge Giri\u015f Alg\u0131lama, B&ouml;lge &Ccedil;\u0131k\u0131\u015f Alg\u0131lama, Nesne Kald\u0131rma Alg\u0131lama, G&ouml;zetimsiz Bagaj Alg\u0131lama, Ses \u0130stisnas\u0131 Alg\u0131lama<\/li>\n<li><strong>Ak\u0131ll\u0131 Kay\u0131t<\/strong>ANR (Otomatik A\u011f Yenileme), &Ccedil;ift VCA<\/li>\n<li><strong>YG<\/strong>Ana ak\u0131\u015f, alt ak\u0131\u015f ve &uuml;&ccedil;&uuml;nc&uuml; ak\u0131\u015f s\u0131ras\u0131yla d&ouml;rt sabit alan\u0131 destekler.<\/li>\n<\/ul>\n<p><strong>Genel<\/strong><\/p>\n<ul>\n<li><strong>Malzeme<\/strong>ADC 12, PC +% 10 GF<\/li>\n<li><strong>Boyutlar<\/strong>&Phi; 164,5 mm &times; 290 mm (&Phi; 6,48 &quot;&times; 11,42&quot;)<\/li>\n<li><strong>A\u011f\u0131rl\u0131k<\/strong>Yakla\u015f\u0131k.&nbsp;2 kg (4,41 lb)<\/li>\n<li><strong>Koruma Seviyesi<\/strong>IP66 Standard\u0131, TVS 4000V Y\u0131ld\u0131r\u0131m Korumas\u0131, A\u015f\u0131r\u0131 Gerilim Korumas\u0131 ve Gerilim Ge&ccedil;ici Korumas\u0131<\/li>\n<li><strong>G&uuml;&ccedil;<\/strong>12 VDC, 2,0 A ve PoE (802,3 at), 42,5 &#8211; 57 VDC, 0,6 A, s\u0131n\u0131f 4 Maks .: 18 W, maks.&nbsp;IR i&ccedil;in 7W<\/li>\n<li><strong>&Ccedil;al\u0131\u015fma S\u0131cakl\u0131\u011f\u0131<\/strong>-30 &deg; C ile 65 &deg; C (-22 &deg; F ile 149 &deg; F)<\/li>\n<li><strong>&Ccedil;al\u0131\u015fma Nemi<\/strong>&le;% 90<\/li>\n<\/ul>\n","protected":false},"excerpt":{"rendered":"<p>DarkFighter IR Network Speed \u200b\u200bDome ile G&uuml;&ccedil;lendirilen 4 in&ccedil; 4 MP 25X 4 MP &ccedil;&ouml;z&uuml;n&uuml;rl&uuml;kl&uuml; y&uuml;ksek kaliteli g&ouml;r&uuml;nt&uuml;leme DarkFighter teknolojisiyle g&uuml;&ccedil;lendirilmi\u015f m&uuml;kemmel d&uuml;\u015f&uuml;k \u0131\u015f\u0131k performans\u0131 120 dB WDR teknolojisi sayesinde g&uuml;&ccedil;l&uuml; arka ayd\u0131nlatmaya kar\u015f\u0131 net g&ouml;r&uuml;nt&uuml;leme Kayd\u0131rma ve e\u011fme yetene\u011fi, kameran\u0131n ilgi alanlar\u0131n\u0131 izlemesini sa\u011flar 25x optik yak\u0131nla\u015ft\u0131rma, geni\u015f alanlarda konular\u0131n daha yak\u0131ndan g&ouml;r&uuml;nt&uuml;lenmesini sa\u011flar [&#8230;]\n","protected":false},"featured_media":1157,"comment_status":"closed","ping_status":"closed","template":"","meta":[],"_links":{"self":[{"href":"https:\/\/nilbilisim.com.tr\/magaza\/wp-json\/wp\/v2\/product\/1156"}],"collection":[{"href":"https:\/\/nilbilisim.com.tr\/magaza\/wp-json\/wp\/v2\/product"}],"about":[{"href":"https:\/\/nilbilisim.com.tr\/magaza\/wp-json\/wp\/v2\/types\/product"}],"replies":[{"embeddable":true,"href":"https:\/\/nilbilisim.com.tr\/magaza\/wp-json\/wp\/v2\/comments?post=1156"}],"wp:featuredmedia":[{"embeddable":true,"href":"https:\/\/nilbilisim.com.tr\/magaza\/wp-json\/wp\/v2\/media\/1157"}],"wp:attachment":[{"href":"https:\/\/nilbilisim.com.tr\/magaza\/wp-json\/wp\/v2\/media?parent=1156"}],"curies":[{"name":"wp","href":"https:\/\/api.w.org\/{rel}","templated":true}]}}