{"id":1161,"date":"2021-02-10T10:34:39","date_gmt":"2021-02-10T07:34:39","guid":{"rendered":"https:\/\/nilbilisim.com.tr\/magaza\/urun\/hikvision-ds-2ce71d8t-pirl-2mp-gece-grl-dome-kamera\/"},"modified":"2024-07-01T01:40:33","modified_gmt":"2024-06-30T22:40:33","slug":"hikvision-ds-2ce71d8t-pirl-2mp-gece-grl-dome-kamera","status":"publish","type":"product","link":"https:\/\/nilbilisim.com.tr\/magaza\/urun\/hikvision-ds-2ce71d8t-pirl-2mp-gece-grl-dome-kamera\/","title":{"rendered":"HIKVISION DS-2CE71D8T-PIRL 2MP Gece G\u00f6r\u00fc\u015fl\u00fc Dome Kamera"},"content":{"rendered":"<ul>\n<li>Kamera<\/li>\n<li>G&ouml;r&uuml;nt&uuml; Sens&ouml;r&uuml;2 MP CMOS<\/li>\n<li>Maks. Alan Say\u0131s\u0131&nbsp;&Ccedil;&ouml;z&uuml;m1920 (Yatay) &times; 1080 (Dikey)<\/li>\n<li>Min.&nbsp;Ayd\u0131nlatma0.003 Lux @ (F1.2, AGC ON), IR ile 0 Lux<\/li>\n<li>Deklan\u015f&ouml;r S&uuml;resiPAL: 1\/25 sn &#8211; 1\/50, 000 sn, NTSC: 1\/30 sn &#8211; 1\/50, 000 sn<\/li>\n<li>G&uuml;nd&uuml;z GeceICR<\/li>\n<li>A&ccedil;\u0131 Ayar\u0131Pan: 0 &deg; &#8211; 360 &deg;, E\u011fim: 0 &deg; &#8211; 75 &deg;, D&ouml;nd&uuml;r: 0 &deg; &#8211; 360 &deg;<\/li>\n<li>Sinyal SistemiPAL \/ NTSC<\/li>\n<li>Yava\u015f Deklan\u015f&ouml;rMaks. Alan say\u0131s\u0131&nbsp;16 kez<\/li>\n<li>I\u015f\u0131k Alarm\u0131Evet<\/li>\n<\/ul>\n<ul>\n<li>Lens<\/li>\n<li>Lens Tipi2,8 mm, 3,6 mm sabit lens<\/li>\n<li>Odak Uzakl\u0131\u011f\u0131 Ve FOV103,5 &deg; (2,8 mm), 82,6 &deg; (3,6 mm)<\/li>\n<li>Lens Yuvas\u0131M12<\/li>\n<\/ul>\n<ul>\n<li>Resim<\/li>\n<li>G&ouml;r&uuml;nt&uuml; Parametreleri Anahtar\u0131STD \/ Y&Uuml;KSEK UYDU<\/li>\n<li>G&ouml;r&uuml;nt&uuml; Ayarlar\u0131Parlakl\u0131k, Keskinlik, Ayna, Ak\u0131ll\u0131 IR<\/li>\n<li>Kare H\u0131z\u0131PAL: 1080p @ 25fps, NTSC: 1080p @ 30fps<\/li>\n<li>G&uuml;nd&uuml;z \/ Gece ModuOtomatik \/ Renkli \/ Siyah Beyaz (Siyah Beyaz)<\/li>\n<li>Geni\u015f Dinamik Aral\u0131k (WDR)&ge;130 dB<\/li>\n<li>G&ouml;r&uuml;nt&uuml; Geli\u015ftirmeWDR \/ BLC \/ HLC \/ K&uuml;resel<\/li>\n<li>Gizlilik Maskesi4 programlanabilir gizlilik maskesi<\/li>\n<li>G&uuml;r&uuml;lt&uuml; Azaltma3D DNR<\/li>\n<li>Beyaz DengesiOtomatik \/ Manuel<\/li>\n<li>Beyaz I\u015f\u0131kOtomatik kapal\u0131<\/li>\n<li>AGCEvet<\/li>\n<\/ul>\n<ul>\n<li>Ek Tespiti (PIR)<\/li>\n<li>PIR Aral\u0131\u011f\u0131A&ccedil;\u0131: 110 &deg;<\/li>\n<\/ul>\n<ul>\n<li>Aray&uuml;z<\/li>\n<li>Video &Ccedil;\u0131k\u0131\u015f\u0131Yaln\u0131zca TVI<\/li>\n<\/ul>\n<ul>\n<li>Etkinlik<\/li>\n<li>Hareket Alg\u0131lama4 programlanabilir hareket alan\u0131<\/li>\n<\/ul>\n<ul>\n<li>Genel<\/li>\n<li>MalzemeMuhafaza: Plastik, Ana g&ouml;vde: Metal<\/li>\n<li>Boyut&Phi; 109,82 mm &times; 89,75 mm (&Phi; 4,32 &quot;&times; 3,53&quot;)<\/li>\n<li>A\u011f\u0131rl\u0131kYakla\u015f\u0131k.&nbsp;310 g (0,68 lb.)<\/li>\n<li>Operasyon Durumu-40 &deg; C ila 60 &deg; C (-40 &deg; F ila 140 &deg; F), nem:% 90 veya daha az (yo\u011fu\u015fmas\u0131z)<\/li>\n<li>\u0130leti\u015fimHIKVISION-C<\/li>\n<li>Dilingilizce<\/li>\n<li>G&uuml;&ccedil; Kayna\u011f\u013112 VDC &plusmn;% 25, ??* Bir kameraya g&uuml;&ccedil; sa\u011flamak i&ccedil;in bir g&uuml;&ccedil; adapt&ouml;r&uuml; kullanman\u0131z &ouml;nerilir.<\/li>\n<li>T&uuml;ketimMaks. Alan say\u0131s\u0131&nbsp;4,5 W<\/li>\n<li>IR Aral\u0131\u011f\u013120 metreye kadar<\/li>\n<li>Beyaz I\u015f\u0131k Aral\u0131\u011f\u013120 m&#039;ye kadar<\/li>\n<\/ul>\n<ul>\n<li>Onay<\/li>\n<li>KorumaIP67<\/li>\n<\/ul>\n","protected":false},"excerpt":{"rendered":"<p>Kamera G&ouml;r&uuml;nt&uuml; Sens&ouml;r&uuml;2 MP CMOS Maks. Alan Say\u0131s\u0131&nbsp;&Ccedil;&ouml;z&uuml;m1920 (Yatay) &times; 1080 (Dikey) Min.&nbsp;Ayd\u0131nlatma0.003 Lux @ (F1.2, AGC ON), IR ile 0 Lux Deklan\u015f&ouml;r S&uuml;resiPAL: 1\/25 sn &#8211; 1\/50, 000 sn, NTSC: 1\/30 sn &#8211; 1\/50, 000 sn G&uuml;nd&uuml;z GeceICR A&ccedil;\u0131 Ayar\u0131Pan: 0 &deg; &#8211; 360 &deg;, E\u011fim: 0 &deg; &#8211; 75 &deg;, D&ouml;nd&uuml;r: 0 &deg; [&#8230;]\n","protected":false},"featured_media":1162,"comment_status":"closed","ping_status":"closed","template":"","meta":[],"_links":{"self":[{"href":"https:\/\/nilbilisim.com.tr\/magaza\/wp-json\/wp\/v2\/product\/1161"}],"collection":[{"href":"https:\/\/nilbilisim.com.tr\/magaza\/wp-json\/wp\/v2\/product"}],"about":[{"href":"https:\/\/nilbilisim.com.tr\/magaza\/wp-json\/wp\/v2\/types\/product"}],"replies":[{"embeddable":true,"href":"https:\/\/nilbilisim.com.tr\/magaza\/wp-json\/wp\/v2\/comments?post=1161"}],"wp:featuredmedia":[{"embeddable":true,"href":"https:\/\/nilbilisim.com.tr\/magaza\/wp-json\/wp\/v2\/media\/1162"}],"wp:attachment":[{"href":"https:\/\/nilbilisim.com.tr\/magaza\/wp-json\/wp\/v2\/media?parent=1161"}],"curies":[{"name":"wp","href":"https:\/\/api.w.org\/{rel}","templated":true}]}}