{"id":1163,"date":"2021-02-10T10:34:47","date_gmt":"2021-02-10T07:34:47","guid":{"rendered":"https:\/\/nilbilisim.com.tr\/magaza\/urun\/hikvision-ds-2cd1023g0e-if-2mp-bullet-ip-kamera\/"},"modified":"2024-07-01T01:40:33","modified_gmt":"2024-06-30T22:40:33","slug":"hikvision-ds-2cd1023g0e-if-2mp-bullet-ip-kamera","status":"publish","type":"product","link":"https:\/\/nilbilisim.com.tr\/magaza\/urun\/hikvision-ds-2cd1023g0e-if-2mp-bullet-ip-kamera\/","title":{"rendered":"HIKVISION DS-2CD1023G0E-IF 2MP Bullet IP Kamera"},"content":{"rendered":"<p>Hikvision&nbsp;DS-2CD1023G0-I&nbsp;kamera, profesyonel IP CCTV sistemleri i&ccedil;in tasarlanm\u0131\u015ft\u0131r.&nbsp;Kompakt kamera, d&uuml;\u015f&uuml;k \u0131\u015f\u0131k ko\u015fullar\u0131nda bile iyi video kapsam\u0131 sa\u011flayan 2 MP CMOS sens&ouml;r ile donat\u0131lm\u0131\u015ft\u0131r. EXIR 2.0 teknolojisinde yap\u0131lan 30 m&#039;ye kadar olan IR ayd\u0131nlat\u0131c\u0131 ile birlikte, kamera tamamen karanl\u0131kta da &ccedil;al\u0131\u015fabilir Dahili&nbsp;2,8 mm&nbsp;lensin&nbsp;103 &deg;&nbsp;g&ouml;r&uuml;\u015f a&ccedil;\u0131s\u0131 vard\u0131r Kameran\u0131n&nbsp;IP67 dereceli&nbsp;muhafazas\u0131 elektroni\u011fi olumsuz hava ko\u015fullar\u0131na kar\u015f\u0131 korur Kamera, konvansiyonel olarak&nbsp;12 VDC&nbsp;kaynak ile veya&nbsp;PoE&nbsp;opsiyonu ile (802.3) kullan\u0131labilir. af).<\/p>\n<p>&Ouml;zellikler<\/p>\n<table border=\"1\" cellpadding=\"2\" cellspacing=\"2\">\n<tbody>\n<tr>\n<td>isim<\/td>\n<td>HIKVISION DS-2CD1023G0-I<\/td>\n<\/tr>\n<tr>\n<td>\n<p>kod<\/p>\n<\/td>\n<td><strong>K17661<\/strong><\/td>\n<\/tr>\n<tr>\n<td>Video sistemi<\/td>\n<td align=\"center\">IP<\/td>\n<\/tr>\n<tr>\n<td>Muhafaza tipi<\/td>\n<td>\n<p>Kompakt (mermi)<\/p>\n<\/td>\n<\/tr>\n<tr>\n<td>Y&ouml;n ayar\u0131<\/td>\n<td align=\"center\">3-eksenli<\/td>\n<\/tr>\n<tr>\n<td>G&ouml;r&uuml;nt&uuml; sens&ouml;r&uuml;<\/td>\n<td align=\"center\">1\/3 &quot;A\u015famal\u0131 Tarama CMOS<\/td>\n<\/tr>\n<tr>\n<td>Duyarl\u0131l\u0131k<\/td>\n<td align=\"center\">0.028 lx @ (F2.0, AGC ON),<br \/>\n\t\t\tIR modunda 0 lx<\/td>\n<\/tr>\n<tr>\n<td>&ccedil;&ouml;z&uuml;m<\/td>\n<td align=\"center\">1920 x 1080 piksel<\/td>\n<\/tr>\n<tr>\n<td>Kare h\u0131z\u0131<\/td>\n<td align=\"center\">\n<p>1920 x 1080 h\u0131z\u0131nda 25 fps ve daha d&uuml;\u015f&uuml;k &ccedil;&ouml;z&uuml;n&uuml;rl&uuml;kler<\/p>\n<\/td>\n<\/tr>\n<tr>\n<td>Lens<\/td>\n<td align=\"center\">4.0 mm<\/td>\n<\/tr>\n<tr>\n<td>S\u0131k\u0131\u015ft\u0131rma<\/td>\n<td>H.265 + \/ H.265 \/ H.264 + \/ H.264 \/ MJPEG<\/td>\n<\/tr>\n<tr>\n<td>Video ak\u0131\u015f say\u0131s\u0131<\/td>\n<td>2<\/td>\n<\/tr>\n<tr>\n<td>Bit h\u0131z\u0131 aral\u0131\u011f\u0131<\/td>\n<td>32 kbps &#8211; 8 Mbps<\/td>\n<\/tr>\n<tr>\n<td>\u0130r aral\u0131\u011f\u0131<\/td>\n<td align=\"center\">30 metreye kadar<\/td>\n<\/tr>\n<tr>\n<td>Video i\u015fleme<\/td>\n<td align=\"center\">3D-DNR, DWDR, BLC<\/td>\n<\/tr>\n<tr>\n<td>Mekanik olarak IR filtre de\u011fi\u015ftirme<\/td>\n<td align=\"center\">&nbsp;Evet<\/td>\n<\/tr>\n<tr>\n<td>Kazan&ccedil;<\/td>\n<td>Otomatik \/ &Ouml;n ayar<\/td>\n<\/tr>\n<tr>\n<td>Alarm olaylar\u0131<\/td>\n<td>\n<p>Hareket alg\u0131lama, video kurcalama<\/p>\n<\/td>\n<\/tr>\n<tr>\n<td>Ak\u0131ll\u0131 g&ouml;r&uuml;nt&uuml; analizi<\/td>\n<td align=\"center\">Uygulanmad\u0131<\/td>\n<\/tr>\n<tr>\n<td>Koridor modu<\/td>\n<td align=\"center\">Hay\u0131r<\/td>\n<\/tr>\n<tr>\n<td>YG<\/td>\n<td align=\"center\">1 b&ouml;lge<\/td>\n<\/tr>\n<tr>\n<td>ANR<\/td>\n<td align=\"center\">&nbsp;Hay\u0131r<\/td>\n<\/tr>\n<tr>\n<td>Kay\u0131t<\/td>\n<td>NAS (NFS \/ SMB \/ CIFS), FTP (ekran g&ouml;r&uuml;nt&uuml;leri)<\/td>\n<\/tr>\n<tr>\n<td>A\u011f Aray&uuml;z&uuml;<\/td>\n<td>RJ-45 10 \/ 100Base-T<\/td>\n<\/tr>\n<tr>\n<td>Protokoller<\/td>\n<td>TCP \/ IP, ICMP, HTTP, HTTPS, FTP, DHCP, DNS, DDNS, RTP, RTSP, RTCP,<br \/>\n\t\t\tPPPO, NTP, UPnP, SMTP, SNMP, IGMP, 802,1X, QoS, IPv6, Bonjour<\/td>\n<\/tr>\n<tr>\n<td>Desteklenen standartlar<\/td>\n<td>ONVIF (S, G profilleri), PSIA, CGI, ISAPI<\/td>\n<\/tr>\n<tr>\n<td>Ev materyalleri<\/td>\n<td align=\"center\">&nbsp;Al&uuml;minyum ala\u015f\u0131m, plastik<\/td>\n<\/tr>\n<tr>\n<td>IP derecelendirme<\/td>\n<td align=\"center\">&nbsp;<strong>IP67<\/strong><\/td>\n<\/tr>\n<tr>\n<td>G&uuml;&ccedil;<\/td>\n<td>12 VDC&nbsp;&plusmn;% 25<br \/>\n\t\t\tPoE IEEE 802.3af<\/td>\n<\/tr>\n<tr>\n<td>G&uuml;&ccedil; t&uuml;ketimi<\/td>\n<td>5 W \/ 7 W (PoE)<\/td>\n<\/tr>\n<tr>\n<td>&Ccedil;al\u0131\u015fma s\u0131cakl\u0131\u011f\u0131 aral\u0131\u011f\u0131<\/td>\n<td>-30 &deg; C &#8230; + 50 &deg; C<\/td>\n<\/tr>\n<tr>\n<td>boyutlar<\/td>\n<td>69 x 66 x 172 mm<\/td>\n<\/tr>\n<tr>\n<td>A\u011f\u0131rl\u0131k<\/td>\n<td>0,28 kg<\/td>\n<\/tr>\n<\/tbody>\n<\/table>\n<p>\n&Uuml;r&uuml;n Serisi<\/p>\n<p>Kamera&nbsp;, y&uuml;ksek performans ve uygun fiyat ile karakterize edilen&nbsp;yeni bir&nbsp;EasyIP Lite&nbsp;serisine&nbsp;aittir&nbsp;.&nbsp;Seri, hareket alg\u0131lama ve video kurcalama alg\u0131lamay\u0131 destekler.&nbsp;Serideki kameralar ayr\u0131ca koridor modu ve bir \u0130lgi &Ccedil;ekici B&ouml;lge (ROI) tan\u0131mlama imkan\u0131 da sunar.<\/p>\n<p>H.265 + \/ H.265 video s\u0131k\u0131\u015ft\u0131rma<\/p>\n<p><img alt=\"\" src=\"https:\/\/www.detayresimler.com\/urun\/2\/2CD1023G0E-I_4.jpg\" \/><\/p>\n<p>H.265 + \/ H.265 &#8211; H.264 g&ouml;r&uuml;nt&uuml; kalitesinin korunmas\u0131 ile daha y&uuml;ksek s\u0131k\u0131\u015ft\u0131rma oran\u0131<\/p>\n<p>Foto\u011fraf makinesi H.265 +, H.265, H.264 +, H.264, MJPEG gibi birka&ccedil; video s\u0131k\u0131\u015ft\u0131rma y&ouml;ntemi uygular.&nbsp;H.264 ile kar\u015f\u0131la\u015ft\u0131r\u0131ld\u0131\u011f\u0131nda, H.265 veri ak\u0131\u015f\u0131n\u0131 yar\u0131 yar\u0131ya azaltabilir ve bu da disk alan\u0131n\u0131n oransal tasarrufuna veya geni\u015fletilmi\u015f veri saklama s&uuml;resine d&ouml;n&uuml;\u015f&uuml;r.&nbsp;H.265 + ve H.264 +, orijinal sistemlere dayal\u0131 ve CCTV uygulamalar\u0131 i&ccedil;in optimize edilmi\u015f Hikvision standartlar\u0131d\u0131r.&nbsp;Ayr\u0131ca, tipik video izleme senaryolar\u0131ndaki ak\u0131\u015flar\u0131 en aza indirirler.&nbsp;Geli\u015fmi\u015f video s\u0131k\u0131\u015ft\u0131rma algoritmalar\u0131 ile kamera, H.265 standard\u0131n\u0131 uygulayan modern NVR&#039;lara dayanan IP CCTV sistemlerinde kullan\u0131labilir (DS-76\/77 \/ 96NI-I \/ K serisi H.265 +, H.265, H&#039;yi destekler .264+, H.264).&nbsp;Tabi kamera H.264&#039;&uuml; destekleyen eski modellerle de &ccedil;al\u0131\u015fabilir (DS-76 \/ 77NI-E serisi H.264 +, H.264&#039;&uuml; destekler).<\/p>\n<p><a href=\"https:\/\/www.dipolnet.com\/6690\"><img alt=\"\" src=\"https:\/\/www.detayresimler.com\/urun\/2\/2CD1023G0E-I_5.jpg\" \/><\/a><\/p>\n<p>Kullan\u0131\u015fl\u0131 istemci uygulamalar\u0131<\/p>\n<p>&nbsp;IVMS 4200&nbsp;istemci yaz\u0131l\u0131m\u0131 HIKVISION cihazlar\u0131n kullan\u0131c\u0131lar\u0131, IP a\u011flar\u0131nda bunlar\u0131 y&ouml;netmenizi sa\u011flar.&nbsp;Yaz\u0131l\u0131m NVR \/ DVR, IP ve analog kameralar\u0131n konfig&uuml;rasyonuna ve y&ouml;netimine izin verir (hibrit sistemlerde).&nbsp;\u0130VMS 4200 yard\u0131mc\u0131 program\u0131, en fazla 4 monit&ouml;r kullanarak 256 ayg\u0131t\u0131 uzaktan y&ouml;netebilir.&nbsp;Bir monit&ouml;r 64 kameraya kadar g&ouml;r&uuml;nt&uuml;leri g&ouml;sterebilir.&nbsp;Sistem yap\u0131land\u0131rmas\u0131 ve canl\u0131 izlemenin yan\u0131 s\u0131ra, yard\u0131mc\u0131 program uzaktan izleme, bildiren, iki y&ouml;nl&uuml; ses iletimi ve &ccedil;ok seviyeli e-haritalar olu\u015fturmak i&ccedil;in kullan\u0131labilir.<br \/>\n&nbsp;<\/p>\n<p><img alt=\"\" src=\"https:\/\/www.detayresimler.com\/urun\/2\/2CD1023G0E-I_6.jpg\" \/><\/p>\n<p>\u0130VMS-4200 uygulamas\u0131n\u0131n kontrol panelinin g&ouml;r&uuml;n&uuml;m&uuml;<\/p>\n<p>Hik-Connect&nbsp;, Android veya iOS i\u015fletim sistemlerini &ccedil;al\u0131\u015ft\u0131ran ak\u0131ll\u0131 telefonlar i&ccedil;in tasarlanm\u0131\u015f mobil bir uygulamad\u0131r.&nbsp;DVR&#039;lerden, NVR&#039;lerden, a\u011f kameralar\u0131ndan Wi-Fi, 2G veya 3G a\u011flar\u0131 &uuml;zerinden g&ouml;r&uuml;nt&uuml;lerin uzaktan canl\u0131 izlenmesi ve kaydedilmi\u015f video dosyalar\u0131n\u0131n oynat\u0131lmas\u0131 i&ccedil;in kullan\u0131labilir.&nbsp;Uygulama cihazlara IP adresleriyle ve \/ veya P2P bulutu &uuml;zerinden ba\u011flan\u0131r.<\/p>\n<table align=\"center\">\n<tbody>\n<tr>\n<td>\n<p><img alt=\"\" src=\"https:\/\/www.detayresimler.com\/urun\/2\/2CD1023G0E-I_7.jpg\" \/><\/p>\n<\/td>\n<td>\n<p><img alt=\"\" src=\"https:\/\/www.detayresimler.com\/urun\/2\/2CD1023G0E-I_8.jpg\" \/><\/p>\n<\/td>\n<\/tr>\n<tr>\n<td>\n<p>Hik-Connect uygulamas\u0131n\u0131n ba\u015flang\u0131&ccedil; \u200b\u200bekran\u0131 canl\u0131 g&ouml;r&uuml;nt&uuml; k&uuml;&ccedil;&uuml;k resmiyle<br \/>\n\t\t\t&nbsp;<\/p>\n<\/td>\n<td>\n<p>Canl\u0131 g&ouml;r&uuml;nt&uuml; ekran\u0131<\/p>\n<\/td>\n<\/tr>\n<\/tbody>\n<\/table>\n<p>Bulutta &ccedil;al\u0131\u015fmak<\/p>\n<p><img alt=\"\" src=\"https:\/\/www.detayresimler.com\/urun\/2\/2CD1023G0E-I_9.jpg\" \/><\/p>\n<p>Hik-Connect&nbsp;Hik-connect ayr\u0131ca Hikvison cihazlar\u0131 i&ccedil;in bir \u015febeke servisidir.&nbsp;Hizmet, buluttaki veri i\u015flemeye dayan\u0131r ve a\u015fa\u011f\u0131daki i\u015flevleri birle\u015ftirir:<\/p>\n<ul>\n<li>Bulut &uuml;zerinden uzaktan eri\u015fim &#8211; harici bir IP adresine sahip olmadan ve basitlik en &ouml;nemli \u015fey oldu\u011funda cihaza eri\u015fime izin verir.&nbsp;A\u011f\u0131n sadece temel konfig&uuml;rasyonu gereklidir.&nbsp;Bir PC veya ak\u0131ll\u0131 telefondaki uygulama, P2P bulut hizmeti arac\u0131l\u0131\u011f\u0131yla cihaza ba\u011flan\u0131r,<\/li>\n<li>DDNS sunucusu &#8211; DDNS, IP adreslerini (Dinamik DNS) dinamik olarak de\u011fi\u015ftirmek i&ccedil;in sabit bir alan ad\u0131 atar.&nbsp;Bu &ouml;zellik, ISS kullan\u0131c\u0131lara sabit bir IP adresi sa\u011flamad\u0131\u011f\u0131nda yararl\u0131d\u0131r.&nbsp;DDNS kullanman\u0131n \u015fart\u0131, genel bir IP adresine sahip olmak ve harici a\u011fdan NVR&#039;n\u0131n uygun portlar\u0131na eri\u015fim sa\u011flamakt\u0131r (sunucu ve http, varsay\u0131lan olarak 8000 ve 80).&nbsp;Bir web taray\u0131c\u0131s\u0131, bir PC&#039;deki istemci uygulamas\u0131 ve ak\u0131ll\u0131 telefonlarla ba\u011flant\u0131 m&uuml;mk&uuml;nd&uuml;r.<\/li>\n<\/ul>\n<p>EXIR 2.0 teknolojisinde IR ayd\u0131nlat\u0131c\u0131<\/p>\n<p>Dahili g&uuml;&ccedil;l&uuml;&nbsp;IR ayd\u0131nlat\u0131c\u0131&nbsp;, 30 metreye kadar bir menzile sahiptir.&nbsp;EXIR 2.0&nbsp;\u0131\u015f\u0131k yayma teknolojisine&nbsp;dayanan ayd\u0131nlat\u0131c\u0131&nbsp;yakl.&nbsp;Geleneksel IR LED dizilere k\u0131yasla% 30 daha y&uuml;ksek verimlilik.&nbsp;Ek olarak, dikd&ouml;rtgen \u015feklindeki IR \u0131\u015f\u0131\u011f\u0131 kameran\u0131n g&ouml;r&uuml;\u015f alan\u0131na uyar.&nbsp;Bu, ayr\u0131ca, ayd\u0131nlatma verimlili\u011fini artt\u0131r\u0131r ve IR ayd\u0131nlat\u0131c\u0131lar\u0131n &ccedil;o\u011fu i&ccedil;in tipik olan sahnenin orta k\u0131sm\u0131ndaki a\u015f\u0131r\u0131 \u0131\u015f\u0131k yo\u011funlu\u011funu ortadan kald\u0131r\u0131r.&nbsp;Exir 2.0 ayd\u0131nlat\u0131c\u0131lar\u0131, sahnenin k&ouml;\u015feleri dahil, ayn\u0131 zamanda &ccedil;evre ortam\u0131ndaki \u0131\u015f\u0131k kirlili\u011fini azaltan &ccedil;ok daha iyi bir parlakl\u0131k homojenli\u011fi sa\u011flar.&nbsp;&Ouml;nceki s&uuml;r&uuml;m ile kar\u015f\u0131la\u015ft\u0131r\u0131ld\u0131\u011f\u0131nda, EXIR 2.0 ayd\u0131nlat\u0131c\u0131lar\u0131 20.000 saate kadar optimize edilmi\u015f \u0131s\u0131 da\u011f\u0131l\u0131m\u0131 sayesinde daha uzun &ouml;m&uuml;rl&uuml;d&uuml;r.<\/p>\n<p>Hikvision IP CCTV sistemlerini d&uuml;zenlemek i&ccedil;in LAN arac\u0131<\/p>\n<p>SADP&nbsp;(Aktif Ayg\u0131t Protokol&uuml; Ara),&nbsp;yerel a\u011fdaki&nbsp;Hikvision IP kameralar\u0131n\u0131 ve&nbsp;Hikvision&nbsp;DVR \/ NVR&#039;lerini&nbsp;aramak i&ccedil;in kullan\u0131m\u0131 kolay ve &uuml;cretsiz bir ara&ccedil;t\u0131r&nbsp;.&nbsp;A\u011f cihaz\u0131 arama arac\u0131, \u015fifre de\u011fi\u015fikli\u011fi veya varsay\u0131lan \u015fifrelerin kurtar\u0131lmas\u0131 dahil olmak &uuml;zere Hikvision cihazlar\u0131n\u0131n a\u011f parametrelerinin de\u011fi\u015ftirilmesi i&ccedil;in de kullan\u0131labilir.&nbsp;Yaz\u0131l\u0131m ve kullan\u0131m\u0131 hakk\u0131nda ayr\u0131nt\u0131l\u0131 bilgiler,&nbsp;Hikvision cihazlar\u0131&nbsp;makalesine&nbsp;dayal\u0131 CCTV sistemlerinin d&uuml;zenlenmesi i&ccedil;in SADP uygulamas\u0131nda &#8211; LAN arac\u0131nda bulunmaktad\u0131r&nbsp;.<\/p>\n<table>\n<tbody>\n<tr>\n<td>&Ccedil;&ouml;z&uuml;n&uuml;rl&uuml;k<\/td>\n<td>2.0 MP<\/td>\n<\/tr>\n<tr>\n<td>Gece G&ouml;r&uuml;\u015f&uuml;<\/td>\n<td>30 Metre<\/td>\n<\/tr>\n<tr>\n<td>Lens<\/td>\n<td>4.0 mm<\/td>\n<\/tr>\n<tr>\n<td>Poe<\/td>\n<td>Var<\/td>\n<\/tr>\n<tr>\n<td>Ses<\/td>\n<td>Yok<\/td>\n<\/tr>\n<\/tbody>\n<\/table>\n","protected":false},"excerpt":{"rendered":"<p>Hikvision&nbsp;DS-2CD1023G0-I&nbsp;kamera, profesyonel IP CCTV sistemleri i&ccedil;in tasarlanm\u0131\u015ft\u0131r.&nbsp;Kompakt kamera, d&uuml;\u015f&uuml;k \u0131\u015f\u0131k ko\u015fullar\u0131nda bile iyi video kapsam\u0131 sa\u011flayan 2 MP CMOS sens&ouml;r ile donat\u0131lm\u0131\u015ft\u0131r. EXIR 2.0 teknolojisinde yap\u0131lan 30 m&#039;ye kadar olan IR ayd\u0131nlat\u0131c\u0131 ile birlikte, kamera tamamen karanl\u0131kta da &ccedil;al\u0131\u015fabilir Dahili&nbsp;2,8 mm&nbsp;lensin&nbsp;103 &deg;&nbsp;g&ouml;r&uuml;\u015f a&ccedil;\u0131s\u0131 vard\u0131r Kameran\u0131n&nbsp;IP67 dereceli&nbsp;muhafazas\u0131 elektroni\u011fi olumsuz hava ko\u015fullar\u0131na kar\u015f\u0131 korur Kamera, konvansiyonel olarak&nbsp;12 [&#8230;]\n","protected":false},"featured_media":1164,"comment_status":"closed","ping_status":"closed","template":"","meta":[],"_links":{"self":[{"href":"https:\/\/nilbilisim.com.tr\/magaza\/wp-json\/wp\/v2\/product\/1163"}],"collection":[{"href":"https:\/\/nilbilisim.com.tr\/magaza\/wp-json\/wp\/v2\/product"}],"about":[{"href":"https:\/\/nilbilisim.com.tr\/magaza\/wp-json\/wp\/v2\/types\/product"}],"replies":[{"embeddable":true,"href":"https:\/\/nilbilisim.com.tr\/magaza\/wp-json\/wp\/v2\/comments?post=1163"}],"wp:featuredmedia":[{"embeddable":true,"href":"https:\/\/nilbilisim.com.tr\/magaza\/wp-json\/wp\/v2\/media\/1164"}],"wp:attachment":[{"href":"https:\/\/nilbilisim.com.tr\/magaza\/wp-json\/wp\/v2\/media?parent=1163"}],"curies":[{"name":"wp","href":"https:\/\/api.w.org\/{rel}","templated":true}]}}