{"id":1165,"date":"2021-02-14T22:03:14","date_gmt":"2021-02-14T19:03:14","guid":{"rendered":"https:\/\/nilbilisim.com.tr\/magaza\/urun\/hikvision-ds-2ce16d0t-exipf-2mp-bullet-kamera\/"},"modified":"2024-07-01T01:40:32","modified_gmt":"2024-06-30T22:40:32","slug":"hikvision-ds-2ce16d0t-exipf-2mp-bullet-kamera","status":"publish","type":"product","link":"https:\/\/nilbilisim.com.tr\/magaza\/urun\/hikvision-ds-2ce16d0t-exipf-2mp-bullet-kamera\/","title":{"rendered":"HIKVISION DS-2CE16D0T-EXIPF 2MP Bullet Kamera"},"content":{"rendered":"<table>\n<tbody>\n<tr>\n<td>Model<\/td>\n<td>DS-2CE16D0T-EXIF<\/td>\n<\/tr>\n<tr>\n<td>G&ouml;r&uuml;nt&uuml; Sens&ouml;r&uuml;<\/td>\n<td>2MP CMOS Image Sensor<\/td>\n<\/tr>\n<tr>\n<td>Sinyal Sistemi<\/td>\n<td>PAL\/NTSC<\/td>\n<\/tr>\n<tr>\n<td>&Ccedil;&ouml;z&uuml;n&uuml;rl&uuml;k<\/td>\n<td>HD1080P<\/td>\n<\/tr>\n<tr>\n<td>Piksel Say\u0131s\u0131<\/td>\n<td>1930(H) &times; 1088(V)<\/td>\n<\/tr>\n<tr>\n<td>Minumum I\u015f\u0131k Gereksinimi<\/td>\n<td>0.01 Lux @ (F1.2,AGC ON),0 Lux with IR<\/td>\n<\/tr>\n<tr>\n<td>Lens<\/td>\n<td>3,6mm<\/td>\n<\/tr>\n<tr>\n<td>Gece G&ouml;r&uuml;\u015f Mesafesi<\/td>\n<td>20mt IR mesafesi<\/td>\n<\/tr>\n<tr>\n<td>Shutter H\u0131z\u0131<\/td>\n<td>1\/25(1\/30) s to 1\/50,000 s<\/td>\n<\/tr>\n<tr>\n<td>Video &Ccedil;\u0131k\u0131\u015f\u0131<\/td>\n<td>Switchable TVI\/AHD\/CVI\/CVBS<\/td>\n<\/tr>\n<tr>\n<td>G&uuml;&ccedil; T&uuml;ketimi<\/td>\n<td>Max. 3.3 W<\/td>\n<\/tr>\n<tr>\n<td>&Ccedil;al\u0131\u015fma S\u0131cakl\u0131\u011f\u0131<\/td>\n<td>-40 &deg;C &#8211; 60 &deg;C<\/td>\n<\/tr>\n<tr>\n<td>Nem<\/td>\n<td>IP66<\/td>\n<\/tr>\n<tr>\n<td>Boyutlar (G x D x Y)<\/td>\n<td>&#8211;<\/td>\n<\/tr>\n<tr>\n<td>Ayak<\/td>\n<td>Var<\/td>\n<\/tr>\n<tr>\n<td>Garanti<\/td>\n<td>2 Y\u0131l<\/td>\n<\/tr>\n<\/tbody>\n<\/table>\n","protected":false},"excerpt":{"rendered":"<p>Model DS-2CE16D0T-EXIF G&ouml;r&uuml;nt&uuml; Sens&ouml;r&uuml; 2MP CMOS Image Sensor Sinyal Sistemi PAL\/NTSC &Ccedil;&ouml;z&uuml;n&uuml;rl&uuml;k HD1080P Piksel Say\u0131s\u0131 1930(H) &times; 1088(V) Minumum I\u015f\u0131k Gereksinimi 0.01 Lux @ (F1.2,AGC ON),0 Lux with IR Lens 3,6mm Gece G&ouml;r&uuml;\u015f Mesafesi 20mt IR mesafesi Shutter H\u0131z\u0131 1\/25(1\/30) s to 1\/50,000 s Video &Ccedil;\u0131k\u0131\u015f\u0131 Switchable TVI\/AHD\/CVI\/CVBS G&uuml;&ccedil; T&uuml;ketimi Max. 3.3 W &Ccedil;al\u0131\u015fma S\u0131cakl\u0131\u011f\u0131 [&#8230;]\n","protected":false},"featured_media":1166,"comment_status":"closed","ping_status":"closed","template":"","meta":[],"_links":{"self":[{"href":"https:\/\/nilbilisim.com.tr\/magaza\/wp-json\/wp\/v2\/product\/1165"}],"collection":[{"href":"https:\/\/nilbilisim.com.tr\/magaza\/wp-json\/wp\/v2\/product"}],"about":[{"href":"https:\/\/nilbilisim.com.tr\/magaza\/wp-json\/wp\/v2\/types\/product"}],"replies":[{"embeddable":true,"href":"https:\/\/nilbilisim.com.tr\/magaza\/wp-json\/wp\/v2\/comments?post=1165"}],"wp:featuredmedia":[{"embeddable":true,"href":"https:\/\/nilbilisim.com.tr\/magaza\/wp-json\/wp\/v2\/media\/1166"}],"wp:attachment":[{"href":"https:\/\/nilbilisim.com.tr\/magaza\/wp-json\/wp\/v2\/media?parent=1165"}],"curies":[{"name":"wp","href":"https:\/\/api.w.org\/{rel}","templated":true}]}}