{"id":1167,"date":"2021-02-14T22:03:19","date_gmt":"2021-02-14T19:03:19","guid":{"rendered":"https:\/\/nilbilisim.com.tr\/magaza\/urun\/hikvision-ds-2ce76d0t-itpf-2mp-plastik-dome-kamera\/"},"modified":"2024-07-01T01:40:32","modified_gmt":"2024-06-30T22:40:32","slug":"hikvision-ds-2ce76d0t-itpf-2mp-plastik-dome-kamera","status":"publish","type":"product","link":"https:\/\/nilbilisim.com.tr\/magaza\/urun\/hikvision-ds-2ce76d0t-itpf-2mp-plastik-dome-kamera\/","title":{"rendered":"HIKVISION DS-2CE76D0T-ITPF 2MP Plastik Dome Kamera"},"content":{"rendered":"<ul>\n<li>2 MP taret kameras\u0131<\/li>\n<li>EXIR 2.0: 20 m IR mesafeli geli\u015fmi\u015f k\u0131z\u0131l&ouml;tesi teknolojisi<\/li>\n<li>Suya ve toza dayan\u0131kl\u0131 (IP67)<\/li>\n<li>4&#039;&uuml; 1 arada (4 sinyal de\u011fi\u015ftirilebilir TVI \/ AHD \/ CVI \/ CVBS).<\/li>\n<\/ul>\n<ul>\n<li>Kamera<\/li>\n<li>G&ouml;r&uuml;nt&uuml; Sens&ouml;r&uuml;2 MP CMOS<\/li>\n<li>Sinyal SistemiPAL \/ NTSC<\/li>\n<li>Kare H\u0131z\u0131TVI: 1080P @ 30fps, 1080P @ 25fps CVI: 1080P @ 30fps, 1080P @ 25fps AHD: 1080P @ 30fps, 1080P @ 25fps CVBS: PAL \/ NTSC<\/li>\n<li>&Ccedil;&ouml;z&uuml;n&uuml;rl&uuml;k1920 (Y) &times; 1080 (D)<\/li>\n<li>Min.&nbsp;Ayd\u0131nlatma0.01 Lux @ (F1.2, AGC ON), IR&#039;li 0 Lux<\/li>\n<li>Deklan\u015f&ouml;r S&uuml;resiPAL: 1\/25 sn &#8211; 1\/50, 000 sn NTSC: 1\/15 sn &#8211; 1\/50, 000 sn<\/li>\n<li>Objektif2.8 mm, 3.6 mm, 6 mm sabit lens<\/li>\n<li>Yatay G&ouml;r&uuml;\u015f Alan\u01312.8 mm, yatay FOV: 106.4 &deg;, dikey FOV: 57.9 &deg;, diyagonal FOV: 124.6 &deg; 3.6 mm, yatay FOV: 79.6 &deg;, dikey FOV: 43.5 &deg;, diyagonal FOV: 93.7 &deg; 6 mm, yatay FOV: 51.9 &deg; &deg;, dikey FOV: 30 &deg;, diyagonal FOV: 58.8 &deg;<\/li>\n<li>Lens Yuvas\u0131M12<\/li>\n<li>G&uuml;nd&uuml;z Ve GeceICR<\/li>\n<li>WDR (Geni\u015f Dinamik Aral\u0131k)Dijital WDR<\/li>\n<li>A&ccedil;\u0131 AyarPan: 0 &deg; ila 360 &deg;;&nbsp;E\u011fim: 0 &deg; ila 75 &deg;;&nbsp;D&ouml;nd&uuml;r: 0 &deg; ila 360 &deg;<\/li>\n<\/ul>\n<ul>\n<li>Men&uuml;<\/li>\n<li>G&ouml;r&uuml;nt&uuml; ModuSTD \/ HIGH-SAT<\/li>\n<li>AGCDeste\u011fi<\/li>\n<li>G&uuml;nd&uuml;z \/ Gece ModuOtomatik \/ Renkli \/ Siyah Beyaz (Siyah Beyaz)<\/li>\n<li>Beyaz DengesiATW \/ MANUAL<\/li>\n<li>HLCEvet<\/li>\n<li>BLC (Arka I\u015f\u0131k Telafisi)Evet<\/li>\n<li>Dil\u0130ngilizce<\/li>\n<li>FonksiyonlarParlakl\u0131k, Netlik, Ak\u0131ll\u0131 IR<\/li>\n<\/ul>\n<ul>\n<li>Aray&uuml;z<\/li>\n<li>Video &Ccedil;\u0131k\u0131\u015f\u0131De\u011fi\u015ftirilebilir TVI \/ AHD \/ CVI \/ CVBS<\/li>\n<\/ul>\n<ul>\n<li>Genel<\/li>\n<li>&Ccedil;al\u0131\u015fma Durumu-40 &deg; C ila 60 &deg; C (-40 &deg; F ila 140 &deg; F), Nem% 90 veya daha az (yo\u011fu\u015fmas\u0131z)<\/li>\n<li>G&uuml;&ccedil; Kayna\u011f\u013112 VDC &plusmn;% 25<\/li>\n<li>G&uuml;&ccedil; T&uuml;ketimiMaks.&nbsp;2,2 W<\/li>\n<li>MalzemePlastik<\/li>\n<li>IR Aral\u0131\u011f\u013120 m&#039;ye kadar<\/li>\n<li>\u0130leti\u015fimHIKVISION-C<\/li>\n<li>Boyutlar&Phi; 84.6 mm &times; 78.9 mm (&Phi; 3.33 &quot;&times; 3.11&quot;)<\/li>\n<li>A\u011f\u0131rl\u0131kYakla\u015f\u0131k.&nbsp;135 g (0,30 lb.)<\/li>\n<\/ul>\n","protected":false},"excerpt":{"rendered":"<p>2 MP taret kameras\u0131 EXIR 2.0: 20 m IR mesafeli geli\u015fmi\u015f k\u0131z\u0131l&ouml;tesi teknolojisi Suya ve toza dayan\u0131kl\u0131 (IP67) 4&#039;&uuml; 1 arada (4 sinyal de\u011fi\u015ftirilebilir TVI \/ AHD \/ CVI \/ CVBS). Kamera G&ouml;r&uuml;nt&uuml; Sens&ouml;r&uuml;2 MP CMOS Sinyal SistemiPAL \/ NTSC Kare H\u0131z\u0131TVI: 1080P @ 30fps, 1080P @ 25fps CVI: 1080P @ 30fps, 1080P @ 25fps [&#8230;]\n","protected":false},"featured_media":1168,"comment_status":"closed","ping_status":"closed","template":"","meta":[],"_links":{"self":[{"href":"https:\/\/nilbilisim.com.tr\/magaza\/wp-json\/wp\/v2\/product\/1167"}],"collection":[{"href":"https:\/\/nilbilisim.com.tr\/magaza\/wp-json\/wp\/v2\/product"}],"about":[{"href":"https:\/\/nilbilisim.com.tr\/magaza\/wp-json\/wp\/v2\/types\/product"}],"replies":[{"embeddable":true,"href":"https:\/\/nilbilisim.com.tr\/magaza\/wp-json\/wp\/v2\/comments?post=1167"}],"wp:featuredmedia":[{"embeddable":true,"href":"https:\/\/nilbilisim.com.tr\/magaza\/wp-json\/wp\/v2\/media\/1168"}],"wp:attachment":[{"href":"https:\/\/nilbilisim.com.tr\/magaza\/wp-json\/wp\/v2\/media?parent=1167"}],"curies":[{"name":"wp","href":"https:\/\/api.w.org\/{rel}","templated":true}]}}