{"id":1173,"date":"2021-02-14T22:03:24","date_gmt":"2021-02-14T19:03:24","guid":{"rendered":"https:\/\/nilbilisim.com.tr\/magaza\/urun\/hikvision-ds-2ce76h0t-itpf-5mp-plastik-mini-dome-kamera\/"},"modified":"2024-07-01T01:40:31","modified_gmt":"2024-06-30T22:40:31","slug":"hikvision-ds-2ce76h0t-itpf-5mp-plastik-mini-dome-kamera","status":"publish","type":"product","link":"https:\/\/nilbilisim.com.tr\/magaza\/urun\/hikvision-ds-2ce76h0t-itpf-5mp-plastik-mini-dome-kamera\/","title":{"rendered":"HIKVISION DS-2CE76H0T-ITPF 5MP Plastik Mini Dome Kamera"},"content":{"rendered":"<ul>\n<li>5 MP turret camera<\/li>\n<li>EXIR 2.0: advanced infrared technology with 20 m IR distance<\/li>\n<li>4 in 1 (4 signals switchable TVI\/AHD\/CVI\/CVBS)<\/li>\n<\/ul>\n<ul>\n<li><strong>Kamera<\/strong><\/li>\n<li>G&ouml;r&uuml;nt&uuml; Sens&ouml;r&uuml; 5 MP CMOS g&ouml;r&uuml;nt&uuml; sens&ouml;r&uuml;<\/li>\n<li>Sinyal Sistemi PAL \/ NTSC<\/li>\n<li>Kare H\u0131z\u0131TVI: 5M @ 20fps, 4M @ 30fps, 4M @ 25fps, 1080p @ 30fps, 1080p @ 25fps AHD: 5M @ 20fps, 4M @ 30fps, 4M @ 25fps CVI: 4M @ 30fps, 4M @ 25fps CVBS: PAL \/ NTSC<\/li>\n<li>&Ccedil;&ouml;z&uuml;m 2560 (Y) &times; 1944 (D)<\/li>\n<li>Min.&nbsp;Ayd\u0131nlatma Renk: 0.01 Lux @ (F1.2, AGC ON), IR&#039;li 0 Lux<\/li>\n<li>Deklan\u015f&ouml;r Zaman\u0131 PAL: 1\/25 s ila 1\/50, 000 s NTSC: 1\/30 s ila 1\/50, 000 s<\/li>\n<li>Lens 2,4 mm, 2,8 mm, 3,6 mm, 6 mm sabit lens<\/li>\n<li>Yatay G&ouml;r&uuml;\u015f Alan\u0131 2,4 mm, yatay FOV: 110 &deg;, dikey FOV: 81 &deg;, diyagonal FOV: 137 &deg; 2,8 mm, yatay FOV: 85 &deg;, dikey FOV: 63 &deg;, diyagonal FOV: 110 &deg; 3,6 mm, yatay FOV: 80 &deg;, dikey FOV: 63 &deg;, diyagonal FOV: 105 &deg; 6 mm, yatay FOV: 57 &deg;, dikey FOV: 43 &deg;, diyagonal FOV: 72 &deg;<\/li>\n<li>Lens Yuvas\u0131M12<\/li>\n<li>G&uuml;nd&uuml;z GeceUST<\/li>\n<li>WDR (Geni\u015f Dinamik Aral\u0131k)Dijital WDR<\/li>\n<li>A&ccedil;\u0131 Ayar\u0131Pan: 0 ila 360 &deg;, E\u011fim: 0 ila 75 &deg;, D&ouml;n&uuml;\u015f 0 ila 360 &deg;<\/li>\n<\/ul>\n<ul>\n<li><strong>Men&uuml;<\/strong><\/li>\n<li>G&ouml;r&uuml;nt&uuml; Modu STD \/ HIGH-SAT<\/li>\n<li>AGCDestek<\/li>\n<li>G&uuml;nd&uuml;z \/ Gece ModuOtomatik \/ Renkli \/ Siyah Beyaz (Siyah Beyaz)<\/li>\n<li>Beyaz DengesiATW \/ MANUEL<\/li>\n<li>HLCEvet<\/li>\n<li>BLC (Arka I\u015f\u0131k Telafisi)Evet<\/li>\n<li>Dilingilizce<\/li>\n<li>FonksiyonlarParlakl\u0131k, Netlik, DNR, Ayna, Ak\u0131ll\u0131 IR<\/li>\n<\/ul>\n<ul>\n<li><strong>Aray&uuml;z<\/strong><\/li>\n<li>Video &Ccedil;\u0131k\u0131\u015f\u0131De\u011fi\u015ftirilebilir TVI \/ AHD \/ CVI \/ CVBS<\/li>\n<\/ul>\n<ul>\n<li><strong>Genel<\/strong><\/li>\n<li>Operasyon Durumu-40 &deg; C ila 60 &deg; C (-40 &deg; F ila 140 &deg; F), nem:% 90 veya daha az (yo\u011fu\u015fmas\u0131z)<\/li>\n<li>G&uuml;&ccedil; Kayna\u011f\u013112 VDC &plusmn;% 25<\/li>\n<li>G&uuml;&ccedil; T&uuml;ketimiMaks.&nbsp;4,3 W<\/li>\n<li>MalzemePlastik<\/li>\n<li>IR Aral\u0131\u011f\u013120 m&#039;ye kadar<\/li>\n<li>\u0130leti\u015fimHIKVISION-C\u0131<\/li>\n<li>Boyutlar&Phi; 84,6 mm &times; 78,9 mm (&Phi; 3,33 &quot;&times; 3,11&quot;)<\/li>\n<li>A\u011f\u0131rl\u0131kYakla\u015f\u0131k.&nbsp;143 g (0,32 lb.)<\/li>\n<\/ul>\n","protected":false},"excerpt":{"rendered":"<p>5 MP turret camera EXIR 2.0: advanced infrared technology with 20 m IR distance 4 in 1 (4 signals switchable TVI\/AHD\/CVI\/CVBS) Kamera G&ouml;r&uuml;nt&uuml; Sens&ouml;r&uuml; 5 MP CMOS g&ouml;r&uuml;nt&uuml; sens&ouml;r&uuml; Sinyal Sistemi PAL \/ NTSC Kare H\u0131z\u0131TVI: 5M @ 20fps, 4M @ 30fps, 4M @ 25fps, 1080p @ 30fps, 1080p @ 25fps AHD: 5M @ 20fps, [&#8230;]\n","protected":false},"featured_media":1174,"comment_status":"closed","ping_status":"closed","template":"","meta":[],"_links":{"self":[{"href":"https:\/\/nilbilisim.com.tr\/magaza\/wp-json\/wp\/v2\/product\/1173"}],"collection":[{"href":"https:\/\/nilbilisim.com.tr\/magaza\/wp-json\/wp\/v2\/product"}],"about":[{"href":"https:\/\/nilbilisim.com.tr\/magaza\/wp-json\/wp\/v2\/types\/product"}],"replies":[{"embeddable":true,"href":"https:\/\/nilbilisim.com.tr\/magaza\/wp-json\/wp\/v2\/comments?post=1173"}],"wp:featuredmedia":[{"embeddable":true,"href":"https:\/\/nilbilisim.com.tr\/magaza\/wp-json\/wp\/v2\/media\/1174"}],"wp:attachment":[{"href":"https:\/\/nilbilisim.com.tr\/magaza\/wp-json\/wp\/v2\/media?parent=1173"}],"curies":[{"name":"wp","href":"https:\/\/api.w.org\/{rel}","templated":true}]}}