{"id":1177,"date":"2021-02-14T22:03:27","date_gmt":"2021-02-14T19:03:27","guid":{"rendered":"https:\/\/nilbilisim.com.tr\/magaza\/urun\/hikvision-ds-2ce16d0t-it3f-2mp-da-mekan-bik-kamera\/"},"modified":"2024-07-01T01:40:30","modified_gmt":"2024-06-30T22:40:30","slug":"hikvision-ds-2ce16d0t-it3f-2mp-da-mekan-bik-kamera","status":"publish","type":"product","link":"https:\/\/nilbilisim.com.tr\/magaza\/urun\/hikvision-ds-2ce16d0t-it3f-2mp-da-mekan-bik-kamera\/","title":{"rendered":"HIKVISION DS-2CE16D0T-IT3F 2MP D\u0131\u015f Mekan B\u00fcy\u00fck Kamera"},"content":{"rendered":"<table border=\"0\" cellpadding=\"0\" cellspacing=\"0\" width=\"770\">\n<tbody>\n<tr>\n<th align=\"left\" colspan=\"3\" height=\"50\" scope=\"col\">Camera<\/th>\n<\/tr>\n<tr>\n<td align=\"left\" width=\"135\">Image Sensor:<\/td>\n<td align=\"left\" width=\"15\">|<\/td>\n<td align=\"left\">2MP&nbsp;CMOS&nbsp;Image&nbsp;Sensor<\/td>\n<\/tr>\n<tr>\n<td align=\"left\" width=\"135\">Signal System:<\/td>\n<td align=\"left\" width=\"15\">|<\/td>\n<td align=\"left\">PAL\/NTSC<\/td>\n<\/tr>\n<tr>\n<td align=\"left\" width=\"135\">Effective Pixels:<\/td>\n<td align=\"left\" width=\"15\">|<\/td>\n<td align=\"left\">1920(H)*1080(V)<\/td>\n<\/tr>\n<tr>\n<td align=\"left\" width=\"135\">Shutter Time:<\/td>\n<td align=\"left\" width=\"15\">|<\/td>\n<td align=\"left\">1\/25(1\/30)&nbsp;s&nbsp;to&nbsp;1\/50,000&nbsp;s<\/td>\n<\/tr>\n<tr>\n<td align=\"left\" width=\"135\">Lens Mount:<\/td>\n<td align=\"left\" width=\"15\">|<\/td>\n<td align=\"left\">M12<\/td>\n<\/tr>\n<tr>\n<td align=\"left\" width=\"135\">Adjustment Range:<\/td>\n<td align=\"left\" width=\"15\">|<\/td>\n<td align=\"left\">Pan:&nbsp;0&nbsp;&#8211;&nbsp;360&deg;,&nbsp;Tilt:&nbsp;0&nbsp;&#8211;&nbsp;180&deg;,&nbsp;Rotation:&nbsp;0&nbsp;&#8211;&nbsp;360&deg;<\/td>\n<\/tr>\n<tr>\n<td align=\"left\" width=\"135\">Day&amp; Night:<\/td>\n<td align=\"left\" width=\"15\">|<\/td>\n<td align=\"left\">IR&nbsp;cut&nbsp;filter&nbsp;with&nbsp;auto&nbsp;switch<\/td>\n<\/tr>\n<tr>\n<td align=\"left\" width=\"135\">Video Frame Rate:<\/td>\n<td align=\"left\" width=\"15\">|<\/td>\n<td align=\"left\">1080p@25fps\/1080p@30fps<\/td>\n<\/tr>\n<tr>\n<td align=\"left\" width=\"135\">HD Video Output:<\/td>\n<td align=\"left\" width=\"15\">|<\/td>\n<td align=\"left\">1&nbsp;Analog&nbsp;HD&nbsp;output<\/td>\n<\/tr>\n<tr>\n<td align=\"left\" width=\"135\">Synchronization:<\/td>\n<td align=\"left\" width=\"15\">|<\/td>\n<td align=\"left\">Internal&nbsp;Synchronization<\/td>\n<\/tr>\n<tr>\n<td align=\"left\" width=\"135\">S\/N Ratio:<\/td>\n<td align=\"left\" width=\"15\">|<\/td>\n<td align=\"left\">More&nbsp;than&nbsp;62&nbsp;dB<\/td>\n<\/tr>\n<tr>\n<th align=\"left\" colspan=\"3\" height=\"50\" scope=\"col\">General<\/th>\n<\/tr>\n<tr>\n<td align=\"left\" width=\"135\">Operating Conditions:<\/td>\n<td align=\"left\" width=\"15\">|<\/td>\n<td align=\"left\">-40&nbsp;&deg;C&nbsp;&#8211;&nbsp;60&nbsp;&deg;C&nbsp;(-40&nbsp;&deg;F&nbsp;&#8211;&nbsp;140&nbsp;&deg;F)<br \/>Humidity&nbsp;90%&nbsp;or&nbsp;less&nbsp;(non-condensing)<\/td>\n<\/tr>\n<tr>\n<td align=\"left\" width=\"135\">Power Supply:<\/td>\n<td align=\"left\" width=\"15\">|<\/td>\n<td align=\"left\">12&nbsp;VDC&plusmn;15%<\/td>\n<\/tr>\n<tr>\n<td align=\"left\" width=\"135\">Weather Proof:<\/td>\n<td align=\"left\" width=\"15\">|<\/td>\n<td align=\"left\">IP66<\/td>\n<\/tr>\n<tr>\n<td align=\"left\" width=\"135\">IR Range:<\/td>\n<td align=\"left\" width=\"15\">|<\/td>\n<td align=\"left\">Up&nbsp;to&nbsp;40m<\/td>\n<\/tr>\n<tr>\n<td align=\"left\" width=\"135\">Dimension:<\/td>\n<td align=\"left\" width=\"15\">|<\/td>\n<td align=\"left\">86.7&nbsp;mm&nbsp;&times;&nbsp;81.6&nbsp;mm&nbsp;&times;&nbsp;226&nbsp;mm(3.4&quot;&nbsp;&times;&nbsp;3.2&quot;&nbsp;&times;&nbsp;8.9&quot;)<\/td>\n<\/tr>\n<tr>\n<td align=\"left\" width=\"135\">Weight:<\/td>\n<td align=\"left\" width=\"15\">|<\/td>\n<td align=\"left\">430&nbsp;g&nbsp;(0.95&nbsp;lb)<\/td>\n<\/tr>\n<\/tbody>\n<\/table>\n","protected":false},"excerpt":{"rendered":"<p>Camera Image Sensor: | 2MP&nbsp;CMOS&nbsp;Image&nbsp;Sensor Signal System: | PAL\/NTSC Effective Pixels: | 1920(H)*1080(V) Shutter Time: | 1\/25(1\/30)&nbsp;s&nbsp;to&nbsp;1\/50,000&nbsp;s Lens Mount: | M12 Adjustment Range: | Pan:&nbsp;0&nbsp;&#8211;&nbsp;360&deg;,&nbsp;Tilt:&nbsp;0&nbsp;&#8211;&nbsp;180&deg;,&nbsp;Rotation:&nbsp;0&nbsp;&#8211;&nbsp;360&deg; Day&amp; Night: | IR&nbsp;cut&nbsp;filter&nbsp;with&nbsp;auto&nbsp;switch Video Frame Rate: | 1080p@25fps\/1080p@30fps HD Video Output: | 1&nbsp;Analog&nbsp;HD&nbsp;output Synchronization: | Internal&nbsp;Synchronization S\/N Ratio: | More&nbsp;than&nbsp;62&nbsp;dB General Operating Conditions: | -40&nbsp;&deg;C&nbsp;&#8211;&nbsp;60&nbsp;&deg;C&nbsp;(-40&nbsp;&deg;F&nbsp;&#8211;&nbsp;140&nbsp;&deg;F)Humidity&nbsp;90%&nbsp;or&nbsp;less&nbsp;(non-condensing) Power Supply: | 12&nbsp;VDC&plusmn;15% [&#8230;]\n","protected":false},"featured_media":1178,"comment_status":"closed","ping_status":"closed","template":"","meta":[],"_links":{"self":[{"href":"https:\/\/nilbilisim.com.tr\/magaza\/wp-json\/wp\/v2\/product\/1177"}],"collection":[{"href":"https:\/\/nilbilisim.com.tr\/magaza\/wp-json\/wp\/v2\/product"}],"about":[{"href":"https:\/\/nilbilisim.com.tr\/magaza\/wp-json\/wp\/v2\/types\/product"}],"replies":[{"embeddable":true,"href":"https:\/\/nilbilisim.com.tr\/magaza\/wp-json\/wp\/v2\/comments?post=1177"}],"wp:featuredmedia":[{"embeddable":true,"href":"https:\/\/nilbilisim.com.tr\/magaza\/wp-json\/wp\/v2\/media\/1178"}],"wp:attachment":[{"href":"https:\/\/nilbilisim.com.tr\/magaza\/wp-json\/wp\/v2\/media?parent=1177"}],"curies":[{"name":"wp","href":"https:\/\/api.w.org\/{rel}","templated":true}]}}