{"id":1179,"date":"2021-02-14T22:03:28","date_gmt":"2021-02-14T19:03:28","guid":{"rendered":"https:\/\/nilbilisim.com.tr\/magaza\/urun\/hikvision-ds-2ce12dft-f-2mp-color-vu-da-mekan-bik-kamera\/"},"modified":"2024-07-01T01:40:30","modified_gmt":"2024-06-30T22:40:30","slug":"hikvision-ds-2ce12dft-f-2mp-color-vu-da-mekan-bik-kamera","status":"publish","type":"product","link":"https:\/\/nilbilisim.com.tr\/magaza\/urun\/hikvision-ds-2ce12dft-f-2mp-color-vu-da-mekan-bik-kamera\/","title":{"rendered":"HIKVISION DS-2CE12DFT-F 2MP Color Vu D\u0131\u015f Mekan B\u00fcy\u00fck Kamera"},"content":{"rendered":"<ul>\n<li>2 MP tam zamanl\u0131 renkli mermi kamera<\/li>\n<li>7\/24 tam renkli g&ouml;r&uuml;nt&uuml;leme<\/li>\n<li>40 m menzil ile s\u0131cak ek \u0131\u015f\u0131k<\/li>\n<li>130 dB ger&ccedil;ek WDR teknolojisi sayesinde g&uuml;&ccedil;l&uuml; arka ayd\u0131nlatmaya kar\u015f\u0131 net g&ouml;r&uuml;nt&uuml;leme<\/li>\n<li>3D DNR teknolojisi, temiz ve keskin g&ouml;r&uuml;nt&uuml;ler sunar<\/li>\n<li>Suya ve toza dayan\u0131kl\u0131 (IP67)<\/li>\n<li>4&#039;&uuml; 1 arada (4 sinyal de\u011fi\u015ftirilebilir TVI \/ AHD \/ CVI \/ CVBS);<\/li>\n<\/ul>\n<ul>\n<li><strong>Kamera<\/strong><\/li>\n<li>Yava\u015f Deklan\u015f&ouml;rMaks.&nbsp;16x<\/li>\n<li>Lens 3,6 mm, 6 mm sabit lens<\/li>\n<li>Yatay G&ouml;r&uuml;\u015f Alan\u0131 83,6 &deg; (3,6 mm), 52,8 &deg; (6 mm)<\/li>\n<li>Lens Yuvas\u0131 M16<\/li>\n<li>G&uuml;nd&uuml;z Gece Renk<\/li>\n<li>Senkronizasyon Dahili senkronizasyon<\/li>\n<li>WDR&nbsp; (Geni\u015f Dinamik Aral\u0131k)130 dB<\/li>\n<li>A&ccedil;\u0131 Ayar\u0131Pan: 0 &deg; ila 360 &deg;;&nbsp;E\u011fim: 0 &deg; ila 180 &deg;;&nbsp;D&ouml;nd&uuml;r: 0 &deg; ila 360 &deg;<\/li>\n<li>G&ouml;r&uuml;nt&uuml; Sens&ouml;r&uuml;2 MP CMOS g&ouml;r&uuml;nt&uuml; sens&ouml;r&uuml;<\/li>\n<li>Kare H\u0131z\u0131PAL: 1080p @ 25fps NTSC: 1080p @ 30fps<\/li>\n<li>&Ccedil;&ouml;z&uuml;m1920 (Y) &times; 1080 (D)<\/li>\n<li>Min.&nbsp;Ayd\u0131nlatmaRenk: 0.0005 Lux @ (F1.0, AGC ON), beyaz \u0131\u015f\u0131kl\u0131 0 Lux<\/li>\n<li>Deklan\u015f&ouml;r Zaman\u0131PAL: 1\/25 s ila 1\/50, 000 s NTSC: 1\/30 s ila 1\/50, 000 s<\/li>\n<\/ul>\n<ul>\n<li><strong>Men&uuml;<\/strong><\/li>\n<li>Beyaz I\u015f\u0131k 40 m&#039;ye kadar<\/li>\n<li>AGC Evet<\/li>\n<li>Beyaz DengesiOtomatik \/ Manuel<\/li>\n<li>Gizlilik Maskesi4 programlanabilir gizlilik maskesi<\/li>\n<li>Hareket Alg\u0131lama4 programlanabilir alan<\/li>\n<li>Arka I\u015f\u0131k TelafisiEvet<\/li>\n<li>WDREvet<\/li>\n<li>FonksiyonlarParlakl\u0131k, Netlik, 3D DNR, Ayna, Ak\u0131ll\u0131 \u0131\u015f\u0131k<\/li>\n<li>HLCEvet<\/li>\n<\/ul>\n<ul>\n<li><strong>Aray&uuml;z<\/strong><\/li>\n<li>Video &Ccedil;\u0131k\u0131\u015f\u01311 HD analog &ccedil;\u0131k\u0131\u015f<\/li>\n<li>Anahtar D&uuml;\u011fmesiTVI \/ AHD \/ CVI \/ CVBS<\/li>\n<\/ul>\n<ul>\n<li><strong>Genel<\/strong><\/li>\n<li>Operasyon Durumu-40 &deg; C ila 60 &deg; C (-40 &deg; F ila 140 &deg; F), nem:% 90 veya daha az (yo\u011fu\u015fmas\u0131z)<\/li>\n<li>G&uuml;&ccedil; Kayna\u011f\u013112 VDC &plusmn;% 25<\/li>\n<li>G&uuml;&ccedil; T&uuml;ketimiMaks.&nbsp;4,2 W<\/li>\n<li>Koruma SeviyesiIP67<\/li>\n<li>Malzeme&Ouml;n Kapak: Metal Ana G&ouml;vde: Plastik Braket: Metal<\/li>\n<li>\u0130leti\u015fimKoaksay\u0131 y&uuml;kselt, Protokol: HIKVISION-C (TVI &ccedil;\u0131k\u0131\u015f\u0131)<\/li>\n<li>Boyutlar223,1 mm &times; 77,1 mm &times; 82,6 mm (8,78 in&ccedil; &times; 3,04 in&ccedil; &times; 3,25 in&ccedil;)<\/li>\n<li>A\u011f\u0131rl\u0131kYakla\u015f\u0131k.&nbsp;436 g (0,96 lb.)<\/li>\n<\/ul>\n","protected":false},"excerpt":{"rendered":"<p>2 MP tam zamanl\u0131 renkli mermi kamera 7\/24 tam renkli g&ouml;r&uuml;nt&uuml;leme 40 m menzil ile s\u0131cak ek \u0131\u015f\u0131k 130 dB ger&ccedil;ek WDR teknolojisi sayesinde g&uuml;&ccedil;l&uuml; arka ayd\u0131nlatmaya kar\u015f\u0131 net g&ouml;r&uuml;nt&uuml;leme 3D DNR teknolojisi, temiz ve keskin g&ouml;r&uuml;nt&uuml;ler sunar Suya ve toza dayan\u0131kl\u0131 (IP67) 4&#039;&uuml; 1 arada (4 sinyal de\u011fi\u015ftirilebilir TVI \/ AHD \/ CVI \/ [&#8230;]\n","protected":false},"featured_media":1180,"comment_status":"closed","ping_status":"closed","template":"","meta":[],"_links":{"self":[{"href":"https:\/\/nilbilisim.com.tr\/magaza\/wp-json\/wp\/v2\/product\/1179"}],"collection":[{"href":"https:\/\/nilbilisim.com.tr\/magaza\/wp-json\/wp\/v2\/product"}],"about":[{"href":"https:\/\/nilbilisim.com.tr\/magaza\/wp-json\/wp\/v2\/types\/product"}],"replies":[{"embeddable":true,"href":"https:\/\/nilbilisim.com.tr\/magaza\/wp-json\/wp\/v2\/comments?post=1179"}],"wp:featuredmedia":[{"embeddable":true,"href":"https:\/\/nilbilisim.com.tr\/magaza\/wp-json\/wp\/v2\/media\/1180"}],"wp:attachment":[{"href":"https:\/\/nilbilisim.com.tr\/magaza\/wp-json\/wp\/v2\/media?parent=1179"}],"curies":[{"name":"wp","href":"https:\/\/api.w.org\/{rel}","templated":true}]}}