{"id":1183,"date":"2021-02-14T22:03:32","date_gmt":"2021-02-14T19:03:32","guid":{"rendered":"https:\/\/nilbilisim.com.tr\/magaza\/urun\/hikvision-ds-2ce11d8t-pirl-2mp-pir-da-mekan-kamera\/"},"modified":"2024-07-01T01:40:29","modified_gmt":"2024-06-30T22:40:29","slug":"hikvision-ds-2ce11d8t-pirl-2mp-pir-da-mekan-kamera","status":"publish","type":"product","link":"https:\/\/nilbilisim.com.tr\/magaza\/urun\/hikvision-ds-2ce11d8t-pirl-2mp-pir-da-mekan-kamera\/","title":{"rendered":"HIKVISION DS-2CE11D8T-PIRL 2MP PIR D\u0131\u015f Mekan Kamera"},"content":{"rendered":"<ul>\n<li>2 MP y&uuml;ksek performansl\u0131 PIR bullet kamera<\/li>\n<li>Davetsiz misafirleri ger&ccedil;ek zamanl\u0131 olarak uyarmak i&ccedil;in PIR alg\u0131lama ve fla\u015f \u0131\u015f\u0131\u011f\u0131 alarm\u0131<\/li>\n<li>G&uuml;&ccedil;l&uuml; gece performans\u0131, 0.003 l&uuml;kse kadar ultra d&uuml;\u015f&uuml;k \u0131\u015f\u0131kta g&ouml;r&uuml;nt&uuml; yakalama<\/li>\n<li>130 dB ger&ccedil;ek WDR teknolojisi sayesinde g&uuml;&ccedil;l&uuml; arka ayd\u0131nlatmaya kar\u015f\u0131 bile net g&ouml;r&uuml;nt&uuml;leme<\/li>\n<li>3D DNR teknolojisi, temiz ve keskin g&ouml;r&uuml;nt&uuml;ler sunar<\/li>\n<li>EXIR 2.0: 30 m IR mesafeli geli\u015fmi\u015f k\u0131z\u0131l&ouml;tesi teknolojisi<\/li>\n<li>Suya ve toza dayan\u0131kl\u0131 (IP67);<\/li>\n<\/ul>\n<ul>\n<li>\n<p><img alt=\"\" src=\"https:\/\/www.detayresimler.com\/urun\/2\/2CE11D8T-PIR.jpg\" \/><\/p>\n<p>&nbsp;<\/p>\n<\/li>\n<li>\n<p><img alt=\"\" src=\"https:\/\/www.detayresimler.com\/urun\/2\/2CE11D8T-PIR_1.jpg\" \/><\/p>\n<p>&nbsp;<\/p>\n<\/li>\n<li>\n<p><img alt=\"\" src=\"https:\/\/www.detayresimler.com\/urun\/2\/2CE11D8T-PIR_2.jpg\" \/><\/p>\n<p>&nbsp;<\/p>\n<\/li>\n<li>\n<p><img alt=\"\" src=\"https:\/\/www.detayresimler.com\/urun\/2\/2CE11D8T-PIR_3.jpg\" \/><\/p>\n<p>&nbsp;<\/p>\n<\/li>\n<li>\n<p><img alt=\"\" src=\"https:\/\/www.detayresimler.com\/urun\/2\/2CE11D8T-PIR_4.jpg\" \/><\/p>\n<\/li>\n<\/ul>\n<p>&nbsp;<\/p>\n<ul>\n<li>Kamera<\/li>\n<li>Yava\u015f EnstantaneMaks.&nbsp;16 kez<\/li>\n<li>Objektif2.8 mm, 3.6 mm sabit lens<\/li>\n<li>Yatay G&ouml;r&uuml;\u015f Alan\u0131103,5 &deg; (2,8 mm), 82,6 &deg; (3,6 mm)<\/li>\n<li>Lens Yuvas\u0131M12<\/li>\n<li>Strobe I\u015f\u0131k Alarm\u0131Evet<\/li>\n<li>G&uuml;nd&uuml;z Ve GeceICR<\/li>\n<li>WDR (Geni\u015f Dinamik Aral\u0131k)&ge;130 dB<\/li>\n<li>A&ccedil;\u0131 Ayar\u0131Pan: 0 &deg; ila 360 &deg;, E\u011fim: 0 &deg; ila 180 &deg;, D&ouml;nd&uuml;r: 0 &deg; ila 360 &deg;<\/li>\n<li>G&ouml;r&uuml;nt&uuml; Sens&ouml;r&uuml;2 MP CMOS<\/li>\n<li>Sinyal SistemiPAL \/ NTSC<\/li>\n<li>Kare H\u0131z\u0131PAL: 1080p @ 25fps NTSC: 1080p @ 30fps<\/li>\n<li>&Ccedil;&ouml;z&uuml;n&uuml;rl&uuml;k1920 (Y) &times; 1080 (D)<\/li>\n<li>Min.&nbsp;Ayd\u0131nlatma0.003 Lux @ (F1.2, AGC ON), IR&#039;li 0 Lux<\/li>\n<li>Enstantane S&uuml;resiPAL: 1\/25 s ila 1\/50, 000 s NTSC: 1\/30 s ila 1\/50, 000 s<\/li>\n<\/ul>\n<ul>\n<li>Men&uuml;<\/li>\n<li>Beyaz I\u015f\u0131kAlarm\u0131 \/ Kapal\u0131<\/li>\n<li>G&ouml;r&uuml;nt&uuml; ModuSTD \/ HIGH-SAT<\/li>\n<li>AGCEvet<\/li>\n<li>G&uuml;nd&uuml;z \/ Gece ModuOtomatik \/ Renkli \/ Siyah Beyaz (Siyah Beyaz)<\/li>\n<li>Beyaz DengesiOtomatik \/ Manuel<\/li>\n<li>AE (Otomatik Pozlama) ModuWDR \/ BLC \/ HLC \/ Global<\/li>\n<li>Gizlilik Maskesi4 programlanabilir gizlilik maskesi<\/li>\n<li>Hareket Alg\u0131lama4 programlanabilir hareket alan\u0131<\/li>\n<li>3D DNR (Dijital G&uuml;r&uuml;lt&uuml; Azaltma)3D DNR<\/li>\n<li>Dil\u0130ngilizce<\/li>\n<li>FonksiyonlarParlakl\u0131k, Netlik, Ayna, Ak\u0131ll\u0131 IR<\/li>\n<\/ul>\n<ul>\n<li>Aray&uuml;z<\/li>\n<li>Video &Ccedil;\u0131k\u0131\u015f\u01311 HD analog &ccedil;\u0131k\u0131\u015f<\/li>\n<\/ul>\n<ul>\n<li>Genel<\/li>\n<li>&Ccedil;al\u0131\u015fma Durumu-40 &deg; C ila 60 &deg; C (-40 &deg; F ila 140 &deg; F), nem:% 90 veya daha az (yo\u011fu\u015fmas\u0131z)<\/li>\n<li>G&uuml;&ccedil; Kayna\u011f\u013112 VDC &plusmn;% 25 * Bir kameraya g&uuml;&ccedil; sa\u011flamak i&ccedil;in bir g&uuml;&ccedil; adapt&ouml;r&uuml; kullanman\u0131z &ouml;nerilir.<\/li>\n<li>G&uuml;&ccedil; T&uuml;ketimiMaks.&nbsp;4,5 W<\/li>\n<li>Malzeme:Metal<\/li>\n<li>IR Aral\u0131\u011f\u013130 m&#039;ye kadar<\/li>\n<li>Beyaz I\u015f\u0131k Aral\u0131\u011f\u013120 m&#039;ye kadar<\/li>\n<li>PIR Aral\u0131kA&ccedil;\u0131s\u0131: 110 &deg;<\/li>\n<li>\u0130leti\u015fimHIKVISION-C<\/li>\n<li>Boyutlar68 mm &times; 70 mm &times; 179,8 mm (2,68 &quot;&times; 2,76&quot; &times; 7,08 &quot;)<\/li>\n<li>A\u011f\u0131rl\u0131kYakla\u015f\u0131k.&nbsp;345 g (0,76 lb.)<\/li>\n<li>Korumas\u0131n\u0131f\u0131 IP67<\/li>\n<\/ul>\n","protected":false},"excerpt":{"rendered":"<p>2 MP y&uuml;ksek performansl\u0131 PIR bullet kamera Davetsiz misafirleri ger&ccedil;ek zamanl\u0131 olarak uyarmak i&ccedil;in PIR alg\u0131lama ve fla\u015f \u0131\u015f\u0131\u011f\u0131 alarm\u0131 G&uuml;&ccedil;l&uuml; gece performans\u0131, 0.003 l&uuml;kse kadar ultra d&uuml;\u015f&uuml;k \u0131\u015f\u0131kta g&ouml;r&uuml;nt&uuml; yakalama 130 dB ger&ccedil;ek WDR teknolojisi sayesinde g&uuml;&ccedil;l&uuml; arka ayd\u0131nlatmaya kar\u015f\u0131 bile net g&ouml;r&uuml;nt&uuml;leme 3D DNR teknolojisi, temiz ve keskin g&ouml;r&uuml;nt&uuml;ler sunar EXIR 2.0: 30 [&#8230;]\n","protected":false},"featured_media":1184,"comment_status":"closed","ping_status":"closed","template":"","meta":[],"_links":{"self":[{"href":"https:\/\/nilbilisim.com.tr\/magaza\/wp-json\/wp\/v2\/product\/1183"}],"collection":[{"href":"https:\/\/nilbilisim.com.tr\/magaza\/wp-json\/wp\/v2\/product"}],"about":[{"href":"https:\/\/nilbilisim.com.tr\/magaza\/wp-json\/wp\/v2\/types\/product"}],"replies":[{"embeddable":true,"href":"https:\/\/nilbilisim.com.tr\/magaza\/wp-json\/wp\/v2\/comments?post=1183"}],"wp:featuredmedia":[{"embeddable":true,"href":"https:\/\/nilbilisim.com.tr\/magaza\/wp-json\/wp\/v2\/media\/1184"}],"wp:attachment":[{"href":"https:\/\/nilbilisim.com.tr\/magaza\/wp-json\/wp\/v2\/media?parent=1183"}],"curies":[{"name":"wp","href":"https:\/\/api.w.org\/{rel}","templated":true}]}}