{"id":1185,"date":"2021-02-14T22:03:34","date_gmt":"2021-02-14T19:03:34","guid":{"rendered":"https:\/\/nilbilisim.com.tr\/magaza\/urun\/hikvision-ds-2ce16h0t-itf-5mp-bullet-metal-kamera\/"},"modified":"2024-07-01T01:40:29","modified_gmt":"2024-06-30T22:40:29","slug":"hikvision-ds-2ce16h0t-itf-5mp-bullet-metal-kamera","status":"publish","type":"product","link":"https:\/\/nilbilisim.com.tr\/magaza\/urun\/hikvision-ds-2ce16h0t-itf-5mp-bullet-metal-kamera\/","title":{"rendered":"HIKVISION DS-2CE16H0T-ITF 5MP Bullet Metal Kamera"},"content":{"rendered":"<ul>\n<li>5 MP mermi kamera<\/li>\n<li>EXIR 2.0: 20 m IR mesafeli geli\u015fmi\u015f k\u0131z\u0131l&ouml;tesi teknolojisi<\/li>\n<li>Suya ve toza dayan\u0131kl\u0131 (IP67)<\/li>\n<li>4&#039;&uuml; 1 arada (4 sinyal de\u011fi\u015ftirilebilir TVI \/ AHD \/ CVI \/ CVBS);<\/li>\n<\/ul>\n<ul>\n<li><strong>Kamera<\/strong><\/li>\n<li>Lens2,8 mm, 3,6 mm, 6 mm sabit odakl\u0131 lens<\/li>\n<li>Yatay G&ouml;r&uuml;\u015f Alan\u013185,5 &deg; (2,8 mm), 80,1 &deg; (3,6 mm), 57,1 &deg; (6 mm)<\/li>\n<li>Lens Yuvas\u0131M12<\/li>\n<li>G&uuml;nd&uuml;z GeceIR kesme filtresi<\/li>\n<li>SenkronizasyonDahili senkronizasyon<\/li>\n<li>A&ccedil;\u0131 Ayar\u0131Pan: 0 &deg; ila 360 &deg;;&nbsp;E\u011fim: 0 &deg; ila 180 &deg;;&nbsp;D&ouml;nd&uuml;r: 0 &deg; ila 360 &deg;<\/li>\n<li>G&ouml;r&uuml;nt&uuml; Sens&ouml;r&uuml;5 MP CMOS g&ouml;r&uuml;nt&uuml; sens&ouml;r&uuml;<\/li>\n<li>Kare H\u0131z\u0131PAL: 5 MP @ 20fps, 4 MP @ 25fps, 1080p @ 25fps NTSC: 5 MP @ 20fps, 4 MP @ 30fps, 1080p @ 30fps<\/li>\n<li>&Ccedil;&ouml;z&uuml;m2560 (Y) &times; 1944 (D)<\/li>\n<li>Min.&nbsp;Ayd\u0131nlatmaRenk: 0.01 Lux @ (F1.2, AGC ON), IR&#039;li 0 Lux<\/li>\n<li>Deklan\u015f&ouml;r Zaman\u0131PAL: 1\/25 s ila 1\/50, 000 s NTSC: 1\/30 s ila 1\/50, 000 s<\/li>\n<\/ul>\n<ul>\n<li><strong>Men&uuml;<\/strong><\/li>\n<li>AGCDestek<\/li>\n<li>G&uuml;nd&uuml;z \/ Gece ModuOtomatik \/ Renkli \/ Siyah Beyaz (Siyah Beyaz)<\/li>\n<li>Beyaz DengesiATW \/ MWB<\/li>\n<li>Arka I\u015f\u0131k TelafisiDestek<\/li>\n<li>DWDR (Dijital Geni\u015f Dinamik Aral\u0131k)Destek<\/li>\n<li>Dilingilizce<\/li>\n<li>FonksiyonlarParlakl\u0131k, Netlik, DNR, Ayna, Ak\u0131ll\u0131 IR<\/li>\n<\/ul>\n<ul>\n<li><strong>Aray&uuml;z<\/strong><\/li>\n<li>Video &Ccedil;\u0131k\u0131\u015f\u01311 HD analog &ccedil;\u0131k\u0131\u015f<\/li>\n<li>Anahtar D&uuml;\u011fmesiTVI \/ AHD \/ CVI \/ CVBS<\/li>\n<\/ul>\n<ul>\n<li><strong>Genel<\/strong><\/li>\n<li>Operasyon Durumu-40 &deg; C ila 60 &deg; C (-40 &deg; F ila 140 &deg; F), nem:% 90 veya daha az (yo\u011fu\u015fmas\u0131z)<\/li>\n<li>G&uuml;&ccedil; Kayna\u011f\u013112 VDC &plusmn;% 25<\/li>\n<li>G&uuml;&ccedil; T&uuml;ketimiMaks.&nbsp;4,3 W<\/li>\n<li>Koruma SeviyesiIP67<\/li>\n<li>MalzemeMetal<\/li>\n<li>IR Aral\u0131\u011f\u013120 m&#039;ye kadar<\/li>\n<li>\u0130leti\u015fimKoaksay\u0131 y&uuml;kselt, Protokol: HIKVISION-C (TVI &ccedil;\u0131k\u0131\u015f\u0131)<\/li>\n<li>Boyutlar58 mm &times; 61 mm &times; 163 mm (2,28 &quot;&times; 2,40&quot; &times; 6,42 &quot;)<\/li>\n<li>A\u011f\u0131rl\u0131kYakla\u015f\u0131k.&nbsp;350 g (0,77 lb.)<\/li>\n<\/ul>\n","protected":false},"excerpt":{"rendered":"<p>5 MP mermi kamera EXIR 2.0: 20 m IR mesafeli geli\u015fmi\u015f k\u0131z\u0131l&ouml;tesi teknolojisi Suya ve toza dayan\u0131kl\u0131 (IP67) 4&#039;&uuml; 1 arada (4 sinyal de\u011fi\u015ftirilebilir TVI \/ AHD \/ CVI \/ CVBS); Kamera Lens2,8 mm, 3,6 mm, 6 mm sabit odakl\u0131 lens Yatay G&ouml;r&uuml;\u015f Alan\u013185,5 &deg; (2,8 mm), 80,1 &deg; (3,6 mm), 57,1 &deg; (6 mm) [&#8230;]\n","protected":false},"featured_media":1186,"comment_status":"closed","ping_status":"closed","template":"","meta":[],"_links":{"self":[{"href":"https:\/\/nilbilisim.com.tr\/magaza\/wp-json\/wp\/v2\/product\/1185"}],"collection":[{"href":"https:\/\/nilbilisim.com.tr\/magaza\/wp-json\/wp\/v2\/product"}],"about":[{"href":"https:\/\/nilbilisim.com.tr\/magaza\/wp-json\/wp\/v2\/types\/product"}],"replies":[{"embeddable":true,"href":"https:\/\/nilbilisim.com.tr\/magaza\/wp-json\/wp\/v2\/comments?post=1185"}],"wp:featuredmedia":[{"embeddable":true,"href":"https:\/\/nilbilisim.com.tr\/magaza\/wp-json\/wp\/v2\/media\/1186"}],"wp:attachment":[{"href":"https:\/\/nilbilisim.com.tr\/magaza\/wp-json\/wp\/v2\/media?parent=1185"}],"curies":[{"name":"wp","href":"https:\/\/api.w.org\/{rel}","templated":true}]}}