{"id":1187,"date":"2021-02-14T22:03:35","date_gmt":"2021-02-14T19:03:35","guid":{"rendered":"https:\/\/nilbilisim.com.tr\/magaza\/urun\/hikvision-ds-2cd2121g0-i-2mp-poe-mini-dome-ip-kamera\/"},"modified":"2024-07-01T01:40:29","modified_gmt":"2024-06-30T22:40:29","slug":"hikvision-ds-2cd2121g0-i-2mp-poe-mini-dome-ip-kamera","status":"publish","type":"product","link":"https:\/\/nilbilisim.com.tr\/magaza\/urun\/hikvision-ds-2cd2121g0-i-2mp-poe-mini-dome-ip-kamera\/","title":{"rendered":"HIKVISION DS-2CD2121G0-I 2MP PoE Mini Dome IP Kamera"},"content":{"rendered":"<ul>\n<li><strong>Kamera<\/strong><\/li>\n<li>G&ouml;r&uuml;nt&uuml; Sens&ouml;r&uuml;1 \/ 2,8 &quot;A\u015famal\u0131 Tarama CMOS<\/li>\n<li>Min.&nbsp;Ayd\u0131nlatmaRenk: 0.028Lux @ (F2.0, AGC ON) S \/ B: 0.0028 Lux @ (F2.0, AGC ON), IR ile 0 Lux<\/li>\n<li>Deklan\u015f&ouml;r H\u0131z\u01311\/3 sn &#8211; 1 \/ 100.000 sn<\/li>\n<li>Yava\u015f Deklan\u015f&ouml;rEvet<\/li>\n<li>Geni\u015f Dinamik Alan120 dB<\/li>\n<li>G&uuml;nd&uuml;z GeceIR Kesme Filtresi<\/li>\n<li>A&ccedil;\u0131 Ayar\u0131Pan: 0 &deg; &#8211; 355 &deg;, e\u011fim: 0 &deg; &#8211; 70 &deg;, d&ouml;nd&uuml;rme: 0 &deg; &#8211; 355 &deg;<\/li>\n<\/ul>\n<ul>\n<li><strong>Lens<\/strong><\/li>\n<li>OdaklanmaSabit<\/li>\n<li>Lens Tipi2,8 \/ 4\/6 mm<\/li>\n<li>FOV2,8 mm: yatay FOV: 115 &deg;, dikey FOV: 62 &deg;, diyagonal FOV: 136 &deg; 4 mm: yatay FOV: 86 &deg;, dikey FOV: 47 &deg;, diyagonal FOV: 103 &deg; 6 mm: yatay FOV: 55 &deg;, dikey FOV: 31 &deg;, diyagonal FOV: 62 &deg;<\/li>\n<li>Diyafram A&ccedil;\u0131kl\u0131\u011f\u0131F2.0<\/li>\n<li>Lens Yuvas\u0131M12<\/li>\n<li>Otomatik \u0130risHay\u0131r<\/li>\n<\/ul>\n<ul>\n<li><strong>Ayd\u0131nlat\u0131c\u0131<\/strong><\/li>\n<li>IR Aral\u0131\u011f\u013130 m&#039;ye kadar<\/li>\n<li>Dalgaboyu850 nm<\/li>\n<\/ul>\n<ul>\n<li><strong>Video<\/strong><\/li>\n<li>Maks. Alan Say\u0131s\u0131&nbsp;&Ccedil;&ouml;z&uuml;m1920 &times; 1080<\/li>\n<li>Ana Ak\u0131\u015f50Hz: 25 fps (1920 &times; 1080, 1280 &times; 960, 1280 &times; 720) 60Hz: 30 fps (1920 &times; 1080, 1280 &times; 960, 1280 &times; 720)<\/li>\n<li>Alt Ak\u0131\u015f50Hz: 25 fps (704 &times; 576, 640 &times; 480, 352 &times; 288, 320 &times; 240) 60Hz: 30 fps (704 &times; 480, 640 &times; 480, 352 &times; 240, 320 &times; 240)<\/li>\n<li>Video S\u0131k\u0131\u015ft\u0131rmaAna ak\u0131\u015f: H.265 \/ H.264 Alt ak\u0131\u015f: H.265 \/ H.264 \/ MJPEG<\/li>\n<li>Video Bit H\u0131z\u013132 Kbps &#8211; 8 Mbps<\/li>\n<li>H.264 T&uuml;r&uuml;Temel Profil \/ Ana Profil \/ Y&uuml;ksek Profil<\/li>\n<li>H.265 T&uuml;r&uuml;Ana Profil<\/li>\n<li>H.264 +Ana ak\u0131\u015f destekleri<\/li>\n<li>H.265 +Ana ak\u0131\u015f destekleri<\/li>\n<li>&Ouml;l&ccedil;eklenebilir Video Kodlama (SVC)Hay\u0131r<\/li>\n<li>\u0130lgi B&ouml;lgesi (ROI)Ana ak\u0131\u015f i&ccedil;in 1 sabit b&ouml;lge<\/li>\n<\/ul>\n<ul>\n<li><strong>Ses<\/strong><\/li>\n<li>Ortam G&uuml;r&uuml;lt&uuml;s&uuml; Filtreleme-S: Evet<\/li>\n<li>Ses &Ouml;rnekleme Oran\u0131 -S: 8 kHz \/ 16 kHz \/ 32 kHz \/ 44,1 kHz \/ 48 kHz<\/li>\n<li>Ses S\u0131k\u0131\u015ft\u0131rma -S: G.711 \/ G.722.1 \/ G.726 \/ MP2L2 \/ PCM<\/li>\n<li>Ses Bit H\u0131z\u0131 -S: 64Kbps (G.711) \/ 16Kbps (G.722.1) \/ 16Kbps (G.726) \/ 32-192Kbps (MP2L2)<\/li>\n<\/ul>\n<ul>\n<li><strong>A\u011f<\/strong><\/li>\n<li>E\u015fzamanl\u0131 Canl\u0131 G&ouml;r&uuml;nt&uuml;6 kanala kadar<\/li>\n<li>APIONVIF (PROF\u0130L S, PROF\u0130L G), ISAPI<\/li>\n<li>ProtokollerTCP \/ IP, ICMP, HTTP, HTTPS, FTP, DHCP, DNS, DDNS, RTP, RTSP, RTCP, PPPoE, NTP, UPnP &trade;, SMTP, SNMP, IGMP, 802.1X, QoS, IPv6, Bonjour<\/li>\n<li>Kullan\u0131c\u0131 \/ Bar\u0131nd\u0131r\u0131c\u013132 kullan\u0131c\u0131ya kadar.&nbsp;3 seviye: y&ouml;netici, operat&ouml;r ve kullan\u0131c\u0131<\/li>\n<li>A\u011f DepolamaDahili mikro SD \/ mikro SDHC \/ mikro SDXC kart\u0131 (128 GB), yerel depolama ve NAS (NFS, SMB \/ CIFS), ANR deste\u011fi<\/li>\n<li>M&uuml;\u015fteriKablolu a\u011f: Hik-Connect, iVMS-4200, iVMS-5200, iVMS-4500 Wi-Fi: iVMS-4200, iVMS-5200, iVMS-4500<\/li>\n<li>\u0130nternet Taray\u0131c\u0131s\u0131IE 8+, Chrome 31.0-44, Firefox 30.0-51, Safari 8.0+<\/li>\n<li>Alarm TetikleyiciHareket alg\u0131lama, video kurcalama, a\u011f ba\u011flant\u0131s\u0131 kesildi, IP adresi &ccedil;ak\u0131\u015fmas\u0131, yasad\u0131\u015f\u0131 oturum a&ccedil;ma, HDD dolu, HDD hatas\u0131<\/li>\n<\/ul>\n<ul>\n<li><strong>Kablosuz Internet<\/strong><\/li>\n<li>\u015eifreleme Modu-W: 64\/128-bit WEP, WPA \/ WPA2, WPA-PSK \/ WPA2-PSK, WPS<\/li>\n<li>Wi-Fi Protokol&uuml;-W: 802.11b: DQPSK, DBPSK, CCK 802.11g \/ n: 64-QAM, 16-QAM, QPSK, BPSK<\/li>\n<li>Frekans Aral\u0131\u011f\u0131-W: 2,4 GHz ila 2,4835 GHz<\/li>\n<li>Kanal Bant Geni\u015fli\u011fi-W: 20\/40 MHz<\/li>\n<li>Transfer Oran\u0131-W: 11b: 11 Mbps 11g: 54 Mbps 11n: 65 Mbps<\/li>\n<li>Kablosuz Menzil-G: 50 m<\/li>\n<\/ul>\n<ul>\n<li><strong>Resim<\/strong><\/li>\n<li>G&uuml;nd&uuml;z \/ Gece Anahtar\u0131G&uuml;nd&uuml;z \/ Gece \/ Otomatik \/ Program \/ (-S) &#039;de alarmla tetiklendi<\/li>\n<li>Hedef K\u0131rpmaHay\u0131r<\/li>\n<li>DNR3D DNR<\/li>\n<li>G&ouml;r&uuml;nt&uuml; Geli\u015ftirmeBLC \/ 3D DNR<\/li>\n<li>G&ouml;r&uuml;nt&uuml; Ayarlar\u0131\u0130stemci yaz\u0131l\u0131m\u0131 veya web taray\u0131c\u0131s\u0131 taraf\u0131ndan ayarlanabilen d&ouml;nd&uuml;rme modu, doygunluk, parlakl\u0131k, kontrast, keskinlik<\/li>\n<\/ul>\n<ul>\n<li><strong>Aray&uuml;z<\/strong><\/li>\n<li>Ses-S: 1 giri\u015f (hat giri\u015fi), 1 &ccedil;\u0131k\u0131\u015f (hat &ccedil;\u0131k\u0131\u015f\u0131), mono ses<\/li>\n<li>Alarm-S: 1 giri\u015f, 1 &ccedil;\u0131k\u0131\u015f<\/li>\n<li>Video &Ccedil;\u0131k\u0131\u015f\u0131Hay\u0131r<\/li>\n<li>Yerle\u015fik Depolama128 GB&#039;a kadar yerle\u015fik mikro SD \/ mikro SDHC \/ mikro SDXC yuvas\u0131<\/li>\n<li>Donan\u0131m S\u0131f\u0131rlamaEvet<\/li>\n<li>\u0130leti\u015fim Aray&uuml;z&uuml;1 RJ45 10M \/ 100M kendinden uyarlamal\u0131 Ethernet ba\u011flant\u0131 noktas\u0131<\/li>\n<\/ul>\n<ul>\n<li><strong>Etkinlik<\/strong><\/li>\n<li>Ak\u0131ll\u0131 Etkinlik&Ccedil;izgiyi ge&ccedil;me tespiti, izinsiz giri\u015f tespiti<\/li>\n<\/ul>\n<ul>\n<li><strong>Genel<\/strong><\/li>\n<li>Firmware S&uuml;r&uuml;m&uuml;V5.5.98<\/li>\n<li>Genel FonksiyonTek tu\u015fla s\u0131f\u0131rlama, titre\u015fim &ouml;nleme, kalp at\u0131\u015f\u0131, ayna, parola korumas\u0131, gizlilik maskesi, filigran, IP adresi filtresi<\/li>\n<li>Ba\u015flatma Ve &Ccedil;al\u0131\u015fma Ko\u015fullar\u0131-30 &deg; C ila +60 &deg; C (-22 &deg; F ila +140 &deg; F), nem% 95 veya daha az (yo\u011fu\u015fmas\u0131z)<\/li>\n<li>G&uuml;&ccedil; Kayna\u011f\u013112 VDC &plusmn;% 25, ??PoE (802.3af, s\u0131n\u0131f 3)<\/li>\n<li>G&uuml;&ccedil; T&uuml;ketimi Ve Ak\u0131mPoE: (802.3af, 36 V &#8211; 57 V), 0.2 A &#8211; 0.1 A, maks.&nbsp;6.5 W;&nbsp;12 VDC, 0,4 A, maks.&nbsp;5 W<\/li>\n<li>Kamera BoyutuKamera: &Oslash;111 &times; 82,4 mm (&Oslash;4,4 &quot;&times; 3,2&quot;) Ambalajla birlikte: 135 &times; 135 &times; 110 mm (5,3 &quot;&times; 5,3&quot; &times; 4,3 &quot;)<\/li>\n<li>Kamera A\u011f\u0131rl\u0131\u011f\u0131Kamera: yakl.&nbsp;497 g (1,1 lb.) Ambalajla birlikte: yakl.&nbsp;597 g (1,3 lb.)<\/li>\n<\/ul>\n<ul>\n<li><strong>Onay<\/strong><\/li>\n<li>KorumaGiri\u015f korumas\u0131: IP67 (IEC 60529-2013), IK10 (IEC 62262: 2002)<\/li>\n<\/ul>\n","protected":false},"excerpt":{"rendered":"<p>Kamera G&ouml;r&uuml;nt&uuml; Sens&ouml;r&uuml;1 \/ 2,8 &quot;A\u015famal\u0131 Tarama CMOS Min.&nbsp;Ayd\u0131nlatmaRenk: 0.028Lux @ (F2.0, AGC ON) S \/ B: 0.0028 Lux @ (F2.0, AGC ON), IR ile 0 Lux Deklan\u015f&ouml;r H\u0131z\u01311\/3 sn &#8211; 1 \/ 100.000 sn Yava\u015f Deklan\u015f&ouml;rEvet Geni\u015f Dinamik Alan120 dB G&uuml;nd&uuml;z GeceIR Kesme Filtresi A&ccedil;\u0131 Ayar\u0131Pan: 0 &deg; &#8211; 355 &deg;, e\u011fim: 0 &deg; [&#8230;]\n","protected":false},"featured_media":1188,"comment_status":"closed","ping_status":"closed","template":"","meta":[],"_links":{"self":[{"href":"https:\/\/nilbilisim.com.tr\/magaza\/wp-json\/wp\/v2\/product\/1187"}],"collection":[{"href":"https:\/\/nilbilisim.com.tr\/magaza\/wp-json\/wp\/v2\/product"}],"about":[{"href":"https:\/\/nilbilisim.com.tr\/magaza\/wp-json\/wp\/v2\/types\/product"}],"replies":[{"embeddable":true,"href":"https:\/\/nilbilisim.com.tr\/magaza\/wp-json\/wp\/v2\/comments?post=1187"}],"wp:featuredmedia":[{"embeddable":true,"href":"https:\/\/nilbilisim.com.tr\/magaza\/wp-json\/wp\/v2\/media\/1188"}],"wp:attachment":[{"href":"https:\/\/nilbilisim.com.tr\/magaza\/wp-json\/wp\/v2\/media?parent=1187"}],"curies":[{"name":"wp","href":"https:\/\/api.w.org\/{rel}","templated":true}]}}