{"id":1189,"date":"2021-02-14T22:03:37","date_gmt":"2021-02-14T19:03:37","guid":{"rendered":"https:\/\/nilbilisim.com.tr\/magaza\/urun\/hikvision-ds-2cd2423g0-iw-2mp-cube-ip-kamera\/"},"modified":"2024-07-01T01:40:28","modified_gmt":"2024-06-30T22:40:28","slug":"hikvision-ds-2cd2423g0-iw-2mp-cube-ip-kamera","status":"publish","type":"product","link":"https:\/\/nilbilisim.com.tr\/magaza\/urun\/hikvision-ds-2cd2423g0-iw-2mp-cube-ip-kamera\/","title":{"rendered":"HIKVISION DS-2CD2423G0-IW 2MP Cube IP Kamera"},"content":{"rendered":"<table>\n<tbody>\n<tr>\n<td>G&ouml;r&uuml;nt&uuml; sens&ouml;r&uuml;:<\/td>\n<td>1 \/ 2.7 &rdquo;A\u015famal\u0131 Tarama CMOS<\/td>\n<\/tr>\n<tr>\n<td>Sinyal sistemi:<\/td>\n<td>PAL \/ NTSC<\/td>\n<\/tr>\n<tr>\n<td>Min.&nbsp;Ayd\u0131nlatma:<\/td>\n<td>Renk: 0.01 Lux @ (F1.2, AGC ON), 0.028 lux @ (F2.0, AGC ON), IR ile 0 lux<\/td>\n<\/tr>\n<tr>\n<td>Yava\u015f deklan\u015f&ouml;r:<\/td>\n<td>Destek<\/td>\n<\/tr>\n<tr>\n<td>Deklan\u015f&ouml;r zaman\u0131:<\/td>\n<td>1\/3 s ila 1 \/ 100,000 s<\/td>\n<\/tr>\n<tr>\n<td>Lens:<\/td>\n<td>2,8 mm: yatay FOV: 114 &deg;, dikey FOV: 62 &deg;, diyagonal FOV: 135 &deg;&nbsp;<br \/>\n\t\t\t4 mm, yatay FOV: 86 &deg;, dikey FOV: 46 &deg;, diyagonal FOV: 102 &deg;<\/td>\n<\/tr>\n<tr>\n<td>Lens Ba\u011flant\u0131s\u0131:<\/td>\n<td>M12<\/td>\n<\/tr>\n<tr>\n<td>Ayar aral\u0131\u011f\u0131:<\/td>\n<td>Pan: 0 &deg; &#8211; 360 &deg;, yat\u0131rma: 0 &deg; &#8211; 90 &deg;, d&ouml;nd&uuml;rme: 0 &deg; &#8211; 360 &deg;<\/td>\n<\/tr>\n<tr>\n<td>G&uuml;nd&uuml;z gece:<\/td>\n<td>IR Kesme Filtresi<\/td>\n<\/tr>\n<tr>\n<td>Geni\u015f dinamik alan:<\/td>\n<td>120 dB<\/td>\n<\/tr>\n<tr>\n<td>Dijital g&uuml;r&uuml;lt&uuml; azaltma:<\/td>\n<td>3D DNR<\/td>\n<\/tr>\n<\/tbody>\n<\/table>\n<table>\n<tbody>\n<tr>\n<th colspan=\"3\">S\u0131k\u0131\u015ft\u0131rma standard\u0131<\/th>\n<\/tr>\n<tr>\n<td>Video s\u0131k\u0131\u015ft\u0131rma:<\/td>\n<td>H.265 + \/ H.265 \/ H.264 + \/ H.264 \/ MJPEG<\/td>\n<\/tr>\n<tr>\n<td>H.264 kod profili:<\/td>\n<td>Ana Profil \/ Y&uuml;ksek Profil<\/td>\n<\/tr>\n<tr>\n<td>Video bit h\u0131z\u0131:<\/td>\n<td>256kbps ~ 16mbps<\/td>\n<\/tr>\n<tr>\n<td>Ses S\u0131k\u0131\u015ft\u0131rma:<\/td>\n<td>G.711 \/ G.722.1 \/ G.726 \/ MP2L2 \/ PCM<\/td>\n<\/tr>\n<tr>\n<td>Ses bit h\u0131z\u0131:<\/td>\n<td>64 Kbps (G.711) \/ 16Kbps (G.722.1) \/ 16Kbps (G.726) \/ 32-160Kbps (MP2L2)<\/td>\n<\/tr>\n<tr>\n<td>&Uuml;&ccedil;l&uuml; Ak\u0131\u015flar:<\/td>\n<td>Evet<\/td>\n<\/tr>\n<\/tbody>\n<\/table>\n<table>\n<tbody>\n<tr>\n<th colspan=\"3\">g&ouml;r&uuml;nt&uuml;<\/th>\n<\/tr>\n<tr>\n<td>Maks.&nbsp;G&ouml;r&uuml;nt&uuml; &ccedil;&ouml;z&uuml;n&uuml;rl&uuml;\u011f&uuml;:<\/td>\n<td>1920 x 1080<\/td>\n<\/tr>\n<tr>\n<td>Kare h\u0131z\u0131:<\/td>\n<td>50Hz: 25fps (1920 &times; 1080, 1280 &times; 960, 1280 &times; 720)&nbsp;<br \/>\n\t\t\t60Hz: 30fps (1920 &times; 1080, 1280 &times; 960, 1280 &times; 720)<\/td>\n<\/tr>\n<tr>\n<td>Alt Ak\u0131\u015f:<\/td>\n<td>50Hz: 25fps (640 &times; 480, 640 &times; 360, 320 &times; 240)&nbsp;<br \/>\n\t\t\t60Hz: 30fps (640 &times; 480, 640 &times; 360, 320 &times; 240)<\/td>\n<\/tr>\n<tr>\n<td>&Uuml;&ccedil;&uuml;nc&uuml; Ak\u0131\u015f:<\/td>\n<td>50Hz: 25fps (1920 &times; 1080, 1280 &times; 720, 640 &times; 360, 352 &times; 288)&nbsp;<br \/>\n\t\t\t60Hz: 30fps (1920 &times; 1080, 1280 &times; 720, 640 &times; 360, 352 &times; 240)<\/td>\n<\/tr>\n<tr>\n<td>G&ouml;r&uuml;nt&uuml; Geli\u015ftirme:<\/td>\n<td>BLC \/ 3D DNR \/ BLC<\/td>\n<\/tr>\n<tr>\n<td>Resim ayarlar\u0131:<\/td>\n<td>D&ouml;nd&uuml;rme Modu, Doygunluk, Parlakl\u0131k, Kontrast, \u0130stemci yaz\u0131l\u0131m\u0131 veya web taray\u0131c\u0131s\u0131 taraf\u0131ndan ayarlanabilen Netlik<\/td>\n<\/tr>\n<tr>\n<td>YG:<\/td>\n<td>Ana ak\u0131\u015f ve alt ak\u0131\u015f i&ccedil;in ayr\u0131 ayr\u0131 1 b&ouml;lge deste\u011fi<\/td>\n<\/tr>\n<tr>\n<td>G&uuml;nd&uuml;z \/ Gece Anahtar\u0131:<\/td>\n<td>G&uuml;nd&uuml;z \/ Gece \/ Oto \/ Program<\/td>\n<\/tr>\n<\/tbody>\n<\/table>\n<table>\n<tbody>\n<tr>\n<th colspan=\"3\">A\u011f<\/th>\n<\/tr>\n<tr>\n<td>A\u011f depolama:<\/td>\n<td>microSD \/ SDHC \/ SDXC kart (128G), yerel depolama ve NAS (NFS, SMB \/ CIFS), ANR<\/td>\n<\/tr>\n<tr>\n<td>Protokoller:<\/td>\n<td>TCP \/ IP, ICMP, HTTP, HTTPS, FTP, DHCP, DNS, DDNS, RTP, RTSP, RTCP, PPPO, NTP, UPnP &trade;, SMTP, SNMP, IGMP, QoS, IPv6<\/td>\n<\/tr>\n<tr>\n<td>Genel i\u015flev:<\/td>\n<td>Tek tu\u015fla s\u0131f\u0131rlama, Titre\u015fimsiz, kalp at\u0131\u015f\u0131, ayna, \u015fifre korumas\u0131, gizlilik&nbsp;<br \/>\n\t\t\tmaskesi, Filigran, IP adresi filtreleme<\/td>\n<\/tr>\n<tr>\n<td>Sistem uyumlulu\u011fu:<\/td>\n<td>ONVIF (Profil S, Profil G), ISAPI<\/td>\n<\/tr>\n<\/tbody>\n<\/table>\n<table>\n<tbody>\n<tr>\n<th colspan=\"3\">aray&uuml;zey<\/th>\n<\/tr>\n<tr>\n<td>\u0130leti\u015fim aray&uuml;z&uuml;:<\/td>\n<td>1 RJ45 10M \/ 100M Ethernet aray&uuml;z&uuml;<\/td>\n<\/tr>\n<tr>\n<td>Yerinde depolama:<\/td>\n<td>Dahili Micro SD \/ SDHC \/ SDXC yuvas\u0131, 128 GB&#039;a kadar<\/td>\n<\/tr>\n<tr>\n<td>Yeniden ba\u015flatma tu\u015fu:<\/td>\n<td>Evet<\/td>\n<\/tr>\n<\/tbody>\n<\/table>\n<table>\n<tbody>\n<tr>\n<th colspan=\"3\">Ses<\/th>\n<\/tr>\n<tr>\n<td>&Ccedil;evre G&uuml;r&uuml;lt&uuml; Filtreleme:<\/td>\n<td>Destek<\/td>\n<\/tr>\n<\/tbody>\n<\/table>\n<table>\n<tbody>\n<tr>\n<th colspan=\"3\">Ak\u0131ll\u0131 &Ouml;zellik seti<\/th>\n<\/tr>\n<tr>\n<td>&Ccedil;izgiyi Ge&ccedil;i\u015f Alg\u0131lama:<\/td>\n<td>&Ouml;nceden tan\u0131mlanm\u0131\u015f bir sanal sat\u0131r\u0131 ge&ccedil;<\/td>\n<\/tr>\n<tr>\n<td>\u0130zinsiz giri\u015f tespiti:<\/td>\n<td>&Ouml;nceden tan\u0131mlanm\u0131\u015f bir sanal b&ouml;lgeye girin ve oyalan\u0131n<\/td>\n<\/tr>\n<tr>\n<td>Tan\u0131ma:<\/td>\n<td>Y&uuml;z tan\u0131ma<\/td>\n<\/tr>\n<\/tbody>\n<\/table>\n<table>\n<tbody>\n<tr>\n<th colspan=\"3\">Wi-Fi &Ouml;zellikleri (-W)<\/th>\n<\/tr>\n<tr>\n<td>Kablosuz standartlar\u0131:<\/td>\n<td>IEEE802.11b, 802.11g, 802.11n<\/td>\n<\/tr>\n<tr>\n<td>Kanal bant geni\u015fli\u011fi:<\/td>\n<td>20 \/ 40MHz Deste\u011fi<\/td>\n<\/tr>\n<tr>\n<td>Aktar\u0131m h\u0131z\u0131:<\/td>\n<td>11b: 11Mbps&nbsp;<br \/>\n\t\t\t11g: 54Mbps&nbsp;<br \/>\n\t\t\t11n: 150Mbps&#039;ye kadar<\/td>\n<\/tr>\n<tr>\n<td>Kablosuz aral\u0131\u011f\u0131:<\/td>\n<td>50m (&ccedil;evreye ba\u011fl\u0131)<\/td>\n<\/tr>\n<tr>\n<td>Protokoller:<\/td>\n<td>802.11b: DQPSK, DBPSK, CCK&nbsp;<br \/>\n\t\t\t802.11g \/ n: OFDM \/ 64-QAM, 16-QAM, QPSK, BPSK<\/td>\n<\/tr>\n<\/tbody>\n<\/table>\n<table>\n<tbody>\n<tr>\n<th colspan=\"3\">Genel<\/th>\n<\/tr>\n<tr>\n<td>&Ccedil;al\u0131\u015fma ko\u015fullar\u0131:<\/td>\n<td>&nbsp;<\/td>\n<td>-10 &deg; C &#8211; 40 &deg; C (14 &deg; F &#8211; 104 &deg; F), Nem% 95 veya daha az (yo\u011fu\u015fmas\u0131z)<\/td>\n<\/tr>\n<tr>\n<td>G&uuml;&ccedil; kayna\u011f\u0131:<\/td>\n<td>&nbsp;<\/td>\n<td>12 VDC &plusmn;% 25, ??PoE (802.3af S\u0131n\u0131f 3)<\/td>\n<\/tr>\n<tr>\n<td>G&uuml;&ccedil; t&uuml;ketimi:<\/td>\n<td>&nbsp;<\/td>\n<td>12 VDC, 0.5A, maks.&nbsp;6W, &Phi; 5.5 mm koaksiyel fi\u015f g&uuml;c&uuml;&nbsp;<br \/>\n\t\t\tPoE (802.3af, 36V &#8211; 57V), 0.2 A &#8211; 0.1 A, maks.&nbsp;7W<\/td>\n<\/tr>\n<tr>\n<td>\u0130r aral\u0131\u011f\u0131:<\/td>\n<td>&nbsp;<\/td>\n<td>10 metreye kadar<\/td>\n<\/tr>\n<tr>\n<td>PIR:<\/td>\n<td>&nbsp;<\/td>\n<td>10m<\/td>\n<\/tr>\n<tr>\n<td>Boyutlar:<\/td>\n<td>&nbsp;<\/td>\n<td>102,8 mm x 65,2 mm x 32,6 mm (4,1 &quot;&times; 2,6&quot; &times; 1,3 &quot;)<\/td>\n<\/tr>\n<tr>\n<td>A\u011f\u0131rl\u0131k:<\/td>\n<td>&nbsp;<\/td>\n<td>Kamera: yakla\u015f\u0131k.&nbsp;128 g (0.3 lb.)<\/td>\n<\/tr>\n<\/tbody>\n<\/table>\n","protected":false},"excerpt":{"rendered":"<p>G&ouml;r&uuml;nt&uuml; sens&ouml;r&uuml;: 1 \/ 2.7 &rdquo;A\u015famal\u0131 Tarama CMOS Sinyal sistemi: PAL \/ NTSC Min.&nbsp;Ayd\u0131nlatma: Renk: 0.01 Lux @ (F1.2, AGC ON), 0.028 lux @ (F2.0, AGC ON), IR ile 0 lux Yava\u015f deklan\u015f&ouml;r: Destek Deklan\u015f&ouml;r zaman\u0131: 1\/3 s ila 1 \/ 100,000 s Lens: 2,8 mm: yatay FOV: 114 &deg;, dikey FOV: 62 &deg;, diyagonal [&#8230;]\n","protected":false},"featured_media":1190,"comment_status":"closed","ping_status":"closed","template":"","meta":[],"_links":{"self":[{"href":"https:\/\/nilbilisim.com.tr\/magaza\/wp-json\/wp\/v2\/product\/1189"}],"collection":[{"href":"https:\/\/nilbilisim.com.tr\/magaza\/wp-json\/wp\/v2\/product"}],"about":[{"href":"https:\/\/nilbilisim.com.tr\/magaza\/wp-json\/wp\/v2\/types\/product"}],"replies":[{"embeddable":true,"href":"https:\/\/nilbilisim.com.tr\/magaza\/wp-json\/wp\/v2\/comments?post=1189"}],"wp:featuredmedia":[{"embeddable":true,"href":"https:\/\/nilbilisim.com.tr\/magaza\/wp-json\/wp\/v2\/media\/1190"}],"wp:attachment":[{"href":"https:\/\/nilbilisim.com.tr\/magaza\/wp-json\/wp\/v2\/media?parent=1189"}],"curies":[{"name":"wp","href":"https:\/\/api.w.org\/{rel}","templated":true}]}}