{"id":1200,"date":"2021-04-26T09:19:19","date_gmt":"2021-04-26T06:19:19","guid":{"rendered":"https:\/\/nilbilisim.com.tr\/magaza\/urun\/hikvision-ds-7216hqhi-k2-4mpix-h265-16kanal-video-2-hdd-4mpix-lite-5in1-dvr\/"},"modified":"2024-07-01T01:40:27","modified_gmt":"2024-06-30T22:40:27","slug":"hikvision-ds-7216hqhi-k2-4mpix-h265-16kanal-video-2-hdd-4mpix-lite-5in1-dvr","status":"publish","type":"product","link":"https:\/\/nilbilisim.com.tr\/magaza\/urun\/hikvision-ds-7216hqhi-k2-4mpix-h265-16kanal-video-2-hdd-4mpix-lite-5in1-dvr\/","title":{"rendered":"HIKVISION DS-7216HQHI-K2 4Mpix H265+ 16Kanal Video, 2 HDD, 4Mpix Lite, 5in1 DVR"},"content":{"rendered":"<ul>\n<li>16 kanal ve 2 HDD 1U DVR<\/li>\n<li>Verimli H.265 pro + s\u0131k\u0131\u015ft\u0131rma teknolojisi<\/li>\n<li>15 fps&#039;de 1080p&#039;ye kadar kodlama yetene\u011fi<\/li>\n<li>5 sinyal uyarlamal\u0131 giri\u015f (HDTVI \/ AHD \/ CVI \/ CVBS \/ IP)<\/li>\n<li>24 adede kadar a\u011f kameras\u0131 ba\u011flanabilir<\/li>\n<\/ul>\n<ul>\n<li>Kay\u0131t<\/li>\n<li>Video S\u0131k\u0131\u015ft\u0131rmaH.265 Pro + \/ H.265 Pro \/ H.265 \/ H.264 + \/ H.264<\/li>\n<li>Kodlama &Ccedil;&ouml;z&uuml;n&uuml;rl&uuml;\u011f&uuml;1080p lite modu etkinle\u015ftirilmedi\u011finde: 4 MP lite \/ 3 MP \/ 1080p \/ 720p \/ VGA \/ WD1 \/ 4CIF \/ CIF, 1080p Lite modu etkinle\u015ftirildi\u011finde: 4 MP lite \/ 3 MP \/ 1080p lite \/ 720p lite \/ VGA \/ WD1 \/ 4CIF \/ CIF,<\/li>\n<li>Kare H\u0131z\u0131Ana ak\u0131\u015f:, 1080p Lite modu etkinle\u015ftirilmedi\u011finde:, 4 MP ak\u0131\u015f eri\u015fimi i&ccedil;in:, 4 MP lite @ 15fps;&nbsp;1080p lite \/ 720p \/ WD1 \/ 4CIF \/ VGA \/ CIF @ 25fps (P) \/ 30fps (N), 3 MP ak\u0131\u015f eri\u015fimi i&ccedil;in: 3 MP \/ 1080p \/ 720p \/ VGA \/ WD1 \/ 4CIF \/ CIF @ 15fps, 1080p ak\u0131\u015f eri\u015fimi i&ccedil;in :, 1080p \/ 720p @ 15fps;&nbsp;VGA \/ WD1 \/ 4CIF \/ CIF @ 25fps (P) \/ 30fps (N), 720p ak\u0131\u015f eri\u015fimi i&ccedil;in: 720p \/ VGA \/ WD1 \/ 4CIF \/ CIF @ 25fps (P) \/ 30fps (N), 1080p Lite modu etkinle\u015ftirildi\u011finde:, 4 MP lite \/ 3 MP @ 15fps;&nbsp;1080p lite \/ 720p lite \/ VGA \/ WD1 \/ 4CIF \/ CIF @ 25fps (P) \/ 30fps (N), Alt ak\u0131\u015f:, WD1 \/ 4CIF @ 12fps;&nbsp;CIF @ 25fps (P) \/ 30fps (N),<\/li>\n<li>Video Bit H\u0131z\u013132 Kbps &#8211; 6 Mbps<\/li>\n<li>&Ccedil;ift Ak\u0131\u015fDeste\u011fi<\/li>\n<li>Ak\u0131\u015f TipiVideo, Video ve Ses<\/li>\n<li>Ses S\u0131k\u0131\u015ft\u0131rmaG.711u<\/li>\n<li>Ses Bit H\u0131z\u013164 Kbps<\/li>\n<\/ul>\n<ul>\n<li>Video Ve Ses<\/li>\n<li>IP Video Giri\u015fi8-kanal (24-kanal&#039;a kadar) 6 MP&#039;ye kadar &ccedil;&ouml;z&uuml;n&uuml;rl&uuml;k H.265 + \/ H.265 \/ H.264 + \/ H.264 IP kameralar\u0131 destekler<\/li>\n<li>Analog Video Giri\u015fi16 kanall\u0131 BNC aray&uuml;z&uuml; (1.0 Vp-p, 75 &Omega;), koaksitron ba\u011flant\u0131s\u0131n\u0131 destekler<\/li>\n<li>AHD Giri\u015fi4 MP, 1080p25, 1080p30, 720p25, 720p30<\/li>\n<li>HDCVI Giri\u015fi1080p25,1080p30, 720p25, 720p30<\/li>\n<li>CVBS Giri\u015fiPAL \/ NTSC<\/li>\n<li>Ses Giri\u015fi1 kanal, RCA (2,0 Vp-p, 1 K&Omega;)<\/li>\n<li>Ses &Ccedil;\u0131k\u0131\u015f\u01311 kanal, RCA (Do\u011frusal, 1 K&Omega;)<\/li>\n<li>\u0130ki Y&ouml;nl&uuml; Ses1 kanal, RCA (2.0 Vp-p, 1 K&Omega;) (ilk ses giri\u015fini kullanarak)<\/li>\n<li>Senkron Oynatma16 kanal<\/li>\n<li>HDTVI Giri\u015fi4 MP, 3 MP, 1080p30, 1080p25, 720p60, 720p50, 720p30, 720p25, *: 3 MP sinyal giri\u015fi yaln\u0131zca DS-7208HQHI-K2&#039;nin 1\/2 kanal\u0131 ve 1\/2\/3 kanal\u0131 i&ccedil;in kullan\u0131labilir DS-7216HQHI-K2&#039;nin \/ 4&#039;&uuml;,<\/li>\n<li>VGA \/ HDMI &Ccedil;\u0131k\u0131\u015f\u0131VGA: 1 kanal, 1920 &times; 1080 \/ 60Hz, 1280 &times; 1024 \/ 60Hz, 1280 &times; 720 \/ 60Hz, 1024 &times; 768 \/ 60Hz, HDMI: 1 kanal, 4K (3840 &times; 2160) \/ 30Hz, 2K (2560 &times; 1440) \/ 60Hz, 1920 &times; 1080 \/ 60Hz, 1280 &times; 1024 \/ 60Hz, 1280 &times; 720 \/ 60Hz, 1024 &times; 768 \/ 60Hz<\/li>\n<li>CVBS &Ccedil;\u0131k\u0131\u015f\u01311-kanal, BNC (1.0 Vp-p, 75 &Omega;),<\/li>\n<\/ul>\n<ul>\n<li>A\u011f<\/li>\n<li>Uzaktan Ba\u011flant\u0131lar128<\/li>\n<li>A\u011f ProtokolleriTCP \/ IP, PPPoE, DHCP, Hik-Connect, DNS, DDNS, NTP, SADP, NFS, iSCSI, UPnP &trade;, HTTPS, ONVIF<\/li>\n<li>A\u011f Aray&uuml;z&uuml;1,, RJ45 10M \/ 100M \/ 1000M, kendinden uyarlamal\u0131, Ethernet aray&uuml;z&uuml;,<\/li>\n<\/ul>\n<ul>\n<li>Yard\u0131mc\u0131 Aray&uuml;z<\/li>\n<li>SATA2 SATA arabirimleri<\/li>\n<li>KapasiteHer disk i&ccedil;in 10 TB&#039;a kadar kapasite<\/li>\n<li>Alarm Giri\u015fi \/ &Ccedil;\u0131k\u0131\u015f\u0131Yok<\/li>\n<li>USB Aray&uuml;z&uuml;&Ouml;n panel: 1 &times; USB 2.0, Arka panel: 1 &times; USB 3.0,<\/li>\n<li>Seri Aray&uuml;zRS-485 (yar\u0131 &ccedil;ift y&ouml;nl&uuml;)<\/li>\n<\/ul>\n<ul>\n<li>Genel<\/li>\n<li>G&uuml;&ccedil; Kayna\u011f\u013112 VDC<\/li>\n<li>&Ccedil;al\u0131\u015fma S\u0131cakl\u0131\u011f\u0131-10 &deg; C ila +55 &deg; C (+14 &deg; F ila +131 &deg; F)<\/li>\n<li>&Ccedil;al\u0131\u015fma Nemi% 10 -% 90<\/li>\n<li>Boyutlar (G &times; D &times; Y)380 &times; 320 &times; 48 mm (15,0 &times; 12,6 &times; 1,9 in&ccedil;)<\/li>\n<li>A\u011f\u0131rl\u0131klar (HDD Olmadan)&le; 2 kg (4,4 lb)<\/li>\n<li>T&uuml;ketim (HDD Olmadan)W 25 W<\/li>\n<\/ul>\n","protected":false},"excerpt":{"rendered":"<p>16 kanal ve 2 HDD 1U DVR Verimli H.265 pro + s\u0131k\u0131\u015ft\u0131rma teknolojisi 15 fps&#039;de 1080p&#039;ye kadar kodlama yetene\u011fi 5 sinyal uyarlamal\u0131 giri\u015f (HDTVI \/ AHD \/ CVI \/ CVBS \/ IP) 24 adede kadar a\u011f kameras\u0131 ba\u011flanabilir Kay\u0131t Video S\u0131k\u0131\u015ft\u0131rmaH.265 Pro + \/ H.265 Pro \/ H.265 \/ H.264 + \/ H.264 Kodlama &Ccedil;&ouml;z&uuml;n&uuml;rl&uuml;\u011f&uuml;1080p [&#8230;]\n","protected":false},"featured_media":1201,"comment_status":"closed","ping_status":"closed","template":"","meta":[],"_links":{"self":[{"href":"https:\/\/nilbilisim.com.tr\/magaza\/wp-json\/wp\/v2\/product\/1200"}],"collection":[{"href":"https:\/\/nilbilisim.com.tr\/magaza\/wp-json\/wp\/v2\/product"}],"about":[{"href":"https:\/\/nilbilisim.com.tr\/magaza\/wp-json\/wp\/v2\/types\/product"}],"replies":[{"embeddable":true,"href":"https:\/\/nilbilisim.com.tr\/magaza\/wp-json\/wp\/v2\/comments?post=1200"}],"wp:featuredmedia":[{"embeddable":true,"href":"https:\/\/nilbilisim.com.tr\/magaza\/wp-json\/wp\/v2\/media\/1201"}],"wp:attachment":[{"href":"https:\/\/nilbilisim.com.tr\/magaza\/wp-json\/wp\/v2\/media?parent=1200"}],"curies":[{"name":"wp","href":"https:\/\/api.w.org\/{rel}","templated":true}]}}