{"id":1202,"date":"2021-04-26T09:19:28","date_gmt":"2021-04-26T06:19:28","guid":{"rendered":"https:\/\/nilbilisim.com.tr\/magaza\/urun\/hikvision-ds-7104hqhi-k1-2mpix-h265-4kanal-video-1-hdd-1080p-lite-5in1-dvr\/"},"modified":"2024-07-01T01:40:26","modified_gmt":"2024-06-30T22:40:26","slug":"hikvision-ds-7104hqhi-k1-2mpix-h265-4kanal-video-1-hdd-1080p-lite-5in1-dvr","status":"publish","type":"product","link":"https:\/\/nilbilisim.com.tr\/magaza\/urun\/hikvision-ds-7104hqhi-k1-2mpix-h265-4kanal-video-1-hdd-1080p-lite-5in1-dvr\/","title":{"rendered":"HIKVISION DS-7104HQHI-K1 2Mpix H265+ 4Kanal Video, 1 HDD, 1080P Lite, 5in1 DVR"},"content":{"rendered":"<ul>\n<li>4 kanal ve 1 HDD mini boyutlu DVR<\/li>\n<li>Verimli H.265 pro + s\u0131k\u0131\u015ft\u0131rma teknolojisi<\/li>\n<li>15 fps&#039;de 1080p&#039;ye kadar kodlama yetene\u011fi<\/li>\n<li>5 sinyal uyarlamal\u0131 giri\u015f (HDTVI \/ AHD \/ CVI \/ CVBS \/ IP)<\/li>\n<li>6 adede kadar a\u011f kameras\u0131 ba\u011flanabilir<\/li>\n<\/ul>\n<ul>\n<li>\n<p><img alt=\"\" src=\"https:\/\/www.detayresimler.com\/urun\/7\/7104HQHI-K1.jpg\" \/><img alt=\"\" src=\"https:\/\/www.detayresimler.com\/urun\/7\/7104HQHI-K1_1.jpg\" \/><img alt=\"\" src=\"https:\/\/www.detayresimler.com\/urun\/7\/7104HQHI-K1_2.jpg\" \/><img alt=\"\" src=\"https:\/\/www.detayresimler.com\/urun\/7\/7104HQHI-K1_3.jpg\" \/><img alt=\"\" src=\"https:\/\/www.detayresimler.com\/urun\/7\/7104HQHI-K1_4.jpg\" \/><\/p>\n<\/li>\n<\/ul>\n<p>&nbsp;<\/p>\n<p>&nbsp;<\/p>\n<ul>\n<li>Kay\u0131t<\/li>\n<li>Video S\u0131k\u0131\u015ft\u0131rmaH.265 Pro + \/ H.265 Pro \/ H.265 \/ H.264 + \/ H.264<\/li>\n<li>Kodlama &Ccedil;&ouml;z&uuml;n&uuml;rl&uuml;\u011f&uuml;1080p Lite modu etkinle\u015ftirilmedi\u011finde: 4 MP lite \/ 3 MP \/ 1080p \/ 720p \/ VGA \/ WD1 \/ 4CIF \/ CIF;, 1080p Lite modu etkinle\u015ftirildi\u011finde: 4 MP lite \/ 3 MP \/ 1080p lite \/ 720p lite \/ VGA \/ WD1 \/ 4CIF \/ CIF<\/li>\n<li>Kare H\u0131z\u0131Ana ak\u0131\u015f:, 1080p Lite modu etkinle\u015ftirilmedi\u011finde:, 4 MP ak\u0131\u015f eri\u015fimi i&ccedil;in:, 4 MP lite @ 15fps;&nbsp;1080p lite \/ 720p \/ WD1 \/ 4CIF \/ VGA \/ CIF @ 25fps (P) \/ 30fps (N), 3 MP ak\u0131\u015f eri\u015fimi i&ccedil;in: 3 MP \/ 1080p \/ 720p \/ VGA \/ WD1 \/ 4CIF \/ CIF @ 15fps, 1080p ak\u0131\u015f eri\u015fimi i&ccedil;in :, 1080p \/ 720p @ 15fps;&nbsp;VGA \/ WD1 \/ 4CIF \/ CIF @ 25fps (P) \/ 30fps (N), 720p ak\u0131\u015f eri\u015fimi i&ccedil;in: 720p \/ VGA \/ WD1 \/ 4CIF \/ CIF @ 25fps (P) \/ 30fps (N), 1080p Lite modu etkinle\u015ftirildi\u011finde:, 4 MP lite \/ 3 MP @ 15fps;&nbsp;1080p lite \/ 720p lite \/ VGA \/ WD1 \/ 4CIF \/ CIF @ 25fps, (P) \/ 30fps (N), Alt ak\u0131\u015f:, WD1 \/ 4CIF @ 12fps;&nbsp;CIF @ 25fps (P) \/ 30fps (N),<\/li>\n<li>Video Bit H\u0131z\u013132 Kbps &#8211; 6 Mbps<\/li>\n<li>&Ccedil;ift Ak\u0131\u015fDeste\u011fi<\/li>\n<li>Ak\u0131\u015f TipiVideo, Video ve Ses<\/li>\n<li>Ses S\u0131k\u0131\u015ft\u0131rmaG.711u<\/li>\n<li>Ses Bit H\u0131z\u013164 Kbps<\/li>\n<\/ul>\n<ul>\n<li>Video Ve Ses<\/li>\n<li>IP Video Giri\u015fi2 kanal (6 kanala kadar) 6 MP &ccedil;&ouml;z&uuml;n&uuml;rl&uuml;\u011fe kadar H.265 + \/ H.265 \/ H.264 + \/ H.264 IP kameralar\u0131 destekler<\/li>\n<li>Analog Video Giri\u015fi4 kanall\u0131 BNC aray&uuml;z&uuml; (1.0 Vp-p, 75 &Omega;), koaksitron ba\u011flant\u0131s\u0131n\u0131 destekler<\/li>\n<li>AHD Giri\u015fi4 MP, 1080p25, 1080p30, 720p25, 720p30<\/li>\n<li>HDCVI Giri\u015fi1080p25,1080p30, 720p25, 720p30<\/li>\n<li>CVBS Giri\u015fdeste\u011fi<\/li>\n<li>Ses Giri\u015fi1 kanal, RCA (2,0 Vp-p, 1 K&Omega;)<\/li>\n<li>Ses &Ccedil;\u0131k\u0131\u015f\u01311 kanal, RCA (Do\u011frusal, 1 K&Omega;)<\/li>\n<li>\u0130ki Y&ouml;nl&uuml; Ses1 kanal, RCA (2.0 Vp-p, 1 K&Omega;) (ilk ses giri\u015fini kullanarak)<\/li>\n<li>Senkron Oynatma4 kanal<\/li>\n<li>HDTVI Giri\u015fi4 MP, 3 MP, 1080p25, 1080p30, 720p25, 720p30, 720p50, 720p60, *: 3 MP sinyal giri\u015fi yaln\u0131zca DS-7104HQHI-K1 kanal 1, DS-7108HQHI-K1 kanal 1\/2 i&ccedil;in kullan\u0131labilir ve DS-7116HQHI-K1&#039;in 1\/2\/3\/4 kanal\u0131n\u0131 i&ccedil;erir.<\/li>\n<li>VGA \/ HDMI &Ccedil;\u0131k\u0131\u015f\u01311 kanal, 1920 &times; 1080 \/ 60Hz, 1280 &times; 1024 \/ 60Hz, 1280 &times; 720 \/ 60Hz, 1024 &times; 768 \/ 60Hz<\/li>\n<\/ul>\n<ul>\n<li>A\u011f<\/li>\n<li>Uzaktan Ba\u011flant\u0131lar32<\/li>\n<li>A\u011f ProtokolleriTCP \/ IP, PPPoE, DHCP, Hik-Connect, DNS, DDNS, NTP, SADP, NFS, iSCSI, UPnP &trade;, HTTPS, ONVIF<\/li>\n<li>A\u011f Arabirimi1, RJ45 10M \/ 100M kendinden uyarlamal\u0131 Ethernet arabirimi<\/li>\n<\/ul>\n<ul>\n<li>Yard\u0131mc\u0131 Aray&uuml;z<\/li>\n<li>SATA1 SATA aray&uuml;z&uuml;<\/li>\n<li>KapasiteHer disk i&ccedil;in 6 TB&#039;a kadar kapasite<\/li>\n<li>Alarm Giri\u015fi \/ &Ccedil;\u0131k\u0131\u015f\u0131Yok<\/li>\n<li>USB Aray&uuml;z&uuml;Ger&ccedil;ek panel: 2 &times; USB 2.0<\/li>\n<\/ul>\n<ul>\n<li>Genel<\/li>\n<li>G&uuml;&ccedil; Kayna\u011f\u013112 VDC<\/li>\n<li>T&uuml;ketim (HDD Olmadan)&le; 8 W<\/li>\n<li>&Ccedil;al\u0131\u015fma S\u0131cakl\u0131\u011f\u0131-10 &deg; C ila +55 &deg; C (+14 &deg; F ila +131 &deg; F)<\/li>\n<li>&Ccedil;al\u0131\u015fma Nemi% 10 -% 90<\/li>\n<li>Boyutlar (G &times; D &times; Y)200 &times; 200 &times; 45 mm (7,9 &times; 7,9 &times; 1,8 in&ccedil;)<\/li>\n<li>A\u011f\u0131rl\u0131klar (HDD Olmadan)&le; 1 kg (2,2 lb)<\/li>\n<\/ul>\n","protected":false},"excerpt":{"rendered":"<p>4 kanal ve 1 HDD mini boyutlu DVR Verimli H.265 pro + s\u0131k\u0131\u015ft\u0131rma teknolojisi 15 fps&#039;de 1080p&#039;ye kadar kodlama yetene\u011fi 5 sinyal uyarlamal\u0131 giri\u015f (HDTVI \/ AHD \/ CVI \/ CVBS \/ IP) 6 adede kadar a\u011f kameras\u0131 ba\u011flanabilir &nbsp; &nbsp; Kay\u0131t Video S\u0131k\u0131\u015ft\u0131rmaH.265 Pro + \/ H.265 Pro \/ H.265 \/ H.264 + \/ [&#8230;]\n","protected":false},"featured_media":1203,"comment_status":"closed","ping_status":"closed","template":"","meta":[],"_links":{"self":[{"href":"https:\/\/nilbilisim.com.tr\/magaza\/wp-json\/wp\/v2\/product\/1202"}],"collection":[{"href":"https:\/\/nilbilisim.com.tr\/magaza\/wp-json\/wp\/v2\/product"}],"about":[{"href":"https:\/\/nilbilisim.com.tr\/magaza\/wp-json\/wp\/v2\/types\/product"}],"replies":[{"embeddable":true,"href":"https:\/\/nilbilisim.com.tr\/magaza\/wp-json\/wp\/v2\/comments?post=1202"}],"wp:featuredmedia":[{"embeddable":true,"href":"https:\/\/nilbilisim.com.tr\/magaza\/wp-json\/wp\/v2\/media\/1203"}],"wp:attachment":[{"href":"https:\/\/nilbilisim.com.tr\/magaza\/wp-json\/wp\/v2\/media?parent=1202"}],"curies":[{"name":"wp","href":"https:\/\/api.w.org\/{rel}","templated":true}]}}