{"id":451,"date":"2021-01-18T19:51:15","date_gmt":"2021-01-18T19:51:15","guid":{"rendered":"https:\/\/nilbilisim.com.tr\/magaza\/urun\/dahua-hac-hfw1200tlp-0360b-2mp-hdcvi-ir-bullet-kamera\/"},"modified":"2024-07-01T01:41:27","modified_gmt":"2024-06-30T22:41:27","slug":"dahua-hac-hfw1200tlp-0360b-2mp-hdcvi-ir-bullet-kamera","status":"publish","type":"product","link":"https:\/\/nilbilisim.com.tr\/magaza\/urun\/dahua-hac-hfw1200tlp-0360b-2mp-hdcvi-ir-bullet-kamera\/","title":{"rendered":"Dahua HAC-HFW1200TLP-0360B 2MP HDCVI IR Bullet Kamera"},"content":{"rendered":"<table border=\"1\" cellpadding=\"5\" cellspacing=\"1\" id=\"table-1\">\n<tbody>\n<tr>\n<td colspan=\"2\"><strong>Dahua HAC-HFW1200TLP-0360B Teknik &Ouml;zellikleri<\/strong><\/td>\n<\/tr>\n<tr>\n<td colspan=\"2\"><strong>Kamera<\/strong><\/td>\n<\/tr>\n<tr>\n<td>G&ouml;r&uuml;nt&uuml; Sens&ouml;r&uuml;<\/td>\n<td>1 \/ 2.7 &ldquo;CMOS<\/td>\n<\/tr>\n<tr>\n<td>Efektif Piksel<\/td>\n<td>1920(H)&times;1080(V), 2MP<\/td>\n<\/tr>\n<tr>\n<td>Tarama Sistemi<\/td>\n<td>Progresif<\/td>\n<\/tr>\n<tr>\n<td>Elektronik Shutter H\u0131z\u0131<\/td>\n<td>PAL: 1\/25 ~ 1 \/ 100000s<\/p>\n<p>&nbsp;<\/p>\n<p>NTSC: 1\/30 ~ 1 \/ 100000s<\/p>\n<\/td>\n<\/tr>\n<tr>\n<td>Minimum Ayd\u0131nlatma<\/td>\n<td>0.02Lux \/ F1.85, 30IRE, 0Lux IR<\/td>\n<\/tr>\n<tr>\n<td>S \/ N Oran\u0131<\/td>\n<td>65dB&rsquo;dan fazla<\/td>\n<\/tr>\n<tr>\n<td>IR Mesafesi<\/td>\n<td>40m&rsquo;ye kadar (131 feet)<\/td>\n<\/tr>\n<tr>\n<td>IR A&ccedil;\u0131k \/ Kapal\u0131 Kontrol<\/td>\n<td>Otomatik \/ Manuel<\/td>\n<\/tr>\n<tr>\n<td>IR LED<\/td>\n<td>2<\/td>\n<\/tr>\n<tr>\n<td colspan=\"2\"><strong>Lens<\/strong><\/td>\n<\/tr>\n<tr>\n<td>Lens Tipi<\/td>\n<td>Sabit lens \/ Sabit iris<\/td>\n<\/tr>\n<tr>\n<td>Montaj Tipi<\/td>\n<td>Board-in<\/td>\n<\/tr>\n<tr>\n<td>Odak Uzakl\u0131\u011f\u0131<\/td>\n<td>3.6mm (2.8mm, 6mm Opsiyonel)<\/td>\n<\/tr>\n<tr>\n<td>Maks. A&ccedil;\u0131kl\u0131k<\/td>\n<td>F1.85<\/td>\n<\/tr>\n<tr>\n<td>G&ouml;r&uuml;\u015f A&ccedil;\u0131s\u0131<\/td>\n<td>H: 87.5 &deg; (103 &deg;, 54.7 &deg;)<\/td>\n<\/tr>\n<tr>\n<td>Netlik Ayar\u0131<\/td>\n<td>&ndash;<\/td>\n<\/tr>\n<tr>\n<td>Yak\u0131n Odak Mesafesi<\/td>\n<td>500 mm (900 mm, 2000 mm)<\/p>\n<p>&nbsp;<\/p>\n<p>19.69 &rdquo; (35.43 &ldquo;, 78.74&rdquo;)<\/p>\n<\/td>\n<\/tr>\n<tr>\n<td><strong>Pan \/ Tilt \/ D&ouml;nd&uuml;rme<\/strong><\/td>\n<td>&nbsp;<\/td>\n<\/tr>\n<tr>\n<td>Pan \/ Tilt \/ D&ouml;nd&uuml;rme<\/td>\n<td>Pan: 0&deg; ~ 360&deg;<\/p>\n<p>&nbsp;<\/p>\n<p>Tilt: 0&deg; ~ 90&deg;<\/p>\n<p>D&ouml;nd&uuml;rme: 0&deg; ~ 360&deg;<\/p>\n<\/td>\n<\/tr>\n<tr>\n<td colspan=\"2\"><strong>Video<\/strong><\/td>\n<\/tr>\n<tr>\n<td>&Ccedil;&ouml;z&uuml;n&uuml;rl&uuml;k<\/td>\n<td>1080P (1920 &times; 1080)<\/td>\n<\/tr>\n<tr>\n<td>Frame Oran\u0131<\/td>\n<td>25\/30fps@1080P, 25\/30\/50\/60fps@720P<\/td>\n<\/tr>\n<tr>\n<td>Video &Ccedil;\u0131k\u0131\u015f\u0131<\/td>\n<td>1 kanal BNC y&uuml;ksek &ccedil;&ouml;z&uuml;n&uuml;rl&uuml;kl&uuml; video &ccedil;\u0131k\u0131\u015f\u0131 \/ CVBS video &ccedil;\u0131k\u0131\u015f\u0131 (De\u011fi\u015ftirilebilir)<\/td>\n<\/tr>\n<tr>\n<td>G&uuml;nd&uuml;z \/ Gece<\/td>\n<td>Otomatik (ICR) \/ Manuel<\/td>\n<\/tr>\n<tr>\n<td>OSD Men&uuml;<\/td>\n<td>&Ccedil;oklu dil<\/td>\n<\/tr>\n<tr>\n<td>BLC Modu<\/td>\n<td>BLC \/ HLC \/ DWDR<\/td>\n<\/tr>\n<tr>\n<td>WDR<\/td>\n<td>DWDR<\/td>\n<\/tr>\n<tr>\n<td>Kazan&ccedil; Kontrol&uuml;<\/td>\n<td>AGC<\/td>\n<\/tr>\n<tr>\n<td>Parazit Azaltma<\/td>\n<td>2D<\/td>\n<\/tr>\n<tr>\n<td>Beyaz Dengesi<\/td>\n<td>Otomatik \/ Manuel<\/td>\n<\/tr>\n<tr>\n<td>Ak\u0131ll\u0131 IR<\/td>\n<td>Otomatik \/ Manuel<\/td>\n<\/tr>\n<tr>\n<td><strong>Sertifikalar<\/strong><\/td>\n<td>&nbsp;<\/td>\n<\/tr>\n<tr>\n<td>Sertifikalar<\/td>\n<td>CE (EN55032, EN55024, EN50130-4)<\/p>\n<p>&nbsp;<\/p>\n<p>FCC (CFR 47 FCC Part 15 altpartB, ANSI C63.4-2014)<\/p>\n<p>UL (UL60950-1 + CAN \/ CSA C22.2 No. 60950-1)<\/p>\n<\/td>\n<\/tr>\n<\/tbody>\n<\/table>\n<table border=\"1\" cellpadding=\"5\" cellspacing=\"1\" id=\"table-2\">\n<tbody>\n<tr>\n<td colspan=\"2\"><strong>Aray&uuml;z<\/strong><\/td>\n<\/tr>\n<tr>\n<td>Ses Aray&uuml;z<\/td>\n<td>&ndash;<\/td>\n<\/tr>\n<tr>\n<td colspan=\"2\"><strong>G&uuml;&ccedil;<\/strong><\/td>\n<\/tr>\n<tr>\n<td>G&uuml;&ccedil; Kayna\u011f\u0131<\/td>\n<td>12V DC &plusmn;% 30<\/td>\n<\/tr>\n<tr>\n<td>G&uuml;&ccedil; T&uuml;ketimi<\/td>\n<td>Maksimum 3,0 W (12V DC, IR)<\/td>\n<\/tr>\n<tr>\n<td colspan=\"2\"><strong>&Ccedil;evre Ko\u015fullar\u0131<\/strong><\/td>\n<\/tr>\n<tr>\n<td>&Ccedil;al\u0131\u015fma Ko\u015fullar\u0131<\/td>\n<td>-40 &deg; C ~ + 60 &deg; C (-40 &deg; F ~ 140 &deg; F) \/% 95&rsquo;den az RH<\/p>\n<p>&nbsp;<\/p>\n<p>* Ba\u015flang\u0131&ccedil; \u200b\u200b-40 &deg; C&rsquo;nin &uuml;st&uuml;nde (-40 &deg; F) yap\u0131lmal\u0131d\u0131r.<\/p>\n<\/td>\n<\/tr>\n<tr>\n<td>Dayan\u0131kl\u0131l\u0131k Ko\u015fullar\u0131<\/td>\n<td>-40 &deg; C ~ + 60 &deg; C (-40 &deg; F ~ 140 &deg; F) \/% 95&rsquo;den az RH<\/td>\n<\/tr>\n<tr>\n<td>Koruma Sertifikas\u0131<\/td>\n<td>IP67<\/td>\n<\/tr>\n<tr>\n<td colspan=\"2\"><strong>Kasa<\/strong><\/td>\n<\/tr>\n<tr>\n<td>Kasa<\/td>\n<td>Plastik<\/td>\n<\/tr>\n<tr>\n<td>Boyutlar<\/td>\n<td>80,2 mm &times; 76,2 mm &times; 198,9 mm<\/td>\n<\/tr>\n<tr>\n<td>Net A\u011f\u0131rl\u0131k<\/td>\n<td>0.23kg<\/td>\n<\/tr>\n<\/tbody>\n<\/table>\n<p><img loading=\"lazy\" alt=\"\" height=\"209\" sizes=\"(max-width: 500px) 100vw, 500px\" src=\"https:\/\/www.okisan.com\/wp-content\/uploads\/2018\/10\/BOYUTLAR-1-500x209.png\" srcset=\"https:\/\/www.okisan.com\/wp-content\/uploads\/2018\/10\/BOYUTLAR-1-120x50.png 120w, https:\/\/www.okisan.com\/wp-content\/uploads\/2018\/10\/BOYUTLAR-1-150x63.png 150w, https:\/\/www.okisan.com\/wp-content\/uploads\/2018\/10\/BOYUTLAR-1-200x84.png 200w, https:\/\/www.okisan.com\/wp-content\/uploads\/2018\/10\/BOYUTLAR-1-300x126.png 300w, https:\/\/www.okisan.com\/wp-content\/uploads\/2018\/10\/BOYUTLAR-1-400x167.png 400w, https:\/\/www.okisan.com\/wp-content\/uploads\/2018\/10\/BOYUTLAR-1-500x209.png 500w, https:\/\/www.okisan.com\/wp-content\/uploads\/2018\/10\/BOYUTLAR-1-600x251.png 600w, https:\/\/www.okisan.com\/wp-content\/uploads\/2018\/10\/BOYUTLAR-1.png 736w\" width=\"500\" \/><img loading=\"lazy\" alt=\"\" height=\"502\" sizes=\"(max-width: 419px) 100vw, 419px\" src=\"https:\/\/www.okisan.com\/wp-content\/uploads\/2018\/10\/AKSESUARLAR-1.png\" srcset=\"https:\/\/www.okisan.com\/wp-content\/uploads\/2018\/10\/AKSESUARLAR-1-120x144.png 120w, https:\/\/www.okisan.com\/wp-content\/uploads\/2018\/10\/AKSESUARLAR-1-150x180.png 150w, https:\/\/www.okisan.com\/wp-content\/uploads\/2018\/10\/AKSESUARLAR-1-200x240.png 200w, https:\/\/www.okisan.com\/wp-content\/uploads\/2018\/10\/AKSESUARLAR-1-300x359.png 300w, https:\/\/www.okisan.com\/wp-content\/uploads\/2018\/10\/AKSESUARLAR-1-400x479.png 400w, https:\/\/www.okisan.com\/wp-content\/uploads\/2018\/10\/AKSESUARLAR-1.png 419w\" width=\"419\" \/><\/p>\n","protected":false},"excerpt":{"rendered":"<p>Dahua HAC-HFW1200TLP-0360B Teknik &Ouml;zellikleri Kamera G&ouml;r&uuml;nt&uuml; Sens&ouml;r&uuml; 1 \/ 2.7 &ldquo;CMOS Efektif Piksel 1920(H)&times;1080(V), 2MP Tarama Sistemi Progresif Elektronik Shutter H\u0131z\u0131 PAL: 1\/25 ~ 1 \/ 100000s &nbsp; NTSC: 1\/30 ~ 1 \/ 100000s Minimum Ayd\u0131nlatma 0.02Lux \/ F1.85, 30IRE, 0Lux IR S \/ N Oran\u0131 65dB&rsquo;dan fazla IR Mesafesi 40m&rsquo;ye kadar (131 feet) IR [&#8230;]\n","protected":false},"featured_media":452,"comment_status":"closed","ping_status":"closed","template":"","meta":[],"_links":{"self":[{"href":"https:\/\/nilbilisim.com.tr\/magaza\/wp-json\/wp\/v2\/product\/451"}],"collection":[{"href":"https:\/\/nilbilisim.com.tr\/magaza\/wp-json\/wp\/v2\/product"}],"about":[{"href":"https:\/\/nilbilisim.com.tr\/magaza\/wp-json\/wp\/v2\/types\/product"}],"replies":[{"embeddable":true,"href":"https:\/\/nilbilisim.com.tr\/magaza\/wp-json\/wp\/v2\/comments?post=451"}],"wp:featuredmedia":[{"embeddable":true,"href":"https:\/\/nilbilisim.com.tr\/magaza\/wp-json\/wp\/v2\/media\/452"}],"wp:attachment":[{"href":"https:\/\/nilbilisim.com.tr\/magaza\/wp-json\/wp\/v2\/media?parent=451"}],"curies":[{"name":"wp","href":"https:\/\/api.w.org\/{rel}","templated":true}]}}