{"id":455,"date":"2021-01-18T19:51:17","date_gmt":"2021-01-18T19:51:17","guid":{"rendered":"https:\/\/nilbilisim.com.tr\/magaza\/urun\/dahua-hac-hfw1200dp-0360b-s4-2megapixel-1080p-water-proof-hdcvi-ir-bullet-kamera\/"},"modified":"2024-07-01T01:41:26","modified_gmt":"2024-06-30T22:41:26","slug":"dahua-hac-hfw1200dp-0360b-s4-2megapixel-1080p-water-proof-hdcvi-ir-bullet-kamera","status":"publish","type":"product","link":"https:\/\/nilbilisim.com.tr\/magaza\/urun\/dahua-hac-hfw1200dp-0360b-s4-2megapixel-1080p-water-proof-hdcvi-ir-bullet-kamera\/","title":{"rendered":"Dahua HAC-HFW1200DP-0360B-S4 2Megapixel 1080P Water-proof HDCVI IR-Bullet Kamera"},"content":{"rendered":"<ul>\n<li>1\/2.7&rdquo; 2Megapixel CMOS<\/li>\n<li>25\/30fps@1080P, 25\/30\/50\/60fps@720P<\/li>\n<li>Y&uuml;ksek H\u0131z, Uzun Mesafe Real-Time \u0130letim<\/li>\n<li>HD ve SD de\u011fi\u015ftirilebilir<\/li>\n<li>OSD Menu,&nbsp;koaksiyel kablo &uuml;zerinden kontrol sa\u011flama<\/li>\n<li>DWDR, Gece\/G&uuml;nd&uuml;z (ICR),&nbsp; AWB, AGC, BLC, 2DNR<\/li>\n<li>3.6mm Sabit Lens (6mm,8mm opsiyonel)<\/li>\n<li>Maks. IR LED G&ouml;r&uuml;\u015f Mesafesi: 80M, Ak\u0131ll\u0131 IR<\/li>\n<li>IP67, DC12V<\/li>\n<\/ul>\n<table border=\"1\" cellpadding=\"5\" cellspacing=\"1\">\n<tbody>\n<tr>\n<td><strong>Model<\/strong><\/td>\n<td><strong>HAC-HFW1200DP-0360B-S4<\/strong><\/td>\n<\/tr>\n<tr>\n<td><strong>Kamera<\/strong><\/td>\n<td>&nbsp;<\/td>\n<\/tr>\n<tr>\n<td>G&ouml;r&uuml;nt&uuml; Sens&ouml;r&uuml;<\/td>\n<td>1\/2.7&rdquo; 2Megapixel CMOS<\/td>\n<\/tr>\n<tr>\n<td>Efektif Piksel<\/td>\n<td>1930(H)&times;1088(V)<\/td>\n<\/tr>\n<tr>\n<td>Elektronik Shutter H\u0131z\u0131<\/td>\n<td>1\/25~1\/100000s<\/td>\n<\/tr>\n<tr>\n<td>Video Frame Oran\u0131<\/td>\n<td>25\/50fps@720P; 25fps@1080P<\/td>\n<\/tr>\n<tr>\n<td>Min. Ayd\u0131nlatma<\/td>\n<td>0.02Lux\/F2.0, 0Lux IR on<\/td>\n<\/tr>\n<tr>\n<td>Senkronizasyon<\/td>\n<td>Dahili<\/td>\n<\/tr>\n<tr>\n<td>Video &Ccedil;\u0131k\u0131\u015f\u0131<\/td>\n<td>1-kanal BNC HDCVI high definition video &ccedil;\u0131k\u0131\u015f\u0131<\/td>\n<\/tr>\n<tr>\n<td><strong>Kamera &Ouml;zellikleri<\/strong><\/td>\n<td>&nbsp;<\/td>\n<\/tr>\n<tr>\n<td>Maks IR LED Mesafesi<\/td>\n<td>80m ak\u0131ll\u0131 IR<\/td>\n<\/tr>\n<tr>\n<td>Araka I\u015f\u0131k Telafisi<\/td>\n<td>DWDR<\/td>\n<\/tr>\n<tr>\n<td>Gece\/G&uuml;nd&uuml;z<\/td>\n<td>Oto(ICR) \/ Renk \/ S\/B<\/td>\n<\/tr>\n<tr>\n<td>Parazit Azaltma<\/td>\n<td>2D<\/td>\n<\/tr>\n<tr>\n<td>OSD Men&uuml;<\/td>\n<td>Mevcut<\/td>\n<\/tr>\n<tr>\n<td><strong>Lens<\/strong><\/td>\n<td>&nbsp;<\/td>\n<\/tr>\n<tr>\n<td>Odak Uzunlu\u011fu<\/td>\n<td>3.6mm (6mm,8mmopsiyonel)<\/td>\n<\/tr>\n<tr>\n<td>G&ouml;r&uuml;\u015f A&ccedil;\u0131s\u0131<\/td>\n<td>H: 89.9&ordm;(59.4&ordm;\/41.4&ordm;)<\/td>\n<\/tr>\n<tr>\n<td>Montaj Tipi<\/td>\n<td>M12<\/td>\n<\/tr>\n<tr>\n<td><strong>Genel<\/strong><\/td>\n<td>&nbsp;<\/td>\n<\/tr>\n<tr>\n<td>G&uuml;&ccedil;<\/td>\n<td>DC12V&plusmn;25%<\/td>\n<\/tr>\n<tr>\n<td>G&uuml;&ccedil; T&uuml;ketimi<\/td>\n<td>6.8W<\/td>\n<\/tr>\n<tr>\n<td>&Ccedil;al\u0131\u015fma Ortam\u0131<\/td>\n<td>-40&deg;C~+60&deg;C\/, &lt; 95% RH<\/td>\n<\/tr>\n<tr>\n<td>Koruma Sertifikas\u0131<\/td>\n<td>IP67<\/td>\n<\/tr>\n<tr>\n<td>\u0130letisim mesafesi<\/td>\n<td>75-3 Koaksiyel kablo ile 500 metrede<\/td>\n<\/tr>\n<tr>\n<td>Boyutlar<\/td>\n<td>241.8mm&times;90.2mm&times;83.7mm<\/td>\n<\/tr>\n<tr>\n<td>A\u011f\u0131rl\u0131k<\/td>\n<td>0.635kg<\/td>\n<\/tr>\n<tr>\n<td>Malzeme<\/td>\n<td>Metalik<\/td>\n<\/tr>\n<\/tbody>\n<\/table>\n","protected":false},"excerpt":{"rendered":"<p>1\/2.7&rdquo; 2Megapixel CMOS 25\/30fps@1080P, 25\/30\/50\/60fps@720P Y&uuml;ksek H\u0131z, Uzun Mesafe Real-Time \u0130letim HD ve SD de\u011fi\u015ftirilebilir OSD Menu,&nbsp;koaksiyel kablo &uuml;zerinden kontrol sa\u011flama DWDR, Gece\/G&uuml;nd&uuml;z (ICR),&nbsp; AWB, AGC, BLC, 2DNR 3.6mm Sabit Lens (6mm,8mm opsiyonel) Maks. IR LED G&ouml;r&uuml;\u015f Mesafesi: 80M, Ak\u0131ll\u0131 IR IP67, DC12V Model HAC-HFW1200DP-0360B-S4 Kamera &nbsp; G&ouml;r&uuml;nt&uuml; Sens&ouml;r&uuml; 1\/2.7&rdquo; 2Megapixel CMOS Efektif Piksel 1930(H)&times;1088(V) [&#8230;]\n","protected":false},"featured_media":456,"comment_status":"closed","ping_status":"closed","template":"","meta":[],"_links":{"self":[{"href":"https:\/\/nilbilisim.com.tr\/magaza\/wp-json\/wp\/v2\/product\/455"}],"collection":[{"href":"https:\/\/nilbilisim.com.tr\/magaza\/wp-json\/wp\/v2\/product"}],"about":[{"href":"https:\/\/nilbilisim.com.tr\/magaza\/wp-json\/wp\/v2\/types\/product"}],"replies":[{"embeddable":true,"href":"https:\/\/nilbilisim.com.tr\/magaza\/wp-json\/wp\/v2\/comments?post=455"}],"wp:featuredmedia":[{"embeddable":true,"href":"https:\/\/nilbilisim.com.tr\/magaza\/wp-json\/wp\/v2\/media\/456"}],"wp:attachment":[{"href":"https:\/\/nilbilisim.com.tr\/magaza\/wp-json\/wp\/v2\/media?parent=455"}],"curies":[{"name":"wp","href":"https:\/\/api.w.org\/{rel}","templated":true}]}}