{"id":469,"date":"2021-01-18T19:53:00","date_gmt":"2021-01-18T19:53:00","guid":{"rendered":"https:\/\/nilbilisim.com.tr\/magaza\/urun\/dahua-hac-hdw1200tlp-a-0280b-s4-2mp-hdcvi-ir-eieball-kamera\/"},"modified":"2024-07-01T01:41:24","modified_gmt":"2024-06-30T22:41:24","slug":"dahua-hac-hdw1200tlp-a-0280b-s4-2mp-hdcvi-ir-eieball-kamera","status":"publish","type":"product","link":"https:\/\/nilbilisim.com.tr\/magaza\/urun\/dahua-hac-hdw1200tlp-a-0280b-s4-2mp-hdcvi-ir-eieball-kamera\/","title":{"rendered":"Dahua HAC-HDW1200TLP-A-0280B-S4 2MP HDCVI IR Eyeball Kamera"},"content":{"rendered":"<ul>\n<li>Maks. 30fps@1080P<\/li>\n<li>Dahili mikrofon<\/li>\n<li>CVI \/ CVBS \/ AHD \/ TVI de\u011fi\u015ftirilebilir<\/li>\n<li>2.8mm sabit lens (3.6mm opsiyonel)<\/li>\n<li>Maks.&nbsp;IR uzunlu\u011fu 30m, Ak\u0131ll\u0131 IR<\/li>\n<li>IP67, DC12V<\/li>\n<\/ul>\n<table border=\"1\" cellpadding=\"5\" cellspacing=\"1\" id=\"table001\">\n<tbody>\n<tr>\n<td colspan=\"2\"><strong>Dahua HAC-HDW1200TLP-A-0280B-S4 Teknik &Ouml;zellikleri<\/strong><\/td>\n<\/tr>\n<tr>\n<td colspan=\"2\"><strong>Kamera<\/strong><\/td>\n<\/tr>\n<tr>\n<td>G&ouml;r&uuml;nt&uuml; Sens&ouml;r&uuml;<\/td>\n<td>1\/2.7&rdquo;CMOS<\/td>\n<\/tr>\n<tr>\n<td>Efekif Piksel<\/td>\n<td>1920 (H)&times;1080 (V), 2MP<\/td>\n<\/tr>\n<tr>\n<td>Elektronik Shutter H\u0131z\u0131<\/td>\n<td>PAL: 1\/25s&ndash;1\/100000s<br \/>\n\t\t\tNTSC: 1\/30s&ndash;1\/100000s<\/td>\n<\/tr>\n<tr>\n<td>Minimum Ayd\u0131nlatma<\/td>\n<td>0.02Lux\/F1.85, 30IRE, 0Lux IR<\/td>\n<\/tr>\n<tr>\n<td>IR Mesafesi<\/td>\n<td>30 m (98,42 ft)<\/td>\n<\/tr>\n<tr>\n<td>IR A&ccedil;\u0131k \/ Kapal\u0131 Kontrol<\/td>\n<td>Otomatik \/ Manuel<\/td>\n<\/tr>\n<tr>\n<td>IR LED Say\u0131s\u0131<\/td>\n<td>1<\/td>\n<\/tr>\n<tr>\n<td>Pan\/Tilt\/D&ouml;nd&uuml;rme Aral\u0131\u011f\u0131<\/td>\n<td>Pan: 0&deg;&ndash;360&deg;<br \/>\n\t\t\tTilt: 0&deg;&ndash;78&deg;<br \/>\n\t\t\tD&ouml;nd&uuml;rme: 0&deg;&ndash;360&deg;<\/td>\n<\/tr>\n<tr>\n<td colspan=\"2\"><strong>Lens<\/strong><\/td>\n<\/tr>\n<tr>\n<td>Lens Tipi<\/td>\n<td>Sabit odak<\/td>\n<\/tr>\n<tr>\n<td>Montaj Tipi<\/td>\n<td>M12<\/td>\n<\/tr>\n<tr>\n<td>Odak Uzakl\u0131\u011f\u0131<\/td>\n<td>2,8 mm;&nbsp;3.6mm<\/td>\n<\/tr>\n<tr>\n<td>Maks. A&ccedil;\u0131kl\u0131k<\/td>\n<td>F1.85 \/ F2.0<\/td>\n<\/tr>\n<tr>\n<td>G&ouml;r&uuml;\u015f A&ccedil;\u0131s\u0131<\/td>\n<td>2.8mm: 118&deg;&times;103&deg;&times;59&deg; (diagonal&times;horizontal&times;vertical)<br \/>\n\t\t\t3.6mm: 103.8&deg;&times;87.5&deg;&times;47&deg; (diagonal&times;horizontal&times;vertical)<\/td>\n<\/tr>\n<tr>\n<td>\u0130ris Tipi<\/td>\n<td>Sabit iris<\/td>\n<\/tr>\n<tr>\n<td>Yak\u0131n Odak Mesafesi<\/td>\n<td>0,5 m (1,64 ft) \/ 0,9 m (2,95 ft)<\/td>\n<\/tr>\n<tr>\n<td colspan=\"2\"><strong>Video<\/strong><\/td>\n<\/tr>\n<tr>\n<td>Video Frame H\u0131z\u0131<\/td>\n<td>CVI:<br \/>\n\t\t\tPAL: 1080P@25fp; 720P@25fps; 720@50fps<br \/>\n\t\t\tNTSC: 1080P@30fp; 720P@30fps; 720@60fps<br \/>\n\t\t\tAHD: PAL: 1080P@25fp; 720P@25fps<br \/>\n\t\t\tNTSC: 1080P@30fp; 720P@30fps<br \/>\n\t\t\tTVI: PAL: 1080P@25fp; 720P@25fps; 720@50fps<br \/>\n\t\t\tNTSC: 1080P@30fp; 720P@30fps; 720@60fpsCVBS: PAL: 960H<br \/>\n\t\t\tNTSC: 960H<\/td>\n<\/tr>\n<tr>\n<td>&Ccedil;&ouml;z&uuml;n&uuml;rl&uuml;k<\/td>\n<td>1080P (1920 &times; 1080);&nbsp;720P (1280 &times; 720);&nbsp;960H (960 &times; 576\/960 &times; 480)<\/td>\n<\/tr>\n<tr>\n<td>G&uuml;nd&uuml;z \/ Gece<\/td>\n<td>ICR ile otomatik ge&ccedil;i\u015f<\/td>\n<\/tr>\n<\/tbody>\n<\/table>\n<table border=\"1\" cellpadding=\"5\" cellspacing=\"1\" id=\"table002\">\n<tbody>\n<tr>\n<td>BLC Modu<\/td>\n<td>BLC \/ HLC \/ DWDR<\/td>\n<\/tr>\n<tr>\n<td>WDR<\/td>\n<td>DWDR<\/td>\n<\/tr>\n<tr>\n<td>Beyaz Dengesi<\/td>\n<td>Oto;&nbsp;Manuel<\/td>\n<\/tr>\n<tr>\n<td>Kazan&ccedil; Kontrol&uuml;<\/td>\n<td>Oto;&nbsp;Manuel<\/td>\n<\/tr>\n<tr>\n<td>Parazit Azaltma<\/td>\n<td>2D NR<\/td>\n<\/tr>\n<tr>\n<td>Ak\u0131ll\u0131 IR<\/td>\n<td>Mevcut<\/td>\n<\/tr>\n<tr>\n<td>Mirror<\/td>\n<td>Kapal\u0131 \/ A&ccedil;\u0131k<\/td>\n<\/tr>\n<tr>\n<td>&Ouml;zel Alan Maskelemesi<\/td>\n<td>Kapal\u0131 \/ A&ccedil;\u0131k (8 Alan, Dikd&ouml;rtgen)<\/td>\n<\/tr>\n<tr>\n<td colspan=\"2\"><strong>Sertifikalar<\/strong><\/td>\n<\/tr>\n<tr>\n<td>Sertifikalar<\/td>\n<td>CE (EN55032, EN55024, EN50130-4)<br \/>\n\t\t\tFCC (CFR 47 FCC B&ouml;l&uuml;m 15 alt b&ouml;l&uuml;m B, ANSI C63.4-2014)<br \/>\n\t\t\tUL (&nbsp;UL60950-1&nbsp;+ CAN \/ CSA C22.2 No.60950-1)<\/td>\n<\/tr>\n<tr>\n<td colspan=\"2\"><strong>Port<\/strong><\/td>\n<\/tr>\n<tr>\n<td>Video Port<\/td>\n<td>Bir BNC portu ile CVI \/ TVI \/ AHD \/ CVBS video &ccedil;\u0131k\u0131\u015f se&ccedil;enekleri<\/td>\n<\/tr>\n<tr>\n<td>Ses Port<\/td>\n<td>Dahili mikrofon<\/td>\n<\/tr>\n<tr>\n<td colspan=\"2\"><strong>G&uuml;&ccedil;<\/strong><\/td>\n<\/tr>\n<tr>\n<td>G&uuml;&ccedil; Kayna\u011f\u0131<\/td>\n<td>12V DC &plusmn;% 30<\/td>\n<\/tr>\n<tr>\n<td>G&uuml;&ccedil; T&uuml;ketimi<\/td>\n<td>Maks. 3,6 W (12V DC, IR)<\/td>\n<\/tr>\n<\/tbody>\n<\/table>\n<table border=\"1\" cellpadding=\"5\" cellspacing=\"1\" id=\"table003\">\n<tbody>\n<tr>\n<td colspan=\"2\"><strong>&Ccedil;evre Ko\u015fullar\u0131<\/strong><\/td>\n<\/tr>\n<tr>\n<td>&Ccedil;al\u0131\u015fma Ko\u015fullar\u0131<\/td>\n<td>-40 &deg; C ila + 60 &deg; C (-40 &deg; F ila + 140 &deg; F);&nbsp;&lt;% 95 (yo\u011fu\u015fmas\u0131z)<\/td>\n<\/tr>\n<tr>\n<td>Dayan\u0131kl\u0131l\u0131k Ko\u015fullar\u0131<\/td>\n<td>-40 &deg; C ila + 60 &deg; C (-40 &deg; F ila + 140 &deg; F);&nbsp;&lt;% 95 (yo\u011fu\u015fmas\u0131z)<\/td>\n<\/tr>\n<tr>\n<td>Koruma Sertifikas\u0131<\/td>\n<td>IP67<\/td>\n<\/tr>\n<tr>\n<td colspan=\"2\"><strong>Kasa<\/strong><\/td>\n<\/tr>\n<tr>\n<td>Kasa<\/td>\n<td>\u0130&ccedil; &ccedil;ekirdek: metal + plastik;&nbsp;kapak: plastik<\/td>\n<\/tr>\n<tr>\n<td>Boyutlar<\/td>\n<td>&Phi;97.0mm&times;85.8mm<\/td>\n<\/tr>\n<tr>\n<td>Net A\u011f\u0131rl\u0131k<\/td>\n<td>0.22kg<\/td>\n<\/tr>\n<\/tbody>\n<\/table>\n<p><img loading=\"lazy\" alt=\"\" height=\"217\" sizes=\"(max-width: 500px) 100vw, 500px\" src=\"https:\/\/www.okisan.com\/wp-content\/uploads\/2020\/01\/boyutlar-15-500x217.png\" srcset=\"https:\/\/www.okisan.com\/wp-content\/uploads\/2020\/01\/boyutlar-15-120x52.png 120w, https:\/\/www.okisan.com\/wp-content\/uploads\/2020\/01\/boyutlar-15-150x65.png 150w, https:\/\/www.okisan.com\/wp-content\/uploads\/2020\/01\/boyutlar-15-200x87.png 200w, https:\/\/www.okisan.com\/wp-content\/uploads\/2020\/01\/boyutlar-15-300x130.png 300w, https:\/\/www.okisan.com\/wp-content\/uploads\/2020\/01\/boyutlar-15-400x173.png 400w, https:\/\/www.okisan.com\/wp-content\/uploads\/2020\/01\/boyutlar-15-500x217.png 500w, https:\/\/www.okisan.com\/wp-content\/uploads\/2020\/01\/boyutlar-15-600x260.png 600w, https:\/\/www.okisan.com\/wp-content\/uploads\/2020\/01\/boyutlar-15-768x333.png 768w, https:\/\/www.okisan.com\/wp-content\/uploads\/2020\/01\/boyutlar-15.png 782w\" width=\"500\" \/><img loading=\"lazy\" alt=\"\" height=\"166\" sizes=\"(max-width: 500px) 100vw, 500px\" src=\"https:\/\/www.okisan.com\/wp-content\/uploads\/2020\/01\/aksesuarlar-7-500x166.png\" srcset=\"https:\/\/www.okisan.com\/wp-content\/uploads\/2020\/01\/aksesuarlar-7-120x40.png 120w, https:\/\/www.okisan.com\/wp-content\/uploads\/2020\/01\/aksesuarlar-7-150x50.png 150w, https:\/\/www.okisan.com\/wp-content\/uploads\/2020\/01\/aksesuarlar-7-200x66.png 200w, https:\/\/www.okisan.com\/wp-content\/uploads\/2020\/01\/aksesuarlar-7-300x99.png 300w, https:\/\/www.okisan.com\/wp-content\/uploads\/2020\/01\/aksesuarlar-7-400x132.png 400w, https:\/\/www.okisan.com\/wp-content\/uploads\/2020\/01\/aksesuarlar-7-500x166.png 500w, https:\/\/www.okisan.com\/wp-content\/uploads\/2020\/01\/aksesuarlar-7.png 580w\" width=\"500\" \/><\/p>\n","protected":false},"excerpt":{"rendered":"<p>Maks. 30fps@1080P Dahili mikrofon CVI \/ CVBS \/ AHD \/ TVI de\u011fi\u015ftirilebilir 2.8mm sabit lens (3.6mm opsiyonel) Maks.&nbsp;IR uzunlu\u011fu 30m, Ak\u0131ll\u0131 IR IP67, DC12V Dahua HAC-HDW1200TLP-A-0280B-S4 Teknik &Ouml;zellikleri Kamera G&ouml;r&uuml;nt&uuml; Sens&ouml;r&uuml; 1\/2.7&rdquo;CMOS Efekif Piksel 1920 (H)&times;1080 (V), 2MP Elektronik Shutter H\u0131z\u0131 PAL: 1\/25s&ndash;1\/100000s NTSC: 1\/30s&ndash;1\/100000s Minimum Ayd\u0131nlatma 0.02Lux\/F1.85, 30IRE, 0Lux IR IR Mesafesi 30 m [&#8230;]\n","protected":false},"featured_media":470,"comment_status":"closed","ping_status":"closed","template":"","meta":[],"_links":{"self":[{"href":"https:\/\/nilbilisim.com.tr\/magaza\/wp-json\/wp\/v2\/product\/469"}],"collection":[{"href":"https:\/\/nilbilisim.com.tr\/magaza\/wp-json\/wp\/v2\/product"}],"about":[{"href":"https:\/\/nilbilisim.com.tr\/magaza\/wp-json\/wp\/v2\/types\/product"}],"replies":[{"embeddable":true,"href":"https:\/\/nilbilisim.com.tr\/magaza\/wp-json\/wp\/v2\/comments?post=469"}],"wp:featuredmedia":[{"embeddable":true,"href":"https:\/\/nilbilisim.com.tr\/magaza\/wp-json\/wp\/v2\/media\/470"}],"wp:attachment":[{"href":"https:\/\/nilbilisim.com.tr\/magaza\/wp-json\/wp\/v2\/media?parent=469"}],"curies":[{"name":"wp","href":"https:\/\/api.w.org\/{rel}","templated":true}]}}