{"id":475,"date":"2021-01-18T19:53:08","date_gmt":"2021-01-18T19:53:08","guid":{"rendered":"https:\/\/nilbilisim.com.tr\/magaza\/urun\/dahua-hac-hdw1200lp-0210b-s3-2mp-hdcvi-ir-eieball-kamera\/"},"modified":"2024-07-01T01:41:23","modified_gmt":"2024-06-30T22:41:23","slug":"dahua-hac-hdw1200lp-0210b-s3-2mp-hdcvi-ir-eieball-kamera","status":"publish","type":"product","link":"https:\/\/nilbilisim.com.tr\/magaza\/urun\/dahua-hac-hdw1200lp-0210b-s3-2mp-hdcvi-ir-eieball-kamera\/","title":{"rendered":"Dahua HAC-HDW1200LP-0210B-S3 2MP HDCVI IR Eyeball Kamera"},"content":{"rendered":"<ul>\n<li>Maks. 30fps@1080P<\/li>\n<li>HD ve SD &ccedil;\u0131k\u0131\u015f&nbsp;de\u011fi\u015ftirilebilir.<\/li>\n<li>2.1mm sabit lens<\/li>\n<li>Dahili Mikrofon<\/li>\n<li>Maks. IR uzunlu\u011fu 3m, Ak\u0131ll\u0131 IR<\/li>\n<li>DC12V<\/li>\n<\/ul>\n<table border=\"1\" cellpadding=\"5\" cellspacing=\"1\" id=\"table-1\">\n<tbody>\n<tr>\n<td colspan=\"2\"><strong>Dahua HAC-HDW1200LP-0210B-S3 Teknik &Ouml;zellikleri<\/strong><\/td>\n<\/tr>\n<tr>\n<td colspan=\"2\"><strong>Kamera<\/strong><\/td>\n<\/tr>\n<tr>\n<td>G&ouml;r&uuml;nt&uuml; Sens&ouml;r&uuml;<\/td>\n<td>1 \/ 2.7 &ldquo;CMOS<\/td>\n<\/tr>\n<tr>\n<td>Efektif Piksel<\/td>\n<td>1920 (H) &times; 1080 (V), 2MP<\/td>\n<\/tr>\n<tr>\n<td>Tarama Sistemi<\/td>\n<td>Progresif<\/td>\n<\/tr>\n<tr>\n<td>Elektronik Shutter H\u0131z\u0131<\/td>\n<td>PAL: 1\/25 ~ 1 \/ 100000s<\/p>\n<p>&nbsp;<\/p>\n<p>NTSC: 1\/30 ~ 1 \/ 100000s<\/p>\n<\/td>\n<\/tr>\n<tr>\n<td>Minimum Ayd\u0131nlatma<\/td>\n<td>0.02Lux \/ F2.0, 30IRE, 0Lux IR<\/td>\n<\/tr>\n<tr>\n<td>S \/ N Oran\u0131<\/td>\n<td>65dB&rsquo;den fazla<\/td>\n<\/tr>\n<tr>\n<td>IR Mesafesi<\/td>\n<td>3 m&rsquo;ye kadar (9 feet)<\/td>\n<\/tr>\n<tr>\n<td>IR A&ccedil;\u0131k \/ Kapal\u0131 Kontrol<\/td>\n<td>Otomatik \/ Manuel<\/td>\n<\/tr>\n<tr>\n<td>IR LED<\/td>\n<td>1<\/td>\n<\/tr>\n<tr>\n<td colspan=\"2\"><strong>Lens<\/strong><\/td>\n<\/tr>\n<tr>\n<td>Lens Tipi<\/td>\n<td>Sabit lens \/ Sabit iris<\/td>\n<\/tr>\n<tr>\n<td>Montaj Tipi<\/td>\n<td>Board-in<\/td>\n<\/tr>\n<tr>\n<td>Odak Uzakl\u0131\u011f\u0131<\/td>\n<td>2.1mm<\/td>\n<\/tr>\n<tr>\n<td>Maks. A&ccedil;\u0131kl\u0131k<\/td>\n<td>F2.0<\/td>\n<\/tr>\n<tr>\n<td>G&ouml;r&uuml;\u015f A&ccedil;\u0131s\u0131<\/td>\n<td>H: 139 &deg;<\/td>\n<\/tr>\n<tr>\n<td>Netlik Ayar\u0131<\/td>\n<td>&ndash;<\/td>\n<\/tr>\n<tr>\n<td>Yak\u0131n Odak Mesafesi<\/td>\n<td>500mm (19.68&Prime; )<\/td>\n<\/tr>\n<tr>\n<td colspan=\"2\"><strong>Pan \/ Tilt \/ D&ouml;nd&uuml;rme<\/strong><\/td>\n<\/tr>\n<tr>\n<td>Pan \/ Tilt \/ D&ouml;nd&uuml;rme<\/td>\n<td>Soldan sa\u011fa: 0 &deg; ~ 40 &deg;; yukardan a\u015fa\u011f\u0131 0 &deg; ~ 55 &deg;; D&ouml;nd&uuml;rme: 0 &deg; ~ 360 &deg; 3 Eksenli (3 Axis) y&ouml;n ayar\u0131 ve istenildi\u011fi gibi ayarlanabilme<\/td>\n<\/tr>\n<tr>\n<td colspan=\"2\"><strong>Video<\/strong><\/td>\n<\/tr>\n<tr>\n<td>&Ccedil;&ouml;z&uuml;n&uuml;rl&uuml;k<\/td>\n<td>1080P (1920 &times; 1080)<\/td>\n<\/tr>\n<tr>\n<td>Frame Oran\u0131<\/td>\n<td>PAL: 1920 &times; 1080 @ 25fps, 1280 &times; 720 @ 25 \/ 50fps;<\/p>\n<p>&nbsp;<\/p>\n<p>NTSC: 1920 &times; 1080 @ 30fps, 1280 &times; 720 @ 30 \/ 60fps<\/p>\n<\/td>\n<\/tr>\n<tr>\n<td>Video &Ccedil;\u0131k\u0131\u015f\u0131<\/td>\n<td>1 kanal BNC y&uuml;ksek &ccedil;&ouml;z&uuml;n&uuml;rl&uuml;kl&uuml; video &ccedil;\u0131k\u0131\u015f\u0131 \/ CVBS video &ccedil;\u0131k\u0131\u015f\u0131 (Anahtarlanabilir)<\/td>\n<\/tr>\n<tr>\n<td>G&uuml;nd&uuml;z \/Gece<\/td>\n<td>Elektronik<\/td>\n<\/tr>\n<tr>\n<td>OSD Men&uuml;<\/td>\n<td>&Ccedil;oklu dil<\/td>\n<\/tr>\n<tr>\n<td>BLC Modu<\/td>\n<td>BLC \/ HLC \/ DWDR<\/td>\n<\/tr>\n<tr>\n<td>WDR<\/td>\n<td>DWDR<\/td>\n<\/tr>\n<tr>\n<td>Kazan&ccedil; Kontrol&uuml;<\/td>\n<td>AGC<\/td>\n<\/tr>\n<tr>\n<td>Parazit Azaltma<\/td>\n<td>2D<\/td>\n<\/tr>\n<tr>\n<td>Beyaz Dengesi<\/td>\n<td>Otomatik \/ Manuel<\/td>\n<\/tr>\n<tr>\n<td>Ak\u0131ll\u0131 IR<\/td>\n<td>Otomatik \/ Manuel<\/td>\n<\/tr>\n<tr>\n<td><strong>Sertifikalar<\/strong><\/td>\n<td>&nbsp;<\/td>\n<\/tr>\n<tr>\n<td>Sertifikalar<\/td>\n<td>CE (EN55032, EN55024, EN50130-4)<\/p>\n<p>&nbsp;<\/p>\n<p>FCC (CFR 47 FCC B&ouml;l&uuml;m 15 alt b&ouml;l&uuml;m B, ANSI C63.4-2014)<\/p>\n<p>EN50155 (EN50121-3-2, IEC61373)<\/p>\n<\/td>\n<\/tr>\n<\/tbody>\n<\/table>\n<table border=\"1\" cellpadding=\"5\" cellspacing=\"1\" id=\"table-2\">\n<tbody>\n<tr>\n<td colspan=\"2\"><strong>Aray&uuml;z<\/strong><\/td>\n<\/tr>\n<tr>\n<td>Ses Aray&uuml;z&uuml;<\/td>\n<td>Dahili Mikrofon<\/td>\n<\/tr>\n<tr>\n<td colspan=\"2\"><strong>G&uuml;&ccedil;<\/strong><\/td>\n<\/tr>\n<tr>\n<td>G&uuml;&ccedil; Kayna\u011f\u0131<\/td>\n<td>12V DC &plusmn;% 25<\/td>\n<\/tr>\n<tr>\n<td>G&uuml;&ccedil; T&uuml;ketimi<\/td>\n<td>Maks. 1,5 W (12V DC, IR)<\/td>\n<\/tr>\n<tr>\n<td colspan=\"2\"><strong>&Ccedil;evre Ko\u015fullar\u0131<\/strong><\/td>\n<\/tr>\n<tr>\n<td>&Ccedil;al\u0131\u015fma Ko\u015fullar\u0131<\/td>\n<td>-40 &deg; C ~ + 60 &deg; C (-40 &deg; F ~ + 140 &deg; F) \/ az% 95 RH<\/td>\n<\/tr>\n<tr>\n<td>Dayan\u0131kl\u0131l\u0131k Ko\u015fullar\u0131<\/td>\n<td>-40 &deg; C ~ + 60 &deg; C (-40 &deg; F ~ + 140 &deg; F) \/ az% 95 RH<\/td>\n<\/tr>\n<tr>\n<td>Koruma Sertifikas\u0131<\/td>\n<td>&ndash;<\/td>\n<\/tr>\n<tr>\n<td colspan=\"2\"><strong>Kasa<\/strong><\/td>\n<\/tr>\n<tr>\n<td>Kasa<\/td>\n<td>Plastik<\/td>\n<\/tr>\n<tr>\n<td>Boyutlar<\/td>\n<td>71.6mm x 60.9mm x 45.9mm<\/td>\n<\/tr>\n<tr>\n<td>Net A\u011f\u0131rl\u0131k<\/td>\n<td>0.085kg<\/td>\n<\/tr>\n<\/tbody>\n<\/table>\n<p><img loading=\"lazy\" alt=\"\" height=\"386\" sizes=\"(max-width: 500px) 100vw, 500px\" src=\"https:\/\/www.okisan.com\/wp-content\/uploads\/2018\/03\/HAC-HDW1200L-1-500x386.png\" srcset=\"https:\/\/www.okisan.com\/wp-content\/uploads\/2018\/03\/HAC-HDW1200L-1-120x93.png 120w, https:\/\/www.okisan.com\/wp-content\/uploads\/2018\/03\/HAC-HDW1200L-1-150x116.png 150w, https:\/\/www.okisan.com\/wp-content\/uploads\/2018\/03\/HAC-HDW1200L-1-200x154.png 200w, https:\/\/www.okisan.com\/wp-content\/uploads\/2018\/03\/HAC-HDW1200L-1-300x232.png 300w, https:\/\/www.okisan.com\/wp-content\/uploads\/2018\/03\/HAC-HDW1200L-1-400x309.png 400w, https:\/\/www.okisan.com\/wp-content\/uploads\/2018\/03\/HAC-HDW1200L-1-500x386.png 500w, https:\/\/www.okisan.com\/wp-content\/uploads\/2018\/03\/HAC-HDW1200L-1-600x463.png 600w, https:\/\/www.okisan.com\/wp-content\/uploads\/2018\/03\/HAC-HDW1200L-1.png 698w\" width=\"500\" \/><img loading=\"lazy\" alt=\"\" height=\"521\" sizes=\"(max-width: 500px) 100vw, 500px\" src=\"https:\/\/www.okisan.com\/wp-content\/uploads\/2018\/03\/HAC-HDW1200L-a-1-500x521.png\" srcset=\"https:\/\/www.okisan.com\/wp-content\/uploads\/2018\/03\/HAC-HDW1200L-a-1-120x125.png 120w, https:\/\/www.okisan.com\/wp-content\/uploads\/2018\/03\/HAC-HDW1200L-a-1-150x156.png 150w, https:\/\/www.okisan.com\/wp-content\/uploads\/2018\/03\/HAC-HDW1200L-a-1-200x208.png 200w, https:\/\/www.okisan.com\/wp-content\/uploads\/2018\/03\/HAC-HDW1200L-a-1-300x312.png 300w, https:\/\/www.okisan.com\/wp-content\/uploads\/2018\/03\/HAC-HDW1200L-a-1-400x417.png 400w, https:\/\/www.okisan.com\/wp-content\/uploads\/2018\/03\/HAC-HDW1200L-a-1-500x521.png 500w, https:\/\/www.okisan.com\/wp-content\/uploads\/2018\/03\/HAC-HDW1200L-a-1.png 554w\" width=\"500\" \/><\/p>\n","protected":false},"excerpt":{"rendered":"<p>Maks. 30fps@1080P HD ve SD &ccedil;\u0131k\u0131\u015f&nbsp;de\u011fi\u015ftirilebilir. 2.1mm sabit lens Dahili Mikrofon Maks. IR uzunlu\u011fu 3m, Ak\u0131ll\u0131 IR DC12V Dahua HAC-HDW1200LP-0210B-S3 Teknik &Ouml;zellikleri Kamera G&ouml;r&uuml;nt&uuml; Sens&ouml;r&uuml; 1 \/ 2.7 &ldquo;CMOS Efektif Piksel 1920 (H) &times; 1080 (V), 2MP Tarama Sistemi Progresif Elektronik Shutter H\u0131z\u0131 PAL: 1\/25 ~ 1 \/ 100000s &nbsp; NTSC: 1\/30 ~ 1 \/ [&#8230;]\n","protected":false},"featured_media":476,"comment_status":"closed","ping_status":"closed","template":"","meta":[],"_links":{"self":[{"href":"https:\/\/nilbilisim.com.tr\/magaza\/wp-json\/wp\/v2\/product\/475"}],"collection":[{"href":"https:\/\/nilbilisim.com.tr\/magaza\/wp-json\/wp\/v2\/product"}],"about":[{"href":"https:\/\/nilbilisim.com.tr\/magaza\/wp-json\/wp\/v2\/types\/product"}],"replies":[{"embeddable":true,"href":"https:\/\/nilbilisim.com.tr\/magaza\/wp-json\/wp\/v2\/comments?post=475"}],"wp:featuredmedia":[{"embeddable":true,"href":"https:\/\/nilbilisim.com.tr\/magaza\/wp-json\/wp\/v2\/media\/476"}],"wp:attachment":[{"href":"https:\/\/nilbilisim.com.tr\/magaza\/wp-json\/wp\/v2\/media?parent=475"}],"curies":[{"name":"wp","href":"https:\/\/api.w.org\/{rel}","templated":true}]}}