{"id":477,"date":"2021-01-18T19:53:11","date_gmt":"2021-01-18T19:53:11","guid":{"rendered":"https:\/\/nilbilisim.com.tr\/magaza\/urun\/dahua-hac-hdbw1230rp-zs-s4-2mp-starlight-hdcvi-ir-dome-kamera\/"},"modified":"2024-07-01T01:41:23","modified_gmt":"2024-06-30T22:41:23","slug":"dahua-hac-hdbw1230rp-zs-s4-2mp-starlight-hdcvi-ir-dome-kamera","status":"publish","type":"product","link":"https:\/\/nilbilisim.com.tr\/magaza\/urun\/dahua-hac-hdbw1230rp-zs-s4-2mp-starlight-hdcvi-ir-dome-kamera\/","title":{"rendered":"Dahua HAC-HDBW1230RP-ZS-S4 2MP Starlight HDCVI IR Dome Kamera"},"content":{"rendered":"<ul>\n<li>Starlight<\/li>\n<li>Maks. 30fps @ 1080P<\/li>\n<li>HD ve SD &ccedil;\u0131k\u0131\u015f de\u011fi\u015ftirilebilir<\/li>\n<li>2.7-12mm motorize lens<\/li>\n<li>Maks.&nbsp;IR uzunlu\u011fu 30m, Ak\u0131ll\u0131 IR<\/li>\n<li>IP67, IK10, DC12V<\/li>\n<\/ul>\n<table border=\"1\" cellpadding=\"5\" cellspacing=\"1\">\n<tbody>\n<tr>\n<td><strong>Model<\/strong><\/td>\n<td colspan=\"1\"><strong>Dahua HAC-HDBW1230RP-ZS-S4 Teknik &Ouml;zellikleri<\/strong><\/td>\n<\/tr>\n<tr>\n<td><strong>Kamera<\/strong><\/td>\n<td colspan=\"1\">&nbsp;<\/td>\n<\/tr>\n<tr>\n<td>G&ouml;r&uuml;nt&uuml; Sens&ouml;r&uuml;<\/td>\n<td colspan=\"1\">1 \/ 2,8 &ldquo;CMOS<\/td>\n<\/tr>\n<tr>\n<td>Efektif Piksel<\/td>\n<td colspan=\"1\">1920 (H) &times; 1080 (V), 2 MP<\/td>\n<\/tr>\n<tr>\n<td>Tarama Sistemi<\/td>\n<td colspan=\"1\">Progresif<\/td>\n<\/tr>\n<tr>\n<td>Elektronik Shutter H\u0131z\u0131<\/td>\n<td>PAL: 1\/25~1\/100000s<\/p>\n<p>&nbsp;<\/p>\n<p>NTSC: 1\/30~1\/100000s<\/p>\n<\/td>\n<\/tr>\n<tr>\n<td>Min. Ayd\u0131nlatma<\/td>\n<td colspan=\"1\">0.005Lux \/ F1.8, 30IRE, 0Lux IR<\/td>\n<\/tr>\n<tr>\n<td>S\/N Oran\u0131<\/td>\n<td colspan=\"1\">65 dB&rsquo;den fazla<\/td>\n<\/tr>\n<tr>\n<td>IR Mesafesi<\/td>\n<td>30m&rsquo;ye kadar mesafe (98ft)<\/td>\n<\/tr>\n<tr>\n<td>IR A&ccedil;\u0131k \/ Kapal\u0131 Kontrol<\/td>\n<td colspan=\"1\">Otomatik \/ Manuel<\/td>\n<\/tr>\n<tr>\n<td>IR LED<\/td>\n<td>2<\/td>\n<\/tr>\n<tr>\n<td><strong>Lens<\/strong><\/td>\n<td colspan=\"1\">&nbsp;<\/td>\n<\/tr>\n<tr>\n<td>Lens Tipi<\/td>\n<td colspan=\"1\">Motorize lens \/ Sabit lens<\/td>\n<\/tr>\n<tr>\n<td>Montaj Tipi<\/td>\n<td colspan=\"1\">Board-in<\/td>\n<\/tr>\n<tr>\n<td>Odak Uzakl\u0131\u011f\u0131<\/td>\n<td colspan=\"1\">2.7-12mm<\/td>\n<\/tr>\n<tr>\n<td>Maks. A&ccedil;\u0131kl\u0131k<\/td>\n<td colspan=\"1\">F1.8<\/td>\n<\/tr>\n<tr>\n<td>G&ouml;r&uuml;\u015f A&ccedil;\u0131s\u0131<\/td>\n<td colspan=\"1\">H: 101.7 &deg; ~ 32.3 &deg;<\/td>\n<\/tr>\n<tr>\n<td>Netlik Ayar\u0131<\/td>\n<td colspan=\"1\">Motorize<\/td>\n<\/tr>\n<tr>\n<td>Yak\u0131n Odak Mesafesi<\/td>\n<td>200mm<\/p>\n<p>&nbsp;<\/p>\n<p>7.87 &rdquo;<\/p>\n<\/td>\n<\/tr>\n<tr>\n<td><strong>Pan \/ Tilt \/ D&ouml;nd&uuml;rme<\/strong><\/td>\n<td>&nbsp;<\/td>\n<\/tr>\n<tr>\n<td>Pan \/ Tilt \/ D&ouml;nd&uuml;rme<\/td>\n<td>Soldan sa\u011fa: 0 &deg; ~ 355 &deg;; yukardan a\u015fa\u011f\u0131 0 &deg; ~ 75 &deg;; D&ouml;nd&uuml;rme: 0 &deg; ~ 355 &deg; 3 Eksenli (3 Axis) y&ouml;n ayar\u0131 ve istenildi\u011fi gibi ayarlanabilme<\/td>\n<\/tr>\n<tr>\n<td><strong>Video<\/strong><\/td>\n<td colspan=\"1\">&nbsp;<\/td>\n<\/tr>\n<tr>\n<td>&Ccedil;&ouml;z&uuml;n&uuml;rl&uuml;k<\/td>\n<td colspan=\"1\">1080P (1920 &times; 1080)<\/td>\n<\/tr>\n<tr>\n<td>Frame Oran\u0131<\/td>\n<td>25 \/ 30fps @ 1080P&rsquo;de, 25\/30\/50 \/ 60fps&rsquo;de @ 720P<\/td>\n<\/tr>\n<tr>\n<td>Video &Ccedil;\u0131k\u0131\u015f\u0131<\/td>\n<td>1-kanal BNC y&uuml;ksek &ccedil;&ouml;z&uuml;n&uuml;rl&uuml;kl&uuml; video &ccedil;\u0131k\u0131\u015f\u0131 \/ CVBS video &ccedil;\u0131k\u0131\u015f\u0131 (Ge&ccedil;i\u015f yapabilir)<\/td>\n<\/tr>\n<tr>\n<td>G&uuml;nd&uuml;z Gece<\/td>\n<td colspan=\"1\">Otomatik (ICR) \/ Manuel<\/td>\n<\/tr>\n<tr>\n<td>OSD Men&uuml;s&uuml;<\/td>\n<td>&Ccedil;oklu dil<\/td>\n<\/tr>\n<tr>\n<td>BLC Modu<\/td>\n<td>BLC \/ HLC \/ DWDR<\/td>\n<\/tr>\n<tr>\n<td>WDR<\/td>\n<td colspan=\"1\">DWDR<\/td>\n<\/tr>\n<tr>\n<td>Kazan&ccedil; Kontrol&uuml;<\/td>\n<td>AGC<\/td>\n<\/tr>\n<tr>\n<td>Parazit Azaltma<\/td>\n<td colspan=\"1\">2D<\/td>\n<\/tr>\n<tr>\n<td>Beyaz Dengesi<\/td>\n<td>Otomatik \/ Manuel<\/td>\n<\/tr>\n<tr>\n<td>Ak\u0131ll\u0131 IR<\/td>\n<td>Otomatik \/ Manuel<\/td>\n<\/tr>\n<tr>\n<td><strong>Sertifikalar<\/strong><\/td>\n<td colspan=\"1\">&nbsp;<\/td>\n<\/tr>\n<tr>\n<td>Sertifikalar<\/td>\n<td colspan=\"1\">CE (EN55032, EN55024, EN50130-4)<\/p>\n<p>&nbsp;<\/p>\n<p>FCC (CFR 47 FCC B&ouml;l&uuml;m 15 alt b&ouml;l&uuml;m&uuml; B, ANSI C63.4-2014)<\/p>\n<p>UL (UL60950-1 + CAN \/ CSA C22.2 No.60950-1)<\/p>\n<\/td>\n<\/tr>\n<tr>\n<td><strong>Aray&uuml;z<\/strong><\/td>\n<td colspan=\"1\">&nbsp;<\/td>\n<\/tr>\n<tr>\n<td>Ses Aray&uuml;z&uuml;<\/td>\n<td colspan=\"1\">&ndash;<\/td>\n<\/tr>\n<tr>\n<td><strong>Genel<\/strong><\/td>\n<td colspan=\"1\">&nbsp;<\/td>\n<\/tr>\n<tr>\n<td>G&uuml;&ccedil; Kayna\u011f\u0131<\/td>\n<td colspan=\"1\">12V DC &plusmn;% 30<\/td>\n<\/tr>\n<tr>\n<td>G&uuml;&ccedil; T&uuml;ketimi<\/td>\n<td colspan=\"1\">Maksimum 6.7W (12V DC, IR)<\/td>\n<\/tr>\n<tr>\n<td>&Ccedil;al\u0131\u015fma Ko\u015fullar\u0131<\/td>\n<td colspan=\"1\">-30 &deg; C ~ + 60 &deg; C (-22 &deg; F ~ + 140 &deg; F) \/% 90&rsquo;dan az RH<\/p>\n<p>&nbsp;<\/p>\n<p>* Ba\u015flatma i\u015flemi -30 &deg; C&rsquo;nin (-22 &deg; F) &uuml;zerinde yap\u0131lmal\u0131d\u0131r.<\/p>\n<\/td>\n<\/tr>\n<tr>\n<td>Dayan\u0131kl\u0131l\u0131k Ko\u015fullar\u0131<\/td>\n<td>-30 &deg; C ~ + 60 &deg; C (-22 &deg; F ~ + 140 &deg; F) \/% 90&rsquo;dan az RH<\/td>\n<\/tr>\n<tr>\n<td>Koruma Sertifikas\u0131<\/td>\n<td colspan=\"1\">IP67<\/td>\n<\/tr>\n<tr>\n<td>Dayan\u0131kl\u0131l\u0131k Sertifikas\u0131<\/td>\n<td colspan=\"1\">IK10<\/td>\n<\/tr>\n<tr>\n<td>Kasa<\/td>\n<td>Al&uuml;minyum<\/td>\n<\/tr>\n<tr>\n<td>Boyutlar<\/td>\n<td colspan=\"1\">&Phi;122mm &times; 88.9mm<\/td>\n<\/tr>\n<tr>\n<td>Net A\u011f\u0131rl\u0131k<\/td>\n<td colspan=\"1\">0.44kg<\/td>\n<\/tr>\n<\/tbody>\n<\/table>\n<p><img loading=\"lazy\" alt=\"\" height=\"207\" sizes=\"(max-width: 500px) 100vw, 500px\" src=\"https:\/\/www.okisan.com\/wp-content\/uploads\/2019\/03\/boyutlar-1-500x207.png\" srcset=\"https:\/\/www.okisan.com\/wp-content\/uploads\/2019\/03\/boyutlar-1-120x50.png 120w, https:\/\/www.okisan.com\/wp-content\/uploads\/2019\/03\/boyutlar-1-150x62.png 150w, https:\/\/www.okisan.com\/wp-content\/uploads\/2019\/03\/boyutlar-1-200x83.png 200w, https:\/\/www.okisan.com\/wp-content\/uploads\/2019\/03\/boyutlar-1-300x124.png 300w, https:\/\/www.okisan.com\/wp-content\/uploads\/2019\/03\/boyutlar-1-400x166.png 400w, https:\/\/www.okisan.com\/wp-content\/uploads\/2019\/03\/boyutlar-1-500x207.png 500w, https:\/\/www.okisan.com\/wp-content\/uploads\/2019\/03\/boyutlar-1-600x248.png 600w, https:\/\/www.okisan.com\/wp-content\/uploads\/2019\/03\/boyutlar-1.png 708w\" width=\"500\" \/><img loading=\"lazy\" alt=\"\" height=\"499\" sizes=\"(max-width: 279px) 100vw, 279px\" src=\"https:\/\/www.okisan.com\/wp-content\/uploads\/2019\/03\/aksesuarlar-1.png\" srcset=\"https:\/\/www.okisan.com\/wp-content\/uploads\/2019\/03\/aksesuarlar-1-120x215.png 120w, https:\/\/www.okisan.com\/wp-content\/uploads\/2019\/03\/aksesuarlar-1-150x268.png 150w, https:\/\/www.okisan.com\/wp-content\/uploads\/2019\/03\/aksesuarlar-1-200x358.png 200w, https:\/\/www.okisan.com\/wp-content\/uploads\/2019\/03\/aksesuarlar-1.png 279w\" width=\"279\" \/><\/p>\n","protected":false},"excerpt":{"rendered":"<p>Starlight Maks. 30fps @ 1080P HD ve SD &ccedil;\u0131k\u0131\u015f de\u011fi\u015ftirilebilir 2.7-12mm motorize lens Maks.&nbsp;IR uzunlu\u011fu 30m, Ak\u0131ll\u0131 IR IP67, IK10, DC12V Model Dahua HAC-HDBW1230RP-ZS-S4 Teknik &Ouml;zellikleri Kamera &nbsp; G&ouml;r&uuml;nt&uuml; Sens&ouml;r&uuml; 1 \/ 2,8 &ldquo;CMOS Efektif Piksel 1920 (H) &times; 1080 (V), 2 MP Tarama Sistemi Progresif Elektronik Shutter H\u0131z\u0131 PAL: 1\/25~1\/100000s &nbsp; NTSC: 1\/30~1\/100000s Min. [&#8230;]\n","protected":false},"featured_media":478,"comment_status":"closed","ping_status":"closed","template":"","meta":[],"_links":{"self":[{"href":"https:\/\/nilbilisim.com.tr\/magaza\/wp-json\/wp\/v2\/product\/477"}],"collection":[{"href":"https:\/\/nilbilisim.com.tr\/magaza\/wp-json\/wp\/v2\/product"}],"about":[{"href":"https:\/\/nilbilisim.com.tr\/magaza\/wp-json\/wp\/v2\/types\/product"}],"replies":[{"embeddable":true,"href":"https:\/\/nilbilisim.com.tr\/magaza\/wp-json\/wp\/v2\/comments?post=477"}],"wp:featuredmedia":[{"embeddable":true,"href":"https:\/\/nilbilisim.com.tr\/magaza\/wp-json\/wp\/v2\/media\/478"}],"wp:attachment":[{"href":"https:\/\/nilbilisim.com.tr\/magaza\/wp-json\/wp\/v2\/media?parent=477"}],"curies":[{"name":"wp","href":"https:\/\/api.w.org\/{rel}","templated":true}]}}