{"id":485,"date":"2021-01-18T19:53:20","date_gmt":"2021-01-18T19:53:20","guid":{"rendered":"https:\/\/nilbilisim.com.tr\/magaza\/urun\/dahua-hac-hfw2221rp-z-ire6-2mp-wdr-hdcvi-ir-bullet-kamera\/"},"modified":"2024-07-01T01:41:22","modified_gmt":"2024-06-30T22:41:22","slug":"dahua-hac-hfw2221rp-z-ire6-2mp-wdr-hdcvi-ir-bullet-kamera","status":"publish","type":"product","link":"https:\/\/nilbilisim.com.tr\/magaza\/urun\/dahua-hac-hfw2221rp-z-ire6-2mp-wdr-hdcvi-ir-bullet-kamera\/","title":{"rendered":"Dahua HAC-HFW2221RP-Z-IRE6 2MP WDR HDCVI IR Bullet Kamera"},"content":{"rendered":"<ul>\n<li>120dB true WDR, 3DNR<\/li>\n<li>Maks. 30fps@1080P<\/li>\n<li>HD ve SD &ccedil;ift &ccedil;\u0131k\u0131\u015f<\/li>\n<li>2.7 &ndash; 12 mm motorize lens (7 &ndash; 22mm opsiyonel)<\/li>\n<li>Maks. IR mesafesi 60m, Ak\u0131ll\u0131 IR<\/li>\n<li>IP67,DC12V<\/li>\n<\/ul>\n<table border=\"1\" cellpadding=\"5\" cellspacing=\"1\" id=\"table001\">\n<tbody>\n<tr>\n<td colspan=\"2\"><strong>Dahua HAC-HFW2221RP-Z-IRE6 Teknik &Ouml;zellikleri<\/strong><\/td>\n<\/tr>\n<tr>\n<td colspan=\"2\"><strong>Kamera<\/strong><\/td>\n<\/tr>\n<tr>\n<td>G&ouml;r&uuml;nt&uuml; Sens&ouml;r&uuml;<\/td>\n<td>1 \/ 2.7 &ldquo;CMOS<\/td>\n<\/tr>\n<tr>\n<td>Efekif Piksel<\/td>\n<td>1928 (H) &times; 1088 (V), 2.1MP<\/td>\n<\/tr>\n<tr>\n<td>Tarama Sistemi<\/td>\n<td>Progresif<\/td>\n<\/tr>\n<tr>\n<td>Elektronik Shutter H\u0131z\u0131<\/td>\n<td>PAL: 1.3s ~ 1 \/ 30000s<\/p>\n<p>&nbsp;<\/p>\n<p>NTSC: 1s ~ 1 \/ 30000s<\/p>\n<\/td>\n<\/tr>\n<tr>\n<td>Minimum Ayd\u0131nlatma<\/td>\n<td>0.3Lux \/ F1.4, 0Lux \/ (IR)<\/td>\n<\/tr>\n<tr>\n<td>S \/ N Oran\u0131<\/td>\n<td>65dB&rsquo;den fazla<\/td>\n<\/tr>\n<tr>\n<td>IR Mesafesi<\/td>\n<td>60m&rsquo;ye kadar (197ft)<\/td>\n<\/tr>\n<tr>\n<td>IR A&ccedil;\u0131k \/ Kapal\u0131 Kontrol<\/td>\n<td>Otomatik \/ Manuel<\/td>\n<\/tr>\n<tr>\n<td>IR LED<\/td>\n<td>4<\/td>\n<\/tr>\n<tr>\n<td colspan=\"2\"><strong>Lens<\/strong><\/td>\n<\/tr>\n<tr>\n<td>Lens Tipi<\/td>\n<td>Motorize \/ Sabit iris<\/td>\n<\/tr>\n<tr>\n<td>Montaj Tipi<\/td>\n<td>Board-in<\/td>\n<\/tr>\n<tr>\n<td>Odak Uzakl\u0131\u011f\u0131<\/td>\n<td>2.7mm ~ 12mm (7-22mm opsiyonel)<\/td>\n<\/tr>\n<tr>\n<td>Maks. A&ccedil;\u0131kl\u0131k<\/td>\n<td>F1.4<\/td>\n<\/tr>\n<tr>\n<td>G&ouml;r&uuml;\u015f A&ccedil;\u0131s\u0131<\/td>\n<td>H: 99 &deg; ~ 37 &deg;, (41 &deg;- 17.5 &deg;)<\/td>\n<\/tr>\n<tr>\n<td>Odak Kontrol&uuml;<\/td>\n<td>Otomatik \/ Manuel<\/td>\n<\/tr>\n<tr>\n<td>Yak\u0131n Odak Mesafesi<\/td>\n<td>300 mm (1000mm)<\/p>\n<p>&nbsp;<\/p>\n<p>11.81 (39.97)<\/p>\n<\/td>\n<\/tr>\n<tr>\n<td colspan=\"2\"><strong>Video<\/strong><\/td>\n<\/tr>\n<tr>\n<td>&Ccedil;&ouml;z&uuml;n&uuml;rl&uuml;k<\/td>\n<td>1080P (1920 x 1080)<\/td>\n<\/tr>\n<tr>\n<td>Frame Oran\u0131<\/td>\n<td>25\/30fps@1080P, 25\/30\/50\/60fps@720P<\/td>\n<\/tr>\n<tr>\n<td>Video &Ccedil;\u0131k\u0131\u015f\u0131<\/td>\n<td>1 Kanal BNC HDCVI Y&uuml;ksek &Ccedil;&ouml;z&uuml;n&uuml;rl&uuml;kl&uuml; Video &Ccedil;\u0131k\u0131\u015f\u0131 ve 1 kanall\u0131 BNC CVBS video &ccedil;\u0131k\u0131\u015f\u0131<\/td>\n<\/tr>\n<tr>\n<td>G&uuml;nd&uuml;z \/ Gece<\/td>\n<td>Otomatik (ICR) \/ Manuel<\/td>\n<\/tr>\n<tr>\n<td>OSD Men&uuml;<\/td>\n<td>&Ccedil;oklu dil<\/td>\n<\/tr>\n<tr>\n<td>BLC Modu<\/td>\n<td>BLC \/ HLC \/ WDR<\/td>\n<\/tr>\n<tr>\n<td>WDR<\/td>\n<td>120dB<\/td>\n<\/tr>\n<tr>\n<td>Kazan&ccedil; Kontrol&uuml;<\/td>\n<td>AGC<\/td>\n<\/tr>\n<tr>\n<td>Parazit Azaltma<\/td>\n<td>2D \/ 3D<\/td>\n<\/tr>\n<\/tbody>\n<\/table>\n<table border=\"1\" cellpadding=\"5\" cellspacing=\"1\" id=\"table002\">\n<tbody>\n<tr>\n<td>Beyaz Dengesi<\/td>\n<td>Otomatik \/ Manuel<\/td>\n<\/tr>\n<tr>\n<td>Ak\u0131ll\u0131 IR<\/td>\n<td>Otomatik \/ Manuel<\/td>\n<\/tr>\n<tr>\n<td><strong>Sertifikalar<\/strong><\/td>\n<td>&nbsp;<\/td>\n<\/tr>\n<tr>\n<td>Sertifikalar<\/td>\n<td>CE (EN55032, EN55024, EN50130-4)<\/p>\n<p>&nbsp;<\/p>\n<p>FCC (CFR 47 FCC Part 15 subpartB, ANSI C63.4-2014)<\/p>\n<p>UL (UL60950-1+CAN\/CSA C22.2 No.60950-1)<\/p>\n<\/td>\n<\/tr>\n<tr>\n<td><strong>Aray&uuml;z<\/strong><\/td>\n<td>&nbsp;<\/td>\n<\/tr>\n<tr>\n<td>Ses Arabirimi<\/td>\n<td>&ndash;<\/td>\n<\/tr>\n<tr>\n<td colspan=\"2\"><strong>Genel<\/strong><\/td>\n<\/tr>\n<tr>\n<td>G&uuml;&ccedil; Kayna\u011f\u0131<\/td>\n<td>12V DC &plusmn;25<\/td>\n<\/tr>\n<tr>\n<td>G&uuml;&ccedil; T&uuml;ketimi<\/td>\n<td>Maks. 8.2W (12V DC, IR)<\/td>\n<\/tr>\n<\/tbody>\n<\/table>\n<table border=\"1\" cellpadding=\"5\" cellspacing=\"1\" id=\"table003\">\n<tbody>\n<tr>\n<td colspan=\"2\"><strong>&Ccedil;evre Ko\u015fullar\u0131<\/strong><\/td>\n<\/tr>\n<tr>\n<td>&Ccedil;al\u0131\u015fma Ko\u015fullar\u0131<\/td>\n<td>-30 &deg; C ~ + 60 &deg; C (-22 &deg; F ~ + 140 &deg; F) \/ az% 90 RH<\/td>\n<\/tr>\n<tr>\n<td>Dayan\u0131kl\u0131l\u0131k Ko\u015fullar\u0131<\/td>\n<td>-30 &deg; C ~ + 60 &deg; C (-22 &deg; F ~ + 140 &deg; F) \/ az% 90 RH<\/td>\n<\/tr>\n<tr>\n<td>Koruma Sertifikas\u0131 &amp; Dayan\u0131kl\u0131l\u0131k Sertifikas\u0131<\/td>\n<td>IP67<\/td>\n<\/tr>\n<tr>\n<td>Kasa<\/td>\n<td>Al&uuml;minyum<\/td>\n<\/tr>\n<tr>\n<td>Boyutlar<\/td>\n<td>213.0mm&times;90.4mm&times;90.4mm<\/td>\n<\/tr>\n<tr>\n<td>Net A\u011f\u0131rl\u0131k<\/td>\n<td>0.55kg<\/td>\n<\/tr>\n<\/tbody>\n<\/table>\n<p><img loading=\"lazy\" alt=\"hac-hfw2221rp-z-ire6-cizim-gorsel\" height=\"207\" sizes=\"(max-width: 500px) 100vw, 500px\" src=\"http:\/\/www.okisan.com\/wp-content\/uploads\/2017\/01\/HAC-HFW2221RP-Z-IRE6-%C3%A7izim-g%C3%B6rsel-500x207.png\" srcset=\"https:\/\/www.okisan.com\/wp-content\/uploads\/2017\/01\/HAC-HFW2221RP-Z-IRE6-\u00e7izim-g\u00f6rsel-120x50.png 120w, https:\/\/www.okisan.com\/wp-content\/uploads\/2017\/01\/HAC-HFW2221RP-Z-IRE6-\u00e7izim-g\u00f6rsel-150x62.png 150w, https:\/\/www.okisan.com\/wp-content\/uploads\/2017\/01\/HAC-HFW2221RP-Z-IRE6-\u00e7izim-g\u00f6rsel-200x83.png 200w, https:\/\/www.okisan.com\/wp-content\/uploads\/2017\/01\/HAC-HFW2221RP-Z-IRE6-\u00e7izim-g\u00f6rsel-300x124.png 300w, https:\/\/www.okisan.com\/wp-content\/uploads\/2017\/01\/HAC-HFW2221RP-Z-IRE6-\u00e7izim-g\u00f6rsel-400x166.png 400w, https:\/\/www.okisan.com\/wp-content\/uploads\/2017\/01\/HAC-HFW2221RP-Z-IRE6-\u00e7izim-g\u00f6rsel-500x207.png 500w, https:\/\/www.okisan.com\/wp-content\/uploads\/2017\/01\/HAC-HFW2221RP-Z-IRE6-\u00e7izim-g\u00f6rsel-600x248.png 600w, https:\/\/www.okisan.com\/wp-content\/uploads\/2017\/01\/HAC-HFW2221RP-Z-IRE6-\u00e7izim-g\u00f6rsel.png 679w\" width=\"500\" \/><img loading=\"lazy\" alt=\"hac-hfw2221rp-z-ire6-cizim-gorsel-2\" height=\"410\" sizes=\"(max-width: 500px) 100vw, 500px\" src=\"http:\/\/www.okisan.com\/wp-content\/uploads\/2017\/01\/HAC-HFW2221RP-Z-IRE6-%C3%A7izim-g%C3%B6rsel-2-500x410.png\" srcset=\"https:\/\/www.okisan.com\/wp-content\/uploads\/2017\/01\/HAC-HFW2221RP-Z-IRE6-\u00e7izim-g\u00f6rsel-2-120x99.png 120w, https:\/\/www.okisan.com\/wp-content\/uploads\/2017\/01\/HAC-HFW2221RP-Z-IRE6-\u00e7izim-g\u00f6rsel-2-150x123.png 150w, https:\/\/www.okisan.com\/wp-content\/uploads\/2017\/01\/HAC-HFW2221RP-Z-IRE6-\u00e7izim-g\u00f6rsel-2-200x164.png 200w, https:\/\/www.okisan.com\/wp-content\/uploads\/2017\/01\/HAC-HFW2221RP-Z-IRE6-\u00e7izim-g\u00f6rsel-2-300x246.png 300w, https:\/\/www.okisan.com\/wp-content\/uploads\/2017\/01\/HAC-HFW2221RP-Z-IRE6-\u00e7izim-g\u00f6rsel-2-400x328.png 400w, https:\/\/www.okisan.com\/wp-content\/uploads\/2017\/01\/HAC-HFW2221RP-Z-IRE6-\u00e7izim-g\u00f6rsel-2-500x410.png 500w, https:\/\/www.okisan.com\/wp-content\/uploads\/2017\/01\/HAC-HFW2221RP-Z-IRE6-\u00e7izim-g\u00f6rsel-2-600x493.png 600w, https:\/\/www.okisan.com\/wp-content\/uploads\/2017\/01\/HAC-HFW2221RP-Z-IRE6-\u00e7izim-g\u00f6rsel-2.png 659w\" width=\"500\" \/><\/p>\n","protected":false},"excerpt":{"rendered":"<p>120dB true WDR, 3DNR Maks. 30fps@1080P HD ve SD &ccedil;ift &ccedil;\u0131k\u0131\u015f 2.7 &ndash; 12 mm motorize lens (7 &ndash; 22mm opsiyonel) Maks. IR mesafesi 60m, Ak\u0131ll\u0131 IR IP67,DC12V Dahua HAC-HFW2221RP-Z-IRE6 Teknik &Ouml;zellikleri Kamera G&ouml;r&uuml;nt&uuml; Sens&ouml;r&uuml; 1 \/ 2.7 &ldquo;CMOS Efekif Piksel 1928 (H) &times; 1088 (V), 2.1MP Tarama Sistemi Progresif Elektronik Shutter H\u0131z\u0131 PAL: 1.3s [&#8230;]\n","protected":false},"featured_media":486,"comment_status":"closed","ping_status":"closed","template":"","meta":[],"_links":{"self":[{"href":"https:\/\/nilbilisim.com.tr\/magaza\/wp-json\/wp\/v2\/product\/485"}],"collection":[{"href":"https:\/\/nilbilisim.com.tr\/magaza\/wp-json\/wp\/v2\/product"}],"about":[{"href":"https:\/\/nilbilisim.com.tr\/magaza\/wp-json\/wp\/v2\/types\/product"}],"replies":[{"embeddable":true,"href":"https:\/\/nilbilisim.com.tr\/magaza\/wp-json\/wp\/v2\/comments?post=485"}],"wp:featuredmedia":[{"embeddable":true,"href":"https:\/\/nilbilisim.com.tr\/magaza\/wp-json\/wp\/v2\/media\/486"}],"wp:attachment":[{"href":"https:\/\/nilbilisim.com.tr\/magaza\/wp-json\/wp\/v2\/media?parent=485"}],"curies":[{"name":"wp","href":"https:\/\/api.w.org\/{rel}","templated":true}]}}