{"id":489,"date":"2021-01-18T19:53:22","date_gmt":"2021-01-18T19:53:22","guid":{"rendered":"https:\/\/nilbilisim.com.tr\/magaza\/urun\/dahua-hac-hfw2231rp-z-ire6-poc-2mp-starlight-hdcvi-poc-ir-bullet-kamera\/"},"modified":"2024-07-01T01:41:21","modified_gmt":"2024-06-30T22:41:21","slug":"dahua-hac-hfw2231rp-z-ire6-poc-2mp-starlight-hdcvi-poc-ir-bullet-kamera","status":"publish","type":"product","link":"https:\/\/nilbilisim.com.tr\/magaza\/urun\/dahua-hac-hfw2231rp-z-ire6-poc-2mp-starlight-hdcvi-poc-ir-bullet-kamera\/","title":{"rendered":"Dahua HAC-HFW2231RP-Z-IRE6-POC 2MP Starlight HDCVI PoC IR Bullet Kamera"},"content":{"rendered":"<ul>\n<li>Starlight, 120dB true WDR, 3DNR<\/li>\n<li>Maks. 30fps@1080P<\/li>\n<li>HD ve SD &ccedil;\u0131k\u0131\u015f\u0131 de\u011fi\u015ftirilebilir<\/li>\n<li>2,7-13,5 mm motorize lens<\/li>\n<li>Maks.&nbsp;IR uzunlu\u011fu 60m, Ak\u0131ll\u0131 IR<\/li>\n<li>IP67, POC \/ DC12V<\/li>\n<\/ul>\n<table border=\"1\" cellpadding=\"5\" cellspacing=\"1\">\n<tbody>\n<tr>\n<td><strong>Model<\/strong><\/td>\n<td><strong>Dahua HAC-HFW2231RP-Z-IRE6-POC Teknik &Ouml;zellikleri<\/strong><\/td>\n<\/tr>\n<tr>\n<td><strong>Kamera<\/strong><\/td>\n<td colspan=\"1\">&nbsp;<\/td>\n<\/tr>\n<tr>\n<td>G&ouml;r&uuml;nt&uuml; Sens&ouml;r&uuml;<\/td>\n<td colspan=\"1\">1 \/ 2,8 &ldquo;CMOS<\/td>\n<\/tr>\n<tr>\n<td>Efektif Piksel<\/td>\n<td colspan=\"1\">1937 (H) &times; 1097 (V), 2.1 MP<\/td>\n<\/tr>\n<tr>\n<td>Tarama Sistemi<\/td>\n<td>Progresif<\/td>\n<\/tr>\n<tr>\n<td>Elektronik Shutter H\u0131z\u0131<\/td>\n<td colspan=\"1\">PAL: 1 \/ 4s ~ 1 \/ 100000s<\/p>\n<p>&nbsp;<\/p>\n<p>NTSC: 1 \/ 3s ~ 1 \/ 100000s<\/p>\n<\/td>\n<\/tr>\n<tr>\n<td>Min. Ayd\u0131nlatma<\/td>\n<td colspan=\"1\">0.005Lux \/ F1.3, 30IRE, 0Lux IR<\/td>\n<\/tr>\n<tr>\n<td>S \/ N Oran\u0131<\/td>\n<td colspan=\"1\">65dB&rsquo;den fazla<\/td>\n<\/tr>\n<tr>\n<td>IR Mesafesi<\/td>\n<td>60m&rsquo;ye kadar (197feet)<\/td>\n<\/tr>\n<tr>\n<td>IR A&ccedil;\u0131k \/ Kapal\u0131 Kontrol<\/td>\n<td>Otomatik \/ Manuel<\/td>\n<\/tr>\n<tr>\n<td>IR LED<\/td>\n<td>4<\/td>\n<\/tr>\n<tr>\n<td><strong>Lens<\/strong><\/td>\n<td colspan=\"1\">&nbsp;<\/td>\n<\/tr>\n<tr>\n<td>Lens Tipi<\/td>\n<td colspan=\"1\">Motorize lens \/ Sabit iris<\/td>\n<\/tr>\n<tr>\n<td>Montaj Tipi<\/td>\n<td colspan=\"1\">Board-in<\/td>\n<\/tr>\n<tr>\n<td>Odak Uzakl\u0131\u011f\u0131<\/td>\n<td colspan=\"1\">2.7-13.5mm<\/td>\n<\/tr>\n<tr>\n<td>Maks. Diyafram<\/td>\n<td>F1.3<\/td>\n<\/tr>\n<tr>\n<td>G&ouml;r&uuml;\u015f A&ccedil;\u0131s\u0131<\/td>\n<td>H: 102&deg;~29&deg;<\/td>\n<\/tr>\n<tr>\n<td>Odak Kontrol&uuml;<\/td>\n<td>Otomatik \/ manuel<\/td>\n<\/tr>\n<tr>\n<td>Odak Mesafesini Kapatma<\/td>\n<td>200mm<\/p>\n<p>&nbsp;<\/p>\n<p>7.87 &rdquo;<\/p>\n<\/td>\n<\/tr>\n<tr>\n<td><strong>Pan \/ Tilt \/ D&ouml;nd&uuml;rme<\/strong><\/td>\n<td colspan=\"1\">&nbsp;<\/td>\n<\/tr>\n<tr>\n<td>Pan \/ Tilt \/ D&ouml;nd&uuml;rme<\/td>\n<td colspan=\"1\">Pan:0&deg; ~360&deg; ;Tilt:0&deg; ~87&deg; ;D&ouml;nd&uuml;rme:0&deg; ~360&deg;<\/td>\n<\/tr>\n<tr>\n<td><strong>Video<\/strong><\/td>\n<td colspan=\"1\">&nbsp;<\/td>\n<\/tr>\n<tr>\n<td>&Ccedil;&ouml;z&uuml;n&uuml;rl&uuml;k<\/td>\n<td>1080P (1920 &times; 1080)<\/td>\n<\/tr>\n<tr>\n<td>Frame Oran\u0131<\/td>\n<td>25\/30fps@1080P, 25\/30fps@720P<\/td>\n<\/tr>\n<tr>\n<td>Video &Ccedil;\u0131k\u0131\u015f\u0131<\/td>\n<td colspan=\"1\">1 kanal BNC y&uuml;ksek tan\u0131ml\u0131 video &ccedil;\u0131k\u0131\u015f\u0131 \/ CVBS video &ccedil;\u0131k\u0131\u015f\u0131 (De\u011fi\u015ftirilebilir)<\/td>\n<\/tr>\n<tr>\n<td>G&uuml;nd&uuml;z \/ Gece<\/td>\n<td colspan=\"1\">Otomatik (ICR) \/ Manuel<\/td>\n<\/tr>\n<tr>\n<td>OSD Men&uuml;s&uuml;<\/td>\n<td>&Ccedil;oklu dil<\/td>\n<\/tr>\n<tr>\n<td>BLC Modu<\/td>\n<td colspan=\"1\">BLC \/ HLC \/ WDR<\/td>\n<\/tr>\n<tr>\n<td>WDR<\/td>\n<td>120dB<\/td>\n<\/tr>\n<tr>\n<td>Kazan&ccedil; Kontrol&uuml;<\/td>\n<td>AGC<\/td>\n<\/tr>\n<tr>\n<td>Parazit Azaltma<\/td>\n<td>2D \/ 3D<\/td>\n<\/tr>\n<tr>\n<td>Beyaz Dengesi<\/td>\n<td>Otomatik \/ manuel<\/td>\n<\/tr>\n<tr>\n<td>Ak\u0131ll\u0131 IR<\/td>\n<td>Otomatik \/ manuel<\/td>\n<\/tr>\n<tr>\n<td><strong>Sertifikalar<\/strong><\/td>\n<td>&nbsp;<\/td>\n<\/tr>\n<tr>\n<td>Sertifikalar<\/td>\n<td>CE (EN55032, EN55024, EN50130-4)<\/p>\n<p>&nbsp;<\/p>\n<p>FCC (CFR 47 FCC Part 15 altpartB, ANSI C63.4-2014)<\/p>\n<p>UL (UL60950-1 + CAN \/ CSA C22.2 No. 60950-1)<\/p>\n<\/td>\n<\/tr>\n<tr>\n<td><strong>Aray&uuml;z<\/strong><\/td>\n<td>&nbsp;<\/td>\n<\/tr>\n<tr>\n<td>Ses Aray&uuml;z&uuml;<\/td>\n<td>&ndash;<\/td>\n<\/tr>\n<tr>\n<td><strong>&Ccedil;evre Ko\u015fullar\u0131<\/strong><\/td>\n<td>&nbsp;<\/td>\n<\/tr>\n<tr>\n<td>&Ccedil;al\u0131\u015fma Ko\u015fullar\u0131<\/td>\n<td>-40 &deg; C ~ 60 &deg; C (-40 &deg; F ~ 140 &deg; F) \/% 90 RH&rsquo;den az<\/p>\n<p>&nbsp;<\/p>\n<p>* Ba\u015flang\u0131&ccedil; \u200b\u200b-40 &deg; C&rsquo;nin &uuml;st&uuml;nde (-40 &deg; F) yap\u0131lmal\u0131d\u0131r.<\/p>\n<\/td>\n<\/tr>\n<tr>\n<td>Dayan\u0131kl\u0131l\u0131k Ko\u015fullar\u0131<\/td>\n<td>-40 &deg; C ~ 60 &deg; C (-40 &deg; F ~ 140 &deg; F) \/% 90 RH&rsquo;den az<\/td>\n<\/tr>\n<tr>\n<td>Koruma ve Dayan\u0131kl\u0131l\u0131k Sertifikas\u0131<\/td>\n<td>IP67<\/td>\n<\/tr>\n<tr>\n<td>Kasa<\/td>\n<td>Al&uuml;minyum<\/td>\n<\/tr>\n<tr>\n<td>Boyutlar<\/td>\n<td>213.0 mm &times; 90,4 mm &times; 90,4 mm<\/td>\n<\/tr>\n<tr>\n<td>Net A\u011f\u0131rl\u0131k<\/td>\n<td>0,63 kg<\/td>\n<\/tr>\n<\/tbody>\n<\/table>\n<p>&nbsp;<\/p>\n<p><img loading=\"lazy\" alt=\"\" height=\"150\" sizes=\"(max-width: 420px) 100vw, 420px\" src=\"https:\/\/www.okisan.com\/wp-content\/uploads\/2018\/02\/boyutlar-5.png\" srcset=\"https:\/\/www.okisan.com\/wp-content\/uploads\/2018\/02\/boyutlar-5-120x43.png 120w, https:\/\/www.okisan.com\/wp-content\/uploads\/2018\/02\/boyutlar-5-150x54.png 150w, https:\/\/www.okisan.com\/wp-content\/uploads\/2018\/02\/boyutlar-5-200x71.png 200w, https:\/\/www.okisan.com\/wp-content\/uploads\/2018\/02\/boyutlar-5-300x107.png 300w, https:\/\/www.okisan.com\/wp-content\/uploads\/2018\/02\/boyutlar-5-400x143.png 400w, https:\/\/www.okisan.com\/wp-content\/uploads\/2018\/02\/boyutlar-5.png 420w\" width=\"420\" \/>&nbsp;<img loading=\"lazy\" alt=\"\" height=\"410\" sizes=\"(max-width: 500px) 100vw, 500px\" src=\"https:\/\/www.okisan.com\/wp-content\/uploads\/2018\/06\/HAC-HFW2231RP-Z-IRE6-POC-500x410.png\" srcset=\"https:\/\/www.okisan.com\/wp-content\/uploads\/2018\/06\/HAC-HFW2231RP-Z-IRE6-POC-120x98.png 120w, https:\/\/www.okisan.com\/wp-content\/uploads\/2018\/06\/HAC-HFW2231RP-Z-IRE6-POC-150x123.png 150w, https:\/\/www.okisan.com\/wp-content\/uploads\/2018\/06\/HAC-HFW2231RP-Z-IRE6-POC-200x164.png 200w, https:\/\/www.okisan.com\/wp-content\/uploads\/2018\/06\/HAC-HFW2231RP-Z-IRE6-POC-300x246.png 300w, https:\/\/www.okisan.com\/wp-content\/uploads\/2018\/06\/HAC-HFW2231RP-Z-IRE6-POC-400x328.png 400w, https:\/\/www.okisan.com\/wp-content\/uploads\/2018\/06\/HAC-HFW2231RP-Z-IRE6-POC-500x410.png 500w, https:\/\/www.okisan.com\/wp-content\/uploads\/2018\/06\/HAC-HFW2231RP-Z-IRE6-POC.png 564w\" width=\"500\" \/><\/p>\n","protected":false},"excerpt":{"rendered":"<p>Starlight, 120dB true WDR, 3DNR Maks. 30fps@1080P HD ve SD &ccedil;\u0131k\u0131\u015f\u0131 de\u011fi\u015ftirilebilir 2,7-13,5 mm motorize lens Maks.&nbsp;IR uzunlu\u011fu 60m, Ak\u0131ll\u0131 IR IP67, POC \/ DC12V Model Dahua HAC-HFW2231RP-Z-IRE6-POC Teknik &Ouml;zellikleri Kamera &nbsp; G&ouml;r&uuml;nt&uuml; Sens&ouml;r&uuml; 1 \/ 2,8 &ldquo;CMOS Efektif Piksel 1937 (H) &times; 1097 (V), 2.1 MP Tarama Sistemi Progresif Elektronik Shutter H\u0131z\u0131 PAL: 1 [&#8230;]\n","protected":false},"featured_media":490,"comment_status":"closed","ping_status":"closed","template":"","meta":[],"_links":{"self":[{"href":"https:\/\/nilbilisim.com.tr\/magaza\/wp-json\/wp\/v2\/product\/489"}],"collection":[{"href":"https:\/\/nilbilisim.com.tr\/magaza\/wp-json\/wp\/v2\/product"}],"about":[{"href":"https:\/\/nilbilisim.com.tr\/magaza\/wp-json\/wp\/v2\/types\/product"}],"replies":[{"embeddable":true,"href":"https:\/\/nilbilisim.com.tr\/magaza\/wp-json\/wp\/v2\/comments?post=489"}],"wp:featuredmedia":[{"embeddable":true,"href":"https:\/\/nilbilisim.com.tr\/magaza\/wp-json\/wp\/v2\/media\/490"}],"wp:attachment":[{"href":"https:\/\/nilbilisim.com.tr\/magaza\/wp-json\/wp\/v2\/media?parent=489"}],"curies":[{"name":"wp","href":"https:\/\/api.w.org\/{rel}","templated":true}]}}