{"id":499,"date":"2021-01-18T19:53:31","date_gmt":"2021-01-18T19:53:31","guid":{"rendered":"https:\/\/nilbilisim.com.tr\/magaza\/urun\/dahua-ipc-hfw4120ep-0360b-13-mp-hd-network-small-ir-bullet-kamera\/"},"modified":"2024-07-01T01:41:19","modified_gmt":"2024-06-30T22:41:19","slug":"dahua-ipc-hfw4120ep-0360b-13-mp-hd-network-small-ir-bullet-kamera","status":"publish","type":"product","link":"https:\/\/nilbilisim.com.tr\/magaza\/urun\/dahua-ipc-hfw4120ep-0360b-13-mp-hd-network-small-ir-bullet-kamera\/","title":{"rendered":"Dahua IPC-HFW4120EP-0360B 1.3 MP HD Network Small IR Bullet Kamera"},"content":{"rendered":"<ul>\n<li>1\/3&rdquo; 1.3 MP progressive tarama CMOS<\/li>\n<li>&nbsp;25\/30fps@1.3M(1280&times;960)<\/li>\n<li>&nbsp;H.264\/MJPEG &Ccedil;ift Codec<\/li>\n<li>&nbsp;Ak\u0131ll\u0131 Analiz<\/li>\n<li>&nbsp;&Ccedil;oklu Network G&ouml;ru\u0308ntu\u0308leme:Web g&ouml;r&uuml;nt&uuml;leyici, CMS (DSS \/ PSS) &amp; DMSS<\/li>\n<li>&nbsp;DWDR, Gece\/Gu\u0308ndu\u0308z (ICR), 3DNR, AWB, AGC, BLC<\/li>\n<li>&nbsp;3.6 mm Sabit Lens(6mm opsiyonel)<\/li>\n<li>&nbsp;Maks. IR LED G&ouml;ru\u0308\u015f Mesafesi: 40M<\/li>\n<li>&nbsp;IP67, PoE<\/li>\n<\/ul>\n<table border=\"1\" cellpadding=\"5\" cellspacing=\"1\">\n<tbody>\n<tr>\n<td><strong>Model<\/strong><\/td>\n<td><strong>Dahua IPC-HFW4120EP-0360B Teknik &Ouml;zellikleri<\/strong><\/td>\n<\/tr>\n<tr>\n<td><strong>Kamera<\/strong><\/td>\n<td colspan=\"1\">&nbsp;<\/td>\n<\/tr>\n<tr>\n<td>G&ouml;r&uuml;nt&uuml; Sens&ouml;r&uuml;<\/td>\n<td colspan=\"1\">1\/3&rdquo; 1.3Megapixel progressive scan CMOS<\/td>\n<\/tr>\n<tr>\n<td>Efektif Piksel<\/td>\n<td colspan=\"1\">1280(H)x960(V)<\/td>\n<\/tr>\n<tr>\n<td>Tarama Sistemi<\/td>\n<td colspan=\"1\">Progresif<\/td>\n<\/tr>\n<tr>\n<td>Elektronik Shutter H\u0131z\u0131<\/td>\n<td colspan=\"1\">Otomatik \/ Manuel, 1\/3(4) ~ 1\/10000s<\/td>\n<\/tr>\n<tr>\n<td>Min. Ayd\u0131nlatma<\/td>\n<td colspan=\"1\">0.01Lux\/F2.0(Renkli), 0Lux\/F2.0(IR A&ccedil;\u0131k)<\/td>\n<\/tr>\n<tr>\n<td>S\/N Oran\u0131<\/td>\n<td colspan=\"1\">50 dB den &ccedil;ok<\/td>\n<\/tr>\n<tr>\n<td>Video &Ccedil;\u0131k\u0131\u015f\u0131<\/td>\n<td colspan=\"1\">&ndash;<\/td>\n<\/tr>\n<tr>\n<td><strong>Kamera &Ouml;zellikleri<\/strong><\/td>\n<td colspan=\"1\">&nbsp;<\/td>\n<\/tr>\n<tr>\n<td>Maks. G&ouml;r&uuml;\u015f Mesafesi<\/td>\n<td colspan=\"1\">40M<\/td>\n<\/tr>\n<tr>\n<td>Gece\/G&uuml;nd&uuml;z<\/td>\n<td colspan=\"1\">Otomatik (ICR) \/ Renkli \/ S\/B<\/td>\n<\/tr>\n<tr>\n<td>Arka I\u015f\u0131k Tanzimi<\/td>\n<td colspan=\"1\">BLC \/ HLC \/ DWDR<\/td>\n<\/tr>\n<tr>\n<td>Beyaz Dengesi<\/td>\n<td colspan=\"1\">Otomatik \/ G&uuml;ne\u015fli \/ Gece \/ A&ccedil;\u0131k Alan \/ &Ouml;zelle\u015ftirilmi\u015f<\/td>\n<\/tr>\n<tr>\n<td>Kazan&ccedil; Kontrol&uuml;<\/td>\n<td colspan=\"1\">Otomatik\/Manuel<\/td>\n<\/tr>\n<tr>\n<td>Parazit Azaltma<\/td>\n<td colspan=\"1\">3D<\/td>\n<\/tr>\n<tr>\n<td>&Ouml;zel Alan Maskeleme<\/td>\n<td colspan=\"1\">4 Alana Kadar<\/td>\n<\/tr>\n<tr>\n<td><strong>Lens<\/strong><\/td>\n<td colspan=\"1\">&nbsp;<\/td>\n<\/tr>\n<tr>\n<td>Odak Uzunlu\u011fu<\/td>\n<td colspan=\"1\">3.6 (6mm opsiyonel)<\/td>\n<\/tr>\n<tr>\n<td>Maks. Aral\u0131k<\/td>\n<td colspan=\"1\">F2.2(F2.0)<\/td>\n<\/tr>\n<tr>\n<td>Odak Kontrol&uuml;<\/td>\n<td colspan=\"1\">Manuel<\/td>\n<\/tr>\n<tr>\n<td>G&ouml;r&uuml;\u015f A&ccedil;\u0131s\u0131<\/td>\n<td colspan=\"1\">H:74&deg;(47&deg;)<\/td>\n<\/tr>\n<tr>\n<td>Lens Tipi<\/td>\n<td colspan=\"1\">Sabit Lens<\/td>\n<\/tr>\n<tr>\n<td>Montaj Tipi<\/td>\n<td colspan=\"1\">Board Tipi<\/td>\n<\/tr>\n<tr>\n<td><strong>Video<\/strong><\/td>\n<td colspan=\"1\">&nbsp;<\/td>\n<\/tr>\n<tr>\n<td>S\u0131k\u0131\u015ft\u0131rma Format\u0131<\/td>\n<td colspan=\"1\">H.264\/H.264H\/H.264B\/MJPEG<\/td>\n<\/tr>\n<tr>\n<td>&Ccedil;&ouml;z&uuml;n&uuml;rl&uuml;k<\/td>\n<td colspan=\"1\">1.3M (1280 &times; 960) \/ 720p (1280 &times; 720) \/ D1 (704 &times; 576\/704 &times; 480) \/ CIF (352 &times; 288\/352 &times; 240)<\/td>\n<\/tr>\n<tr>\n<td><strong>Frame Oran\u0131<\/strong><\/td>\n<td colspan=\"1\">&nbsp;<\/td>\n<\/tr>\n<tr>\n<td>Ana Ak\u0131\u015f<\/td>\n<td colspan=\"1\">1.3M\/720P(1~25\/30fps)<\/td>\n<\/tr>\n<tr>\n<td>Alt Ak\u0131\u015f 1<\/td>\n<td colspan=\"1\">D1\/CIF(1~25\/30fps)<\/td>\n<\/tr>\n<tr>\n<td>Alt Ak\u0131\u015f 2<\/td>\n<td colspan=\"1\">720P(1~14\/7fps)<\/td>\n<\/tr>\n<tr>\n<td>Bit Oran\u0131<\/td>\n<td colspan=\"1\">H.264: 32Kbps~10Mbps<\/td>\n<\/tr>\n<tr>\n<td>Koridor Modu<\/td>\n<td colspan=\"1\">Mevcut<\/td>\n<\/tr>\n<tr>\n<td><strong>Ses<\/strong><\/td>\n<td colspan=\"1\">&nbsp;<\/td>\n<\/tr>\n<tr>\n<td>S\u0131k\u0131\u015ft\u0131rma<\/td>\n<td colspan=\"1\">&ndash;<\/td>\n<\/tr>\n<tr>\n<td>Aray&uuml;z&uuml;<\/td>\n<td colspan=\"1\">&ndash;<\/td>\n<\/tr>\n<tr>\n<td><strong>Ak\u0131ll\u0131 Fonksiyonlar<\/strong><\/td>\n<td colspan=\"1\">&nbsp;<\/td>\n<\/tr>\n<tr>\n<td>Ak\u0131ll\u0131 Fonksiyon<\/td>\n<td colspan=\"1\">tripwire<\/p>\n<p>&nbsp;<\/p>\n<p>ihlal<\/p>\n<p>Terkedilmi\u015f \/ Eksik<\/p>\n<p>sahne De\u011fi\u015fikli\u011fi<\/p>\n<p>ses alg\u0131lama<\/p>\n<p>y&uuml;z alg\u0131lama<\/p>\n<\/td>\n<\/tr>\n<tr>\n<td><strong>Network<\/strong><\/td>\n<td colspan=\"1\">&nbsp;<\/td>\n<\/tr>\n<tr>\n<td>Ethernet<\/td>\n<td colspan=\"1\">RJ-45 (10\/100Base-T)<\/td>\n<\/tr>\n<tr>\n<td>Wi-Fi<\/td>\n<td colspan=\"1\">&ndash;<\/td>\n<\/tr>\n<tr>\n<td>Protokoller<\/td>\n<td colspan=\"1\">IPv4\/IPv6, HTTP, HTTPS, SSL, TCP\/IP, UDP, UPnP, ICMP, IGMP, SNMP, RTSP, RTP, SMTP, NTP, DHCP, DNS, PPPOE, DDNS, FTP, IP Filter, QoS, Bonjour, 802.1x<\/td>\n<\/tr>\n<tr>\n<td>ONVIF<\/td>\n<td colspan=\"1\">ONVIF,PSIA,CGI<\/td>\n<\/tr>\n<tr>\n<td>Maks. Kullan\u0131c\u0131 Giri\u015fi<\/td>\n<td colspan=\"1\">20 kullan\u0131c\u0131<\/td>\n<\/tr>\n<tr>\n<td>Ak\u0131ll\u0131 Telefon Deste\u011fi<\/td>\n<td colspan=\"1\">iPhone, iPad, Android, Windows Phone<\/td>\n<\/tr>\n<tr>\n<td><strong>Aray&uuml;z<\/strong><\/td>\n<td colspan=\"1\">&nbsp;<\/td>\n<\/tr>\n<tr>\n<td>Bellek Yuvas\u0131<\/td>\n<td colspan=\"1\">&nbsp;&ndash;<\/td>\n<\/tr>\n<tr>\n<td>RS485<\/td>\n<td colspan=\"1\">&ndash;<\/td>\n<\/tr>\n<tr>\n<td>Alarm<\/td>\n<td colspan=\"1\">&ndash;<\/td>\n<\/tr>\n<tr>\n<td>PIR Sens&ouml;r Mesafesi<\/td>\n<td colspan=\"1\">&ndash;<\/td>\n<\/tr>\n<tr>\n<td><strong>Genel<\/strong><\/td>\n<td colspan=\"1\">&nbsp;<\/td>\n<\/tr>\n<tr>\n<td>G&uuml;&ccedil;<\/td>\n<td colspan=\"1\">DC12V, PoE (802.3af)<\/td>\n<\/tr>\n<tr>\n<td>G&uuml;&ccedil; T&uuml;ketimi<\/td>\n<td colspan=\"1\">&lt;5.5W<\/td>\n<\/tr>\n<tr>\n<td>&Ccedil;al\u0131\u015fma Ortam\u0131<\/td>\n<td colspan=\"1\">-30&deg; C~ +60&deg;C, &lt;95%RH<\/td>\n<\/tr>\n<tr>\n<td>Koruma Sertifikas\u0131<\/td>\n<td colspan=\"1\">IP67<\/td>\n<\/tr>\n<tr>\n<td>Darbeye Dayan\u0131kl\u0131l\u0131k<\/td>\n<td colspan=\"1\">&ndash;<\/td>\n<\/tr>\n<tr>\n<td>Boyutlar<\/td>\n<td colspan=\"1\">70mm&times;70mm&times;180mm<\/td>\n<\/tr>\n<tr>\n<td>A\u011f\u0131rl\u0131k<\/td>\n<td colspan=\"1\">0.4kg<\/td>\n<\/tr>\n<\/tbody>\n<\/table>\n","protected":false},"excerpt":{"rendered":"<p>1\/3&rdquo; 1.3 MP progressive tarama CMOS &nbsp;25\/30fps@1.3M(1280&times;960) &nbsp;H.264\/MJPEG &Ccedil;ift Codec &nbsp;Ak\u0131ll\u0131 Analiz &nbsp;&Ccedil;oklu Network G&ouml;ru\u0308ntu\u0308leme:Web g&ouml;r&uuml;nt&uuml;leyici, CMS (DSS \/ PSS) &amp; DMSS &nbsp;DWDR, Gece\/Gu\u0308ndu\u0308z (ICR), 3DNR, AWB, AGC, BLC &nbsp;3.6 mm Sabit Lens(6mm opsiyonel) &nbsp;Maks. IR LED G&ouml;ru\u0308\u015f Mesafesi: 40M &nbsp;IP67, PoE Model Dahua IPC-HFW4120EP-0360B Teknik &Ouml;zellikleri Kamera &nbsp; G&ouml;r&uuml;nt&uuml; Sens&ouml;r&uuml; 1\/3&rdquo; 1.3Megapixel progressive scan [&#8230;]\n","protected":false},"featured_media":500,"comment_status":"closed","ping_status":"closed","template":"","meta":[],"_links":{"self":[{"href":"https:\/\/nilbilisim.com.tr\/magaza\/wp-json\/wp\/v2\/product\/499"}],"collection":[{"href":"https:\/\/nilbilisim.com.tr\/magaza\/wp-json\/wp\/v2\/product"}],"about":[{"href":"https:\/\/nilbilisim.com.tr\/magaza\/wp-json\/wp\/v2\/types\/product"}],"replies":[{"embeddable":true,"href":"https:\/\/nilbilisim.com.tr\/magaza\/wp-json\/wp\/v2\/comments?post=499"}],"wp:featuredmedia":[{"embeddable":true,"href":"https:\/\/nilbilisim.com.tr\/magaza\/wp-json\/wp\/v2\/media\/500"}],"wp:attachment":[{"href":"https:\/\/nilbilisim.com.tr\/magaza\/wp-json\/wp\/v2\/media?parent=499"}],"curies":[{"name":"wp","href":"https:\/\/api.w.org\/{rel}","templated":true}]}}