{"id":521,"date":"2021-01-18T19:56:10","date_gmt":"2021-01-18T19:56:10","guid":{"rendered":"https:\/\/nilbilisim.com.tr\/magaza\/urun\/dahua-ipc-hdbw2231e-s-0280b-2mp-wdr-ir-mini-dome-network-kamera\/"},"modified":"2024-07-01T01:42:28","modified_gmt":"2024-06-30T22:42:28","slug":"dahua-ipc-hdbw2231e-s-0280b-2mp-wdr-ir-mini-dome-network-kamera","status":"publish","type":"product","link":"https:\/\/nilbilisim.com.tr\/magaza\/urun\/dahua-ipc-hdbw2231e-s-0280b-2mp-wdr-ir-mini-dome-network-kamera\/","title":{"rendered":"Dahua IPC-HDBW2231E-S-0280B 2MP WDR IR Mini Dome Network Kamera"},"content":{"rendered":"<ul>\n<li>2MP, 1 \/ 2.8 &rdquo;CMOS g&ouml;r&uuml;nt&uuml; sens&ouml;r&uuml;, d&uuml;\u015f&uuml;k ayd\u0131nlatma, y&uuml;ksek g&ouml;r&uuml;nt&uuml; tan\u0131m\u0131<\/li>\n<li>&Ccedil;\u0131k\u0131\u015flar 25\/30 fps&rsquo;de 2MP (1920 &times; 1080)<\/li>\n<li>H.265 kodek, y&uuml;ksek s\u0131k\u0131\u015ft\u0131rma oran\u0131, ultra d&uuml;\u015f&uuml;k bit h\u0131z\u0131<\/li>\n<li>Dahili IR LED, maksimum IR mesafesi: 30 m<\/li>\n<li>ROI, SMART H.264 \/ H.265, esnek kodlama, &ccedil;e\u015fitli bant geni\u015fli\u011fi ve depolama ortamlar\u0131na uygulanabilir.<\/li>\n<li>&Ccedil;e\u015fitli izleme sahnelerine uygulanabilen d&ouml;nd&uuml;rme modu, WDR, 3D DNR, HLC, BLC, dijital filigran ekleme<\/li>\n<li>Ak\u0131ll\u0131 alg\u0131lama: \u0130zinsiz giri\u015f, tripwire &middot; Anormallik alg\u0131lama: Hareket alg\u0131lama, video kurcalama, SD kart yok, SD kart dolu, SD kart hatas\u0131, a\u011f ba\u011flant\u0131s\u0131 kesildi, IP &ccedil;ak\u0131\u015fmas\u0131, yasad\u0131\u015f\u0131 eri\u015fim, voltaj alg\u0131lama<\/li>\n<li>Maks.&nbsp;256 GB Mikro SD kart<\/li>\n<li>12V DC \/ PoE g&uuml;&ccedil; deste\u011fi<\/li>\n<li>IP67, IK10<\/li>\n<\/ul>\n<table border=\"1\" cellpadding=\"5\" cellspacing=\"1\" id=\"table001\">\n<tbody>\n<tr>\n<td colspan=\"2\"><strong>Dahua IPC-HDBW2231E-S-0280B Teknik &Ouml;zellikleri<\/strong><\/td>\n<\/tr>\n<tr>\n<td colspan=\"2\"><strong>Kamera<\/strong><\/td>\n<\/tr>\n<tr>\n<td>G&ouml;r&uuml;nt&uuml; Sens&ouml;r&uuml;<\/td>\n<td>1 \/ 2,8 &rdquo;2 Megapiksel progresif CMOS<\/td>\n<\/tr>\n<tr>\n<td>Etkin Piksel<\/td>\n<td>1920 (H) &times;1080 (V)<\/td>\n<\/tr>\n<tr>\n<td>ROM<\/td>\n<td>128 MB<\/td>\n<\/tr>\n<tr>\n<td>RAM<\/td>\n<td>128 MB<\/td>\n<\/tr>\n<tr>\n<td>Tarama Sistemi<\/td>\n<td>Progresif<\/td>\n<\/tr>\n<tr>\n<td>Elektronik Shutter H\u0131z\u0131<\/td>\n<td>Otomatik \/ Manuel 1\/3 s &ndash; 1\/100000 s<\/td>\n<\/tr>\n<tr>\n<td>Minimum Ayd\u0131nlatma<\/td>\n<td>0.002 Lux @F1.6<\/td>\n<\/tr>\n<tr>\n<td>IR Mesafesi<\/td>\n<td>30 m (98.4 ft)<\/td>\n<\/tr>\n<tr>\n<td>IR A&ccedil;\u0131k \/ Kapal\u0131 Kontrol<\/td>\n<td>Otomatik \/ Manuel<\/td>\n<\/tr>\n<tr>\n<td>IR LED<\/td>\n<td>3<\/td>\n<\/tr>\n<tr>\n<td>Pan\/Tilt\/D&ouml;nd&uuml;rme Aral\u0131\u011f\u0131<\/td>\n<td>Pan : 0 &deg; &ndash;355 &deg; Tilt: 0 &deg; &ndash;65 &deg;D&ouml;nd&uuml;rme: 0 &deg; &ndash;355 &deg;<\/td>\n<\/tr>\n<tr>\n<td colspan=\"2\"><strong>Lens<\/strong><\/td>\n<\/tr>\n<tr>\n<td>Lens Tipi<\/td>\n<td>Sabit<\/td>\n<\/tr>\n<tr>\n<td>Montaj Tipi<\/td>\n<td>M12<\/td>\n<\/tr>\n<tr>\n<td>Odak Uzakl\u0131\u011f\u0131<\/td>\n<td>2,8 mm<br \/>\n\t\t\t3,6 mm<\/td>\n<\/tr>\n<tr>\n<td>Maks. A&ccedil;\u0131kl\u0131k<\/td>\n<td>F1.6<\/td>\n<\/tr>\n<tr>\n<td>G&ouml;r&uuml;\u015f A&ccedil;\u0131s\u0131<\/td>\n<td>2,8 mm:<br \/>\n\t\t\tYatay: 106 &deg;<br \/>\n\t\t\tDikey: 56 &deg;<br \/>\n\t\t\t&Ccedil;apraz: 126 &deg;<br \/>\n\t\t\t3,6 mm:<br \/>\n\t\t\tYatay: 87 &deg;<br \/>\n\t\t\tDikey: 46 &deg;<br \/>\n\t\t\t&Ccedil;apraz: 104 &deg;<\/td>\n<\/tr>\n<tr>\n<td>\u0130ris Tipi<\/td>\n<td>Sabit<\/td>\n<\/tr>\n<tr>\n<td>Yak\u0131n Odak Mesafesi<\/td>\n<td>2,8 mm: 0,6 m (2,0 ft)<br \/>\n\t\t\t3,6 mm: 1,2 m (3,9 ft)<\/td>\n<\/tr>\n<tr>\n<td colspan=\"2\"><strong>Ak\u0131ll\u0131 Fonksiyonlar<\/strong><\/td>\n<\/tr>\n<tr>\n<td>Genel IVS Analizi<\/td>\n<td>Tripwire, \u0130zinsiz Giri\u015f<\/td>\n<\/tr>\n<tr>\n<td colspan=\"2\"><strong>Video<\/strong><\/td>\n<\/tr>\n<tr>\n<td>S\u0131k\u0131\u015ft\u0131rma<\/td>\n<td>H.265;&nbsp;H.264;&nbsp;H.264B;&nbsp;MJPEG<\/td>\n<\/tr>\n<tr>\n<td>Ak\u0131ll\u0131 Codec<\/td>\n<td>Mevcut<\/td>\n<\/tr>\n<tr>\n<td>Video Frame H\u0131z\u0131<\/td>\n<td>Ana ak\u0131\u015f:<\/p>\n<p>&nbsp;<\/p>\n<p>1920 &times; 1080 (1 fps-25\/30 fps)<\/p>\n<p>Alt ak\u0131\u015f:<\/p>\n<p>704 &times; 576 (1 fps-25fps)<\/p>\n<p>704 &times; 480 (1 fps-30fps)<\/p>\n<\/td>\n<\/tr>\n<tr>\n<td>G&ouml;r&uuml;nt&uuml; Ak\u0131\u015f Kapasitesi<\/td>\n<td>2&rsquo;li ak\u0131\u015f<\/td>\n<\/tr>\n<tr>\n<td>&Ccedil;&ouml;z&uuml;n&uuml;rl&uuml;k<\/td>\n<td>1080p (1920 &times; 1080);&nbsp;1,3 M (1280 &times; 960);&nbsp;720p (1280 &times; 720);&nbsp;D1 (704 &times; 576\/704 &times; 480);&nbsp;VGA (640 &times; 480);&nbsp;CIF (352 &times; 288\/352 &times; 240)<\/td>\n<\/tr>\n<tr>\n<td>Bit H\u0131z\u0131 Kontrol&uuml;<\/td>\n<td>CBR \/ VBR<\/td>\n<\/tr>\n<tr>\n<td>Video Bit H\u0131z\u0131<\/td>\n<td>H.264: 32 Kb \/ sn &ndash; 6144 Kb \/ sn<br \/>\n\t\t\tH.265: 12 Kb \/ sn &ndash; 6144 Kb \/ sn<\/td>\n<\/tr>\n<\/tbody>\n<\/table>\n<table border=\"1\" cellpadding=\"5\" cellspacing=\"1\" id=\"table002\">\n<tbody>\n<tr>\n<td>G&uuml;nd&uuml;z Gece<\/td>\n<td>Otomatik (UST) \/ Renkli \/ S \/ B<\/td>\n<\/tr>\n<tr>\n<td>BLC<\/td>\n<td>Mevcut<\/td>\n<\/tr>\n<tr>\n<td>HLC<\/td>\n<td>Mevcut<\/td>\n<\/tr>\n<tr>\n<td>WDR<\/td>\n<td>120 dB<\/td>\n<\/tr>\n<tr>\n<td>Beyaz Dengesi<\/td>\n<td>Otomatik \/ do\u011fal \/ sokak lambas\u0131 \/ a&ccedil;\u0131k \/ manuel \/ b&ouml;lgesel &ouml;zel<\/td>\n<\/tr>\n<tr>\n<td>Kazan&ccedil; Kontrol&uuml;<\/td>\n<td>Otomatik \/ Manuel<\/td>\n<\/tr>\n<tr>\n<td>Parazit Azaltma<\/td>\n<td>3D DNR<\/td>\n<\/tr>\n<tr>\n<td>Hareket Alg\u0131lama<\/td>\n<td>KAPALI \/ A&Ccedil;IK (4 alan, dikd&ouml;rtgen)<\/td>\n<\/tr>\n<tr>\n<td>ROI<\/td>\n<td>Mevcut (4 alan)<\/td>\n<\/tr>\n<tr>\n<td>Smart IR<\/td>\n<td>Mevcut<\/td>\n<\/tr>\n<tr>\n<td>G&ouml;r&uuml;nt&uuml; D&ouml;nd&uuml;rme<\/td>\n<td>0 &deg; \/ 90 &deg; \/ 180 &deg; \/ 270 &deg; (1080p &ccedil;&ouml;z&uuml;n&uuml;rl&uuml;kte 90 &deg; \/ 270 &deg; destekler.)<\/td>\n<\/tr>\n<tr>\n<td>Mirror<\/td>\n<td>Mevcut<\/td>\n<\/tr>\n<tr>\n<td>&Ouml;zel Alan Maskelemesi<\/td>\n<td>4 alan<\/td>\n<\/tr>\n<tr>\n<td colspan=\"2\"><strong>Network<\/strong><\/td>\n<\/tr>\n<tr>\n<td>Ethernet<\/td>\n<td>RJ-45 (10 \/ 100Base-T)<\/td>\n<\/tr>\n<tr>\n<td>Protokol<\/td>\n<td>IPv4;&nbsp;IPv6;&nbsp;HTTP;&nbsp;HTTPS;&nbsp;TCP;&nbsp;UDP;&nbsp;ARP;&nbsp;RTP;&nbsp;RTSP;<\/p>\n<p>&nbsp;<\/p>\n<p>RTCP;&nbsp;RTMP;&nbsp;SMTP;&nbsp;FTP;&nbsp;SFTP;&nbsp;DHCP;&nbsp;DNS;&nbsp;DDNS;&nbsp;QoS;&nbsp;UPnP;&nbsp;NTP;&nbsp;&Ccedil;oklu Yay\u0131n;&nbsp;ICMP;&nbsp;IGMP;&nbsp;NFS;&nbsp;PPPoE;&nbsp;802.1 x;&nbsp;Bonjour<\/p>\n<\/td>\n<\/tr>\n<tr>\n<td>ONVIF<\/td>\n<td>ONVIF(Profile S\/Profile G);CGI;P2P;Milestone;Genetec<\/td>\n<\/tr>\n<tr>\n<td>Maks. Kullan\u0131c\u0131 Eri\u015fimi<\/td>\n<td>20<\/td>\n<\/tr>\n<tr>\n<td>Direkt Depolama<\/td>\n<td>Dahua Cloud; FTP; SFTP; Micro SD Card (support max. 256 GB); NAS<\/td>\n<\/tr>\n<tr>\n<td>Web G&ouml;r&uuml;nt&uuml;leyici<\/td>\n<td>IE<br \/>\n\t\t\tChrome<br \/>\n\t\t\tFirefox<\/td>\n<\/tr>\n<tr>\n<td>Yaz\u0131l\u0131m Y&ouml;netimi<\/td>\n<td>Smart PSS; DSS; DMSS<\/td>\n<\/tr>\n<tr>\n<td>Ak\u0131ll\u0131 Telefon<\/td>\n<td>IOS, Android<\/td>\n<\/tr>\n<tr>\n<td><strong>Sertifikalar<\/strong><\/td>\n<td>&nbsp;<\/td>\n<\/tr>\n<tr>\n<td>Sertifikalar<\/td>\n<td>CE-LVD: EN60950-1<\/p>\n<p>&nbsp;<\/p>\n<p>CE-EMC: Elektromanyetik Uyumluluk Direktifi 2014\/30 \/ EU<\/p>\n<p>FCC: 47 CFR FCC B&ouml;l&uuml;m 15, Alt B&ouml;l&uuml;m B<\/p>\n<p>UL \/ CUL: UL60950-1 CAN \/ CSA C22.2 No.60950-1-07<\/p>\n<\/td>\n<\/tr>\n<tr>\n<td colspan=\"2\"><strong>G&uuml;&ccedil;<\/strong><\/td>\n<\/tr>\n<tr>\n<td>G&uuml;&ccedil; Kayna\u011f\u0131<\/td>\n<td>12V DC \/ PoE (802.3af)<\/td>\n<\/tr>\n<tr>\n<td>G&uuml;&ccedil; T&uuml;ketimi<\/td>\n<td>&lt;5,4 W<\/td>\n<\/tr>\n<\/tbody>\n<\/table>\n<table border=\"1\" cellpadding=\"5\" cellspacing=\"1\" id=\"table004\">\n<tbody>\n<tr>\n<td colspan=\"2\"><strong>&Ccedil;evre Ko\u015fullar\u0131<\/strong><\/td>\n<\/tr>\n<tr>\n<td>&Ccedil;al\u0131\u015fma Ko\u015fullar\u0131<\/td>\n<td>-40 &deg; C ila + 60 &deg; C (-40 &deg; F ila + 140 &deg; F) \/ &le;% 95&rsquo;ten az<\/td>\n<\/tr>\n<tr>\n<td>Dayan\u0131kl\u0131l\u0131k Ko\u015fullar\u0131<\/td>\n<td>40 &deg; C ila + 60 &deg; C (-40 &deg; F ila + 140 &deg; F)<\/td>\n<\/tr>\n<tr>\n<td>Koruma Sertifikas\u0131<\/td>\n<td>IP67, IK10<\/td>\n<\/tr>\n<tr>\n<td colspan=\"2\"><strong>Kasa<\/strong><\/td>\n<\/tr>\n<tr>\n<td>Kasa<\/td>\n<td>Metal<\/td>\n<\/tr>\n<tr>\n<td>Boyutlar<\/td>\n<td>81 mm &times; &Phi;109,9 mm<\/td>\n<\/tr>\n<tr>\n<td>Net A\u011f\u0131rl\u0131k<\/td>\n<td>0,35 kg<\/td>\n<\/tr>\n<\/tbody>\n<\/table>\n<p><img loading=\"lazy\" alt=\"\" height=\"192\" sizes=\"(max-width: 500px) 100vw, 500px\" src=\"https:\/\/www.okisan.com\/wp-content\/uploads\/2020\/03\/boyutlar-12-500x192.png\" srcset=\"https:\/\/www.okisan.com\/wp-content\/uploads\/2020\/03\/boyutlar-12-120x46.png 120w, https:\/\/www.okisan.com\/wp-content\/uploads\/2020\/03\/boyutlar-12-150x58.png 150w, https:\/\/www.okisan.com\/wp-content\/uploads\/2020\/03\/boyutlar-12-200x77.png 200w, https:\/\/www.okisan.com\/wp-content\/uploads\/2020\/03\/boyutlar-12-300x115.png 300w, https:\/\/www.okisan.com\/wp-content\/uploads\/2020\/03\/boyutlar-12-400x154.png 400w, https:\/\/www.okisan.com\/wp-content\/uploads\/2020\/03\/boyutlar-12-500x192.png 500w, https:\/\/www.okisan.com\/wp-content\/uploads\/2020\/03\/boyutlar-12-600x231.png 600w, https:\/\/www.okisan.com\/wp-content\/uploads\/2020\/03\/boyutlar-12-768x295.png 768w, https:\/\/www.okisan.com\/wp-content\/uploads\/2020\/03\/boyutlar-12-800x308.png 800w, https:\/\/www.okisan.com\/wp-content\/uploads\/2020\/03\/boyutlar-12-900x346.png 900w, https:\/\/www.okisan.com\/wp-content\/uploads\/2020\/03\/boyutlar-12.png 1035w\" width=\"500\" \/><img loading=\"lazy\" alt=\"\" height=\"319\" sizes=\"(max-width: 500px) 100vw, 500px\" src=\"https:\/\/www.okisan.com\/wp-content\/uploads\/2020\/03\/aksesaurlar-500x319.png\" srcset=\"https:\/\/www.okisan.com\/wp-content\/uploads\/2020\/03\/aksesaurlar-120x76.png 120w, https:\/\/www.okisan.com\/wp-content\/uploads\/2020\/03\/aksesaurlar-150x96.png 150w, https:\/\/www.okisan.com\/wp-content\/uploads\/2020\/03\/aksesaurlar-200x127.png 200w, https:\/\/www.okisan.com\/wp-content\/uploads\/2020\/03\/aksesaurlar-300x191.png 300w, https:\/\/www.okisan.com\/wp-content\/uploads\/2020\/03\/aksesaurlar-400x255.png 400w, https:\/\/www.okisan.com\/wp-content\/uploads\/2020\/03\/aksesaurlar-500x319.png 500w, https:\/\/www.okisan.com\/wp-content\/uploads\/2020\/03\/aksesaurlar-600x382.png 600w, https:\/\/www.okisan.com\/wp-content\/uploads\/2020\/03\/aksesaurlar-768x489.png 768w, https:\/\/www.okisan.com\/wp-content\/uploads\/2020\/03\/aksesaurlar-800x510.png 800w, https:\/\/www.okisan.com\/wp-content\/uploads\/2020\/03\/aksesaurlar.png 857w\" width=\"500\" \/><\/p>\n","protected":false},"excerpt":{"rendered":"<p>2MP, 1 \/ 2.8 &rdquo;CMOS g&ouml;r&uuml;nt&uuml; sens&ouml;r&uuml;, d&uuml;\u015f&uuml;k ayd\u0131nlatma, y&uuml;ksek g&ouml;r&uuml;nt&uuml; tan\u0131m\u0131 &Ccedil;\u0131k\u0131\u015flar 25\/30 fps&rsquo;de 2MP (1920 &times; 1080) H.265 kodek, y&uuml;ksek s\u0131k\u0131\u015ft\u0131rma oran\u0131, ultra d&uuml;\u015f&uuml;k bit h\u0131z\u0131 Dahili IR LED, maksimum IR mesafesi: 30 m ROI, SMART H.264 \/ H.265, esnek kodlama, &ccedil;e\u015fitli bant geni\u015fli\u011fi ve depolama ortamlar\u0131na uygulanabilir. &Ccedil;e\u015fitli izleme sahnelerine uygulanabilen d&ouml;nd&uuml;rme [&#8230;]\n","protected":false},"featured_media":522,"comment_status":"closed","ping_status":"closed","template":"","meta":[],"_links":{"self":[{"href":"https:\/\/nilbilisim.com.tr\/magaza\/wp-json\/wp\/v2\/product\/521"}],"collection":[{"href":"https:\/\/nilbilisim.com.tr\/magaza\/wp-json\/wp\/v2\/product"}],"about":[{"href":"https:\/\/nilbilisim.com.tr\/magaza\/wp-json\/wp\/v2\/types\/product"}],"replies":[{"embeddable":true,"href":"https:\/\/nilbilisim.com.tr\/magaza\/wp-json\/wp\/v2\/comments?post=521"}],"wp:featuredmedia":[{"embeddable":true,"href":"https:\/\/nilbilisim.com.tr\/magaza\/wp-json\/wp\/v2\/media\/522"}],"wp:attachment":[{"href":"https:\/\/nilbilisim.com.tr\/magaza\/wp-json\/wp\/v2\/media?parent=521"}],"curies":[{"name":"wp","href":"https:\/\/api.w.org\/{rel}","templated":true}]}}