{"id":553,"date":"2021-01-18T20:01:41","date_gmt":"2021-01-18T20:01:41","guid":{"rendered":"https:\/\/nilbilisim.com.tr\/magaza\/urun\/dahua-ipc-hfw2231tp-zas-2mp-wdr-ir-bullet-network-kamera\/"},"modified":"2024-07-01T01:42:23","modified_gmt":"2024-06-30T22:42:23","slug":"dahua-ipc-hfw2231tp-zas-2mp-wdr-ir-bullet-network-kamera","status":"publish","type":"product","link":"https:\/\/nilbilisim.com.tr\/magaza\/urun\/dahua-ipc-hfw2231tp-zas-2mp-wdr-ir-bullet-network-kamera\/","title":{"rendered":"Dahua IPC-HFW2231TP-ZAS 2MP WDR IR Bullet Network Kamera"},"content":{"rendered":"<ul>\n<li>1\/2.8&rdquo; 2Megapiksel progresif StarvisTM CMOS<\/li>\n<li>H.265 ve H.264 &ccedil;ift ak\u0131\u015fl\u0131 kodlama<\/li>\n<li>25\/30fps@1080P(1920&times;1080)<\/li>\n<li>WDR(120dB), G&uuml;nd&uuml;z\/Gece(ICR), 3DNR, AWB, AGC, BLC<\/li>\n<li>&Ccedil;oklu network izleme: Web g&ouml;r&uuml;nt&uuml;leyici, CMS (DSS \/ PSS) ve DMSS<\/li>\n<li>128GB&rsquo;a kadar mikro SD kart yuvas\u0131<\/li>\n<li>2.7~13.5mm varifocal lens<\/li>\n<li>Maks IR LED Uzunluk 60m<\/li>\n<li>IP67, IK10 (opsiyonel), PoE +<\/li>\n<\/ul>\n<table border=\"1\" cellpadding=\"5\" cellspacing=\"1\">\n<tbody>\n<tr>\n<td><strong>Model<\/strong><\/td>\n<td><strong>Dahua IPC-HFW2231TP-ZAS Teknik &Ouml;zellikleri<\/strong><\/td>\n<\/tr>\n<tr>\n<td><strong>Kamera<\/strong><\/td>\n<td colspan=\"1\">&nbsp;<\/td>\n<\/tr>\n<tr>\n<td>G&ouml;r&uuml;nt&uuml; Sens&ouml;r&uuml;<\/td>\n<td colspan=\"1\">1\/2.8&rdquo; 2Megapiksel progresif CMOS<\/td>\n<\/tr>\n<tr>\n<td>Efektif Piksel<\/td>\n<td colspan=\"1\">1920(H) x1080(V)<\/td>\n<\/tr>\n<tr>\n<td>RAM\/ROM<\/td>\n<td>256MB\/32MB<\/td>\n<\/tr>\n<tr>\n<td>Tarama Sistemi<\/td>\n<td>Progresif<\/td>\n<\/tr>\n<tr>\n<td>Elektronik Shutter H\u0131z\u0131<\/td>\n<td colspan=\"1\">Otomatik\/Manuel, 1\/3~1\/100000s<\/td>\n<\/tr>\n<tr>\n<td>Min. Ayd\u0131nlatma<\/td>\n<td colspan=\"1\">0.006Lux \/ F1.4 0.005Lux \/ F1.2 (Renkli, 1 \/ 3s, 30IRE)<\/p>\n<p>&nbsp;<\/p>\n<p>0.05Lux \/ F1.4 0.04Lux \/ F1.2 (Renk, 1 \/ 30s, 30IRE)<\/p>\n<p>0Lux \/ F1.4 (IR)<\/p>\n<\/td>\n<\/tr>\n<tr>\n<td>S \/ N Oran\u0131<\/td>\n<td colspan=\"1\">50dB&rsquo;dan fazla<\/td>\n<\/tr>\n<tr>\n<td>IR Mesafesi<\/td>\n<td>60m&rsquo;ye kadar mesafe (197ft)<\/td>\n<\/tr>\n<tr>\n<td>IR A&ccedil;\u0131k \/ Kapal\u0131 Kontrol<\/td>\n<td>Otomatik \/ Manuel<\/td>\n<\/tr>\n<tr>\n<td>IR LED<\/td>\n<td>4<\/td>\n<\/tr>\n<tr>\n<td><strong>Lens<\/strong><\/td>\n<td colspan=\"1\">&nbsp;<\/td>\n<\/tr>\n<tr>\n<td>Lens Tipi<\/td>\n<td colspan=\"1\">Elektronik<\/td>\n<\/tr>\n<tr>\n<td>Montaj Tipi<\/td>\n<td colspan=\"1\">Board-in<\/td>\n<\/tr>\n<tr>\n<td>Odak Uzakl\u0131\u011f\u0131<\/td>\n<td colspan=\"1\">2.7mm~13.5mm<\/td>\n<\/tr>\n<tr>\n<td>Maks. Diyafram<\/td>\n<td>F1.4<\/td>\n<\/tr>\n<tr>\n<td>G&ouml;r&uuml;\u015f A&ccedil;\u0131s\u0131<\/td>\n<td>H:106&deg;~29&deg;, V:57&deg;~17&deg;<\/td>\n<\/tr>\n<tr>\n<td>Odak Kontrol&uuml;<\/td>\n<td>Motorize<\/td>\n<\/tr>\n<tr>\n<td>Yak\u0131n Odak Mesafesi<\/td>\n<td>0.3m<\/td>\n<\/tr>\n<tr>\n<td><strong>PTZ<\/strong><\/td>\n<td colspan=\"1\">&nbsp;<\/td>\n<\/tr>\n<tr>\n<td>Pan \/ Tilt Aral\u0131\u011f\u0131<\/td>\n<td colspan=\"1\">Pan:0&deg; ~360&deg; ;Tilt:0&deg; ~90&deg; ;D&ouml;nd&uuml;rme:0&deg; ~360&deg;<\/td>\n<\/tr>\n<tr>\n<td><strong>Ak\u0131ll\u0131 Fonksiyonlar<\/strong><\/td>\n<td>&nbsp;<\/td>\n<\/tr>\n<tr>\n<td>Etkinlik Tetikleyici<\/td>\n<td>Hareket alg\u0131lama, Video kurcalama, Sahne de\u011fi\u015ftirme (Sabotaj)<\/p>\n<p>&nbsp;<\/p>\n<p>A\u011f ba\u011flant\u0131s\u0131 kesilmesi, IP adresi &ccedil;ak\u0131\u015fmas\u0131, Yasa d\u0131\u015f\u0131 eri\u015fim, Depolama anormalli\u011fi<\/p>\n<\/td>\n<\/tr>\n<tr>\n<td>IVS<\/td>\n<td>Tripwire (S\u0131n\u0131r \u0130hlali), Intrusion (Alan ihlali), Sald\u0131r\u0131<\/td>\n<\/tr>\n<tr>\n<td><strong>Video<\/strong><\/td>\n<td colspan=\"1\">&nbsp;<\/td>\n<\/tr>\n<tr>\n<td>S\u0131k\u0131\u015ft\u0131rma<\/td>\n<td>H.265 \/ H.264H \/ MJPEG (Alt Ak\u0131\u015f)<\/td>\n<\/tr>\n<tr>\n<td>Ak\u0131ll\u0131 Codec<\/td>\n<td>H.265 + \/ H.264 +<\/td>\n<\/tr>\n<tr>\n<td>G&ouml;r&uuml;nt&uuml; Ak\u0131\u015f Kapasitesi<\/td>\n<td>2&rsquo;li ak\u0131\u015f<\/td>\n<\/tr>\n<tr>\n<td>&Ccedil;&ouml;z&uuml;n&uuml;rl&uuml;k<\/td>\n<td colspan=\"1\">1080P (1920 &times; 1080) \/1.3M (960 1280 &times;) \/<\/p>\n<p>&nbsp;<\/p>\n<p>720P (1280 &times; 720) \/ D1 (704 &times; 576\/704 &times; 480) \/ VGA (640 &times; 480) \/ CIF (352 &times; 288\/352 &times; 240)<\/p>\n<\/td>\n<\/tr>\n<tr>\n<td>Frame Oran\u0131<\/td>\n<td colspan=\"1\">Ana Aktar\u0131m: 1080P (1 ~ 25 \/ 30fps)<\/p>\n<p>&nbsp;<\/p>\n<p>Alt Ak\u0131\u015f: D1 (1 ~ 25 \/ 30fps)<\/p>\n<\/td>\n<\/tr>\n<tr>\n<td>Bit H\u0131z\u0131 Kontrol&uuml;<\/td>\n<td colspan=\"1\">CBR\/VBR<\/td>\n<\/tr>\n<tr>\n<td>Bit Oran\u0131<\/td>\n<td colspan=\"1\">H.265: 12K ~ 6400Kbps<br \/>\n\t\t\tH.264: 32K ~ 10240Kbps<\/td>\n<\/tr>\n<tr>\n<td>G&uuml;nd&uuml;z\/Gece<\/td>\n<td colspan=\"1\">Otomatik (ICR) \/ Renkli \/ S \/ B<\/td>\n<\/tr>\n<tr>\n<td>BLC Modu<\/td>\n<td colspan=\"1\">BLC \/ HLC \/ WDR(120dB)<\/td>\n<\/tr>\n<tr>\n<td>Beyaz Dengesi<\/td>\n<td>Otomatik \/ Do\u011fal \/ Sokak Lambas\u0131 \/ A&ccedil;\u0131k \/ Manuel<\/td>\n<\/tr>\n<tr>\n<td>Kazan&ccedil; Kontrol&uuml;<\/td>\n<td>Otomatik&nbsp;\/&nbsp;Manuel<\/td>\n<\/tr>\n<tr>\n<td>Parazit Azaltma<\/td>\n<td>3D DNR<\/td>\n<\/tr>\n<tr>\n<td>Hareket Alg\u0131lama<\/td>\n<td>Kapal\u0131 \/ A&ccedil;\u0131k (4 B&ouml;lge, Dikd&ouml;rtgen)<\/td>\n<\/tr>\n<tr>\n<td>ROI<\/td>\n<td>Kapal\u0131 \/ A&ccedil;\u0131k (4 B&ouml;lge)<\/td>\n<\/tr>\n<tr>\n<td>Elektronik G&ouml;r&uuml;nt&uuml; Sabitleme (EIS)<\/td>\n<td>&ndash;<\/td>\n<\/tr>\n<tr>\n<td>Ak\u0131ll\u0131 IR<\/td>\n<td>Mevcut<\/td>\n<\/tr>\n<tr>\n<td>Dijital Zoom<\/td>\n<td>16x<\/td>\n<\/tr>\n<tr>\n<td>Flip<\/td>\n<td>0&deg;\/90&deg;\/180&deg;\/270&deg;<\/td>\n<\/tr>\n<tr>\n<td>Mirror<\/td>\n<td>Kapal\u0131 \/ A&ccedil;\u0131k<\/td>\n<\/tr>\n<tr>\n<td>&Ouml;zel Alan Maskelemesi<\/td>\n<td>Kapal\u0131 \/ A&ccedil;\u0131k (4 Alan, Dikd&ouml;rtgen)<\/td>\n<\/tr>\n<tr>\n<td><strong>Ses<\/strong><\/td>\n<td>&nbsp;<\/td>\n<\/tr>\n<tr>\n<td>S\u0131k\u0131\u015ft\u0131rma<\/td>\n<td>G.711a\/ G.711Mu\/ AAC\/ G.726<\/td>\n<\/tr>\n<tr>\n<td><strong>Network<\/strong><\/td>\n<td>&nbsp;<\/td>\n<\/tr>\n<tr>\n<td>Ethernet<\/td>\n<td>RJ-45 (10\/100Base-T)<\/td>\n<\/tr>\n<tr>\n<td>Protokol<\/td>\n<td>HTTP; HTTPS, TCP; ARP, RTSP, RTP, RTCP, UDP, SMTP; SNMP;<\/p>\n<p>&nbsp;<\/p>\n<p>FTP; DHCP; DNS; DDNS; PPPoE; IPv4 \/ v6; QoS; UPnP;<\/p>\n<p>NTP, Bonjour, IEEE 802.1x, Multicast, ICMP, IGMP;<\/p>\n<p>TLS<\/p>\n<\/td>\n<\/tr>\n<tr>\n<td>ONVIF<\/td>\n<td>ONVIF Profile S&amp;G, API<\/td>\n<\/tr>\n<tr>\n<td>Ak\u0131\u015f Metodu<\/td>\n<td>Tek Noktaya Yay\u0131n \/ &Ccedil;ok Noktaya Yay\u0131n<\/td>\n<\/tr>\n<tr>\n<td>Maks. Kullan\u0131c\u0131 Eri\u015fimi<\/td>\n<td>10 Kullan\u0131c\u0131lar \/ 20 Kullan\u0131c\u0131<\/td>\n<\/tr>\n<tr>\n<td>Direkt Depolama<\/td>\n<td>NAS<br \/>\n\t\t\tAnl\u0131k kay\u0131t i&ccedil;in yerel PC<br \/>\n\t\t\tMicro SD Kart 128GB<\/td>\n<\/tr>\n<tr>\n<td>Web G&ouml;r&uuml;nt&uuml;leyici<\/td>\n<td>IE, Chrome, Firefox, Safari<\/td>\n<\/tr>\n<tr>\n<td>Yaz\u0131l\u0131m Y&ouml;netimi<\/td>\n<td>Ak\u0131ll\u0131 PSS, DSS, DMSS<\/td>\n<\/tr>\n<tr>\n<td>Ak\u0131ll\u0131 Telefon<\/td>\n<td>IOS, Android<\/td>\n<\/tr>\n<tr>\n<td><strong>Sertifikalar<\/strong><\/td>\n<td>&nbsp;<\/td>\n<\/tr>\n<tr>\n<td>Sertifikalar<\/td>\n<td>CE (EN 60950: 2000)<br \/>\n\t\t\tUL: UL60950-1<br \/>\n\t\t\tFCC: FCC B&ouml;l&uuml;m 15 Alt K\u0131s\u0131m B<\/td>\n<\/tr>\n<tr>\n<td><strong>Aray&uuml;z<\/strong><\/td>\n<td>&nbsp;<\/td>\n<\/tr>\n<tr>\n<td>Video Aray&uuml;z&uuml;<\/td>\n<td>&ndash;<\/td>\n<\/tr>\n<tr>\n<td>Ses Aray&uuml;z&uuml;<\/td>\n<td>1\/1 kanal Giri\u015f \/ &Ccedil;\u0131k\u0131\u015f<\/td>\n<\/tr>\n<tr>\n<td>RS485<\/td>\n<td>&ndash;<\/td>\n<\/tr>\n<tr>\n<td>Alarm<\/td>\n<td>1 kanal Giri\u015f: 5mA 5VDC<br \/>\n\t\t\t1 kanal &Ccedil;\u0131k\u0131\u015f: 300mA 12VDC<\/td>\n<\/tr>\n<tr>\n<td><strong>G&uuml;&ccedil;<\/strong><\/td>\n<td>&nbsp;<\/td>\n<\/tr>\n<tr>\n<td>G&uuml;&ccedil; Kayna\u011f\u0131<\/td>\n<td>DC12V, PoE + (IEEE 802.3at)<\/td>\n<\/tr>\n<tr>\n<td>G&uuml;&ccedil; T&uuml;ketimi<\/td>\n<td>&lt;14W<\/td>\n<\/tr>\n<tr>\n<td><strong>&Ccedil;evre Ko\u015fullar\u0131<\/strong><\/td>\n<td>&nbsp;<\/td>\n<\/tr>\n<tr>\n<td>&Ccedil;al\u0131\u015fma Ko\u015fullar\u0131<\/td>\n<td>-30 &deg; C ~ + 60 &deg; C (-22 &deg; F ~ + 140 &deg; F) \/% 95&rsquo;den daha d&uuml;\u015f&uuml;k RH<\/td>\n<\/tr>\n<tr>\n<td>Dayan\u0131kl\u0131l\u0131k Ko\u015fullar\u0131<\/td>\n<td>-30 &deg; C ~ + 60 &deg; C (-22 &deg; F ~ + 140 &deg; F) \/% 95&rsquo;den daha d&uuml;\u015f&uuml;k RH<\/td>\n<\/tr>\n<tr>\n<td>Koruma Sertifikas\u0131<\/td>\n<td>IP67<\/td>\n<\/tr>\n<tr>\n<td>Dayan\u0131kl\u0131l\u0131k Sertifikas\u0131<\/td>\n<td>IK10 (opsiyonel)<\/td>\n<\/tr>\n<tr>\n<td>Kasa<\/td>\n<td>Metal<\/td>\n<\/tr>\n<tr>\n<td>Boyutlar<\/td>\n<td>244.1mm&times;79mm&times;75.9mm<\/td>\n<\/tr>\n<tr>\n<td>Net A\u011f\u0131rl\u0131k<\/td>\n<td>0.815kg<\/td>\n<\/tr>\n<\/tbody>\n<\/table>\n<p>&nbsp;<\/p>\n<p><img loading=\"lazy\" alt=\"\" height=\"147\" sizes=\"(max-width: 362px) 100vw, 362px\" src=\"https:\/\/www.okisan.com\/wp-content\/uploads\/2018\/02\/boyutlar-1.png\" srcset=\"https:\/\/www.okisan.com\/wp-content\/uploads\/2018\/02\/boyutlar-1-120x49.png 120w, https:\/\/www.okisan.com\/wp-content\/uploads\/2018\/02\/boyutlar-1-150x61.png 150w, https:\/\/www.okisan.com\/wp-content\/uploads\/2018\/02\/boyutlar-1-200x81.png 200w, https:\/\/www.okisan.com\/wp-content\/uploads\/2018\/02\/boyutlar-1-300x122.png 300w, https:\/\/www.okisan.com\/wp-content\/uploads\/2018\/02\/boyutlar-1.png 362w\" width=\"362\" \/><img loading=\"lazy\" alt=\"\" height=\"369\" sizes=\"(max-width: 357px) 100vw, 357px\" src=\"https:\/\/www.okisan.com\/wp-content\/uploads\/2018\/02\/aksesuarlar-1.png\" srcset=\"https:\/\/www.okisan.com\/wp-content\/uploads\/2018\/02\/aksesuarlar-1-120x124.png 120w, https:\/\/www.okisan.com\/wp-content\/uploads\/2018\/02\/aksesuarlar-1-150x155.png 150w, https:\/\/www.okisan.com\/wp-content\/uploads\/2018\/02\/aksesuarlar-1-200x207.png 200w, https:\/\/www.okisan.com\/wp-content\/uploads\/2018\/02\/aksesuarlar-1-300x310.png 300w, https:\/\/www.okisan.com\/wp-content\/uploads\/2018\/02\/aksesuarlar-1.png 357w\" width=\"357\" \/><\/p>\n","protected":false},"excerpt":{"rendered":"<p>1\/2.8&rdquo; 2Megapiksel progresif StarvisTM CMOS H.265 ve H.264 &ccedil;ift ak\u0131\u015fl\u0131 kodlama 25\/30fps@1080P(1920&times;1080) WDR(120dB), G&uuml;nd&uuml;z\/Gece(ICR), 3DNR, AWB, AGC, BLC &Ccedil;oklu network izleme: Web g&ouml;r&uuml;nt&uuml;leyici, CMS (DSS \/ PSS) ve DMSS 128GB&rsquo;a kadar mikro SD kart yuvas\u0131 2.7~13.5mm varifocal lens Maks IR LED Uzunluk 60m IP67, IK10 (opsiyonel), PoE + Model Dahua IPC-HFW2231TP-ZAS Teknik &Ouml;zellikleri Kamera &nbsp; [&#8230;]\n","protected":false},"featured_media":554,"comment_status":"closed","ping_status":"closed","template":"","meta":[],"_links":{"self":[{"href":"https:\/\/nilbilisim.com.tr\/magaza\/wp-json\/wp\/v2\/product\/553"}],"collection":[{"href":"https:\/\/nilbilisim.com.tr\/magaza\/wp-json\/wp\/v2\/product"}],"about":[{"href":"https:\/\/nilbilisim.com.tr\/magaza\/wp-json\/wp\/v2\/types\/product"}],"replies":[{"embeddable":true,"href":"https:\/\/nilbilisim.com.tr\/magaza\/wp-json\/wp\/v2\/comments?post=553"}],"wp:featuredmedia":[{"embeddable":true,"href":"https:\/\/nilbilisim.com.tr\/magaza\/wp-json\/wp\/v2\/media\/554"}],"wp:attachment":[{"href":"https:\/\/nilbilisim.com.tr\/magaza\/wp-json\/wp\/v2\/media?parent=553"}],"curies":[{"name":"wp","href":"https:\/\/api.w.org\/{rel}","templated":true}]}}