{"id":571,"date":"2021-01-18T20:04:03","date_gmt":"2021-01-18T20:04:03","guid":{"rendered":"https:\/\/nilbilisim.com.tr\/magaza\/urun\/dahua-ipc-hfw5431ep-ze-4mp-wdr-ir-bullet-network-kamera\/"},"modified":"2024-07-01T01:42:20","modified_gmt":"2024-06-30T22:42:20","slug":"dahua-ipc-hfw5431ep-ze-4mp-wdr-ir-bullet-network-kamera","status":"publish","type":"product","link":"https:\/\/nilbilisim.com.tr\/magaza\/urun\/dahua-ipc-hfw5431ep-ze-4mp-wdr-ir-bullet-network-kamera\/","title":{"rendered":"Dahua IPC-HFW5431EP-ZE 4MP WDR IR Bullet Network Kamera"},"content":{"rendered":"<ul>\n<li>1\/3 &ldquo;4Megapiksel Progresif tarama CMOS<\/li>\n<li>H.265 ve H.264 &ccedil;ift ak\u0131\u015fl\u0131 kodlama<\/li>\n<li>25\/30fps@4Mp(2688&times;1520)<\/li>\n<li>Ak\u0131ll\u0131 Fonksiyonlar mevcut<\/li>\n<li>WDR (120dB), G&uuml;nd&uuml;z \/ Gece (ICR), 3DNR, AWB, AGC, BLC<\/li>\n<li>&Ccedil;oklu network izleme: Web g&ouml;r&uuml;nt&uuml;leyici, CMS (DSS \/ PSS) &amp; DMSS<\/li>\n<li>2.7mm ~13.5mm motorize lens<\/li>\n<li>2\/1 Alarm giri\u015fi \/ &ccedil;\u0131k\u0131\u015f\u0131, 1\/1 ses giri\u015fi \/ &ccedil;\u0131k\u0131\u015f\u0131<\/li>\n<li>Maks. IR LED Uzunluk 50m<\/li>\n<li>Mikro SD bellek, IP67, IK10, PoE<\/li>\n<\/ul>\n<table border=\"1\" cellpadding=\"5\" cellspacing=\"1\" id=\"table001\">\n<tbody>\n<tr>\n<td colspan=\"2\"><strong>Dahua IPC-HFW5431EP-ZE Teknik &Ouml;zellikleri<\/strong><\/td>\n<\/tr>\n<tr>\n<td colspan=\"2\"><strong>Kamera<\/strong><\/td>\n<\/tr>\n<tr>\n<td>G&ouml;r&uuml;nt&uuml; Sens&ouml;r&uuml;<\/td>\n<td>1\/3 &ldquo;4Megapiksel Progresif Tarama CMOS<\/td>\n<\/tr>\n<tr>\n<td>Efektif Piksel<\/td>\n<td>2688 (H) x 1520 (V)<\/td>\n<\/tr>\n<tr>\n<td>RAM \/ ROM<\/td>\n<td>512MB \/ 32MB<\/td>\n<\/tr>\n<tr>\n<td>Tarama Sistemi<\/td>\n<td>Progresif<\/td>\n<\/tr>\n<tr>\n<td>Elektronik Shutter H\u0131z\u0131<\/td>\n<td>Otomatik \/ Manuel, 1\/3 ~ 1 \/ 100000s<\/td>\n<\/tr>\n<tr>\n<td>Minimum Ayd\u0131nlatma<\/td>\n<td>0.03Lux \/ F1.4 (Renkli, 1 \/ 3s, 30IRE)<\/p>\n<p>&nbsp;<\/p>\n<p>0.3Lux \/ F1.4 (Renkli, 1 \/ 30s, 30IRE)<\/p>\n<p>0Lux \/ F1.4 (IR)<\/p>\n<\/td>\n<\/tr>\n<tr>\n<td>S \/ N Oran\u0131<\/td>\n<td>50dB&rsquo;dan fazla<\/td>\n<\/tr>\n<tr>\n<td>IR Mesafesi<\/td>\n<td>50m&rsquo;ye (164ft) kadar mesafe<\/td>\n<\/tr>\n<tr>\n<td>IR A&ccedil;\u0131k \/ Kapal\u0131 Kontrol<\/td>\n<td>Otomatik \/ Manuel<\/td>\n<\/tr>\n<tr>\n<td>IR LED<\/td>\n<td>4<\/td>\n<\/tr>\n<tr>\n<td colspan=\"2\"><strong>Lens<\/strong><\/td>\n<\/tr>\n<tr>\n<td>Lens Tipi<\/td>\n<td>Motorize \/ Otomatik \u0130ris (DC)<\/td>\n<\/tr>\n<tr>\n<td>Montaj Tipi<\/td>\n<td>Board-in<\/td>\n<\/tr>\n<tr>\n<td>Odak Uzakl\u0131\u011f\u0131<\/td>\n<td>2,7 ~ 13.5 mm<\/td>\n<\/tr>\n<tr>\n<td>Maks. A&ccedil;\u0131kl\u0131k<\/td>\n<td>F1.4<\/td>\n<\/tr>\n<tr>\n<td>G&ouml;r&uuml;\u015f A&ccedil;\u0131s\u0131<\/td>\n<td>H: 106 &deg; ~ 31 &deg;, V: 58 &deg; ~ 17 &deg;<\/td>\n<\/tr>\n<tr>\n<td>Optik Zoom<\/td>\n<td>5x<\/td>\n<\/tr>\n<tr>\n<td>Netlik Ayar\u0131<\/td>\n<td>Motorize<\/td>\n<\/tr>\n<tr>\n<td>Yak\u0131n Odak Mesafesi<\/td>\n<td>0.3 m<\/td>\n<\/tr>\n<tr>\n<td colspan=\"2\"><strong>Ak\u0131ll\u0131 Fonksiyonlar<\/strong><\/td>\n<\/tr>\n<tr>\n<td>IVS<\/td>\n<td>Tripwire, Sald\u0131r\u0131, Terk Nesneye \/ Eksik<\/td>\n<\/tr>\n<tr>\n<td>Geli\u015fmi\u015f Ak\u0131ll\u0131 Fonksiyonlar<\/td>\n<td>Y&uuml;z Alg\u0131lama<\/td>\n<\/tr>\n<tr>\n<td colspan=\"2\"><strong>Video<\/strong><\/td>\n<\/tr>\n<tr>\n<td>S\u0131k\u0131\u015ft\u0131rma<\/td>\n<td>H.265 + \/ H.265 \/ H.264 + \/ H.264<\/td>\n<\/tr>\n<tr>\n<td>G&ouml;r&uuml;nt&uuml; Ak\u0131\u015f Kapasitesi<\/td>\n<td>3&rsquo;l&uuml; Ak\u0131\u015f Kapasitesi<\/td>\n<\/tr>\n<tr>\n<td>&Ccedil;&ouml;z&uuml;n&uuml;rl&uuml;k<\/td>\n<td>4M (2688 x 1520), \/ 3M &uuml;zere (2304 x 1296) \/<\/p>\n<p>&nbsp;<\/p>\n<p>1080P (1920 &times; 1080) \/1.3M (1280&times;960) \/<\/p>\n<p>720P (1280 x 720) \/ D1 (704 x 576\/704 x 480) \/<\/p>\n<p>VGA (640 x 480) \/ CIF (352 x 288\/352 x 240),<\/p>\n<\/td>\n<\/tr>\n<tr>\n<td rowspan=\"3\">Frame Oran\u0131<\/td>\n<td>Ana Ak\u0131\u015f: 4M (1 ~ 25 \/ 30fps)<\/td>\n<\/tr>\n<tr>\n<td>Alt Ak\u0131\u015f 1: D1 (1 ~ 25 \/ 30fps)<\/td>\n<\/tr>\n<tr>\n<td>&Uuml;&ccedil;&uuml;nc&uuml; Ak\u0131\u015f: 720P (1 ~ 25 \/ 30fps)<\/td>\n<\/tr>\n<tr>\n<td>Bit H\u0131z\u0131 Kontrol&uuml;<\/td>\n<td>CBR \/ VBR<\/td>\n<\/tr>\n<tr>\n<td>Bit H\u0131z\u0131<\/td>\n<td>H.264: 24 ~ 10240Kbps<\/p>\n<p>&nbsp;<\/p>\n<p>H.265: 14 ~ 9984Kbps<\/p>\n<\/td>\n<\/tr>\n<tr>\n<td>G&uuml;nd&uuml;z \/ Gece<\/td>\n<td>Otomatik (ICR) \/ Renkli \/ S \/ B<\/td>\n<\/tr>\n<tr>\n<td>BLC Modu<\/td>\n<td>BLC \/ HLC \/ WDR (120dB)<\/td>\n<\/tr>\n<\/tbody>\n<\/table>\n<table border=\"1\" cellpadding=\"5\" cellspacing=\"1\" id=\"table002\">\n<tbody>\n<tr>\n<td>Beyaz Dengesi<\/td>\n<td>Otomatik \/ Do\u011fal \/ Sokak Ayd\u0131nlatmas\u0131 \/ A&ccedil;\u0131k \/ Manuel<\/td>\n<\/tr>\n<tr>\n<td>Kazan&ccedil; Kontrol&uuml;<\/td>\n<td>Otomatik \/ Manuel<\/td>\n<\/tr>\n<tr>\n<td>Parazit Azaltma<\/td>\n<td>3D DNR<\/td>\n<\/tr>\n<tr>\n<td>Hareket Alg\u0131lama<\/td>\n<td>Kapal\u0131 \/ A&ccedil;\u0131k (4 B&ouml;lge, Dikd&ouml;rtgen)<\/td>\n<\/tr>\n<tr>\n<td>ROI<\/td>\n<td>(4 B&ouml;lge) A&ccedil;\u0131k \/ Kapal\u0131<\/td>\n<\/tr>\n<tr>\n<td>Elektronik G&ouml;r&uuml;nt&uuml; Sabitleme (EIS)<\/td>\n<td>&ndash;<\/td>\n<\/tr>\n<tr>\n<td>Ak\u0131ll\u0131 IR<\/td>\n<td>Mevcut<\/td>\n<\/tr>\n<tr>\n<td>Ultra Defog (Anti Sis)<\/td>\n<td>&ndash;<\/td>\n<\/tr>\n<tr>\n<td>Dijital Zoom<\/td>\n<td>16x<\/td>\n<\/tr>\n<tr>\n<td>Flip<\/td>\n<td>0 &deg; \/ 90 &deg; \/ 180 &deg; \/ 270 &deg;<\/td>\n<\/tr>\n<tr>\n<td>Mirror<\/td>\n<td>Kapal\u0131 \/ A&ccedil;\u0131k<\/td>\n<\/tr>\n<tr>\n<td>&Ouml;zel Alan Maskelemesi<\/td>\n<td>Kapal\u0131 \/ A&ccedil;\u0131k (4 Alan, Dikd&ouml;rtgen)<\/td>\n<\/tr>\n<tr>\n<td colspan=\"2\"><strong>Ses<\/strong><\/td>\n<\/tr>\n<tr>\n<td>S\u0131k\u0131\u015ft\u0131rma<\/td>\n<td>G.711a \/ G.711Mu \/ AAC \/ G.726<\/td>\n<\/tr>\n<tr>\n<td colspan=\"2\"><strong>Network<\/strong><\/td>\n<\/tr>\n<tr>\n<td>Ethernet<\/td>\n<td>RJ-45 (10 \/ 100Base-T)<\/td>\n<\/tr>\n<tr>\n<td>Protokol<\/td>\n<td>HTTP;&nbsp;HTTPS;&nbsp;TCP;&nbsp;ARP;&nbsp;RTSP;&nbsp;RTP;&nbsp;UDP;&nbsp;SMTP;&nbsp;FTP;&nbsp;DHCP;&nbsp;DNS;&nbsp;DDNS;&nbsp;PPPOE;<\/p>\n<p>&nbsp;<\/p>\n<p>IPv4 \/ v6;&nbsp;QoS;&nbsp;UPnP; NTP;&nbsp;Bonjour;&nbsp;802.1 x;&nbsp;&Ccedil;oklu Yay\u0131n;&nbsp;ICMP;&nbsp;IGMP;&nbsp;SNMP<\/p>\n<\/td>\n<\/tr>\n<tr>\n<td>ONVIF<\/td>\n<td>ONVIF, psiA, CGI<\/td>\n<\/tr>\n<tr>\n<td>Ak\u0131\u015f Y&ouml;ntemi<\/td>\n<td>Tekli \/ &Ccedil;oklu<\/td>\n<\/tr>\n<tr>\n<td>Maks. Kullan\u0131c\u0131 Eri\u015fimi<\/td>\n<td>10 Kullan\u0131c\u0131 \/ 20 Kullan\u0131c\u0131<\/td>\n<\/tr>\n<tr>\n<td>Direkt Depolama<\/td>\n<td>NAS<\/p>\n<p>&nbsp;<\/p>\n<p>An\u0131nda kay\u0131t i&ccedil;in Yerel PC<\/p>\n<p>Mirco SD kart 128GB<\/p>\n<\/td>\n<\/tr>\n<tr>\n<td>Web G&ouml;r&uuml;nt&uuml;leyici<\/td>\n<td>IE, Chrome, Firefox, Safari<\/td>\n<\/tr>\n<tr>\n<td>Yaz\u0131l\u0131m Y&ouml;netimi<\/td>\n<td>Ak\u0131ll\u0131 PSS, DSS, Easy4ip<\/td>\n<\/tr>\n<tr>\n<td>Ak\u0131ll\u0131 Telefon<\/td>\n<td>IOS, Android<\/td>\n<\/tr>\n<tr>\n<td><strong>Sertifikalar<\/strong><\/td>\n<td>&nbsp;<\/td>\n<\/tr>\n<tr>\n<td>Sertifikalar<\/td>\n<td>CE (EN 60950: 2000)<\/p>\n<p>&nbsp;<\/p>\n<p>UL: UL60950-1<\/p>\n<p>FCC: FCC B&ouml;l&uuml;m 15 Alt K\u0131s\u0131m B<\/p>\n<\/td>\n<\/tr>\n<tr>\n<td colspan=\"2\"><strong>Aray&uuml;z<\/strong><\/td>\n<\/tr>\n<tr>\n<td>Video Aray&uuml;z&uuml;<\/td>\n<td>1 Port (Sadece ayarlama i&ccedil;in)<\/td>\n<\/tr>\n<tr>\n<td>Ses Aray&uuml;z&uuml;<\/td>\n<td>1\/1 kanal Giri\u015f \/ &Ccedil;\u0131k\u0131\u015f<\/td>\n<\/tr>\n<tr>\n<td>RS485<\/td>\n<td>&ndash;<\/td>\n<\/tr>\n<tr>\n<td>Alarm<\/td>\n<td>2 kanal Giri\u015f: 5mA 5VDC<\/p>\n<p>&nbsp;<\/p>\n<p>1 kanal &Ccedil;\u0131k\u0131\u015f: 300mA 12VDC<\/p>\n<\/td>\n<\/tr>\n<tr>\n<td colspan=\"2\"><strong>G&uuml;&ccedil;<\/strong><\/td>\n<\/tr>\n<tr>\n<td>G&uuml;&ccedil; Kayna\u011f\u0131<\/td>\n<td>DC12V, PoE (802.3af)<\/td>\n<\/tr>\n<tr>\n<td>G&uuml;&ccedil; T&uuml;ketimi<\/td>\n<td>&lt;12.95W<\/td>\n<\/tr>\n<\/tbody>\n<\/table>\n<table border=\"1\" cellpadding=\"5\" cellspacing=\"1\" id=\"table004\">\n<tbody>\n<tr>\n<td colspan=\"2\"><strong>&Ccedil;evre Ko\u015fullar\u0131<\/strong><\/td>\n<\/tr>\n<tr>\n<td>&Ccedil;al\u0131\u015fma Ko\u015fullar\u0131<\/td>\n<td>-30 &deg; C ~ + 60 &deg; C (-22 &deg; F ~ + 140 &deg; F) \/ az% 95 RH<\/td>\n<\/tr>\n<tr>\n<td>Dayan\u0131kl\u0131l\u0131k Ko\u015fullar\u0131<\/td>\n<td>-30 &deg; C ~ + 60 &deg; C (-22 &deg; F ~ + 140 &deg; F) \/ az% 95 RH<\/td>\n<\/tr>\n<tr>\n<td>Koruma Sertifikas\u0131<\/td>\n<td>IP67<\/td>\n<\/tr>\n<tr>\n<td>Dayan\u0131kl\u0131l\u0131k Sertifikas\u0131<\/td>\n<td>IK10<\/td>\n<\/tr>\n<tr>\n<td colspan=\"2\"><strong>Kasa<\/strong><\/td>\n<\/tr>\n<tr>\n<td>Kasa<\/td>\n<td>Metal<\/td>\n<\/tr>\n<tr>\n<td>Boyutlar<\/td>\n<td>273.2mm x 95.0mm x 95.0mm<\/td>\n<\/tr>\n<tr>\n<td>Net A\u011f\u0131rl\u0131k<\/td>\n<td>1,11 Kg<\/td>\n<\/tr>\n<\/tbody>\n<\/table>\n<p><img loading=\"lazy\" alt=\"\" height=\"184\" sizes=\"(max-width: 500px) 100vw, 500px\" src=\"https:\/\/www.okisan.com\/wp-content\/uploads\/2017\/11\/IPC-HFW5431EP-ZE-500x184.png\" srcset=\"https:\/\/www.okisan.com\/wp-content\/uploads\/2017\/11\/IPC-HFW5431EP-ZE-120x44.png 120w, https:\/\/www.okisan.com\/wp-content\/uploads\/2017\/11\/IPC-HFW5431EP-ZE-150x55.png 150w, https:\/\/www.okisan.com\/wp-content\/uploads\/2017\/11\/IPC-HFW5431EP-ZE-200x74.png 200w, https:\/\/www.okisan.com\/wp-content\/uploads\/2017\/11\/IPC-HFW5431EP-ZE-300x111.png 300w, https:\/\/www.okisan.com\/wp-content\/uploads\/2017\/11\/IPC-HFW5431EP-ZE-400x148.png 400w, https:\/\/www.okisan.com\/wp-content\/uploads\/2017\/11\/IPC-HFW5431EP-ZE-500x184.png 500w, https:\/\/www.okisan.com\/wp-content\/uploads\/2017\/11\/IPC-HFW5431EP-ZE-600x221.png 600w, https:\/\/www.okisan.com\/wp-content\/uploads\/2017\/11\/IPC-HFW5431EP-ZE-768x283.png 768w, https:\/\/www.okisan.com\/wp-content\/uploads\/2017\/11\/IPC-HFW5431EP-ZE-800x295.png 800w, https:\/\/www.okisan.com\/wp-content\/uploads\/2017\/11\/IPC-HFW5431EP-ZE.png 827w\" width=\"500\" \/><\/p>\n<p><img loading=\"lazy\" alt=\"cizim2\" height=\"457\" sizes=\"(max-width: 554px) 100vw, 554px\" src=\"https:\/\/www.okisan.com\/wp-content\/uploads\/2016\/10\/%C3%87%C4%B0Z%C4%B0M2-1.png\" srcset=\"https:\/\/www.okisan.com\/wp-content\/uploads\/2016\/10\/\u00c7\u0130Z\u0130M2-1-120x99.png 120w, https:\/\/www.okisan.com\/wp-content\/uploads\/2016\/10\/\u00c7\u0130Z\u0130M2-1-150x124.png 150w, https:\/\/www.okisan.com\/wp-content\/uploads\/2016\/10\/\u00c7\u0130Z\u0130M2-1-200x165.png 200w, https:\/\/www.okisan.com\/wp-content\/uploads\/2016\/10\/\u00c7\u0130Z\u0130M2-1-300x248.png 300w, https:\/\/www.okisan.com\/wp-content\/uploads\/2016\/10\/\u00c7\u0130Z\u0130M2-1-400x330.png 400w, https:\/\/www.okisan.com\/wp-content\/uploads\/2016\/10\/\u00c7\u0130Z\u0130M2-1.png 499w\" width=\"554\" \/><\/p>\n","protected":false},"excerpt":{"rendered":"<p>1\/3 &ldquo;4Megapiksel Progresif tarama CMOS H.265 ve H.264 &ccedil;ift ak\u0131\u015fl\u0131 kodlama 25\/30fps@4Mp(2688&times;1520) Ak\u0131ll\u0131 Fonksiyonlar mevcut WDR (120dB), G&uuml;nd&uuml;z \/ Gece (ICR), 3DNR, AWB, AGC, BLC &Ccedil;oklu network izleme: Web g&ouml;r&uuml;nt&uuml;leyici, CMS (DSS \/ PSS) &amp; DMSS 2.7mm ~13.5mm motorize lens 2\/1 Alarm giri\u015fi \/ &ccedil;\u0131k\u0131\u015f\u0131, 1\/1 ses giri\u015fi \/ &ccedil;\u0131k\u0131\u015f\u0131 Maks. IR LED Uzunluk 50m [&#8230;]\n","protected":false},"featured_media":572,"comment_status":"closed","ping_status":"closed","template":"","meta":[],"_links":{"self":[{"href":"https:\/\/nilbilisim.com.tr\/magaza\/wp-json\/wp\/v2\/product\/571"}],"collection":[{"href":"https:\/\/nilbilisim.com.tr\/magaza\/wp-json\/wp\/v2\/product"}],"about":[{"href":"https:\/\/nilbilisim.com.tr\/magaza\/wp-json\/wp\/v2\/types\/product"}],"replies":[{"embeddable":true,"href":"https:\/\/nilbilisim.com.tr\/magaza\/wp-json\/wp\/v2\/comments?post=571"}],"wp:featuredmedia":[{"embeddable":true,"href":"https:\/\/nilbilisim.com.tr\/magaza\/wp-json\/wp\/v2\/media\/572"}],"wp:attachment":[{"href":"https:\/\/nilbilisim.com.tr\/magaza\/wp-json\/wp\/v2\/media?parent=571"}],"curies":[{"name":"wp","href":"https:\/\/api.w.org\/{rel}","templated":true}]}}