{"id":579,"date":"2021-01-18T20:05:08","date_gmt":"2021-01-18T20:05:08","guid":{"rendered":"https:\/\/nilbilisim.com.tr\/magaza\/urun\/dahua-ipc-hdw4431emp-as-0280b-4mp-ir-eieball-network-kamera\/"},"modified":"2024-07-01T01:42:19","modified_gmt":"2024-06-30T22:42:19","slug":"dahua-ipc-hdw4431emp-as-0280b-4mp-ir-eieball-network-kamera","status":"publish","type":"product","link":"https:\/\/nilbilisim.com.tr\/magaza\/urun\/dahua-ipc-hdw4431emp-as-0280b-4mp-ir-eieball-network-kamera\/","title":{"rendered":"Dahua IPC-HDW4431EMP-AS-0280B 4MP IR Eyeball Network Kamera"},"content":{"rendered":"<ul>\n<li>1\/3 &ldquo;4Megapiksel progresif tarama CMOS<\/li>\n<li>H.265 ve H.264 &uuml;&ccedil;l&uuml; ak\u0131\u015f kodlama<\/li>\n<li>25\/30fps@4M(2688&times;1520)<\/li>\n<li>Ak\u0131ll\u0131 Alg\u0131lama<\/li>\n<li>WDR (120dB), G&uuml;nd&uuml;z \/ Gece (ICR), 3DNR, AWB, AGC, BLC<\/li>\n<li>&Ccedil;oklu network izleme: Web g&ouml;r&uuml;nt&uuml;leyici, CMS (DSS \/ PSS) &amp; DMSS<\/li>\n<li>2.8mm sabit lens (3.6mm, 6mm opsiyonel)<\/li>\n<li>Dahili mikrofon<\/li>\n<li>Maks. IR LED Uzunluk 50m<\/li>\n<li>Micro SD haf\u0131za, IP67, PoE<\/li>\n<\/ul>\n<table border=\"1\" cellpadding=\"5\" cellspacing=\"1\" id=\"table001\">\n<tbody>\n<tr>\n<td colspan=\"2\"><strong>Dahua IPC-HDW4431EMP-AS-0280B Teknik &Ouml;zellikleri<\/strong><\/td>\n<\/tr>\n<tr>\n<td colspan=\"2\"><strong>Kamera<\/strong><\/td>\n<\/tr>\n<tr>\n<td>G&ouml;r&uuml;nt&uuml; Sens&ouml;r&uuml;<\/td>\n<td>1\/3 &ldquo;4Megapiksel progresif tarama CMOS<\/td>\n<\/tr>\n<tr>\n<td>Etkin Piksel<\/td>\n<td>2688 (H) x1520 (V)<\/td>\n<\/tr>\n<tr>\n<td>RAM \/ ROM<\/td>\n<td>512MB \/ 32MB<\/td>\n<\/tr>\n<tr>\n<td>Tarama Sistemi<\/td>\n<td>Progresif<\/td>\n<\/tr>\n<tr>\n<td>Elektronik Shutter H\u0131z\u0131<\/td>\n<td>Otomatik \/ Manuel, 1\/3 (4) ~ 1 \/ 100000s<\/td>\n<\/tr>\n<tr>\n<td>Minimum Ayd\u0131nlatma<\/td>\n<td>0.08Lux \/ F2.0 (Renkli, 1 \/ 3s, 30IRE)<\/p>\n<p>&nbsp;<\/p>\n<p>0.3Lux \/ 2.0 (Renkli, 1 \/ 30s, 30IRE)<\/p>\n<p>0Lux \/ F2.0 (IR)<\/p>\n<\/td>\n<\/tr>\n<tr>\n<td>S \/ N Oran\u0131<\/td>\n<td>50dB&rsquo;dan fazla<\/td>\n<\/tr>\n<tr>\n<td>IR Mesafesi<\/td>\n<td>50m&rsquo;ye (164ft) kadar mesafe<\/td>\n<\/tr>\n<tr>\n<td>IR A&ccedil;\u0131k \/ Kapal\u0131 Kontrol<\/td>\n<td>Otomatik \/ Manuel<\/td>\n<\/tr>\n<tr>\n<td>IR LED<\/td>\n<td>1<\/td>\n<\/tr>\n<tr>\n<td colspan=\"2\"><strong>Lens<\/strong><\/td>\n<\/tr>\n<tr>\n<td>Lens Tipi<\/td>\n<td>Sabit<\/td>\n<\/tr>\n<tr>\n<td>Montaj Tipi<\/td>\n<td>Board-in<\/td>\n<\/tr>\n<tr>\n<td>Odak Uzakl\u0131\u011f\u0131<\/td>\n<td>2.8mm (3.6mm, 6mm opsiyonel)<\/td>\n<\/tr>\n<tr>\n<td>Maks. A&ccedil;\u0131kl\u0131k<\/td>\n<td>F2.0 (F2.0, F2.0)<\/td>\n<\/tr>\n<tr>\n<td>G&ouml;r&uuml;\u015f A&ccedil;\u0131s\u0131<\/td>\n<td>H: 104 &deg; (87 &deg;, 55 &deg;), V: 57 &deg; (48 &deg;, 31 &deg;)<\/td>\n<\/tr>\n<tr>\n<td>Optik Zoom<\/td>\n<td>&ndash;<\/td>\n<\/tr>\n<tr>\n<td>Netlik Ayar\u0131<\/td>\n<td>Sabit<\/td>\n<\/tr>\n<tr>\n<td>Odak Mesafesini Kapatma<\/td>\n<td>&ndash;<\/td>\n<\/tr>\n<tr>\n<td colspan=\"2\"><strong>Pan \/ Tilt \/ D&ouml;nd&uuml;rme<\/strong><\/td>\n<\/tr>\n<tr>\n<td>Pan \/ Tilt \/ D&ouml;nd&uuml;rme<\/td>\n<td>Soldan sa\u011fa: 0 &deg; ~ 360 &deg;; yukardan a\u015fa\u011f\u0131 0 &deg; ~ 78 &deg;; D&ouml;nd&uuml;rme: 0 &deg; ~ 360 &deg; 3 Eksenli (3 Axis) y&ouml;n ayar\u0131 ve istenildi\u011fi gibi ayarlanabilme<\/td>\n<\/tr>\n<tr>\n<td colspan=\"2\"><strong>Ak\u0131ll\u0131 Fonksiyonlar<\/strong><\/td>\n<\/tr>\n<tr>\n<td>IVS<\/td>\n<td>Tripwire, \u0130zinsiz Giri\u015f, Terk Edilen \/ Kay\u0131p Nesne<\/td>\n<\/tr>\n<tr>\n<td>Geli\u015fmi\u015f Ak\u0131ll\u0131 Fonksiyonlar<\/td>\n<td>Y&uuml;z Alg\u0131lama<\/td>\n<\/tr>\n<tr>\n<td colspan=\"2\"><strong>Video<\/strong><\/td>\n<\/tr>\n<tr>\n<td>S\u0131k\u0131\u015ft\u0131rma<\/td>\n<td>H.265 + \/ H.265 \/ H.264 + \/ H.264<\/td>\n<\/tr>\n<tr>\n<td>G&ouml;r&uuml;nt&uuml; Ak\u0131\u015f Kapasitesi<\/td>\n<td>3&rsquo;l&uuml; Ak\u0131\u015f<\/td>\n<\/tr>\n<tr>\n<td>&Ccedil;&ouml;z&uuml;n&uuml;rl&uuml;k<\/td>\n<td>4M (2688 x 1520), \/ 3M &uuml;zere (2304 x 1296) \/<\/p>\n<p>&nbsp;<\/p>\n<p>1080P (1920 &times; 1080) \/1.3M (1280&times;960) \/<\/p>\n<p>720P (1280 x 720) \/ D1 (704 x 576\/704 x 480) \/<\/p>\n<p>VGA (640 x 480) \/ CIF (x 240\/352 352 x 288)<\/p>\n<\/td>\n<\/tr>\n<tr>\n<td rowspan=\"3\">Frame Oran\u0131<\/td>\n<td>Ana Ak\u0131\u015f: 4M (1 ~ 25 \/ 30fps)<\/td>\n<\/tr>\n<tr>\n<td>Alt Ak\u0131\u015f: D1 (1 ~ 25 \/ 30fps)<\/td>\n<\/tr>\n<tr>\n<td>&Uuml;&ccedil;&uuml;nc&uuml; Ak\u0131\u015f: 720P (1 ~ 25 \/ 10fps)<\/td>\n<\/tr>\n<tr>\n<td>Bit H\u0131z\u0131 Kontrol&uuml;<\/td>\n<td>CBR \/ VBR<\/td>\n<\/tr>\n<tr>\n<td>Bit H\u0131z\u0131<\/td>\n<td>H.264: 24 ~ 10240Kbps<\/p>\n<p>&nbsp;<\/p>\n<p>H.265: 14 ~ 9984Kbps<\/p>\n<\/td>\n<\/tr>\n<tr>\n<td>G&uuml;nd&uuml;z Gece<\/td>\n<td>Otomatik (ICR) \/ Renkli \/ S \/ B<\/td>\n<\/tr>\n<tr>\n<td>BLC Modu<\/td>\n<td>BLC \/ HLC \/ WDR (120dB)<\/td>\n<\/tr>\n<\/tbody>\n<\/table>\n<table border=\"1\" cellpadding=\"5\" cellspacing=\"1\" id=\"table002\">\n<tbody>\n<tr>\n<td>Beyaz Dengesi<\/td>\n<td>Otomatik \/ Do\u011fal \/ Sokak Lambas\u0131 \/ A&ccedil;\u0131k Hava \/ Manuel<\/td>\n<\/tr>\n<tr>\n<td>Kazan&ccedil; Kontrol&uuml;<\/td>\n<td>Otomatik \/ Manuel<\/td>\n<\/tr>\n<tr>\n<td>Parazit Azaltma<\/td>\n<td>3D DNR<\/td>\n<\/tr>\n<tr>\n<td>Hareket Alg\u0131lama<\/td>\n<td>Kapal\u0131 \/ A&ccedil;\u0131k (4 B&ouml;lge, Dikd&ouml;rtgen)<\/td>\n<\/tr>\n<tr>\n<td>ROI<\/td>\n<td>(4 B&ouml;lge) A&ccedil;\u0131k \/ Kapal\u0131<\/td>\n<\/tr>\n<tr>\n<td>Elektronik G&ouml;r&uuml;nt&uuml; Sabitleme (EIS)<\/td>\n<td>&ndash;<\/td>\n<\/tr>\n<tr>\n<td>Ak\u0131ll\u0131 IR<\/td>\n<td>Mevcut<\/td>\n<\/tr>\n<tr>\n<td>Ultra Defog (Anti Sis)<\/td>\n<td>&ndash;<\/td>\n<\/tr>\n<tr>\n<td>Dijital Zoom<\/td>\n<td>16x<\/td>\n<\/tr>\n<tr>\n<td>Flip<\/td>\n<td>0 &deg; \/ 90 &deg; \/ 180 &deg; \/ 270 &deg;<\/td>\n<\/tr>\n<tr>\n<td>Mirror<\/td>\n<td>Kapal\u0131 \/ A&ccedil;\u0131k<\/td>\n<\/tr>\n<tr>\n<td>&Ouml;zel Alan Maskelemesi<\/td>\n<td>Kapal\u0131 \/ A&ccedil;\u0131k (4 Alan, Dikd&ouml;rtgen)<\/td>\n<\/tr>\n<tr>\n<td colspan=\"2\"><strong>Ses<\/strong><\/td>\n<\/tr>\n<tr>\n<td>S\u0131k\u0131\u015ft\u0131rma<\/td>\n<td>G.711a \/ G.711Mu \/ AAC \/ G.726<\/td>\n<\/tr>\n<tr>\n<td colspan=\"2\"><strong>Network<\/strong><\/td>\n<\/tr>\n<tr>\n<td>Ethernet<\/td>\n<td>RJ-45 (10 \/ 100Base-T)<\/td>\n<\/tr>\n<tr>\n<td>Protokol<\/td>\n<td>HTTP;&nbsp;HTTPS;&nbsp;TCP;&nbsp;ARP;&nbsp;RTSP;&nbsp;RTP;&nbsp;UDP;&nbsp;SMTP;<\/p>\n<p>&nbsp;<\/p>\n<p>FTP;&nbsp;DHCP;&nbsp;DNS;&nbsp;DDNS;&nbsp;PPPOE;&nbsp;IPv4 \/ v6;&nbsp;QoS;<\/p>\n<p>UPnP; NTP;&nbsp;Bonjour;&nbsp;802.1 x;&nbsp;&Ccedil;oklu Yay\u0131n;&nbsp;ICMP;<\/p>\n<p>IGMP;&nbsp;SNMP<\/p>\n<\/td>\n<\/tr>\n<tr>\n<td>ONVIF<\/td>\n<td>ONVIF, psiA, CGI<\/td>\n<\/tr>\n<tr>\n<td>Ak\u0131\u015f Y&ouml;ntemi<\/td>\n<td>Tekli \/ &Ccedil;oklu<\/td>\n<\/tr>\n<tr>\n<td>Maks. Kullan\u0131c\u0131 Eri\u015fimi<\/td>\n<td>10 Kullan\u0131c\u0131lar \/ 20 Kullan\u0131c\u0131lar<\/td>\n<\/tr>\n<tr>\n<td>Direkt Depolama<\/td>\n<td>NAS<\/p>\n<p>&nbsp;<\/p>\n<p>An\u0131nda kay\u0131t i&ccedil;in Yerel PC<\/p>\n<p>Mirco SD kart 128GB<\/p>\n<\/td>\n<\/tr>\n<tr>\n<td>Web G&ouml;r&uuml;nt&uuml;leyici<\/td>\n<td>IE, Chrome, Firefox, Safari<\/td>\n<\/tr>\n<tr>\n<td>Yaz\u0131l\u0131m Y&ouml;netimi<\/td>\n<td>Ak\u0131ll\u0131 PSS, DSS, Easy4ip<\/td>\n<\/tr>\n<tr>\n<td>Ak\u0131ll\u0131 Telefon<\/td>\n<td>IOS, Android<\/td>\n<\/tr>\n<tr>\n<td><strong>Sertifikalar<\/strong><\/td>\n<td>&nbsp;<\/td>\n<\/tr>\n<tr>\n<td>Sertifikalar<\/td>\n<td>CE (EN 60950:2000)<\/p>\n<p>&nbsp;<\/p>\n<p>UL:UL60950-1<\/p>\n<p>FCC: FCC Part 15 Subpart B<\/p>\n<\/td>\n<\/tr>\n<tr>\n<td colspan=\"2\"><strong>Aray&uuml;z<\/strong><\/td>\n<\/tr>\n<tr>\n<td>Video Aray&uuml;z&uuml;<\/td>\n<td>&ndash;<\/td>\n<\/tr>\n<tr>\n<td>Ses Aray&uuml;z&uuml;<\/td>\n<td>Dahili mikrofon<\/td>\n<\/tr>\n<tr>\n<td>RS485<\/td>\n<td>&ndash;<\/td>\n<\/tr>\n<tr>\n<td>Alarm<\/td>\n<td>&ndash;<\/td>\n<\/tr>\n<tr>\n<td colspan=\"2\"><strong>G&uuml;&ccedil;<\/strong><\/td>\n<\/tr>\n<tr>\n<td>G&uuml;&ccedil; Kayna\u011f\u0131<\/td>\n<td>DC12V, PoE (802.3af)<\/td>\n<\/tr>\n<tr>\n<td>G&uuml;&ccedil; T&uuml;ketimi<\/td>\n<td>&lt;5W<\/td>\n<\/tr>\n<\/tbody>\n<\/table>\n<table border=\"1\" cellpadding=\"5\" cellspacing=\"1\" id=\"table004\">\n<tbody>\n<tr>\n<td colspan=\"2\"><strong>&Ccedil;evre Ko\u015fullar\u0131<\/strong><\/td>\n<\/tr>\n<tr>\n<td>&Ccedil;al\u0131\u015fma Ko\u015fullar\u0131<\/td>\n<td>-30 &deg; C ~ + 60 &deg; C (-22 &deg; F ~ + 140 &deg; F) \/ az% 95 RH<\/td>\n<\/tr>\n<tr>\n<td>Dayan\u0131kl\u0131l\u0131k Ko\u015fullar\u0131<\/td>\n<td>-30 &deg; C ~ + 60 &deg; C (-22 &deg; F ~ + 140 &deg; F) \/ az% 95 RH<\/td>\n<\/tr>\n<tr>\n<td>Koruma Sertifikas\u0131<\/td>\n<td>IP67<\/td>\n<\/tr>\n<tr>\n<td>Dayan\u0131kl\u0131l\u0131k Sertifikas\u0131<\/td>\n<td>&ndash;<\/td>\n<\/tr>\n<tr>\n<td colspan=\"2\"><strong>Kasa<\/strong><\/td>\n<\/tr>\n<tr>\n<td>Kasa<\/td>\n<td>Metal<\/td>\n<\/tr>\n<tr>\n<td>Boyutlar<\/td>\n<td>&Phi;106mm&times;93.7mm<\/td>\n<\/tr>\n<tr>\n<td>Net A\u011f\u0131rl\u0131k<\/td>\n<td>0.47Kg<\/td>\n<\/tr>\n<\/tbody>\n<\/table>\n<p><img loading=\"lazy\" alt=\"ipc-hdw4431em-as-boyutlar\" height=\"177\" sizes=\"(max-width: 425px) 100vw, 425px\" src=\"http:\/\/www.okisan.com\/wp-content\/uploads\/2016\/10\/IPC-HDW4431EM-AS-boyutlar.png\" srcset=\"https:\/\/www.okisan.com\/wp-content\/uploads\/2016\/10\/IPC-HDW4431EM-AS-boyutlar-120x50.png 120w, https:\/\/www.okisan.com\/wp-content\/uploads\/2016\/10\/IPC-HDW4431EM-AS-boyutlar-150x62.png 150w, https:\/\/www.okisan.com\/wp-content\/uploads\/2016\/10\/IPC-HDW4431EM-AS-boyutlar-200x83.png 200w, https:\/\/www.okisan.com\/wp-content\/uploads\/2016\/10\/IPC-HDW4431EM-AS-boyutlar-300x125.png 300w, https:\/\/www.okisan.com\/wp-content\/uploads\/2016\/10\/IPC-HDW4431EM-AS-boyutlar-400x167.png 400w, https:\/\/www.okisan.com\/wp-content\/uploads\/2016\/10\/IPC-HDW4431EM-AS-boyutlar.png 425w\" width=\"425\" \/><\/p>\n<p><img loading=\"lazy\" alt=\"\" height=\"441\" sizes=\"(max-width: 392px) 100vw, 392px\" src=\"https:\/\/www.okisan.com\/wp-content\/uploads\/2019\/12\/AKSESUARLAR-5.png\" srcset=\"https:\/\/www.okisan.com\/wp-content\/uploads\/2019\/12\/AKSESUARLAR-5-120x135.png 120w, https:\/\/www.okisan.com\/wp-content\/uploads\/2019\/12\/AKSESUARLAR-5-150x169.png 150w, https:\/\/www.okisan.com\/wp-content\/uploads\/2019\/12\/AKSESUARLAR-5-200x225.png 200w, https:\/\/www.okisan.com\/wp-content\/uploads\/2019\/12\/AKSESUARLAR-5-300x338.png 300w, https:\/\/www.okisan.com\/wp-content\/uploads\/2019\/12\/AKSESUARLAR-5.png 392w\" width=\"392\" \/><\/p>\n","protected":false},"excerpt":{"rendered":"<p>1\/3 &ldquo;4Megapiksel progresif tarama CMOS H.265 ve H.264 &uuml;&ccedil;l&uuml; ak\u0131\u015f kodlama 25\/30fps@4M(2688&times;1520) Ak\u0131ll\u0131 Alg\u0131lama WDR (120dB), G&uuml;nd&uuml;z \/ Gece (ICR), 3DNR, AWB, AGC, BLC &Ccedil;oklu network izleme: Web g&ouml;r&uuml;nt&uuml;leyici, CMS (DSS \/ PSS) &amp; DMSS 2.8mm sabit lens (3.6mm, 6mm opsiyonel) Dahili mikrofon Maks. IR LED Uzunluk 50m Micro SD haf\u0131za, IP67, PoE Dahua IPC-HDW4431EMP-AS-0280B [&#8230;]\n","protected":false},"featured_media":580,"comment_status":"closed","ping_status":"closed","template":"","meta":[],"_links":{"self":[{"href":"https:\/\/nilbilisim.com.tr\/magaza\/wp-json\/wp\/v2\/product\/579"}],"collection":[{"href":"https:\/\/nilbilisim.com.tr\/magaza\/wp-json\/wp\/v2\/product"}],"about":[{"href":"https:\/\/nilbilisim.com.tr\/magaza\/wp-json\/wp\/v2\/types\/product"}],"replies":[{"embeddable":true,"href":"https:\/\/nilbilisim.com.tr\/magaza\/wp-json\/wp\/v2\/comments?post=579"}],"wp:featuredmedia":[{"embeddable":true,"href":"https:\/\/nilbilisim.com.tr\/magaza\/wp-json\/wp\/v2\/media\/580"}],"wp:attachment":[{"href":"https:\/\/nilbilisim.com.tr\/magaza\/wp-json\/wp\/v2\/media?parent=579"}],"curies":[{"name":"wp","href":"https:\/\/api.w.org\/{rel}","templated":true}]}}