{"id":585,"date":"2021-01-18T20:05:32","date_gmt":"2021-01-18T20:05:32","guid":{"rendered":"https:\/\/nilbilisim.com.tr\/magaza\/urun\/dahua-ipc-hdbw2421rp-zs-4mp-wdr-ir-dome-ip-kamera\/"},"modified":"2024-09-13T16:55:53","modified_gmt":"2024-09-13T13:55:53","slug":"dahua-ipc-hdbw2421rp-zs-4mp-wdr-ir-dome-ip-kamera","status":"publish","type":"product","link":"https:\/\/nilbilisim.com.tr\/magaza\/urun\/dahua-ipc-hdbw2421rp-zs-4mp-wdr-ir-dome-ip-kamera\/","title":{"rendered":"Dahua IPC-HDBW2421RP-ZS 4MP WDR IR Dome IP Kamera"},"content":{"rendered":"<ul>\n<li>1\/3 \u201c4Megapiksel progresif CMOS<\/li>\n<li>H.264 + H.264 dual-stream kodlama<\/li>\n<li>20fps @ 4M (2688\u00d71520) ve 25 \/ 30fps @ 2M (\u00d7 1080 1920)<\/li>\n<li>WDR (120dB), G\u00fcnd\u00fcz \/ Gece (ICR), 3DNR, AWB, AGC, BLC<\/li>\n<li>\u00c7oklu network izleme: Web g\u00f6r\u00fcnt\u00fcleyici, CMS (DSS \/ PSS) &amp; DMSS<\/li>\n<li>128GB\u2019a kadar Micro SD kart yuvas\u0131<\/li>\n<li>2.7 ~ 12mm varifocal lens<\/li>\n<li>Maks. IR LED Uzunluk 30m<\/li>\n<li>IP67, PoE,IK10<\/li>\n<\/ul>\n<table id=\"table001\" border=\"1\" cellspacing=\"1\" cellpadding=\"5\">\n<tbody>\n<tr>\n<td colspan=\"2\"><strong>Dahua IPC-HDBW2421RP-ZS Teknik \u00d6zellikleri<\/strong><\/td>\n<\/tr>\n<tr>\n<td colspan=\"2\"><strong>Kamera<\/strong><\/td>\n<\/tr>\n<tr>\n<td>G\u00f6r\u00fcnt\u00fc Sens\u00f6r\u00fc<\/td>\n<td>1\/3 \u201c4Megapiksel Progresif CMOS<\/td>\n<\/tr>\n<tr>\n<td>Etkin Piksel<\/td>\n<td>2688 (H) x 1520 (V)<\/td>\n<\/tr>\n<tr>\n<td>RAM \/ ROM<\/td>\n<td>256MB \/ 16MB<\/td>\n<\/tr>\n<tr>\n<td>Tarama Sistemi<\/td>\n<td>Progresif<\/td>\n<\/tr>\n<tr>\n<td>Elektronik Shutter H\u0131z\u0131<\/td>\n<td>Otomatik \/ Manuel, 1\/3 (4) ~ 1 \/ 100000s<\/td>\n<\/tr>\n<tr>\n<td>Minimum Ayd\u0131nlatma<\/td>\n<td>0.1Lux \/ F1.4 (Renkli), 0Lux \/ F1.4 (IR)<\/td>\n<\/tr>\n<tr>\n<td>S \/ N Oran\u0131<\/td>\n<td>50dB\u2019dan fazla<\/td>\n<\/tr>\n<tr>\n<td>IR Mesafesi<\/td>\n<td>30m\u2019ye kadar mesafe (98ft)<\/td>\n<\/tr>\n<tr>\n<td>IR A\u00e7\u0131k \/ Kapal\u0131 Kontrol<\/td>\n<td>Otomatik \/ Manuel<\/td>\n<\/tr>\n<tr>\n<td>IR LED<\/td>\n<td>2<\/td>\n<\/tr>\n<tr>\n<td colspan=\"2\"><strong>Lens<\/strong><\/td>\n<\/tr>\n<tr>\n<td>Lens Tipi<\/td>\n<td>Motorize<\/td>\n<\/tr>\n<tr>\n<td>Montaj Tipi<\/td>\n<td>Board-in<\/td>\n<\/tr>\n<tr>\n<td>Odak Uzakl\u0131\u011f\u0131<\/td>\n<td>2.7mm ~ 12mm<\/td>\n<\/tr>\n<tr>\n<td>Maks. A\u00e7\u0131kl\u0131k<\/td>\n<td>F1.4<\/td>\n<\/tr>\n<tr>\n<td>G\u00f6r\u00fc\u015f A\u00e7\u0131s\u0131<\/td>\n<td>H: 100 \u00b0 ~ 35 \u00b0, V: 54 \u00b0 ~ 20 \u00b0<\/td>\n<\/tr>\n<tr>\n<td>Netlik Ayar\u0131<\/td>\n<td>Motorize<\/td>\n<\/tr>\n<tr>\n<td>Yak\u0131n Odak Mesafesi<\/td>\n<td>0,3 m<\/td>\n<\/tr>\n<tr>\n<td colspan=\"2\"><strong>Pan \/ Tilt \/ D\u00f6nd\u00fcrme<\/strong><\/td>\n<\/tr>\n<tr>\n<td>Pan \/ Tilt \/ D\u00f6nd\u00fcrme<\/td>\n<td>Soldan sa\u011fa: 0 \u00b0 ~ 355 \u00b0; yukardan a\u015fa\u011f\u0131 0 \u00b0 ~ 75 \u00b0; D\u00f6nd\u00fcrme: 0 \u00b0 ~ 355 \u00b0 3 Eksenli (3 Axis) y\u00f6n ayar\u0131 ve istenildi\u011fi gibi ayarlanabilme<\/td>\n<\/tr>\n<tr>\n<td colspan=\"2\"><strong>Video<\/strong><\/td>\n<\/tr>\n<tr>\n<td>S\u0131k\u0131\u015ft\u0131rma<\/td>\n<td>H.264 + \/ H.264<\/td>\n<\/tr>\n<tr>\n<td>G\u00f6r\u00fcnt\u00fc Ak\u0131\u015f Kapasitesi<\/td>\n<td>2\u2019l\u00fc Ak\u0131\u015f<\/td>\n<\/tr>\n<tr>\n<td>\u00c7\u00f6z\u00fcn\u00fcrl\u00fck<\/td>\n<td>4M (2688 \u00d7 1520) \/ 3M (2048 \u00d7 1536) (2304 \u00d7 1296) \/ 1080P (1920 \u00d7 1080) \/ 720P (1280 \u00d7 720)\/ D1 (704 x 576\/704 x 480) \/ CIF (352 x 288\/352 x 240)<\/td>\n<\/tr>\n<tr>\n<td rowspan=\"2\">Frame Oran\u0131<\/td>\n<td>4M (1 ~ 20fps) \/ 3M (1 ~ 25 \/ 30fps)<\/td>\n<\/tr>\n<tr>\n<td>D1 \/ CIF (1 ~ 25 \/ 30fps)<\/td>\n<\/tr>\n<tr>\n<td>Bit H\u0131z\u0131 Kontrol\u00fc<\/td>\n<td>CBR \/ VBR<\/td>\n<\/tr>\n<tr>\n<td>Bit H\u0131z\u0131<\/td>\n<td>H264: 24K ~ 8192Kbps<\/td>\n<\/tr>\n<tr>\n<td>G\u00fcnd\u00fcz \/ Gece<\/td>\n<td>Otomatik (ICR) \/ Renkli \/ S \/ B<\/td>\n<\/tr>\n<tr>\n<td>BLC Modu<\/td>\n<td>BLC \/ HLC \/ WDR (120dB)<\/td>\n<\/tr>\n<\/tbody>\n<\/table>\n<table id=\"table002\" border=\"1\" cellspacing=\"1\" cellpadding=\"5\">\n<tbody>\n<tr>\n<td>Beyaz Dengesi<\/td>\n<td>Otomatik \/ Do\u011fal \/ Sokak Ayd\u0131nlatmas\u0131\/ A\u00e7\u0131k \/ Manuel<\/td>\n<\/tr>\n<tr>\n<td>Kazan\u00e7 Kontrol\u00fc<\/td>\n<td>Otomatik \/ Manuel<\/td>\n<\/tr>\n<tr>\n<td>Parazit Azaltma<\/td>\n<td>3D DNR<\/td>\n<\/tr>\n<tr>\n<td>Hareket Alg\u0131lama<\/td>\n<td>Kapal\u0131 \/ A\u00e7\u0131k (4 B\u00f6lge, Dikd\u00f6rtgen)<\/td>\n<\/tr>\n<tr>\n<td>\u0130lgili Alan<\/td>\n<td>(4 B\u00f6lge) A\u00e7\u0131k \/ Kapal\u0131<\/td>\n<\/tr>\n<tr>\n<td>Elektronik G\u00f6r\u00fcnt\u00fc Sabitleme (EIS)<\/td>\n<td>\u2013<\/td>\n<\/tr>\n<tr>\n<td>Ak\u0131ll\u0131 IR<\/td>\n<td>Mevcut<\/td>\n<\/tr>\n<tr>\n<td>Dijital Zoom<\/td>\n<td>16x<\/td>\n<\/tr>\n<tr>\n<td>Flip<\/td>\n<td>0 \u00b0 \/ 90 \u00b0 \/ 180 \u00b0 \/ 270 \u00b0<\/td>\n<\/tr>\n<tr>\n<td>Mirror<\/td>\n<td>Kapal\u0131 \/ A\u00e7\u0131k<\/td>\n<\/tr>\n<tr>\n<td>\u00d6zel Alan Maskelemesi<\/td>\n<td>Kapal\u0131 \/ A\u00e7\u0131k (4 Alan, Dikd\u00f6rtgen)<\/td>\n<\/tr>\n<tr>\n<td colspan=\"2\"><strong>Ses<\/strong><\/td>\n<\/tr>\n<tr>\n<td>S\u0131k\u0131\u015ft\u0131rma<\/td>\n<td>\u2013<\/td>\n<\/tr>\n<tr>\n<td colspan=\"2\"><strong>Network<\/strong><\/td>\n<\/tr>\n<tr>\n<td>Ethernet<\/td>\n<td>RJ-45 (10 \/ 100Base-T)<\/td>\n<\/tr>\n<tr>\n<td>Protokol<\/td>\n<td>HTTP; HTTPS; TCP; ARP; RTSP; RTP; UDP, SMTP, FTP;<\/p>\n<p>&nbsp;<\/p>\n<p>DHCP; DNS; DDNS; PPPOE; IPv4 \/ v6; QoS; UPnP; NTP;<\/p>\n<p>Bonjour; 802.1 x, \u00e7ok noktaya yay\u0131n, ICMP; IGMP<\/td>\n<\/tr>\n<tr>\n<td>ONVIF<\/td>\n<td>ONVIF, psiA, CGI<\/td>\n<\/tr>\n<tr>\n<td>Ak\u0131\u015f Y\u00f6ntemi<\/td>\n<td>Tekli \/ \u00c7oklu<\/td>\n<\/tr>\n<tr>\n<td>Maks. Kullan\u0131c\u0131 Eri\u015fimi<\/td>\n<td>10 Kullan\u0131c\u0131lar \/ 20 Kullan\u0131c\u0131lar<\/td>\n<\/tr>\n<tr>\n<td>Direkt Depolama<\/td>\n<td>NAS (Network Attached Storage)<\/p>\n<p>&nbsp;<\/p>\n<p>An\u0131nda kay\u0131t i\u00e7in Yerel PC<\/p>\n<p>Micro SD kart 128GB<\/td>\n<\/tr>\n<tr>\n<td>Web G\u00f6r\u00fcnt\u00fcleyici<\/td>\n<td>IE, Chrome, Firefox, Safari<\/td>\n<\/tr>\n<tr>\n<td>Yaz\u0131l\u0131m Y\u00f6netimi<\/td>\n<td>Ak\u0131ll\u0131 PSS, DSS, Easy4ip<\/td>\n<\/tr>\n<tr>\n<td>Ak\u0131ll\u0131 Telefon<\/td>\n<td>IOS, Android<\/td>\n<\/tr>\n<tr>\n<td><strong>Sertifikalar<\/strong><\/td>\n<td><\/td>\n<\/tr>\n<tr>\n<td>Sertifikalar<\/td>\n<td>CE (EN 60950: 2000)<\/p>\n<p>&nbsp;<\/p>\n<p>UL: UL60950-1<\/p>\n<p>FCC: FCC B\u00f6l\u00fcm 15 Alt K\u0131s\u0131m B<\/td>\n<\/tr>\n<tr>\n<td colspan=\"2\"><strong>Aray\u00fcz<\/strong><\/td>\n<\/tr>\n<tr>\n<td>Video Aray\u00fcz\u00fc<\/td>\n<td>\u2013<\/td>\n<\/tr>\n<tr>\n<td>Ss Arabirimi<\/td>\n<td>\u2013<\/td>\n<\/tr>\n<tr>\n<td>RS485<\/td>\n<td>\u2013<\/td>\n<\/tr>\n<tr>\n<td>Alarm<\/td>\n<td>\u2013<\/td>\n<\/tr>\n<tr>\n<td colspan=\"2\"><strong>G\u00fc\u00e7<\/strong><\/td>\n<\/tr>\n<tr>\n<td>G\u00fc\u00e7 Kayna\u011f\u0131<\/td>\n<td>DC12V PoE (802.3af)<\/td>\n<\/tr>\n<tr>\n<td>G\u00fc\u00e7 T\u00fcketimi<\/td>\n<td>&lt;9,75 W<\/td>\n<\/tr>\n<\/tbody>\n<\/table>\n<table id=\"table003\" border=\"1\" cellspacing=\"1\" cellpadding=\"5\">\n<tbody>\n<tr>\n<td colspan=\"2\"><strong>\u00c7evre Ko\u015fullar\u0131<\/strong><\/td>\n<\/tr>\n<tr>\n<td>\u00c7al\u0131\u015fma Ko\u015fullar\u0131<\/td>\n<td>-30 \u00b0 C ~ + 60 \u00b0 C (-22 \u00b0 F ~ + 140 \u00b0 F) \/ az% 95 RH<\/td>\n<\/tr>\n<tr>\n<td>Dayan\u0131kl\u0131l\u0131k Ko\u015fullar<\/td>\n<td>-30 \u00b0 C ~ + 60 \u00b0 C (-22 \u00b0 F ~ + 140 \u00b0 F) \/ az% 95 RH<\/td>\n<\/tr>\n<tr>\n<td>Koruma Sertifikas\u0131<\/td>\n<td>IP67<\/td>\n<\/tr>\n<tr>\n<td>Dayan\u0131kl\u0131l\u0131k Sertifikas\u0131<\/td>\n<td>IK10<\/td>\n<\/tr>\n<tr>\n<td colspan=\"2\"><strong>Kasa<\/strong><\/td>\n<\/tr>\n<tr>\n<td>Kasa<\/td>\n<td>Metal<\/td>\n<\/tr>\n<tr>\n<td>Boyutlar<\/td>\n<td>88.9mm x \u03c6122mm<\/td>\n<\/tr>\n<tr>\n<td>Net A\u011f\u0131rl\u0131k<\/td>\n<td>0.4Kg<\/td>\n<\/tr>\n<\/tbody>\n<\/table>\n<p>&nbsp;<\/p>\n<p><img loading=\"lazy\" src=\"https:\/\/www.okisan.com\/wp-content\/uploads\/2017\/01\/Ads%C4%B1z-2-500x194.png\" sizes=\"(max-width: 500px) 100vw, 500px\" srcset=\"https:\/\/www.okisan.com\/wp-content\/uploads\/2017\/01\/Ads\u0131z-2-120x47.png 120w, https:\/\/www.okisan.com\/wp-content\/uploads\/2017\/01\/Ads\u0131z-2-150x58.png 150w, https:\/\/www.okisan.com\/wp-content\/uploads\/2017\/01\/Ads\u0131z-2-200x78.png 200w, https:\/\/www.okisan.com\/wp-content\/uploads\/2017\/01\/Ads\u0131z-2-300x116.png 300w, https:\/\/www.okisan.com\/wp-content\/uploads\/2017\/01\/Ads\u0131z-2-400x155.png 400w, https:\/\/www.okisan.com\/wp-content\/uploads\/2017\/01\/Ads\u0131z-2-500x194.png 500w, https:\/\/www.okisan.com\/wp-content\/uploads\/2017\/01\/Ads\u0131z-2.png 528w\" alt=\"adsiz\" width=\"500\" height=\"194\" \/><img loading=\"lazy\" src=\"https:\/\/www.okisan.com\/wp-content\/uploads\/2017\/01\/Ads%C4%B1z2.png\" sizes=\"(max-width: 498px) 100vw, 498px\" srcset=\"https:\/\/www.okisan.com\/wp-content\/uploads\/2017\/01\/Ads\u0131z2-120x115.png 120w, https:\/\/www.okisan.com\/wp-content\/uploads\/2017\/01\/Ads\u0131z2-150x144.png 150w, https:\/\/www.okisan.com\/wp-content\/uploads\/2017\/01\/Ads\u0131z2-200x192.png 200w, https:\/\/www.okisan.com\/wp-content\/uploads\/2017\/01\/Ads\u0131z2-300x287.png 300w, https:\/\/www.okisan.com\/wp-content\/uploads\/2017\/01\/Ads\u0131z2-400x383.png 400w, https:\/\/www.okisan.com\/wp-content\/uploads\/2017\/01\/Ads\u0131z2.png 498w\" alt=\"adsiz2\" width=\"498\" height=\"477\" \/><\/p>\n","protected":false},"excerpt":{"rendered":"<p>1\/3 \u201c4Megapiksel progresif CMOS H.264 + H.264 dual-stream kodlama 20fps @ 4M (2688\u00d71520) ve 25 \/ 30fps @ 2M (\u00d7 1080 1920) WDR (120dB), G\u00fcnd\u00fcz \/ Gece (ICR), 3DNR, AWB, AGC, BLC \u00c7oklu network izleme: Web g\u00f6r\u00fcnt\u00fcleyici, CMS (DSS \/ PSS) &amp; DMSS 128GB\u2019a kadar Micro SD kart yuvas\u0131 2.7 ~ 12mm varifocal lens Maks. [&#8230;]\n","protected":false},"featured_media":586,"comment_status":"closed","ping_status":"closed","template":"","meta":[],"_links":{"self":[{"href":"https:\/\/nilbilisim.com.tr\/magaza\/wp-json\/wp\/v2\/product\/585"}],"collection":[{"href":"https:\/\/nilbilisim.com.tr\/magaza\/wp-json\/wp\/v2\/product"}],"about":[{"href":"https:\/\/nilbilisim.com.tr\/magaza\/wp-json\/wp\/v2\/types\/product"}],"replies":[{"embeddable":true,"href":"https:\/\/nilbilisim.com.tr\/magaza\/wp-json\/wp\/v2\/comments?post=585"}],"wp:featuredmedia":[{"embeddable":true,"href":"https:\/\/nilbilisim.com.tr\/magaza\/wp-json\/wp\/v2\/media\/586"}],"wp:attachment":[{"href":"https:\/\/nilbilisim.com.tr\/magaza\/wp-json\/wp\/v2\/media?parent=585"}],"curies":[{"name":"wp","href":"https:\/\/api.w.org\/{rel}","templated":true}]}}