{"id":595,"date":"2021-01-18T20:06:07","date_gmt":"2021-01-18T20:06:07","guid":{"rendered":"https:\/\/nilbilisim.com.tr\/magaza\/urun\/dahua-ipc-hfw1831cp-pir-8mp-wdr-ir-mini-bullet-network-kamera\/"},"modified":"2024-07-01T01:42:16","modified_gmt":"2024-06-30T22:42:16","slug":"dahua-ipc-hfw1831cp-pir-8mp-wdr-ir-mini-bullet-network-kamera","status":"publish","type":"product","link":"https:\/\/nilbilisim.com.tr\/magaza\/urun\/dahua-ipc-hfw1831cp-pir-8mp-wdr-ir-mini-bullet-network-kamera\/","title":{"rendered":"Dahua IPC-HFW1831CP-PIR 8MP WDR IR Mini Bullet Network Kamera"},"content":{"rendered":"<ul>\n<li>1\/2.5&rdquo; 8Megapiksel progresif tarama CMOS<\/li>\n<li>H. 265&amp;H.264 dual-stream kodlama<\/li>\n<li>15fps@8MP(3840&times;2160)<\/li>\n<li>WDR (120dB), G&uuml;nd&uuml;z \/ Gece (ICR), 3DNR, AWB, AGC, BLC<\/li>\n<li>&Ccedil;oklu network izleme: Web g&ouml;r&uuml;nt&uuml;leyici, CMS (DSS \/ PSS) ve DMSS<\/li>\n<li>Mikro SD kart yuvas\u0131, 128GB&rsquo;a kadar<\/li>\n<li>2.8mm sabit lens<\/li>\n<li>Maks.&nbsp;IR LED&rsquo;ler Uzunluk 20m<\/li>\n<\/ul>\n<table border=\"1\" cellpadding=\"5\" cellspacing=\"1\" id=\"table001\">\n<tbody>\n<tr>\n<td colspan=\"2\"><strong>Dahua IPC-HFW1831CP-PIR Teknik &Ouml;zellikleri<\/strong><\/td>\n<\/tr>\n<tr>\n<td colspan=\"2\"><strong>Kamera<\/strong><\/td>\n<\/tr>\n<tr>\n<td>G&ouml;r&uuml;nt&uuml; Sens&ouml;r&uuml;<\/td>\n<td>1\/2.5&rdquo;&nbsp;8Megapiksel progressive tarama CMOS<\/td>\n<\/tr>\n<tr>\n<td>Efekif Piksel<\/td>\n<td>3840 (H) x 2160 (V)<\/td>\n<\/tr>\n<tr>\n<td>RAM \/ ROM<\/td>\n<td>512\/32 MB<\/td>\n<\/tr>\n<tr>\n<td>Tarama Sistemi<\/td>\n<td>Progresif<\/td>\n<\/tr>\n<tr>\n<td>Elektronik Shutter H\u0131z\u0131<\/td>\n<td>Otomatik \/ Manuel, 1\/3 (4) ~ 1 \/ 100000s<\/td>\n<\/tr>\n<tr>\n<td>Minimum Ayd\u0131nlatma<\/td>\n<td>0.002Lux \/ F2.0 (Renkli, 1 \/ 3s, 30IRE)<\/p>\n<p>&nbsp;<\/p>\n<p>0.09Lux \/ F2.0 (Renkli, 1\/30s, 30IRE)<\/p>\n<p>0Lux \/ F2.0 (IR)<\/p>\n<\/td>\n<\/tr>\n<tr>\n<td>S \/ N Oran\u0131<\/td>\n<td>40dB&rsquo;den fazla<\/td>\n<\/tr>\n<tr>\n<td>IR Mesafesi<\/td>\n<td>20 m&rsquo;ye (65.6ft) kadar mesafe<\/td>\n<\/tr>\n<tr>\n<td>IR A&ccedil;\u0131k \/ Kapal\u0131 Kontrol<\/td>\n<td>Otomatik \/ Manuel<\/td>\n<\/tr>\n<tr>\n<td>IR LED<\/td>\n<td>1<\/td>\n<\/tr>\n<tr>\n<td>Beyaz I\u015f\u0131k Mesafesi<\/td>\n<td>10m&rsquo;ye kadar mesafe (32.8ft)<\/td>\n<\/tr>\n<tr>\n<td>Beyaz I\u015f\u0131k<\/td>\n<td>2<\/td>\n<\/tr>\n<tr>\n<td colspan=\"2\"><strong>Lens<\/strong><\/td>\n<\/tr>\n<tr>\n<td>Lens Tipi<\/td>\n<td>Sabit<\/td>\n<\/tr>\n<tr>\n<td>Montaj Tipi<\/td>\n<td>Board-in<\/td>\n<\/tr>\n<tr>\n<td>Odak Uzakl\u0131\u011f\u0131<\/td>\n<td>2.8mm<\/td>\n<\/tr>\n<tr>\n<td>Maks. A&ccedil;\u0131kl\u0131k<\/td>\n<td>F2.0<\/td>\n<\/tr>\n<tr>\n<td>G&ouml;r&uuml;\u015f A&ccedil;\u0131s\u0131<\/td>\n<td>H: 107 &deg; V: 57 &deg;<\/td>\n<\/tr>\n<tr>\n<td>Optik Zoom<\/td>\n<td>&ndash;<\/td>\n<\/tr>\n<tr>\n<td>Netlik Ayar\u0131<\/td>\n<td>Sabit<\/td>\n<\/tr>\n<tr>\n<td>Odak Mesafesini Kapatma<\/td>\n<td>0,8 m (2,62ft)<\/td>\n<\/tr>\n<tr>\n<td><strong>Pan \/ Tilt \/ D&ouml;nd&uuml;rme<\/strong><\/td>\n<td>&nbsp;<\/td>\n<\/tr>\n<tr>\n<td>Pan \/ Tilt \/ D&ouml;nd&uuml;rme<\/td>\n<td>Pan:0&deg; ~360&deg; ;Tilt:0&deg; ~90&deg;<\/td>\n<\/tr>\n<tr>\n<td><strong>Ak\u0131ll\u0131 Fonksiyonlar<\/strong><\/td>\n<td>&nbsp;<\/td>\n<\/tr>\n<tr>\n<td>Olay Tetikleyicisi<\/td>\n<td>Hareket alg\u0131lama, Video kurcalama, Sahne de\u011fi\u015ftirme, A\u011f ba\u011flant\u0131s\u0131n\u0131n kesilmesi, IP adresi &ccedil;ak\u0131\u015fmas\u0131, Yasad\u0131\u015f\u0131 eri\u015fim, Depolama bozuklu\u011fu<\/td>\n<\/tr>\n<tr>\n<td>IVS<\/td>\n<td>Tripwire, Sald\u0131r\u0131<\/td>\n<\/tr>\n<tr>\n<td colspan=\"2\"><strong>Video<\/strong><\/td>\n<\/tr>\n<tr>\n<td>S\u0131k\u0131\u015ft\u0131rma<\/td>\n<td>H.265 \/ H.264H \/ MJPEG (Alt Ak\u0131\u015f)<\/td>\n<\/tr>\n<tr>\n<td>Ak\u0131ll\u0131 Codec<\/td>\n<td>H.265 + \/ H.264 +<\/td>\n<\/tr>\n<tr>\n<td>G&ouml;r&uuml;nt&uuml; Ak\u0131\u015f Kapasitesi<\/td>\n<td>2&rsquo;li ak\u0131\u015f<\/td>\n<\/tr>\n<tr>\n<td>&Ccedil;&ouml;z&uuml;n&uuml;rl&uuml;k<\/td>\n<td>4K (3840 x 2160) \/ 6M (3072 x = 2048) \/ 5M (x 1920 2560) \/<\/p>\n<p>&nbsp;<\/p>\n<p>3M (2048&times;1536) \/ 3M (x 1296 2304) \/<\/p>\n<p>1080P (1920 &times; 1080) \/1.3M (1280&times;960) \/<\/p>\n<p>720P (1280 x 720) \/ D1 (704 x 576\/704 x 480) \/ VGA (640 x 480) \/ CIF (352 x 288\/352 x 240)<\/p>\n<\/td>\n<\/tr>\n<tr>\n<td>Frame Oran\u0131<\/td>\n<td>Ana Ak\u0131m: 4K (1 ~ 15fps)<\/p>\n<p>&nbsp;<\/p>\n<p>Alt Ak\u0131\u015f: D1 (1 ~ 15fps)<\/p>\n<\/td>\n<\/tr>\n<tr>\n<td>Bit H\u0131z\u0131 Kontrol&uuml;<\/td>\n<td>CBR \/ VBR<\/td>\n<\/tr>\n<tr>\n<td>Bit H\u0131z\u0131<\/td>\n<td>H.264: 32K ~ 8192Kbps<\/p>\n<p>&nbsp;<\/p>\n<p>H.265: 32K &ndash; 8192Kbps<\/p>\n<\/td>\n<\/tr>\n<tr>\n<td>G&uuml;nd&uuml;z \/ Gece<\/td>\n<td>Otomatik (ICR) \/ Renkli \/ S \/ B<\/td>\n<\/tr>\n<\/tbody>\n<\/table>\n<table border=\"1\" cellpadding=\"5\" cellspacing=\"1\" id=\"table002\">\n<tbody>\n<tr>\n<td>BLC Modu<\/td>\n<td>BLC \/ HLC \/ WDR (120dB)<\/td>\n<\/tr>\n<tr>\n<td>Beyaz Dengesi<\/td>\n<td>Otomatik \/ Do\u011fal \/ Sokak Lambas\u0131 \/ A&ccedil;\u0131k \/ Manuel<\/td>\n<\/tr>\n<tr>\n<td>Kazan&ccedil; Kontrol&uuml;<\/td>\n<td>Otomatik \/ Manuel<\/td>\n<\/tr>\n<tr>\n<td>Parazit Azaltma<\/td>\n<td>3D DNR<\/td>\n<\/tr>\n<tr>\n<td>Hareket Alg\u0131lama<\/td>\n<td>Kapal\u0131 \/ A&ccedil;\u0131k (4 B&ouml;lge, Dikd&ouml;rtgen)<\/td>\n<\/tr>\n<tr>\n<td>ROI<\/td>\n<td>Kapal\u0131 \/ A&ccedil;\u0131k (4 B&ouml;lge)<\/td>\n<\/tr>\n<tr>\n<td>Elektronik G&ouml;r&uuml;nt&uuml;<\/td>\n<td>&ndash;<\/td>\n<\/tr>\n<tr>\n<td>Ak\u0131ll\u0131 IR<\/td>\n<td>&ndash;<\/td>\n<\/tr>\n<tr>\n<td>Ultra Defog (Anti Sis)<\/td>\n<td>&ndash;<\/td>\n<\/tr>\n<tr>\n<td>Dijital Zoom<\/td>\n<td>16x<\/td>\n<\/tr>\n<tr>\n<td>Flip<\/td>\n<td>0&deg;\/90&deg;\/180&deg;\/270&deg;<\/td>\n<\/tr>\n<tr>\n<td>Mirror<\/td>\n<td>Kapal\u0131 \/ A&ccedil;\u0131k<\/td>\n<\/tr>\n<tr>\n<td>&Ouml;zel Alan Maskelemesi<\/td>\n<td>Kapal\u0131 \/ A&ccedil;\u0131k (4 Alan, Dikd&ouml;rtgen)<\/td>\n<\/tr>\n<tr>\n<td colspan=\"2\"><strong>Ses<\/strong><\/td>\n<\/tr>\n<tr>\n<td>S\u0131k\u0131\u015ft\u0131rma<\/td>\n<td>&ndash;<\/td>\n<\/tr>\n<tr>\n<td colspan=\"2\"><strong>Network<\/strong><\/td>\n<\/tr>\n<tr>\n<td>Ethernet<\/td>\n<td>RJ-45 (10 \/ 100Base-T)<\/td>\n<\/tr>\n<tr>\n<td>Protokol<\/td>\n<td>HTTP; HTTPS; TCP; ARP; RTSP; RTP; UDP, SMTP, FTP;<\/p>\n<p>&nbsp;<\/p>\n<p>DHCP; DNS; DDNS; PPPOE; IPv4 \/ V6; QoS; UPNP; NTP;<\/p>\n<p>Bonjou; IEEE 802.1X; Multicast; ICMP; IGMP; TLS; NFS; SSH<\/p>\n<\/td>\n<\/tr>\n<tr>\n<td>ONVIF<\/td>\n<td>ONVIF Profili S&amp;G, CGI&nbsp;,&nbsp;Genetec<\/td>\n<\/tr>\n<tr>\n<td>Ak\u0131\u015f Y&ouml;ntemi<\/td>\n<td>Tekli \/ &Ccedil;oklu<\/td>\n<\/tr>\n<tr>\n<td>Maks. Kullan\u0131c\u0131 Eri\u015fimi<\/td>\n<td>10 Kullan\u0131c\u0131 \/ 20 Kullan\u0131c\u0131<\/td>\n<\/tr>\n<tr>\n<td>Direkt Depolama<\/td>\n<td>NAS<\/p>\n<p>&nbsp;<\/p>\n<p>Anl\u0131k kay\u0131t i&ccedil;in yerel bilgisayar<\/p>\n<p>Mikro SD Kart 128GB<\/p>\n<\/td>\n<\/tr>\n<tr>\n<td>Web G&ouml;r&uuml;nt&uuml;leyici<\/td>\n<td>IE, Chrome, Firefox, Safari<\/td>\n<\/tr>\n<tr>\n<td>Yaz\u0131l\u0131m Y&ouml;netimi<\/td>\n<td>Ak\u0131ll\u0131 PSS, DSS, DMSS<\/td>\n<\/tr>\n<tr>\n<td>Ak\u0131ll\u0131 Telefon<\/td>\n<td>IOS, Android<\/td>\n<\/tr>\n<tr>\n<td><strong>Sertifikalar<\/strong><\/td>\n<td>&nbsp;<\/td>\n<\/tr>\n<tr>\n<td>Sertifikalar<\/td>\n<td>CE (EN 60950: 2000)<\/p>\n<p>&nbsp;<\/p>\n<p>UL: UL60950-1<\/p>\n<p>FCC: FCC B&ouml;l&uuml;m 15 Alt B&ouml;l&uuml;m B<\/p>\n<\/td>\n<\/tr>\n<tr>\n<td colspan=\"2\"><strong>Aray&uuml;z<\/strong><\/td>\n<\/tr>\n<tr>\n<td>Video Aray&uuml;z&uuml;<\/td>\n<td>&ndash;<\/td>\n<\/tr>\n<tr>\n<td>Ses Aray&uuml;z&uuml;<\/td>\n<td>Dahili Mikrofon<\/td>\n<\/tr>\n<tr>\n<td>RS485<\/td>\n<td>&ndash;<\/td>\n<\/tr>\n<tr>\n<td>Alarm<\/td>\n<td>&ndash;<\/td>\n<\/tr>\n<tr>\n<td colspan=\"2\"><strong>G&uuml;&ccedil;<\/strong><\/td>\n<\/tr>\n<tr>\n<td>G&uuml;&ccedil; Kayna\u011f\u0131<\/td>\n<td>DC12V, PoE (IEEE802.3af)<\/td>\n<\/tr>\n<tr>\n<td>G&uuml;&ccedil; T&uuml;ketimi<\/td>\n<td>DC12V: 3.1W 7W (IR + beyaz \u0131\u015f\u0131k)<\/p>\n<p>&nbsp;<\/p>\n<p>PoE: 3.8W 8.5W (IR + beyaz \u0131\u015f\u0131k)<\/p>\n<\/td>\n<\/tr>\n<\/tbody>\n<\/table>\n<table border=\"1\" cellpadding=\"5\" cellspacing=\"1\" id=\"table003\">\n<tbody>\n<tr>\n<td colspan=\"2\"><strong>&Ccedil;evre Ko\u015fullar\u0131<\/strong><\/td>\n<\/tr>\n<tr>\n<td>&Ccedil;al\u0131\u015fma Ko\u015fullar\u0131<\/td>\n<td>-20 &deg; C ~ + 50 &deg; C (-4 &deg; F ~ + 122 &deg; F) \/% 95&rsquo;ten az RH<\/td>\n<\/tr>\n<tr>\n<td>Dayan\u0131kl\u0131l\u0131k Ko\u015fullar\u0131<\/td>\n<td>-20 &deg; C ~ + 50 &deg; C (-4 &deg; F ~ + 122 &deg; F) \/% 95&rsquo;ten az RH<\/td>\n<\/tr>\n<tr>\n<td>Koruma Sertifikas\u0131<\/td>\n<td>IP66<\/td>\n<\/tr>\n<tr>\n<td>Dayan\u0131kl\u0131l\u0131k Sertifikas\u0131<\/td>\n<td>&ndash;<\/td>\n<\/tr>\n<tr>\n<td colspan=\"2\"><strong>Kasa<\/strong><\/td>\n<\/tr>\n<tr>\n<td>Kasa<\/td>\n<td>Metal<\/td>\n<\/tr>\n<tr>\n<td>Boyutlar<\/td>\n<td>97.6mm &times; 75.1mm x 119 mm<\/td>\n<\/tr>\n<tr>\n<td>Net A\u011f\u0131rl\u0131k<\/td>\n<td>0.38kg<\/td>\n<\/tr>\n<\/tbody>\n<\/table>\n<p>&nbsp;<\/p>\n<p><img loading=\"lazy\" alt=\"\" height=\"218\" sizes=\"(max-width: 500px) 100vw, 500px\" src=\"https:\/\/www.okisan.com\/wp-content\/uploads\/2019\/01\/boyutlar-5-500x218.png\" srcset=\"https:\/\/www.okisan.com\/wp-content\/uploads\/2019\/01\/boyutlar-5-120x52.png 120w, https:\/\/www.okisan.com\/wp-content\/uploads\/2019\/01\/boyutlar-5-150x65.png 150w, https:\/\/www.okisan.com\/wp-content\/uploads\/2019\/01\/boyutlar-5-200x87.png 200w, https:\/\/www.okisan.com\/wp-content\/uploads\/2019\/01\/boyutlar-5-300x131.png 300w, https:\/\/www.okisan.com\/wp-content\/uploads\/2019\/01\/boyutlar-5-400x174.png 400w, https:\/\/www.okisan.com\/wp-content\/uploads\/2019\/01\/boyutlar-5-500x218.png 500w, https:\/\/www.okisan.com\/wp-content\/uploads\/2019\/01\/boyutlar-5-600x261.png 600w, https:\/\/www.okisan.com\/wp-content\/uploads\/2019\/01\/boyutlar-5.png 631w\" width=\"500\" \/><img loading=\"lazy\" alt=\"\" height=\"478\" sizes=\"(max-width: 500px) 100vw, 500px\" src=\"https:\/\/www.okisan.com\/wp-content\/uploads\/2019\/01\/kurulum-1-500x478.png\" srcset=\"https:\/\/www.okisan.com\/wp-content\/uploads\/2019\/01\/kurulum-1-120x115.png 120w, https:\/\/www.okisan.com\/wp-content\/uploads\/2019\/01\/kurulum-1-150x143.png 150w, https:\/\/www.okisan.com\/wp-content\/uploads\/2019\/01\/kurulum-1-200x191.png 200w, https:\/\/www.okisan.com\/wp-content\/uploads\/2019\/01\/kurulum-1-300x287.png 300w, https:\/\/www.okisan.com\/wp-content\/uploads\/2019\/01\/kurulum-1-400x382.png 400w, https:\/\/www.okisan.com\/wp-content\/uploads\/2019\/01\/kurulum-1-500x478.png 500w, https:\/\/www.okisan.com\/wp-content\/uploads\/2019\/01\/kurulum-1.png 517w\" width=\"500\" \/><\/p>\n","protected":false},"excerpt":{"rendered":"<p>1\/2.5&rdquo; 8Megapiksel progresif tarama CMOS H. 265&amp;H.264 dual-stream kodlama 15fps@8MP(3840&times;2160) WDR (120dB), G&uuml;nd&uuml;z \/ Gece (ICR), 3DNR, AWB, AGC, BLC &Ccedil;oklu network izleme: Web g&ouml;r&uuml;nt&uuml;leyici, CMS (DSS \/ PSS) ve DMSS Mikro SD kart yuvas\u0131, 128GB&rsquo;a kadar 2.8mm sabit lens Maks.&nbsp;IR LED&rsquo;ler Uzunluk 20m Dahua IPC-HFW1831CP-PIR Teknik &Ouml;zellikleri Kamera G&ouml;r&uuml;nt&uuml; Sens&ouml;r&uuml; 1\/2.5&rdquo;&nbsp;8Megapiksel progressive tarama CMOS [&#8230;]\n","protected":false},"featured_media":596,"comment_status":"closed","ping_status":"closed","template":"","meta":[],"_links":{"self":[{"href":"https:\/\/nilbilisim.com.tr\/magaza\/wp-json\/wp\/v2\/product\/595"}],"collection":[{"href":"https:\/\/nilbilisim.com.tr\/magaza\/wp-json\/wp\/v2\/product"}],"about":[{"href":"https:\/\/nilbilisim.com.tr\/magaza\/wp-json\/wp\/v2\/types\/product"}],"replies":[{"embeddable":true,"href":"https:\/\/nilbilisim.com.tr\/magaza\/wp-json\/wp\/v2\/comments?post=595"}],"wp:featuredmedia":[{"embeddable":true,"href":"https:\/\/nilbilisim.com.tr\/magaza\/wp-json\/wp\/v2\/media\/596"}],"wp:attachment":[{"href":"https:\/\/nilbilisim.com.tr\/magaza\/wp-json\/wp\/v2\/media?parent=595"}],"curies":[{"name":"wp","href":"https:\/\/api.w.org\/{rel}","templated":true}]}}