{"id":597,"date":"2021-01-18T20:06:18","date_gmt":"2021-01-18T20:06:18","guid":{"rendered":"https:\/\/nilbilisim.com.tr\/magaza\/urun\/dahua-ipc-hfw4831tp-ase-0280b-8mp-wdr-ir-mini-bullet-network-kamera\/"},"modified":"2024-07-01T01:42:15","modified_gmt":"2024-06-30T22:42:15","slug":"dahua-ipc-hfw4831tp-ase-0280b-8mp-wdr-ir-mini-bullet-network-kamera","status":"publish","type":"product","link":"https:\/\/nilbilisim.com.tr\/magaza\/urun\/dahua-ipc-hfw4831tp-ase-0280b-8mp-wdr-ir-mini-bullet-network-kamera\/","title":{"rendered":"Dahua IPC-HFW4831TP-ASE-0280B 8MP WDR IR Mini Bullet Network Kamera"},"content":{"rendered":"<ul>\n<li>1\/2.5&rdquo; 8Megapiksel progresif tarama STARVISTM CMOS<\/li>\n<li>H.265 ve H.264 &uuml;&ccedil;l&uuml; ak\u0131\u015f kodlamas\u0131<\/li>\n<li>15fps@4K(3840&times;2160),25\/30fps@3M(2304&times;1296)<\/li>\n<li>Ak\u0131ll\u0131 Alg\u0131lama desteklenir<\/li>\n<li>&nbsp;WDR(120dB), G&uuml;nd&uuml;z\/Gece(ICR), 3DNR, AWB, AGC, BLC<\/li>\n<li>&Ccedil;oklu network izleme: Web g&ouml;r&uuml;nt&uuml;leyici, CMS (DSS \/ PSS) ve DMSS<\/li>\n<li>2.8mm sabit lens (4mm opsiyonel)<\/li>\n<li>Maks.&nbsp;IR LED&rsquo;ler Uzunluk 80m<\/li>\n<li>Mikro SD Bellek, IP67, IK10, PoE<\/li>\n<\/ul>\n<table border=\"1\" cellpadding=\"5\" cellspacing=\"1\" id=\"table001\">\n<tbody>\n<tr>\n<td colspan=\"2\"><strong>Dahua IPC-HFW4831TP-ASE-0280B Teknik &Ouml;zellikleri<\/strong><\/td>\n<\/tr>\n<tr>\n<td colspan=\"2\"><strong>Kamera<\/strong><\/td>\n<\/tr>\n<tr>\n<td>G&ouml;r&uuml;nt&uuml; Sens&ouml;r&uuml;<\/td>\n<td>1\/2.&nbsp;5&nbsp;&rdquo;&nbsp;8&nbsp;Megapiksel progresif tarama CMOS<\/td>\n<\/tr>\n<tr>\n<td>Efektif Piksel<\/td>\n<td>3840 (H), x2160 (V)<\/td>\n<\/tr>\n<tr>\n<td>RAM \/ ROM<\/td>\n<td>512\/32 MB<\/td>\n<\/tr>\n<tr>\n<td>Tarama Sistemi<\/td>\n<td>Progresif<\/td>\n<\/tr>\n<tr>\n<td>Elektronik Shutter H\u0131z\u0131<\/td>\n<td>Otomatik \/ Manuel, 1\/3 ~ 1 \/ 100000s<\/td>\n<\/tr>\n<tr>\n<td>Minimum Ayd\u0131nlatma<\/td>\n<td>0.06Lux \/ F1.6 (Renkli, 1 \/ 3s, 30IRE)<\/p>\n<p>&nbsp;<\/p>\n<p>0.3Lux \/ F1.6 (Renkli, 1 \/ 30s, 30IRE)<\/p>\n<p>0Lux \/ F1.6 (IR)<\/p>\n<\/td>\n<\/tr>\n<tr>\n<td>S \/ N Oran\u0131<\/td>\n<td>50dB&rsquo;dan fazla<\/td>\n<\/tr>\n<tr>\n<td>IR Mesafesi<\/td>\n<td>80m&rsquo;ye kadar mesafe (262ft)<\/td>\n<\/tr>\n<tr>\n<td>IR A&ccedil;ma \/ Kapama Kontrol&uuml;<\/td>\n<td>Otomatik \/ Manuel<\/td>\n<\/tr>\n<tr>\n<td>IR LED<\/td>\n<td>4<\/td>\n<\/tr>\n<tr>\n<td colspan=\"2\"><strong>Lens<\/strong><\/td>\n<\/tr>\n<tr>\n<td>Lens Tipi<\/td>\n<td>Sabit<\/td>\n<\/tr>\n<tr>\n<td>Montaj Tipi<\/td>\n<td>Board-in<\/td>\n<\/tr>\n<tr>\n<td>Odak Uzakl\u0131\u011f\u0131<\/td>\n<td>2,8 mm (4 mm opsiyonel)<\/td>\n<\/tr>\n<tr>\n<td>Maks. A&ccedil;\u0131kl\u0131k<\/td>\n<td>F1.6 (F1.6)<\/td>\n<\/tr>\n<tr>\n<td>G&ouml;r&uuml;\u015f A&ccedil;\u0131s\u0131<\/td>\n<td>H: 112 &deg; (88 &deg;), V: 69 &deg; (48 &deg;)<\/td>\n<\/tr>\n<tr>\n<td>Odak Kontrol&uuml;<\/td>\n<td>Sabit<\/td>\n<\/tr>\n<tr>\n<td>Yak\u0131n Odak Mesafesi<\/td>\n<td>0.9m (1.7 M)<\/td>\n<\/tr>\n<tr>\n<td colspan=\"2\"><strong>Pan \/ Tilt \/ D&ouml;nd&uuml;rme<\/strong><\/td>\n<\/tr>\n<tr>\n<td>Pan \/ Tilt \/ D&ouml;nd&uuml;rme Aral\u0131\u011f\u0131<\/td>\n<td>Pan: 0\u02da ~ 360\u02da; Tilt: 0\u02da ~ 90\u02da; D&ouml;nd&uuml;rme: 0\u02da ~ 360\u02da<\/td>\n<\/tr>\n<tr>\n<td><strong>Zeka<\/strong><\/td>\n<td>&nbsp;<\/td>\n<\/tr>\n<tr>\n<td>Olay Tetikleyicisi<\/td>\n<td>Hareket alg\u0131lama, Video kurcalama, Sahne de\u011fi\u015ftirme, A\u011f ba\u011flant\u0131s\u0131n\u0131n kesilmesi, IP adresi &ccedil;ak\u0131\u015fmas\u0131, Yasad\u0131\u015f\u0131 Eri\u015fim, Depolama bozuklu\u011fu<\/td>\n<\/tr>\n<tr>\n<td>IVS<\/td>\n<td>Tripwire, \u0130zinsiz Giri\u015f, Terk Edilen \/ Kay\u0131p Nesne<\/td>\n<\/tr>\n<tr>\n<td>Geli\u015fmi\u015f Ak\u0131ll\u0131 \u0130\u015flevler<\/td>\n<td>Y&uuml;z tan\u0131ma<\/td>\n<\/tr>\n<tr>\n<td colspan=\"2\"><strong>Video<\/strong><\/td>\n<\/tr>\n<tr>\n<td>S\u0131k\u0131\u015ft\u0131rma<\/td>\n<td>H.265 \/ H.264 \/ H.264B \/ H.264H \/ MJPEG (Alt Yay\u0131n)<\/td>\n<\/tr>\n<tr>\n<td>Ak\u0131ll\u0131 Codec<\/td>\n<td>H.265 + \/ H.264 +<\/td>\n<\/tr>\n<tr>\n<td>G&ouml;r&uuml;nt&uuml; Ak\u0131\u015f Kapasitesi<\/td>\n<td>3&rsquo;l&uuml; Ak\u0131\u015f kapasitesi<\/td>\n<\/tr>\n<tr>\n<td>&Ccedil;&ouml;z&uuml;n&uuml;rl&uuml;k<\/td>\n<td>4K (3840 x 2160) \/ 6M (3072 x = 2048) \/ 5M (x 1920 2560) \/<\/p>\n<p>&nbsp;<\/p>\n<p>3M (2048&times;1536) \/ 3M (x 1296 2304) \/<\/p>\n<p>1080P (1920 &times; 1080) \/1.3M (1280&times;960) \/<\/p>\n<p>720P (1280 x 720) \/ D1 (704 x 576\/704 x 480) \/ VGA (640 x 480) \/ CIF (352 x 288\/352 x 240)<\/p>\n<\/td>\n<\/tr>\n<tr>\n<td rowspan=\"3\">Frame Oran\u0131<\/td>\n<td>Ana Ak\u0131m: 4K (1 ~ 15fps) \/ 3M (1 ~ 25 \/ 30fps)<\/td>\n<\/tr>\n<tr>\n<td>Alt Ak\u0131\u015f: D1 (1 ~ 25 \/ 30fps)<\/td>\n<\/tr>\n<tr>\n<td>&Uuml;&ccedil;&uuml;nc&uuml; Ak\u0131\u015f: 1080P (1 ~ 25 \/ 30fps)<\/td>\n<\/tr>\n<tr>\n<td>Bit H\u0131z\u0131 Kontrol&uuml;<\/td>\n<td>CBR \/ VBR<\/td>\n<\/tr>\n<tr>\n<td>Bit H\u0131z\u0131<\/td>\n<td>H.264: 24K &ndash; 10240Kbps<\/p>\n<p>&nbsp;<\/p>\n<p>H.265: 14K &ndash; 9984 Kbps<\/p>\n<\/td>\n<\/tr>\n<tr>\n<td>G&uuml;nd&uuml;z Gece<\/td>\n<td>Otomatik (ICR) \/ Renkli \/ S \/ B<\/td>\n<\/tr>\n<tr>\n<td>BLC Modu<\/td>\n<td>BLC \/ HLC \/ WDR (120dB)<\/td>\n<\/tr>\n<\/tbody>\n<\/table>\n<table border=\"1\" cellpadding=\"5\" cellspacing=\"1\" id=\"table002\">\n<tbody>\n<tr>\n<td>Beyaz Dengesi<\/td>\n<td>Otomatik \/ Do\u011fal \/ Sokak Lambas\u0131 \/ A&ccedil;\u0131k Hava \/ Manuel<\/td>\n<\/tr>\n<tr>\n<td>Kazan&ccedil; Kontrol&uuml;<\/td>\n<td>Otomatik \/ Manuel<\/td>\n<\/tr>\n<tr>\n<td>Parazit Azaltma<\/td>\n<td>3D DNR<\/td>\n<\/tr>\n<tr>\n<td>Hareket Alg\u0131lama<\/td>\n<td>Kapal\u0131 \/ A&ccedil;\u0131k (4 B&ouml;lge, Dikd&ouml;rtgen)<\/td>\n<\/tr>\n<tr>\n<td>ROI<\/td>\n<td>(4 B&ouml;lge) A&ccedil;\u0131k \/ Kapal\u0131<\/td>\n<\/tr>\n<tr>\n<td>Elektronik G&ouml;r&uuml;nt&uuml; Sabitleme (EIS)<\/td>\n<td>&ndash;<\/td>\n<\/tr>\n<tr>\n<td>Ak\u0131ll\u0131 IR<\/td>\n<td>Mevcut<\/td>\n<\/tr>\n<tr>\n<td>Ultra Defog (Anti Sis)<\/td>\n<td>&ndash;<\/td>\n<\/tr>\n<tr>\n<td>Dijital Zoom<\/td>\n<td>16x<\/td>\n<\/tr>\n<tr>\n<td>Flip<\/td>\n<td>0 &deg; \/ 90 &deg; \/ 180 &deg; \/ 270 &deg;<\/td>\n<\/tr>\n<tr>\n<td>Mirror<\/td>\n<td>Kapal\u0131 \/ A&ccedil;\u0131k<\/td>\n<\/tr>\n<tr>\n<td>&Ouml;zel Alan Maskelemesi<\/td>\n<td>Kapal\u0131 \/ A&ccedil;\u0131k (4 Alan, Dikd&ouml;rtgen)<\/td>\n<\/tr>\n<tr>\n<td colspan=\"2\"><strong>Ses<\/strong><\/td>\n<\/tr>\n<tr>\n<td>S\u0131k\u0131\u015ft\u0131rma<\/td>\n<td>G.711a \/ G.711Mu \/ AAC \/ G.726<\/td>\n<\/tr>\n<tr>\n<td colspan=\"2\"><strong>Network<\/strong><\/td>\n<\/tr>\n<tr>\n<td>Ethernet<\/td>\n<td>RJ-45 (10 \/ 100Base-T)<\/td>\n<\/tr>\n<tr>\n<td>Protokol<\/td>\n<td>HTTP; HTTPS, TCP; ARP, RTSP, RTP, UDP, RTCP, STMP;<\/p>\n<p>&nbsp;<\/p>\n<p>FTP; DHCP; DNS; DDNS; PPPOE; IPv4 \/ v6; QoS; UPnP;<\/p>\n<p>NTP; Bonjour; IEEE 802.1x; Multicast; ICMP; IGMP; SNMP; TLS<\/p>\n<\/td>\n<\/tr>\n<tr>\n<td>ONVIF<\/td>\n<td>ONVIF, PSIA, CGI<\/td>\n<\/tr>\n<tr>\n<td>Ak\u0131\u015f Y&ouml;ntemi<\/td>\n<td>Tekli \/ &Ccedil;oklu<\/td>\n<\/tr>\n<tr>\n<td>Maks. Kullan\u0131c\u0131 Eri\u015fimi<\/td>\n<td>10 Kullan\u0131c\u0131\/ 20 Kullan\u0131c\u0131<\/td>\n<\/tr>\n<tr>\n<td>Direkt Depolama<\/td>\n<td>NAS<\/p>\n<p>&nbsp;<\/p>\n<p>An\u0131nda kay\u0131t i&ccedil;in Yerel PC<\/p>\n<p>Mirco SD kart 128GB<\/p>\n<\/td>\n<\/tr>\n<tr>\n<td>Web G&ouml;r&uuml;nt&uuml;leyici<\/td>\n<td>IE, Chrome, Firefox, Safari<\/td>\n<\/tr>\n<tr>\n<td>Yaz\u0131l\u0131m Y&ouml;netimi<\/td>\n<td>Ak\u0131ll\u0131 PSS, DSS, Easy4ip<\/td>\n<\/tr>\n<tr>\n<td>Ak\u0131ll\u0131 Telefon<\/td>\n<td>IOS, Android<\/td>\n<\/tr>\n<tr>\n<td><strong>Sertifikalar<\/strong><\/td>\n<td>&nbsp;<\/td>\n<\/tr>\n<tr>\n<td>Sertifikalar<\/td>\n<td>CE (EN 60950: 2000)<\/p>\n<p>&nbsp;<\/p>\n<p>UL: UL60950-1<\/p>\n<p>FCC: FCC B&ouml;l&uuml;m 15 Alt B&ouml;l&uuml;m B<\/p>\n<\/td>\n<\/tr>\n<tr>\n<td colspan=\"2\"><strong>Aray&uuml;z<\/strong><\/td>\n<\/tr>\n<tr>\n<td>Video Aray&uuml;z&uuml;<\/td>\n<td>&ndash;<\/td>\n<\/tr>\n<tr>\n<td>Ses Aray&uuml;z&uuml;<\/td>\n<td>1\/1 kanal Giri\u015f \/ &Ccedil;\u0131k\u0131\u015f<\/td>\n<\/tr>\n<tr>\n<td>RS485<\/td>\n<td>&ndash;<\/td>\n<\/tr>\n<tr>\n<td>Alarm<\/td>\n<td>1 kanal Giri\u015f: 5mA 5VDC<\/p>\n<p>&nbsp;<\/p>\n<p>1 kanal &Ccedil;\u0131k\u0131\u015f: 300mA 12VDC<\/p>\n<\/td>\n<\/tr>\n<tr>\n<td colspan=\"2\"><strong>G&uuml;&ccedil;<\/strong><\/td>\n<\/tr>\n<tr>\n<td>G&uuml;&ccedil; Kayna\u011f\u0131<\/td>\n<td>DC12V, PoE (802.3af)<\/td>\n<\/tr>\n<tr>\n<td>G&uuml;&ccedil; T&uuml;ketimi<\/td>\n<td>&lt;11W<\/td>\n<\/tr>\n<\/tbody>\n<\/table>\n<table border=\"1\" cellpadding=\"5\" cellspacing=\"1\" id=\"table004\">\n<tbody>\n<tr>\n<td colspan=\"2\"><strong>&Ccedil;evre Ko\u015fullar\u0131<\/strong><\/td>\n<\/tr>\n<tr>\n<td>&Ccedil;al\u0131\u015fma Ko\u015fullar\u0131<\/td>\n<td>-30 &deg; C ~ + 60 &deg; C (-22 &deg; F ~ + 140 &deg; F) \/% 95&rsquo;ten az RH<\/td>\n<\/tr>\n<tr>\n<td>Dayan\u0131kl\u0131l\u0131k Ko\u015fullar\u0131<\/td>\n<td>-30 &deg; C ~ + 60 &deg; C (-22 &deg; F ~ + 140 &deg; F) \/% 95&rsquo;ten az RH<\/td>\n<\/tr>\n<tr>\n<td>Koruma Sertifikas\u0131<\/td>\n<td>IP67<\/td>\n<\/tr>\n<tr>\n<td>Dayan\u0131kl\u0131l\u0131k Sertifikas\u0131<\/td>\n<td>IK10<\/td>\n<\/tr>\n<tr>\n<td colspan=\"2\"><strong>Kasa<\/strong><\/td>\n<\/tr>\n<tr>\n<td>Kasa<\/td>\n<td>Metal<\/td>\n<\/tr>\n<tr>\n<td>Boyutlar<\/td>\n<td>244.1mm &times; 79mm &times; 75.9mm<\/td>\n<\/tr>\n<tr>\n<td>Net A\u011f\u0131rl\u0131k<\/td>\n<td>0.815kg<\/td>\n<\/tr>\n<\/tbody>\n<\/table>\n<p><img loading=\"lazy\" alt=\"\" height=\"195\" sizes=\"(max-width: 500px) 100vw, 500px\" src=\"https:\/\/www.okisan.com\/wp-content\/uploads\/2019\/04\/boyutlar-1-500x195.png\" srcset=\"https:\/\/www.okisan.com\/wp-content\/uploads\/2019\/04\/boyutlar-1-120x47.png 120w, https:\/\/www.okisan.com\/wp-content\/uploads\/2019\/04\/boyutlar-1-150x59.png 150w, https:\/\/www.okisan.com\/wp-content\/uploads\/2019\/04\/boyutlar-1-200x78.png 200w, https:\/\/www.okisan.com\/wp-content\/uploads\/2019\/04\/boyutlar-1-300x117.png 300w, https:\/\/www.okisan.com\/wp-content\/uploads\/2019\/04\/boyutlar-1-400x156.png 400w, https:\/\/www.okisan.com\/wp-content\/uploads\/2019\/04\/boyutlar-1-500x195.png 500w, https:\/\/www.okisan.com\/wp-content\/uploads\/2019\/04\/boyutlar-1.png 571w\" width=\"500\" \/><img loading=\"lazy\" alt=\"\" height=\"418\" sizes=\"(max-width: 500px) 100vw, 500px\" src=\"https:\/\/www.okisan.com\/wp-content\/uploads\/2019\/04\/aksesuarlar-1-500x418.png\" srcset=\"https:\/\/www.okisan.com\/wp-content\/uploads\/2019\/04\/aksesuarlar-1-120x100.png 120w, https:\/\/www.okisan.com\/wp-content\/uploads\/2019\/04\/aksesuarlar-1-150x125.png 150w, https:\/\/www.okisan.com\/wp-content\/uploads\/2019\/04\/aksesuarlar-1-200x167.png 200w, https:\/\/www.okisan.com\/wp-content\/uploads\/2019\/04\/aksesuarlar-1-300x251.png 300w, https:\/\/www.okisan.com\/wp-content\/uploads\/2019\/04\/aksesuarlar-1-400x335.png 400w, https:\/\/www.okisan.com\/wp-content\/uploads\/2019\/04\/aksesuarlar-1-500x418.png 500w, https:\/\/www.okisan.com\/wp-content\/uploads\/2019\/04\/aksesuarlar-1-600x502.png 600w, https:\/\/www.okisan.com\/wp-content\/uploads\/2019\/04\/aksesuarlar-1.png 630w\" width=\"500\" \/><\/p>\n","protected":false},"excerpt":{"rendered":"<p>1\/2.5&rdquo; 8Megapiksel progresif tarama STARVISTM CMOS H.265 ve H.264 &uuml;&ccedil;l&uuml; ak\u0131\u015f kodlamas\u0131 15fps@4K(3840&times;2160),25\/30fps@3M(2304&times;1296) Ak\u0131ll\u0131 Alg\u0131lama desteklenir &nbsp;WDR(120dB), G&uuml;nd&uuml;z\/Gece(ICR), 3DNR, AWB, AGC, BLC &Ccedil;oklu network izleme: Web g&ouml;r&uuml;nt&uuml;leyici, CMS (DSS \/ PSS) ve DMSS 2.8mm sabit lens (4mm opsiyonel) Maks.&nbsp;IR LED&rsquo;ler Uzunluk 80m Mikro SD Bellek, IP67, IK10, PoE Dahua IPC-HFW4831TP-ASE-0280B Teknik &Ouml;zellikleri Kamera G&ouml;r&uuml;nt&uuml; Sens&ouml;r&uuml; [&#8230;]\n","protected":false},"featured_media":598,"comment_status":"closed","ping_status":"closed","template":"","meta":[],"_links":{"self":[{"href":"https:\/\/nilbilisim.com.tr\/magaza\/wp-json\/wp\/v2\/product\/597"}],"collection":[{"href":"https:\/\/nilbilisim.com.tr\/magaza\/wp-json\/wp\/v2\/product"}],"about":[{"href":"https:\/\/nilbilisim.com.tr\/magaza\/wp-json\/wp\/v2\/types\/product"}],"replies":[{"embeddable":true,"href":"https:\/\/nilbilisim.com.tr\/magaza\/wp-json\/wp\/v2\/comments?post=597"}],"wp:featuredmedia":[{"embeddable":true,"href":"https:\/\/nilbilisim.com.tr\/magaza\/wp-json\/wp\/v2\/media\/598"}],"wp:attachment":[{"href":"https:\/\/nilbilisim.com.tr\/magaza\/wp-json\/wp\/v2\/media?parent=597"}],"curies":[{"name":"wp","href":"https:\/\/api.w.org\/{rel}","templated":true}]}}