{"id":599,"date":"2021-01-18T20:06:48","date_gmt":"2021-01-18T20:06:48","guid":{"rendered":"https:\/\/nilbilisim.com.tr\/magaza\/urun\/dahua-ipc-hfw5831ep-ze-8mp-wdr-ir-bullet-network-kamera\/"},"modified":"2024-07-01T01:42:15","modified_gmt":"2024-06-30T22:42:15","slug":"dahua-ipc-hfw5831ep-ze-8mp-wdr-ir-bullet-network-kamera","status":"publish","type":"product","link":"https:\/\/nilbilisim.com.tr\/magaza\/urun\/dahua-ipc-hfw5831ep-ze-8mp-wdr-ir-bullet-network-kamera\/","title":{"rendered":"Dahua IPC-HFW5831EP-ZE 8MP WDR IR Bullet Network Kamera"},"content":{"rendered":"<ul>\n<li>1\/2.5&rdquo; 8Megapiksel progresif tarama STARVIS&trade; CMOS<\/li>\n<li>H.265&amp;H.264 dual-stream kodlama<\/li>\n<li>15fps@4K(3840&times;2160),25\/30fps@3Mp(2304&times;1296)<\/li>\n<li>G&uuml;nd&uuml;z \/ Gece (ICR), 3DNR , AWB, AGC, BLC<\/li>\n<li>&Ccedil;oklu network izleme: Web g&ouml;r&uuml;nt&uuml;leyici, CMS (DSS \/ PSS) ve DMSS<\/li>\n<li>2.7mm&nbsp;~ 12mm motorize lens<\/li>\n<li>Maks.&nbsp;IR LED&rsquo;ler Uzunluk 50m<\/li>\n<li>Micro SD bellek, IP67, IK10, PoE<\/li>\n<\/ul>\n<table border=\"1\" cellpadding=\"5\" cellspacing=\"1\" id=\"table001\">\n<tbody>\n<tr>\n<td colspan=\"2\"><strong>Dahua IPC-HFW5831EP-ZE Teknik &Ouml;zellikleri<\/strong><\/td>\n<\/tr>\n<tr>\n<td colspan=\"2\"><strong>Kamera<\/strong><\/td>\n<\/tr>\n<tr>\n<td>G&ouml;r&uuml;nt&uuml; Sens&ouml;r&uuml;<\/td>\n<td>1\/2.5&rdquo;&nbsp;8Megapiksel progressive tarama CMOS<\/td>\n<\/tr>\n<tr>\n<td>Efekif Piksel<\/td>\n<td>3840 (H) x 2160 (V)<\/td>\n<\/tr>\n<tr>\n<td>RAM \/ ROM<\/td>\n<td>512\/32 MB<\/td>\n<\/tr>\n<tr>\n<td>Tarama Sistemi<\/td>\n<td>Progresif<\/td>\n<\/tr>\n<tr>\n<td>Elektronik Shutter H\u0131z\u0131<\/td>\n<td>Otomatik \/ Manuel, 1\/3 ~ 1\/100000<\/td>\n<\/tr>\n<tr>\n<td>Minimum Ayd\u0131nlatma<\/td>\n<td>0.05Lux \/ F1.4 (Renkli, 1 \/ 3s, 30IRE)<\/p>\n<p>&nbsp;<\/p>\n<p>0.2Lux \/ F1.4 (Renkli, 1 \/ 30s, 30IRE)<\/p>\n<p>0Lux \/ F1.4 (IR)<\/p>\n<\/td>\n<\/tr>\n<tr>\n<td>S \/ N Oran\u0131<\/td>\n<td>50 dB&rsquo;den fazla<\/td>\n<\/tr>\n<tr>\n<td>IR Mesafesi<\/td>\n<td>50m&rsquo;ye kadar mesafe (164ft)<\/td>\n<\/tr>\n<tr>\n<td>IR A&ccedil;\u0131k \/ Kapal\u0131 Kontrol<\/td>\n<td>Otomatik \/ Manuel<\/td>\n<\/tr>\n<tr>\n<td>IR LED<\/td>\n<td>4<\/td>\n<\/tr>\n<tr>\n<td colspan=\"2\"><strong>Lens<\/strong><\/td>\n<\/tr>\n<tr>\n<td>Lens Tipi<\/td>\n<td>Motorize \/ Otomatik \u0130ris (DC)<\/td>\n<\/tr>\n<tr>\n<td>Montaj Tipi<\/td>\n<td>Board-in<\/td>\n<\/tr>\n<tr>\n<td>Odak Uzakl\u0131\u011f\u0131<\/td>\n<td>2,7 ~ 12 mm<\/td>\n<\/tr>\n<tr>\n<td>Maks. A&ccedil;\u0131kl\u0131k<\/td>\n<td>F1.4<\/td>\n<\/tr>\n<tr>\n<td>G&ouml;r&uuml;\u015f A&ccedil;\u0131s\u0131<\/td>\n<td>H: 110 &deg; ~ 40 &deg;, V: 58 &deg; ~ 23 &deg;<\/td>\n<\/tr>\n<tr>\n<td>Optik Zoom<\/td>\n<td>4x<\/td>\n<\/tr>\n<tr>\n<td>Netlik Ayar\u0131<\/td>\n<td>Motorize<\/td>\n<\/tr>\n<tr>\n<td>Odak Mesafesini Kapatma<\/td>\n<td>0,3 m<\/td>\n<\/tr>\n<tr>\n<td><strong>Pan \/ Tilt \/ D&ouml;nd&uuml;rme<\/strong><\/td>\n<td>&nbsp;<\/td>\n<\/tr>\n<tr>\n<td>Pan \/ Tilt \/ D&ouml;nd&uuml;rme<\/td>\n<td>Pan: 0\u02da ~ 360\u02da; Tilt: 0\u02da ~ 90\u02da; D&ouml;nd&uuml;rme: 0\u02da ~ 360\u02da<\/td>\n<\/tr>\n<tr>\n<td><strong>Ak\u0131ll\u0131 Fonksiyonlar<\/strong><\/td>\n<td>&nbsp;<\/td>\n<\/tr>\n<tr>\n<td>IVS<\/td>\n<td>Tripwire, Davetsiz Misafir, Terkedilmi\u015f \/ Kay\u0131p Nesne<\/td>\n<\/tr>\n<tr>\n<td>Geli\u015fmi\u015f Ak\u0131ll\u0131 Fonksiyonlar<\/td>\n<td>Y&uuml;z tan\u0131ma<\/td>\n<\/tr>\n<tr>\n<td colspan=\"2\"><strong>Video<\/strong><\/td>\n<\/tr>\n<tr>\n<td>S\u0131k\u0131\u015ft\u0131rma<\/td>\n<td>H.265 + \/ H.265 \/ H.264 + \/ H.264<\/td>\n<\/tr>\n<tr>\n<td>G&ouml;r&uuml;nt&uuml; Ak\u0131\u015f Kapasitesi<\/td>\n<td>3&rsquo;l&uuml; ak\u0131\u015f<\/td>\n<\/tr>\n<tr>\n<td>&Ccedil;&ouml;z&uuml;n&uuml;rl&uuml;k<\/td>\n<td>4K (3840 x 2160) \/ 6M (3072 &times; 2048) \/ 5M (3072&times;1728) \/ 5M (2592 x 1944) \/ 4M (2688 x 1520) \/ 3M (2048&times;1536) \/ 3M (2304 x 1296) \/ 1080P (1920 x 1080) ) \/ 1, 3M (1280&times;960) \/ 720P (1280 x 720) \/ D1 (704 x 576\/704 x 480) \/<\/p>\n<p>&nbsp;<\/p>\n<p>VGA (640 &times; 480) \/ CIF (352 &times; 288\/352 &times; 240)<\/p>\n<\/td>\n<\/tr>\n<tr>\n<td>Frame Oran\u0131<\/td>\n<td>Ana Ak\u0131m: 4K (1 ~ 15fps) \/ 3M (1 ~ 25 \/ 30fps)<\/p>\n<p>&nbsp;<\/p>\n<p>Alt Ak\u0131\u015f: D1 (1 ~ 25 \/ 30fps)<\/p>\n<p>&Uuml;&ccedil;&uuml;nc&uuml; Ak\u0131\u015f: 720P (1 ~ 25 \/ 30fps)<\/p>\n<\/td>\n<\/tr>\n<tr>\n<td>Bit H\u0131z\u0131 Kontrol&uuml;<\/td>\n<td>CBR \/ VBR<\/td>\n<\/tr>\n<tr>\n<td>Bit H\u0131z\u0131<\/td>\n<td>H.264: 24K-10240Kbps H.265: 14K-9984Kbps<\/td>\n<\/tr>\n<tr>\n<td>G&uuml;nd&uuml;z \/ Gece<\/td>\n<td>Otomatik (ICR) \/ Renkli \/ S \/ B<\/td>\n<\/tr>\n<\/tbody>\n<\/table>\n<table border=\"1\" cellpadding=\"5\" cellspacing=\"1\" id=\"table002\">\n<tbody>\n<tr>\n<td>BLC Modu<\/td>\n<td>BLC \/ HLC \/ WDR<\/td>\n<\/tr>\n<tr>\n<td>Beyaz Dengesi<\/td>\n<td>Otomatik \/ Do\u011fal \/ Sokak Lambas\u0131 \/ A&ccedil;\u0131k \/ Manuel<\/td>\n<\/tr>\n<tr>\n<td>Kazan&ccedil; Kontrol&uuml;<\/td>\n<td>Otomatik \/ Manuel<\/td>\n<\/tr>\n<tr>\n<td>Parazit Azaltma<\/td>\n<td>3D DNR<\/td>\n<\/tr>\n<tr>\n<td>Hareket Alg\u0131lama<\/td>\n<td>Kapal\u0131 \/ A&ccedil;\u0131k (4 B&ouml;lge, Dikd&ouml;rtgen)<\/td>\n<\/tr>\n<tr>\n<td>ROI<\/td>\n<td>Kapal\u0131 \/ A&ccedil;\u0131k (4 B&ouml;lge)<\/td>\n<\/tr>\n<tr>\n<td>Elektronik G&ouml;r&uuml;nt&uuml;<\/td>\n<td>&ndash;<\/td>\n<\/tr>\n<tr>\n<td>Ak\u0131ll\u0131 IR<\/td>\n<td>Mevcut<\/td>\n<\/tr>\n<tr>\n<td>Ultra Defog (Anti Sis)<\/td>\n<td>&ndash;<\/td>\n<\/tr>\n<tr>\n<td>Dijital Zoom<\/td>\n<td>16x<\/td>\n<\/tr>\n<tr>\n<td>Flip<\/td>\n<td>0&deg;\/90&deg;\/180&deg;\/270&deg;<\/td>\n<\/tr>\n<tr>\n<td>Mirror<\/td>\n<td>Kapal\u0131 \/ A&ccedil;\u0131k<\/td>\n<\/tr>\n<tr>\n<td>&Ouml;zel Alan Maskelemesi<\/td>\n<td>Kapal\u0131 \/ A&ccedil;\u0131k (4 Alan, Dikd&ouml;rtgen)<\/td>\n<\/tr>\n<tr>\n<td colspan=\"2\"><strong>Ses<\/strong><\/td>\n<\/tr>\n<tr>\n<td>S\u0131k\u0131\u015ft\u0131rma<\/td>\n<td>G.711a \/ G.711Mu \/ AAC \/ G.726<\/td>\n<\/tr>\n<tr>\n<td colspan=\"2\"><strong>Network<\/strong><\/td>\n<\/tr>\n<tr>\n<td>Ethernet<\/td>\n<td>RJ-45 (10 \/ 100Base-T)<\/td>\n<\/tr>\n<tr>\n<td>Protokol<\/td>\n<td>HTTP;&nbsp;HTTPS;&nbsp;TCP;&nbsp;ARP;&nbsp;RTSP;&nbsp;RTP;&nbsp;UDP;&nbsp;SMTP;<\/p>\n<p>&nbsp;<\/p>\n<p>FTP;&nbsp;DHCP;&nbsp;DNS;&nbsp;DDNS;&nbsp;PPPOE;&nbsp;IPv4 \/ v6;&nbsp;QoS;<\/p>\n<p>UPnP; NTP;&nbsp;Bonjour;&nbsp;802.1 x;&nbsp;&Ccedil;oklu Yay\u0131n;&nbsp;ICMP;<\/p>\n<p>IGMP;&nbsp;SNMP<\/p>\n<\/td>\n<\/tr>\n<tr>\n<td>ONVIF<\/td>\n<td>ONVIF, PSIA, CGI<\/td>\n<\/tr>\n<tr>\n<td>Ak\u0131\u015f Y&ouml;ntemi<\/td>\n<td>Tekli \/ &Ccedil;oklu<\/td>\n<\/tr>\n<tr>\n<td>Maks. Kullan\u0131c\u0131 Eri\u015fimi<\/td>\n<td>10 Kullan\u0131c\u0131 \/ 20 Kullan\u0131c\u0131<\/td>\n<\/tr>\n<tr>\n<td>Direkt Depolama<\/td>\n<td>NAS<\/p>\n<p>&nbsp;<\/p>\n<p>Anl\u0131k kay\u0131t i&ccedil;in yerel bilgisayar<\/p>\n<p>Mikro SD Kart 128GB<\/p>\n<\/td>\n<\/tr>\n<tr>\n<td>Web G&ouml;r&uuml;nt&uuml;leyici<\/td>\n<td>IE, Chrome, Firefox, Safari<\/td>\n<\/tr>\n<tr>\n<td>Yaz\u0131l\u0131m Y&ouml;netimi<\/td>\n<td>Ak\u0131ll\u0131 PSS, DSS, Easy4ip<\/td>\n<\/tr>\n<tr>\n<td>Ak\u0131ll\u0131 Telefon<\/td>\n<td>IOS, Android<\/td>\n<\/tr>\n<tr>\n<td><strong>Sertifikalar<\/strong><\/td>\n<td>&nbsp;<\/td>\n<\/tr>\n<tr>\n<td>Sertifikalar<\/td>\n<td>CE (EN 60950: 2000)<\/p>\n<p>&nbsp;<\/p>\n<p>UL: UL60950-1<\/p>\n<p>FCC: FCC B&ouml;l&uuml;m 15 Alt B&ouml;l&uuml;m B<\/p>\n<\/td>\n<\/tr>\n<tr>\n<td colspan=\"2\"><strong>Aray&uuml;z<\/strong><\/td>\n<\/tr>\n<tr>\n<td>Video Aray&uuml;z&uuml;<\/td>\n<td>&ndash;<\/td>\n<\/tr>\n<tr>\n<td>Ses Aray&uuml;z&uuml;<\/td>\n<td>1\/1 kanal Giri\u015f \/ &Ccedil;\u0131k\u0131\u015f<\/td>\n<\/tr>\n<tr>\n<td>RS485<\/td>\n<td>&ndash;<\/td>\n<\/tr>\n<tr>\n<td>Alarm<\/td>\n<td>2 kanal In: 5mA 5VDC<\/p>\n<p>&nbsp;<\/p>\n<p>1 kanal &Ccedil;\u0131k\u0131\u015f: 300mA 12VDC<\/p>\n<\/td>\n<\/tr>\n<tr>\n<td colspan=\"2\"><strong>G&uuml;&ccedil;<\/strong><\/td>\n<\/tr>\n<tr>\n<td>G&uuml;&ccedil; Kayna\u011f\u0131<\/td>\n<td>DC12V, PoE (802.3af)<\/td>\n<\/tr>\n<tr>\n<td>G&uuml;&ccedil; T&uuml;ketimi<\/td>\n<td>&lt;12.95W<\/td>\n<\/tr>\n<\/tbody>\n<\/table>\n<table border=\"1\" cellpadding=\"5\" cellspacing=\"1\" id=\"table003\">\n<tbody>\n<tr>\n<td colspan=\"2\"><strong>&Ccedil;evre Ko\u015fullar\u0131<\/strong><\/td>\n<\/tr>\n<tr>\n<td>&Ccedil;al\u0131\u015fma Ko\u015fullar\u0131<\/td>\n<td>-30 &deg; C ~ + 60 &deg; C (-22 &deg; F ~ + 140 &deg; F) \/% 95&rsquo;ten az RH<\/td>\n<\/tr>\n<tr>\n<td>Dayan\u0131kl\u0131l\u0131k Ko\u015fullar\u0131<\/td>\n<td>-30 &deg; C ~ + 60 &deg; C (-22 &deg; F ~ + 140 &deg; F) \/% 95&rsquo;ten az RH<\/td>\n<\/tr>\n<tr>\n<td>Koruma Sertifikas\u0131<\/td>\n<td>IP67<\/td>\n<\/tr>\n<tr>\n<td>Dayan\u0131kl\u0131l\u0131k Sertifikas\u0131<\/td>\n<td>IK10<\/td>\n<\/tr>\n<tr>\n<td colspan=\"2\"><strong>Kasa<\/strong><\/td>\n<\/tr>\n<tr>\n<td>Kasa<\/td>\n<td>Metal<\/td>\n<\/tr>\n<tr>\n<td>Boyutlar<\/td>\n<td>273.2mm &times; 95.0mm &times; 95.0mm<\/td>\n<\/tr>\n<tr>\n<td>Net A\u011f\u0131rl\u0131k<\/td>\n<td>1.11Kg<\/td>\n<\/tr>\n<\/tbody>\n<\/table>\n<p>&nbsp;<\/p>\n<p><img loading=\"lazy\" alt=\"\" height=\"174\" sizes=\"(max-width: 457px) 100vw, 457px\" src=\"https:\/\/www.okisan.com\/wp-content\/uploads\/2019\/01\/boyutlar-9.png\" srcset=\"https:\/\/www.okisan.com\/wp-content\/uploads\/2019\/01\/boyutlar-9-120x46.png 120w, https:\/\/www.okisan.com\/wp-content\/uploads\/2019\/01\/boyutlar-9-150x57.png 150w, https:\/\/www.okisan.com\/wp-content\/uploads\/2019\/01\/boyutlar-9-200x76.png 200w, https:\/\/www.okisan.com\/wp-content\/uploads\/2019\/01\/boyutlar-9-300x114.png 300w, https:\/\/www.okisan.com\/wp-content\/uploads\/2019\/01\/boyutlar-9-400x152.png 400w, https:\/\/www.okisan.com\/wp-content\/uploads\/2019\/01\/boyutlar-9.png 457w\" width=\"457\" \/><img loading=\"lazy\" alt=\"\" height=\"421\" sizes=\"(max-width: 500px) 100vw, 500px\" src=\"https:\/\/www.okisan.com\/wp-content\/uploads\/2019\/01\/aksesuarlar-5-500x421.png\" srcset=\"https:\/\/www.okisan.com\/wp-content\/uploads\/2019\/01\/aksesuarlar-5-120x101.png 120w, https:\/\/www.okisan.com\/wp-content\/uploads\/2019\/01\/aksesuarlar-5-150x126.png 150w, https:\/\/www.okisan.com\/wp-content\/uploads\/2019\/01\/aksesuarlar-5-200x168.png 200w, https:\/\/www.okisan.com\/wp-content\/uploads\/2019\/01\/aksesuarlar-5-300x253.png 300w, https:\/\/www.okisan.com\/wp-content\/uploads\/2019\/01\/aksesuarlar-5-400x337.png 400w, https:\/\/www.okisan.com\/wp-content\/uploads\/2019\/01\/aksesuarlar-5-500x421.png 500w, https:\/\/www.okisan.com\/wp-content\/uploads\/2019\/01\/aksesuarlar-5.png 519w\" width=\"500\" \/><\/p>\n","protected":false},"excerpt":{"rendered":"<p>1\/2.5&rdquo; 8Megapiksel progresif tarama STARVIS&trade; CMOS H.265&amp;H.264 dual-stream kodlama 15fps@4K(3840&times;2160),25\/30fps@3Mp(2304&times;1296) G&uuml;nd&uuml;z \/ Gece (ICR), 3DNR , AWB, AGC, BLC &Ccedil;oklu network izleme: Web g&ouml;r&uuml;nt&uuml;leyici, CMS (DSS \/ PSS) ve DMSS 2.7mm&nbsp;~ 12mm motorize lens Maks.&nbsp;IR LED&rsquo;ler Uzunluk 50m Micro SD bellek, IP67, IK10, PoE Dahua IPC-HFW5831EP-ZE Teknik &Ouml;zellikleri Kamera G&ouml;r&uuml;nt&uuml; Sens&ouml;r&uuml; 1\/2.5&rdquo;&nbsp;8Megapiksel progressive tarama CMOS [&#8230;]\n","protected":false},"featured_media":600,"comment_status":"closed","ping_status":"closed","template":"","meta":[],"_links":{"self":[{"href":"https:\/\/nilbilisim.com.tr\/magaza\/wp-json\/wp\/v2\/product\/599"}],"collection":[{"href":"https:\/\/nilbilisim.com.tr\/magaza\/wp-json\/wp\/v2\/product"}],"about":[{"href":"https:\/\/nilbilisim.com.tr\/magaza\/wp-json\/wp\/v2\/types\/product"}],"replies":[{"embeddable":true,"href":"https:\/\/nilbilisim.com.tr\/magaza\/wp-json\/wp\/v2\/comments?post=599"}],"wp:featuredmedia":[{"embeddable":true,"href":"https:\/\/nilbilisim.com.tr\/magaza\/wp-json\/wp\/v2\/media\/600"}],"wp:attachment":[{"href":"https:\/\/nilbilisim.com.tr\/magaza\/wp-json\/wp\/v2\/media?parent=599"}],"curies":[{"name":"wp","href":"https:\/\/api.w.org\/{rel}","templated":true}]}}