{"id":603,"date":"2021-01-18T20:07:29","date_gmt":"2021-01-18T20:07:29","guid":{"rendered":"https:\/\/nilbilisim.com.tr\/magaza\/urun\/dahua-ipc-hdbw5830ep-z-8mp-ir-dome-network-kamera\/"},"modified":"2024-07-01T01:42:15","modified_gmt":"2024-06-30T22:42:15","slug":"dahua-ipc-hdbw5830ep-z-8mp-ir-dome-network-kamera","status":"publish","type":"product","link":"https:\/\/nilbilisim.com.tr\/magaza\/urun\/dahua-ipc-hdbw5830ep-z-8mp-ir-dome-network-kamera\/","title":{"rendered":"Dahua IPC-HDBW5830EP-Z 8MP IR Dome Network Kamera"},"content":{"rendered":"<p>8 MP Ultra HD Waterproof IR Dome IP Kamera 2.7- 12 mm Motorize Zoom Lens, 1\/2.5&quot; 8 MP Progressive Scan CMOS, 15fps@4K(3840&#215;2160), 30fps@3Mp (2304&times;1296), H.265\/H.264\/MJPEG codec, Renklide 0.05Lux\/F1.4, IR a&ccedil;\u0131kken 0Lux\/F1.4, &Ccedil;oklu Network G&ouml;r&uuml;nt&uuml;lemeD-WDR, Day\/Night(ICR), AWB, AGC, BLC, 3D-DNR, Flip, Mirror, Privacy Masking, Y&uuml;z Alg\u0131lama, Dikenli Tel \u0130hlali Tespiti, Sald\u0131r\u0131 Tespiti, Sahne De\u011fi\u015fimi Alg\u0131lama, Kay\u0131p\/Unutulmu\u015f E\u015fya Alg\u0131lama, Ses Alg\u0131lama. 1&#215;1 ses,2&#215;1 Alarm, IR LED G.Mesafesi: 50m, 1xRJ45(100 Base T), Ak\u0131ll\u0131 IR, 128Gb Micro SD Memory, IP67, IK10, PoE<\/p>\n<table border=\"1\" cellpadding=\"5\" cellspacing=\"1\" id=\"table001\">\n<tbody>\n<tr>\n<td colspan=\"2\"><strong>Dahua IPC-HDBW5830EP-Z Teknik &Ouml;zellikleri<\/strong><\/td>\n<\/tr>\n<tr>\n<td colspan=\"2\"><strong>Kamera<\/strong><\/td>\n<\/tr>\n<tr>\n<td>G&ouml;r&uuml;nt&uuml; Sens&ouml;r&uuml;<\/td>\n<td>1 \/ 2.5 &ldquo;8Megapiksel progresif tarama CMOS<\/td>\n<\/tr>\n<tr>\n<td>Efektif Piksel<\/td>\n<td>3840 (H) x2160 (V)<\/td>\n<\/tr>\n<tr>\n<td>RAM \/ ROM<\/td>\n<td>512MB \/ 32MB<\/td>\n<\/tr>\n<tr>\n<td>Tarama Sistemi<\/td>\n<td>Progresif<\/td>\n<\/tr>\n<tr>\n<td>Elektronik Shutter H\u0131z\u0131<\/td>\n<td>Otomatik \/ Manuel, 1\/3 ~ 1 \/ 100000s<\/td>\n<\/tr>\n<tr>\n<td>Minimum Ayd\u0131nlatma<\/td>\n<td>0.05Lux \/ F1.4 (Renkli, 1 \/ 3s, 30IRE)<\/p>\n<p>&nbsp;<\/p>\n<p>0.2Lux \/ F1.4 (Renkli, 1 \/ 30s, 30IRE)<\/p>\n<p>0Lux \/ F1.4 (IR)<\/p>\n<\/td>\n<\/tr>\n<tr>\n<td>S \/ N Oran\u0131<\/td>\n<td>50dB&rsquo;den fazla<\/td>\n<\/tr>\n<tr>\n<td>IR Mesafesi<\/td>\n<td>50m&rsquo;ye (164ft) kadar mesafe<\/td>\n<\/tr>\n<tr>\n<td>IR A&ccedil;\u0131k \/ Kapal\u0131 Kontrol<\/td>\n<td>Otomatik \/ Manuel<\/td>\n<\/tr>\n<tr>\n<td>IR LED<\/td>\n<td>3<\/td>\n<\/tr>\n<tr>\n<td colspan=\"2\"><strong>Lens<\/strong><\/td>\n<\/tr>\n<tr>\n<td>Lens Tipi<\/td>\n<td>Motorize\/ Otomatik \u0130ris (DC)<\/td>\n<\/tr>\n<tr>\n<td>Montaj Tipi<\/td>\n<td>Board-in<\/td>\n<\/tr>\n<tr>\n<td>Odak Uzakl\u0131\u011f\u0131<\/td>\n<td>2.7mm ~ 12mm<\/td>\n<\/tr>\n<tr>\n<td>Maks. A&ccedil;\u0131kl\u0131k<\/td>\n<td>F1.4<\/td>\n<\/tr>\n<tr>\n<td>G&ouml;r&uuml;\u015f A&ccedil;\u0131s\u0131<\/td>\n<td>H: 102 &deg; ~ 39 &deg;, V: 55 &deg; ~ 22 &deg;<\/td>\n<\/tr>\n<tr>\n<td>Optik Zoom<\/td>\n<td>4x<\/td>\n<\/tr>\n<tr>\n<td>Netlik Ayar\u0131<\/td>\n<td>Motorize<\/td>\n<\/tr>\n<tr>\n<td>Yak\u0131n Odak Mesafesi<\/td>\n<td>0.3 m<\/td>\n<\/tr>\n<tr>\n<td colspan=\"2\"><strong>Pan \/ Tilt \/ D&ouml;nd&uuml;rme<\/strong><\/td>\n<\/tr>\n<tr>\n<td>Pan \/ Tilt \/ D&ouml;nd&uuml;rme<\/td>\n<td>Soldan sa\u011fa: 0 &deg; ~ 355 &deg;; yukardan a\u015fa\u011f\u0131 0 &deg; ~ 65 &deg;; Flip: 0 &deg; ~ 355 &deg; 3 Eksenli (3 Axis) y&ouml;n ayar\u0131 ve istenildi\u011fi gibi ayarlanabilme<\/td>\n<\/tr>\n<tr>\n<td colspan=\"2\"><strong>Ak\u0131ll\u0131 Fonksiyonlar<\/strong><\/td>\n<\/tr>\n<tr>\n<td>IVS (Opsiyonel)<\/td>\n<td>Tripwire, Sald\u0131r\u0131, Terk Nesneye \/ Eksik<\/td>\n<\/tr>\n<tr>\n<td>Geli\u015fmi\u015f Ak\u0131ll\u0131 Fonksiyonlar<\/td>\n<td>Y&uuml;z tan\u0131ma<\/td>\n<\/tr>\n<tr>\n<td colspan=\"2\"><strong>Video<\/strong><\/td>\n<\/tr>\n<tr>\n<td>S\u0131k\u0131\u015ft\u0131rma<\/td>\n<td>H.265 + \/ H.265 \/ H.264 + \/ H.264<\/td>\n<\/tr>\n<tr>\n<td>G&ouml;r&uuml;nt&uuml; Ak\u0131\u015f Kapasitesi<\/td>\n<td>3&rsquo;l&uuml; ak\u0131\u015f kapasitesi<\/td>\n<\/tr>\n<tr>\n<td>&Ccedil;&ouml;z&uuml;n&uuml;rl&uuml;k<\/td>\n<td>4K (3840 x 2160) \/ 6M (3072 x = 2048) \/ 5M (x 1920 2560) \/<\/p>\n<p>&nbsp;<\/p>\n<p>3M (2048&times;1536) \/ 3M (x 1296 2304) \/<\/p>\n<p>1080P (1920 &times; 1080) \/1.3M (1280&times;960) \/<\/p>\n<p>720P (1280 &times; 720) \/ D1 (704 &times; 576\/704 &times; 480) \/ VGA (640 &times; 480) \/ CIF (352 &times; 288\/352 &times; 240)<\/p>\n<\/td>\n<\/tr>\n<tr>\n<td rowspan=\"3\">Frame Oran\u0131<\/td>\n<td>Ana Ak\u0131\u015f: 4K (1 ~ 15fps) \/ 3M (1 ~ 25 \/ 30fps)<\/td>\n<\/tr>\n<tr>\n<td>Alt Ak\u0131\u015f: D1 (1 ~ 25 \/ 30fps)<\/td>\n<\/tr>\n<tr>\n<td>&Uuml;&ccedil;&uuml;nc&uuml; Ak\u0131\u015f: 720P (1 ~ 25 \/ 30fps)<\/td>\n<\/tr>\n<tr>\n<td>Bit H\u0131z\u0131 Kontrol&uuml;<\/td>\n<td>CBR \/ VBR<\/td>\n<\/tr>\n<tr>\n<td>Bit H\u0131z\u0131<\/td>\n<td>H.264: 24K ~ 10240Kbps<\/p>\n<p>&nbsp;<\/p>\n<p>H.265: 14K ~ 9984Kbps<\/p>\n<\/td>\n<\/tr>\n<tr>\n<td>G&uuml;nd&uuml;z \/ Gece<\/td>\n<td>Otomatik (ICR) \/ Renkli \/ S \/ B<\/td>\n<\/tr>\n<tr>\n<td>BLC Modu<\/td>\n<td>BLC \/ HLC \/ DWDR<\/td>\n<\/tr>\n<\/tbody>\n<\/table>\n<table border=\"1\" cellpadding=\"5\" cellspacing=\"1\" id=\"table002\">\n<tbody>\n<tr>\n<td>Beyaz Dengesi<\/td>\n<td>Otomatik \/ Do\u011fal \/ Sokak Ayd\u0131nlatmas\u0131\/ A&ccedil;\u0131k \/ Manuel<\/td>\n<\/tr>\n<tr>\n<td>Kazan&ccedil; Kontrol&uuml;<\/td>\n<td>Otomatik \/ Manuel<\/td>\n<\/tr>\n<tr>\n<td>Parazit Azaltma<\/td>\n<td>3D DNR<\/td>\n<\/tr>\n<tr>\n<td>Hareket Alg\u0131lama<\/td>\n<td>Kapal\u0131 \/ A&ccedil;\u0131k (4 B&ouml;lge, Dikd&ouml;rtgen)<\/td>\n<\/tr>\n<tr>\n<td>\u0130lgili Alan<\/td>\n<td>(4 B&ouml;lge) A&ccedil;\u0131k \/ Kapal\u0131<\/td>\n<\/tr>\n<tr>\n<td>Elektronik G&ouml;r&uuml;nt&uuml; Sabitleme (EIS)<\/td>\n<td>&ndash;<\/td>\n<\/tr>\n<tr>\n<td>Ak\u0131ll\u0131 IR<\/td>\n<td>Mevcut<\/td>\n<\/tr>\n<tr>\n<td>Ultra Defog (Anti-Sis)<\/td>\n<td>&ndash;<\/td>\n<\/tr>\n<tr>\n<td>Dijital Zoom<\/td>\n<td>16x<\/td>\n<\/tr>\n<tr>\n<td>Flip<\/td>\n<td>0 &deg; \/ 90 &deg; \/ 180 &deg; \/ 270 &deg;<\/td>\n<\/tr>\n<tr>\n<td>Mirror<\/td>\n<td>Kapal\u0131 \/ A&ccedil;\u0131k<\/td>\n<\/tr>\n<tr>\n<td>&Ouml;zel Alan Maskelemesi<\/td>\n<td>Kapal\u0131 \/ A&ccedil;\u0131k (4 Alan, Dikd&ouml;rtgen)<\/td>\n<\/tr>\n<tr>\n<td colspan=\"2\"><strong>Ses<\/strong><\/td>\n<\/tr>\n<tr>\n<td>S\u0131k\u0131\u015ft\u0131rma<\/td>\n<td>G.711a \/ G.711Mu \/ AAC \/ G.726<\/td>\n<\/tr>\n<tr>\n<td colspan=\"2\"><strong>Network<\/strong><\/td>\n<\/tr>\n<tr>\n<td>Ethernet<\/td>\n<td>RJ-45 (10 \/ 100Base-T)<\/td>\n<\/tr>\n<tr>\n<td>Protokol<\/td>\n<td>HTTP; HTTPS; TCP; ARP; RTSP; RTP; UDP; SMTP; FTP; DHCP; DNS; DDNS; PPPOE; IPv4 \/ v6; QoS; UPnP; NTP; Bonjour; 802.1 x; &Ccedil;oklu Yay\u0131n; ICMP; IGMP; SNMP<\/td>\n<\/tr>\n<tr>\n<td>ONVIF<\/td>\n<td>ONVIF, psiA, CGI<\/td>\n<\/tr>\n<tr>\n<td>Ak\u0131\u015f Y&ouml;ntemi<\/td>\n<td>Tekli \/ &Ccedil;oklu<\/td>\n<\/tr>\n<tr>\n<td>Maks. Kullan\u0131c\u0131 Eri\u015fimi<\/td>\n<td>10 Kullan\u0131c\u0131 \/ 20 Kullan\u0131c\u0131<\/td>\n<\/tr>\n<tr>\n<td>Direkt Depolama<\/td>\n<td>NAS<\/p>\n<p>&nbsp;<\/p>\n<p>An\u0131nda kay\u0131t i&ccedil;in Yerel PC<\/p>\n<p>Mirco SD kart 128GB<\/p>\n<\/td>\n<\/tr>\n<tr>\n<td>Web G&ouml;r&uuml;nt&uuml;leyici<\/td>\n<td>IE, Chrome, Firefox, Safari<\/td>\n<\/tr>\n<tr>\n<td>Yaz\u0131l\u0131m Y&ouml;netimi<\/td>\n<td>Ak\u0131ll\u0131 PSS, DSS, Easy4ip<\/td>\n<\/tr>\n<tr>\n<td>Ak\u0131ll\u0131 Telefon<\/td>\n<td>IOS, Android<\/td>\n<\/tr>\n<tr>\n<td colspan=\"2\"><strong>Sertifikalar<\/strong><\/td>\n<\/tr>\n<tr>\n<td>Sertifikalar<\/td>\n<td>CE (: 2000 EN 60950)<\/p>\n<p>&nbsp;<\/p>\n<p>UL: UL60950-1<\/p>\n<p>FCC: FCC B&ouml;l&uuml;m 15 Alt B<\/p>\n<\/td>\n<\/tr>\n<tr>\n<td colspan=\"2\"><strong>Aray&uuml;z<\/strong><\/td>\n<\/tr>\n<tr>\n<td>Video Aray&uuml;z&uuml;<\/td>\n<td>1 Port (Sadece ayarlama i&ccedil;in)<\/td>\n<\/tr>\n<tr>\n<td>Ses Aray&uuml;z&uuml;<\/td>\n<td>1\/1 kanal Giri\u015f \/ &ccedil;\u0131k\u0131\u015f<\/td>\n<\/tr>\n<tr>\n<td>RS485<\/td>\n<td>&ndash;<\/td>\n<\/tr>\n<tr>\n<td>Alarm<\/td>\n<td>1 kanal Giri\u015f: 5mA 5VDC<\/p>\n<p>&nbsp;<\/p>\n<p>1 kanal &Ccedil;\u0131k\u0131\u015f: 300mA 12VDC<\/p>\n<\/td>\n<\/tr>\n<tr>\n<td colspan=\"2\"><strong>G&uuml;&ccedil;<\/strong><\/td>\n<\/tr>\n<tr>\n<td>G&uuml;&ccedil; Kayna\u011f\u0131<\/td>\n<td>DC12V, AC24V, PoE (802.3af)<\/td>\n<\/tr>\n<tr>\n<td>G&uuml;&ccedil; T&uuml;ketimi<\/td>\n<td>&lt;12.5W<\/td>\n<\/tr>\n<\/tbody>\n<\/table>\n<table border=\"1\" cellpadding=\"5\" cellspacing=\"1\" id=\"table004\">\n<tbody>\n<tr>\n<td colspan=\"2\"><strong>&Ccedil;evre Ko\u015fullar\u0131<\/strong><\/td>\n<\/tr>\n<tr>\n<td>&Ccedil;al\u0131\u015fma Ko\u015fullar\u0131<\/td>\n<td>-30 &deg; C ~ + 60 &deg; C (-22 &deg; F ~ + 140 &deg; F) \/ az% 95 RH<\/td>\n<\/tr>\n<tr>\n<td>Dayan\u0131kl\u0131l\u0131k&nbsp; Ko\u015fullar\u0131<\/td>\n<td>-30 &deg; C ~ + 60 &deg; C (-22 &deg; F ~ + 140 &deg; F) \/ az% 95 RH<\/td>\n<\/tr>\n<tr>\n<td>Koruma Sertifikas\u0131<\/td>\n<td>IP67<\/td>\n<\/tr>\n<tr>\n<td>Dayan\u0131kl\u0131l\u0131k Sertifikas\u0131<\/td>\n<td>IK10<\/td>\n<\/tr>\n<tr>\n<td colspan=\"2\"><strong>Kasa<\/strong><\/td>\n<\/tr>\n<tr>\n<td>Kasa<\/td>\n<td>Metal<\/td>\n<\/tr>\n<tr>\n<td>Boyutlar<\/td>\n<td>117.9mm x &Phi;159.1mm<\/td>\n<\/tr>\n<tr>\n<td>Net A\u011f\u0131rl\u0131k<\/td>\n<td>0.89Kg<\/td>\n<\/tr>\n<\/tbody>\n<\/table>\n<p><img loading=\"lazy\" alt=\"ipc-hdbw5830e-z-boyutlar\" height=\"204\" sizes=\"(max-width: 500px) 100vw, 500px\" src=\"http:\/\/www.okisan.com\/wp-content\/uploads\/2016\/12\/IPC-HDBW5830E-Z-boyutlar-500x204.png\" srcset=\"https:\/\/www.okisan.com\/wp-content\/uploads\/2016\/12\/IPC-HDBW5830E-Z-boyutlar-120x49.png 120w, https:\/\/www.okisan.com\/wp-content\/uploads\/2016\/12\/IPC-HDBW5830E-Z-boyutlar-150x61.png 150w, https:\/\/www.okisan.com\/wp-content\/uploads\/2016\/12\/IPC-HDBW5830E-Z-boyutlar-200x82.png 200w, https:\/\/www.okisan.com\/wp-content\/uploads\/2016\/12\/IPC-HDBW5830E-Z-boyutlar-300x123.png 300w, https:\/\/www.okisan.com\/wp-content\/uploads\/2016\/12\/IPC-HDBW5830E-Z-boyutlar-400x163.png 400w, https:\/\/www.okisan.com\/wp-content\/uploads\/2016\/12\/IPC-HDBW5830E-Z-boyutlar-500x204.png 500w, https:\/\/www.okisan.com\/wp-content\/uploads\/2016\/12\/IPC-HDBW5830E-Z-boyutlar-600x245.png 600w, https:\/\/www.okisan.com\/wp-content\/uploads\/2016\/12\/IPC-HDBW5830E-Z-boyutlar-669x272.png 669w, https:\/\/www.okisan.com\/wp-content\/uploads\/2016\/12\/IPC-HDBW5830E-Z-boyutlar.png 688w\" width=\"500\" \/>&nbsp;<img loading=\"lazy\" alt=\"ipc-hdbw5830e-z-aksesuarlar\" height=\"323\" src=\"http:\/\/www.okisan.com\/wp-content\/uploads\/2016\/12\/IPC-HDBW5830E-Z-aksesuarlar-1-500x289.png\" width=\"543\" \/><\/p>\n<p>&nbsp;<\/p>\n","protected":false},"excerpt":{"rendered":"<p>8 MP Ultra HD Waterproof IR Dome IP Kamera 2.7- 12 mm Motorize Zoom Lens, 1\/2.5&quot; 8 MP Progressive Scan CMOS, 15fps@4K(3840&#215;2160), 30fps@3Mp (2304&times;1296), H.265\/H.264\/MJPEG codec, Renklide 0.05Lux\/F1.4, IR a&ccedil;\u0131kken 0Lux\/F1.4, &Ccedil;oklu Network G&ouml;r&uuml;nt&uuml;lemeD-WDR, Day\/Night(ICR), AWB, AGC, BLC, 3D-DNR, Flip, Mirror, Privacy Masking, Y&uuml;z Alg\u0131lama, Dikenli Tel \u0130hlali Tespiti, Sald\u0131r\u0131 Tespiti, Sahne De\u011fi\u015fimi Alg\u0131lama, Kay\u0131p\/Unutulmu\u015f [&#8230;]\n","protected":false},"featured_media":604,"comment_status":"closed","ping_status":"closed","template":"","meta":[],"_links":{"self":[{"href":"https:\/\/nilbilisim.com.tr\/magaza\/wp-json\/wp\/v2\/product\/603"}],"collection":[{"href":"https:\/\/nilbilisim.com.tr\/magaza\/wp-json\/wp\/v2\/product"}],"about":[{"href":"https:\/\/nilbilisim.com.tr\/magaza\/wp-json\/wp\/v2\/types\/product"}],"replies":[{"embeddable":true,"href":"https:\/\/nilbilisim.com.tr\/magaza\/wp-json\/wp\/v2\/comments?post=603"}],"wp:featuredmedia":[{"embeddable":true,"href":"https:\/\/nilbilisim.com.tr\/magaza\/wp-json\/wp\/v2\/media\/604"}],"wp:attachment":[{"href":"https:\/\/nilbilisim.com.tr\/magaza\/wp-json\/wp\/v2\/media?parent=603"}],"curies":[{"name":"wp","href":"https:\/\/api.w.org\/{rel}","templated":true}]}}