{"id":609,"date":"2021-01-18T20:07:52","date_gmt":"2021-01-18T20:07:52","guid":{"rendered":"https:\/\/nilbilisim.com.tr\/magaza\/urun\/dahua-ipc-c35p-3mp-c-serisi-wi-fi-network-bebek-ve-bakaca-kamerasa\/"},"modified":"2024-07-01T01:42:14","modified_gmt":"2024-06-30T22:42:14","slug":"dahua-ipc-c35p-3mp-c-serisi-wi-fi-network-bebek-ve-bakaca-kamerasa","status":"publish","type":"product","link":"https:\/\/nilbilisim.com.tr\/magaza\/urun\/dahua-ipc-c35p-3mp-c-serisi-wi-fi-network-bebek-ve-bakaca-kamerasa\/","title":{"rendered":"Dahua IPC-C35P 3MP C Serisi Wi-Fi Network Bebek ve Bak\u0131c\u0131 Kameras\u0131"},"content":{"rendered":"<ul>\n<li>1\/3&rdquo; 3Megapiksel Progresif CMOS<\/li>\n<li>H.264\/MJPEG dual-stream kodlama<\/li>\n<li>20fps@3M(2304&times;1296)&amp;25\/30fps@2M (1920&times;1080)<\/li>\n<li>120 &deg; Yatay G&ouml;r&uuml;\u015f A&ccedil;\u0131s\u0131<\/li>\n<li>IR 10m<\/li>\n<li>Easy4ip cloud mevcut<\/li>\n<li>Wi-Fi mevcut<\/li>\n<li>128 GB&rsquo;a kadar micro SD kart yuvas\u0131<\/li>\n<li>DC5V1A<\/li>\n<\/ul>\n<table border=\"1\" cellpadding=\"5\" cellspacing=\"1\">\n<tbody>\n<tr>\n<td><strong>Model<\/strong><\/td>\n<td><strong>Dahua IPC-C35P Teknik &Ouml;zellikleri<\/strong><\/td>\n<\/tr>\n<tr>\n<td><strong>Kamera<\/strong><\/td>\n<td colspan=\"1\">&nbsp;<\/td>\n<\/tr>\n<tr>\n<td>G&ouml;r&uuml;nt&uuml; Sens&ouml;r&uuml;<\/td>\n<td colspan=\"1\">1\/3&Prime; 3 Megapiksel Progresif CMOS<\/td>\n<\/tr>\n<tr>\n<td>Efektif Piksel<\/td>\n<td colspan=\"1\">2304(H)x1536(V)<\/td>\n<\/tr>\n<tr>\n<td>RAM \/ ROM<\/td>\n<td>256\/16 MB<\/td>\n<\/tr>\n<tr>\n<td>Tarama Sistemi<\/td>\n<td colspan=\"1\">Progresif<\/td>\n<\/tr>\n<tr>\n<td>Min. Ayd\u0131nlatma<\/td>\n<td>0.9Lux \/ F2.2 (Renkli), 0Lux \/ F2.2 (IR)<\/td>\n<\/tr>\n<tr>\n<td>S \/ N Oran\u0131<\/td>\n<td colspan=\"1\">50dB&rsquo;dan fazla<\/td>\n<\/tr>\n<tr>\n<td>IR Mesafesi<\/td>\n<td colspan=\"1\">10 metreye kadar mesafe (33ft)<\/td>\n<\/tr>\n<tr>\n<td>IR A&ccedil;\u0131k \/ Kapal\u0131 Kontrol<\/td>\n<td colspan=\"1\">Otomatik \/ Manuel<\/td>\n<\/tr>\n<tr>\n<td>IR LED<\/td>\n<td colspan=\"1\">1<\/td>\n<\/tr>\n<tr>\n<td><strong>Lens<\/strong><\/td>\n<td colspan=\"1\">&nbsp;<\/td>\n<\/tr>\n<tr>\n<td>Lens Tipi<\/td>\n<td>Sabit<\/td>\n<\/tr>\n<tr>\n<td>Odak Uzakl\u0131\u011f\u0131<\/td>\n<td colspan=\"1\">2.3mm<\/td>\n<\/tr>\n<tr>\n<td>Montaj Tipi<\/td>\n<td>Board-in<\/td>\n<\/tr>\n<tr>\n<td>Maks. Aral\u0131k<\/td>\n<td colspan=\"1\">F2.2<\/td>\n<\/tr>\n<tr>\n<td>G&ouml;r&uuml;\u015f A&ccedil;\u0131s\u0131<\/td>\n<td colspan=\"1\">H: 120 &deg;, V: 69 &deg;<\/td>\n<\/tr>\n<tr>\n<td>Netlik Ayar\u0131<\/td>\n<td colspan=\"1\">Sabit<\/td>\n<\/tr>\n<tr>\n<td>Yak\u0131n Odak Mesafesi<\/td>\n<td colspan=\"1\">&ndash;<\/td>\n<\/tr>\n<tr>\n<td><strong>Pan \/ Tilt \/ D&ouml;nd&uuml;rme<\/strong><\/td>\n<td>&nbsp;<\/td>\n<\/tr>\n<tr>\n<td>Pan \/ Tilt \/ D&ouml;nd&uuml;rme<\/td>\n<td>Soldan sa\u011fa: 0 &deg; ~ 360 &deg;; yukardan a\u015fa\u011f\u0131 10 &deg; ~ 90 &deg;; D&ouml;nd&uuml;rme: 0 &deg; ~ 360 &deg; 3 Eksenli (3 Axis) y&ouml;n ayar\u0131 ve istenildi\u011fi gibi ayarlanabilme<\/td>\n<\/tr>\n<tr>\n<td><strong>Video<\/strong><\/td>\n<td colspan=\"1\">&nbsp;<\/td>\n<\/tr>\n<tr>\n<td>S\u0131k\u0131\u015ft\u0131rma<\/td>\n<td colspan=\"1\">H.264 \/ H.264B \/ H.264H.MJPEG<\/td>\n<\/tr>\n<tr>\n<td>G&ouml;r&uuml;nt&uuml; Ak\u0131\u015f Kapasitesi<\/td>\n<td colspan=\"1\">2&rsquo;li G&ouml;r&uuml;nt&uuml; Ak\u0131\u015f\u0131<\/td>\n<\/tr>\n<tr>\n<td>&Ccedil;&ouml;z&uuml;n&uuml;rl&uuml;k<\/td>\n<td>3M (2048 &times; 1536) \/ 3M &uuml;zere (2304 x 1296) \/<\/p>\n<p>&nbsp;<\/p>\n<p>1080P (1920 &times; 1080) \/1.3M (960 1280 &times;) \/<\/p>\n<p>720P (1280 &times; 720) \/ VGA (640 &times; 480) \/<\/p>\n<p>QVGA (320 x 240),<\/p>\n<\/td>\n<\/tr>\n<tr>\n<td><strong>Frame Oran\u0131<\/strong><\/td>\n<td colspan=\"1\">&nbsp;<\/td>\n<\/tr>\n<tr>\n<td>Ana Ak\u0131m<\/td>\n<td colspan=\"1\">3MP(1~20fps)2M(1~25\/30fps)<\/td>\n<\/tr>\n<tr>\n<td>Alt Ak\u0131m<\/td>\n<td colspan=\"1\">VGA\/QVGA(1~25\/30fps)<\/td>\n<\/tr>\n<tr>\n<td>Bit H\u0131z\u0131 Kontrol&uuml;<\/td>\n<td colspan=\"1\">CBR\/VBR<\/td>\n<\/tr>\n<tr>\n<td>Bit H\u0131z\u0131<\/td>\n<td>H264: 32K ~ 10240Kbps<\/td>\n<\/tr>\n<tr>\n<td>G&uuml;nd&uuml;z\/Gece<\/td>\n<td>Otomatik (ICR) \/ Renkli \/ S \/ B<\/td>\n<\/tr>\n<tr>\n<td>BLC Modu<\/td>\n<td>BLC \/ HLC \/ DWDR<\/td>\n<\/tr>\n<tr>\n<td>Beyaz Dengesi<\/td>\n<td>Otomatik\/Do\u011fal Ortam\/Sokak Ayd\u0131nlatmas\u0131\/D\u0131\u015far\u0131 Ortam\/Manuel<\/td>\n<\/tr>\n<tr>\n<td>Kazan&ccedil; Kontrol&uuml;<\/td>\n<td>Otomatik \/ Manuel<\/td>\n<\/tr>\n<tr>\n<td>Parazit Azaltma<\/td>\n<td>3D DNR<\/td>\n<\/tr>\n<tr>\n<td>Hareket Alg\u0131lama<\/td>\n<td>Kapal\u0131\/A&ccedil;\u0131k (4 B&ouml;lge, Dikd&ouml;rtgen)<\/td>\n<\/tr>\n<tr>\n<td>\u0130lgili Alan<\/td>\n<td>Kapal\u0131\/A&ccedil;\u0131k (4 B&ouml;lge)<\/td>\n<\/tr>\n<tr>\n<td>Elektronik G&ouml;r&uuml;nt&uuml;<\/td>\n<td>Mevcut<\/td>\n<\/tr>\n<tr>\n<td>Ak\u0131ll\u0131 IR<\/td>\n<td>Mevcut<\/td>\n<\/tr>\n<tr>\n<td>Dijital Zoom<\/td>\n<td>16x<\/td>\n<\/tr>\n<tr>\n<td>Flip<\/td>\n<td>0&deg;\/90&deg;\/180&deg;\/270&deg;<\/td>\n<\/tr>\n<tr>\n<td>Mirror<\/td>\n<td>Kapal\u0131\/A&ccedil;\u0131k<\/td>\n<\/tr>\n<tr>\n<td>&Ouml;zel Alan Maskelemesi<\/td>\n<td>Kapal\u0131\/A&ccedil;\u0131k (4 Alan, Dikd&ouml;rtgen)<\/td>\n<\/tr>\n<tr>\n<td><strong>Ses<\/strong><\/td>\n<td colspan=\"1\">&nbsp;<\/td>\n<\/tr>\n<tr>\n<td>S\u0131k\u0131\u015ft\u0131rma<\/td>\n<td colspan=\"1\">G.711a \/ G.711Mu \/ AAC<\/td>\n<\/tr>\n<tr>\n<td><strong>Network<\/strong><\/td>\n<td colspan=\"1\">&nbsp;<\/td>\n<\/tr>\n<tr>\n<td>Wi-Fi<\/td>\n<td colspan=\"1\">Wi-Fi (IEEE802.11b \/ g \/ n), 50m (a&ccedil;\u0131k alan)<\/td>\n<\/tr>\n<tr>\n<td>Protokoller<\/td>\n<td colspan=\"1\">HTTP;HTTPs;TCP;ARP;RTSP;RTP;UDP;SMTP;FTP;<\/p>\n<p>&nbsp;<\/p>\n<p>DHCP;DNS;DDNS;PPPOE;IPv4\/v6;QoS;UPnP;NTP;<\/p>\n<p>Bonjour;802.1x;Multicast;ICMP;IGMP;<\/p>\n<\/td>\n<\/tr>\n<tr>\n<td>ONVIF<\/td>\n<td colspan=\"1\">ONVIF, PSIA, CGI<\/td>\n<\/tr>\n<tr>\n<td>Ak\u0131\u015f Y&ouml;ntemi<\/td>\n<td>Tekli \/ &Ccedil;oklu<\/td>\n<\/tr>\n<tr>\n<td>Maks. Kullan\u0131c\u0131 Eri\u015fimi<\/td>\n<td colspan=\"1\">10 Kullan\u0131c\u0131 \/ 20 Kullan\u0131c\u0131<\/td>\n<\/tr>\n<tr>\n<td>Direkt Depolama<\/td>\n<td>NAS(Network Attached Storage), Yerel Pc Anl\u0131k Kay\u0131t,128GB<\/td>\n<\/tr>\n<tr>\n<td>Web G&ouml;r&uuml;nt&uuml;leyici<\/td>\n<td>IE, Chrome, Firefox, Safari<\/td>\n<\/tr>\n<tr>\n<td>Yaz\u0131l\u0131m Y&ouml;netimi<\/td>\n<td>Ak\u0131ll\u0131 PSS, DSS, Easy4ip<\/td>\n<\/tr>\n<tr>\n<td>Ak\u0131ll\u0131 Telefon Deste\u011fi<\/td>\n<td colspan=\"1\">i-Phone, i-Pad, Android Telefon<\/td>\n<\/tr>\n<tr>\n<td><strong>Sertifikalar<\/strong><\/td>\n<td>&nbsp;<\/td>\n<\/tr>\n<tr>\n<td>Sertifikalar<\/td>\n<td>CE (EN 60950: 2000)<\/p>\n<p>&nbsp;<\/p>\n<p>UL: UL60950-1<\/p>\n<p>FCC: FCC B&ouml;l&uuml;m 15 Alt K\u0131s\u0131m B<\/p>\n<\/td>\n<\/tr>\n<tr>\n<td><strong>Aray&uuml;z<\/strong><\/td>\n<td colspan=\"1\">&nbsp;<\/td>\n<\/tr>\n<tr>\n<td>Video Aray&uuml;z&uuml;<\/td>\n<td colspan=\"1\">&ndash;<\/td>\n<\/tr>\n<tr>\n<td>Ses Arabirimi<\/td>\n<td>Dahili mikrofon ve hoparl&ouml;r<\/td>\n<\/tr>\n<tr>\n<td>RS485<\/td>\n<td colspan=\"1\">&ndash;<\/td>\n<\/tr>\n<tr>\n<td>Alarm<\/td>\n<td colspan=\"1\">&ndash;<\/td>\n<\/tr>\n<tr>\n<td><strong>Genel<\/strong><\/td>\n<td colspan=\"1\">&nbsp;<\/td>\n<\/tr>\n<tr>\n<td>G&uuml;&ccedil; Kayna\u011f\u0131<\/td>\n<td colspan=\"1\">DC5V 1A<\/td>\n<\/tr>\n<tr>\n<td>G&uuml;&ccedil; T&uuml;ketimi<\/td>\n<td colspan=\"1\">&lt;4.7W<\/td>\n<\/tr>\n<tr>\n<td>&Ccedil;al\u0131\u015fma Ko\u015fullar\u0131<\/td>\n<td colspan=\"1\">-10&deg;C ~ +45&deg;C (14&deg;F ~ +113&deg;F) \/ &lt; 95% RH<\/td>\n<\/tr>\n<tr>\n<td>Dayan\u0131kl\u0131l\u0131k Ko\u015fullar\u0131<\/td>\n<td>-10&deg;C ~ +45&deg;C (14&deg;F ~ +113&deg;F) \/ &lt; 95% RH<\/td>\n<\/tr>\n<tr>\n<td>Koruma Sertifikas\u0131<\/td>\n<td colspan=\"1\">&ndash;<\/td>\n<\/tr>\n<tr>\n<td>Dayan\u0131kl\u0131l\u0131k Sertifikas\u0131<\/td>\n<td colspan=\"1\">&ndash;<\/td>\n<\/tr>\n<tr>\n<td>Kasa<\/td>\n<td>Plastik<\/td>\n<\/tr>\n<tr>\n<td>Boyutlar<\/td>\n<td colspan=\"1\">64.4mm * 55.7mm * 107 mm<\/td>\n<\/tr>\n<tr>\n<td>Net A\u011f\u0131rl\u0131k<\/td>\n<td colspan=\"1\">0.135kg<\/td>\n<\/tr>\n<\/tbody>\n<\/table>\n<p><img loading=\"lazy\" alt=\"ipc-c35\" height=\"281\" sizes=\"(max-width: 500px) 100vw, 500px\" src=\"http:\/\/www.okisan.com\/wp-content\/uploads\/2004\/06\/IPC-C35-500x281.png\" srcset=\"https:\/\/www.okisan.com\/wp-content\/uploads\/2004\/06\/IPC-C35-120x67.png 120w, https:\/\/www.okisan.com\/wp-content\/uploads\/2004\/06\/IPC-C35-150x84.png 150w, https:\/\/www.okisan.com\/wp-content\/uploads\/2004\/06\/IPC-C35-200x112.png 200w, https:\/\/www.okisan.com\/wp-content\/uploads\/2004\/06\/IPC-C35-300x169.png 300w, https:\/\/www.okisan.com\/wp-content\/uploads\/2004\/06\/IPC-C35-400x225.png 400w, https:\/\/www.okisan.com\/wp-content\/uploads\/2004\/06\/IPC-C35-500x281.png 500w, https:\/\/www.okisan.com\/wp-content\/uploads\/2004\/06\/IPC-C35-600x337.png 600w, https:\/\/www.okisan.com\/wp-content\/uploads\/2004\/06\/IPC-C35.png 648w\" width=\"500\" \/><\/p>\n","protected":false},"excerpt":{"rendered":"<p>1\/3&rdquo; 3Megapiksel Progresif CMOS H.264\/MJPEG dual-stream kodlama 20fps@3M(2304&times;1296)&amp;25\/30fps@2M (1920&times;1080) 120 &deg; Yatay G&ouml;r&uuml;\u015f A&ccedil;\u0131s\u0131 IR 10m Easy4ip cloud mevcut Wi-Fi mevcut 128 GB&rsquo;a kadar micro SD kart yuvas\u0131 DC5V1A Model Dahua IPC-C35P Teknik &Ouml;zellikleri Kamera &nbsp; G&ouml;r&uuml;nt&uuml; Sens&ouml;r&uuml; 1\/3&Prime; 3 Megapiksel Progresif CMOS Efektif Piksel 2304(H)x1536(V) RAM \/ ROM 256\/16 MB Tarama Sistemi Progresif Min. [&#8230;]\n","protected":false},"featured_media":610,"comment_status":"closed","ping_status":"closed","template":"","meta":[],"_links":{"self":[{"href":"https:\/\/nilbilisim.com.tr\/magaza\/wp-json\/wp\/v2\/product\/609"}],"collection":[{"href":"https:\/\/nilbilisim.com.tr\/magaza\/wp-json\/wp\/v2\/product"}],"about":[{"href":"https:\/\/nilbilisim.com.tr\/magaza\/wp-json\/wp\/v2\/types\/product"}],"replies":[{"embeddable":true,"href":"https:\/\/nilbilisim.com.tr\/magaza\/wp-json\/wp\/v2\/comments?post=609"}],"wp:featuredmedia":[{"embeddable":true,"href":"https:\/\/nilbilisim.com.tr\/magaza\/wp-json\/wp\/v2\/media\/610"}],"wp:attachment":[{"href":"https:\/\/nilbilisim.com.tr\/magaza\/wp-json\/wp\/v2\/media?parent=609"}],"curies":[{"name":"wp","href":"https:\/\/api.w.org\/{rel}","templated":true}]}}