{"id":613,"date":"2021-01-18T20:08:11","date_gmt":"2021-01-18T20:08:11","guid":{"rendered":"https:\/\/nilbilisim.com.tr\/magaza\/urun\/dahua-ipc-a26p-1080p-h265-wi-fi-360-derece-hareketli-bebek-kamera\/"},"modified":"2024-07-01T01:42:13","modified_gmt":"2024-06-30T22:42:13","slug":"dahua-ipc-a26p-1080p-h265-wi-fi-360-derece-hareketli-bebek-kamera","status":"publish","type":"product","link":"https:\/\/nilbilisim.com.tr\/magaza\/urun\/dahua-ipc-a26p-1080p-h265-wi-fi-360-derece-hareketli-bebek-kamera\/","title":{"rendered":"Dahua IPC-A26P 1080P H.265 Wi-Fi 360 Derece Hareketli Bebek Kamera"},"content":{"rendered":"<ul>\n<li>1080P FHD Video<\/li>\n<li>H.265 Codec<\/li>\n<li>355&deg; Pan, 90&deg; Tilt<\/li>\n<li>7\/24 koruma<\/li>\n<li>\u0130ki y&ouml;nl&uuml; konu\u015fma mevcut<\/li>\n<li>Ak\u0131ll\u0131 izleme mevcut<\/li>\n<li>Alarm bildirimi mevcut<\/li>\n<li>Easy4ip cloud mevcut<\/li>\n<\/ul>\n<table border=\"1\" cellpadding=\"5\" cellspacing=\"1\" id=\"table001\">\n<tbody>\n<tr>\n<td colspan=\"2\"><strong>Dahua IPC-A26P Teknik &Ouml;zellikleri<\/strong><\/td>\n<\/tr>\n<tr>\n<td colspan=\"2\"><strong>Kamera<\/strong><\/td>\n<\/tr>\n<tr>\n<td>G&ouml;r&uuml;nt&uuml; Sens&ouml;r&uuml;<\/td>\n<td>1\/2.9 &ldquo;2Megapiksel Progresif&nbsp;CMOS (1920 x 1080)<\/td>\n<\/tr>\n<tr>\n<td>Gece G&ouml;r&uuml;\u015f&uuml;<\/td>\n<td>10m mesafe<\/td>\n<\/tr>\n<tr>\n<td>Odak Uzakl\u0131\u011f\u0131<\/td>\n<td>3.6mm sabit lens<\/td>\n<\/tr>\n<tr>\n<td>G&ouml;r&uuml;\u015f A&ccedil;\u0131s\u0131<\/td>\n<td>84&deg;(H), 45&deg;(V), 97&deg;(D)<\/td>\n<\/tr>\n<tr>\n<td>Pan \/ Tilt<\/td>\n<td>355&deg; Pan, 90&deg; Tilt<\/td>\n<\/tr>\n<tr>\n<td colspan=\"2\"><strong>Video ve Ses<\/strong><\/td>\n<\/tr>\n<tr>\n<td>S\u0131k\u0131\u015ft\u0131rma<\/td>\n<td>H.265 \/ H.264<\/td>\n<\/tr>\n<tr>\n<td>Frame Oran\u0131<\/td>\n<td>25\/30fps<\/td>\n<\/tr>\n<tr>\n<td>Dijital Zoom<\/td>\n<td>16x<\/td>\n<\/tr>\n<tr>\n<td>Ses<\/td>\n<td>\u0130ki y&ouml;nl&uuml; ses mevcut<\/td>\n<\/tr>\n<\/tbody>\n<\/table>\n<table border=\"1\" cellpadding=\"5\" cellspacing=\"1\" id=\"table002\">\n<tbody>\n<tr>\n<td><strong>Bildirim Y&ouml;netimi<\/strong><\/td>\n<td>&nbsp;<\/td>\n<\/tr>\n<tr>\n<td>Hareket Alg\u0131lama<\/td>\n<td>Mevcut<\/td>\n<\/tr>\n<tr>\n<td>Yap\u0131land\u0131r\u0131labilir B&ouml;lge ve Zamanlama<\/td>\n<td>Mevcut<\/td>\n<\/tr>\n<tr>\n<td colspan=\"2\"><strong>Network<\/strong><\/td>\n<\/tr>\n<tr>\n<td>Ethernet<\/td>\n<td>1 x 100Mbps Ethernet port<\/td>\n<\/tr>\n<tr>\n<td>Wi-Fi<\/td>\n<td>Wi-Fi (IEEE802.11b \/ g \/ n), 50m (a&ccedil;\u0131k alan)<\/td>\n<\/tr>\n<tr>\n<td>ONVIF<\/td>\n<td>S&amp;G, CGI<\/td>\n<\/tr>\n<tr>\n<td>Easy4ip App<\/td>\n<td>\u0130OS, Android<\/td>\n<\/tr>\n<tr>\n<td colspan=\"2\"><strong>Aray&uuml;z<\/strong><\/td>\n<\/tr>\n<tr>\n<td>Video Aray&uuml;z&uuml;<\/td>\n<td>Micro SD Slot (128GB&rsquo;a kadar)<\/td>\n<\/tr>\n<tr>\n<td>Ses Aray&uuml;z&uuml;<\/td>\n<td>Dahili Mikrofon ve Hoparl&ouml;r<\/td>\n<\/tr>\n<tr>\n<td>Reset Butonu<\/td>\n<td>WPS<\/td>\n<\/tr>\n<tr>\n<td colspan=\"2\"><strong>G&uuml;&ccedil;<\/strong><\/td>\n<\/tr>\n<tr>\n<td>G&uuml;&ccedil; Kayna\u011f\u0131<\/td>\n<td>DC5V 2A<\/td>\n<\/tr>\n<tr>\n<td>G&uuml;&ccedil; T&uuml;ketimi<\/td>\n<td>&lt;7W<\/td>\n<\/tr>\n<\/tbody>\n<\/table>\n<table border=\"1\" cellpadding=\"5\" cellspacing=\"1\" id=\"table003\">\n<tbody>\n<tr>\n<td colspan=\"2\"><strong>&Ccedil;evre Ko\u015fullar\u0131<\/strong><\/td>\n<\/tr>\n<tr>\n<td>&Ccedil;al\u0131\u015fma Ko\u015fullar\u0131<\/td>\n<td>-10 &deg; C ~ + 45 &deg; C % 95&rsquo;den daha d&uuml;\u015f&uuml;k RH<\/td>\n<\/tr>\n<tr>\n<td>Boyutlar<\/td>\n<td>94 mm x 94 mm x 94 mm<\/td>\n<\/tr>\n<tr>\n<td>Net A\u011f\u0131rl\u0131k<\/td>\n<td>0.240Kg<\/td>\n<\/tr>\n<tr>\n<td>Sertifikalar<\/td>\n<td>CE, FCC, UL<\/td>\n<\/tr>\n<\/tbody>\n<\/table>\n<p>&nbsp;<\/p>\n","protected":false},"excerpt":{"rendered":"<p>1080P FHD Video H.265 Codec 355&deg; Pan, 90&deg; Tilt 7\/24 koruma \u0130ki y&ouml;nl&uuml; konu\u015fma mevcut Ak\u0131ll\u0131 izleme mevcut Alarm bildirimi mevcut Easy4ip cloud mevcut Dahua IPC-A26P Teknik &Ouml;zellikleri Kamera G&ouml;r&uuml;nt&uuml; Sens&ouml;r&uuml; 1\/2.9 &ldquo;2Megapiksel Progresif&nbsp;CMOS (1920 x 1080) Gece G&ouml;r&uuml;\u015f&uuml; 10m mesafe Odak Uzakl\u0131\u011f\u0131 3.6mm sabit lens G&ouml;r&uuml;\u015f A&ccedil;\u0131s\u0131 84&deg;(H), 45&deg;(V), 97&deg;(D) Pan \/ Tilt 355&deg; [&#8230;]\n","protected":false},"featured_media":614,"comment_status":"closed","ping_status":"closed","template":"","meta":[],"_links":{"self":[{"href":"https:\/\/nilbilisim.com.tr\/magaza\/wp-json\/wp\/v2\/product\/613"}],"collection":[{"href":"https:\/\/nilbilisim.com.tr\/magaza\/wp-json\/wp\/v2\/product"}],"about":[{"href":"https:\/\/nilbilisim.com.tr\/magaza\/wp-json\/wp\/v2\/types\/product"}],"replies":[{"embeddable":true,"href":"https:\/\/nilbilisim.com.tr\/magaza\/wp-json\/wp\/v2\/comments?post=613"}],"wp:featuredmedia":[{"embeddable":true,"href":"https:\/\/nilbilisim.com.tr\/magaza\/wp-json\/wp\/v2\/media\/614"}],"wp:attachment":[{"href":"https:\/\/nilbilisim.com.tr\/magaza\/wp-json\/wp\/v2\/media?parent=613"}],"curies":[{"name":"wp","href":"https:\/\/api.w.org\/{rel}","templated":true}]}}