{"id":621,"date":"2021-01-18T20:09:05","date_gmt":"2021-01-18T20:09:05","guid":{"rendered":"https:\/\/nilbilisim.com.tr\/magaza\/urun\/dahua-ipc-hum8231-l1-0280b-2mp-pinhole-network-gizli-kamera-lensi\/"},"modified":"2024-07-01T01:42:12","modified_gmt":"2024-06-30T22:42:12","slug":"dahua-ipc-hum8231-l1-0280b-2mp-pinhole-network-gizli-kamera-lensi","status":"publish","type":"product","link":"https:\/\/nilbilisim.com.tr\/magaza\/urun\/dahua-ipc-hum8231-l1-0280b-2mp-pinhole-network-gizli-kamera-lensi\/","title":{"rendered":"Dahua IPC-HUM8231-L1-0280B 2MP Pinhole Network Gizli Kamera Lensi"},"content":{"rendered":"<ul>\n<li>1\/2.8&rdquo; 2Megapiksel progresif tarama STARVIS&trade; CMOS<\/li>\n<li>G&uuml;nd&uuml;z \/ Gece (Elektronik), WDR<\/li>\n<li>2.8mm Sabit Pinhole Lens<\/li>\n<li>8 metrelik kablo<\/li>\n<li>Birlikte &ccedil;al\u0131\u015fmak i&ccedil;in bir Ana Kutuyu gerektirir<\/li>\n<\/ul>\n<table border=\"1\" cellpadding=\"5\" cellspacing=\"1\">\n<tbody>\n<tr>\n<td><strong>Model<\/strong><\/td>\n<td colspan=\"1\"><strong>Dahua IPC-HUM8231-L1-0280B Teknik &Ouml;zellikleri<\/strong><\/td>\n<\/tr>\n<tr>\n<td><strong>Kamera<\/strong><\/td>\n<td colspan=\"1\">&nbsp;<\/td>\n<\/tr>\n<tr>\n<td>G&ouml;r&uuml;nt&uuml; Sens&ouml;r&uuml;<\/td>\n<td colspan=\"1\">1 \/ 2.8 &ldquo;2Megapiksel progresif tarama CMOS<\/td>\n<\/tr>\n<tr>\n<td>Tarama Sistemi<\/td>\n<td colspan=\"1\">Progresif<\/td>\n<\/tr>\n<tr>\n<td>Efektif Piksel<\/td>\n<td>1920(H)x1080(V)<\/td>\n<\/tr>\n<tr>\n<td>Minimum Ayd\u0131nlatma<\/td>\n<td>0.02Lux \/ F2.4 (Renkli, 1 \/ 3s, 30IRE)<\/p>\n<p>&nbsp;<\/p>\n<p>0.08Lux \/ F2.4 (Renkli, 1 \/ 30s, 30IRE)<\/p>\n<p>0.01Lux \/ F2.4 (B \/ W, 1 \/ 3s, 30IRE)<\/p>\n<p>0.04Lux \/ F2.4 (B \/ W, 1 \/ 30s, 30IRE)<\/p>\n<\/td>\n<\/tr>\n<tr>\n<td>IR Mesafesi<\/td>\n<td>&ndash;<\/td>\n<\/tr>\n<tr>\n<td>IR A&ccedil;\u0131k \/ Kapal\u0131 Kontrol<\/td>\n<td>&ndash;<\/td>\n<\/tr>\n<tr>\n<td>IR LED<\/td>\n<td>&ndash;<\/td>\n<\/tr>\n<tr>\n<td><strong>Lens<\/strong><\/td>\n<td>&nbsp;<\/td>\n<\/tr>\n<tr>\n<td>Lens Tipi<\/td>\n<td>Sabit<\/td>\n<\/tr>\n<tr>\n<td>Montaj Tipi<\/td>\n<td>Board-in<\/td>\n<\/tr>\n<tr>\n<td>Odak Uzakl\u0131\u011f\u0131<\/td>\n<td>2.8mm<\/td>\n<\/tr>\n<tr>\n<td>Maks. A&ccedil;\u0131kl\u0131k<\/td>\n<td>F2.4<\/td>\n<\/tr>\n<tr>\n<td>G&ouml;r&uuml;\u015f A&ccedil;\u0131s\u0131<\/td>\n<td>H: 104 &deg;, V: 59 &deg;<\/td>\n<\/tr>\n<tr>\n<td>Optik Zoom<\/td>\n<td>&ndash;<\/td>\n<\/tr>\n<tr>\n<td>Odak Kontrol&uuml;<\/td>\n<td>Sabit<\/td>\n<\/tr>\n<tr>\n<td>Yak\u0131n Odak Mesafesi<\/td>\n<td>&ndash;<\/td>\n<\/tr>\n<tr>\n<td><strong>Pan \/ Tilt \/ D&ouml;nd&uuml;rme<\/strong><\/td>\n<td>&nbsp;<\/td>\n<\/tr>\n<tr>\n<td>Pan \/ Tilt \/ D&ouml;nd&uuml;rme Aral\u0131\u011f\u0131<\/td>\n<td>&ndash;<\/td>\n<\/tr>\n<tr>\n<td><strong>Sertifikalar<\/strong><\/td>\n<td colspan=\"1\">&nbsp;<\/td>\n<\/tr>\n<tr>\n<td>Sertifikalar<\/td>\n<td colspan=\"1\">CE (EN 60950: 2000)<\/p>\n<p>&nbsp;<\/p>\n<p>UL: UL60950-1<\/p>\n<p>FCC: FCC B&ouml;l&uuml;m 15 Alt K\u0131s\u0131m B<\/p>\n<\/td>\n<\/tr>\n<tr>\n<td><strong>&Ccedil;evre Ko\u015fullar\u0131<\/strong><\/td>\n<td colspan=\"1\">&nbsp;<\/td>\n<\/tr>\n<tr>\n<td>&Ccedil;al\u0131\u015fma Ko\u015fullar\u0131<\/td>\n<td colspan=\"1\">-30 &deg; C ~ + 60 &deg; C (-22 &deg; F ~ + 140 &deg; F) \/% 95&rsquo;den daha d&uuml;\u015f&uuml;k RH<\/td>\n<\/tr>\n<tr>\n<td>Dayan\u0131kl\u0131l\u0131k Ko\u015fullar\u0131<\/td>\n<td colspan=\"1\">-30 &deg; C ~ + 60 &deg; C (-22 &deg; F ~ + 140 &deg; F) \/% 95&rsquo;den daha d&uuml;\u015f&uuml;k RH<\/td>\n<\/tr>\n<tr>\n<td>Koruma Sertifikas\u0131<\/td>\n<td colspan=\"1\">&nbsp;<\/td>\n<\/tr>\n<tr>\n<td>Dayan\u0131kl\u0131l\u0131k Sertifikas\u0131<\/td>\n<td colspan=\"1\">&ndash;<\/td>\n<\/tr>\n<tr>\n<td>Kasa<\/td>\n<td>Metal<\/td>\n<\/tr>\n<tr>\n<td>Boyutlar<\/td>\n<td>&Phi;30.5mm x 48.65mm<\/td>\n<\/tr>\n<tr>\n<td>Net A\u011f\u0131rl\u0131k<\/td>\n<td>0.40Kg<\/td>\n<\/tr>\n<\/tbody>\n<\/table>\n<p><img loading=\"lazy\" alt=\"\" height=\"182\" sizes=\"(max-width: 500px) 100vw, 500px\" src=\"https:\/\/www.okisan.com\/wp-content\/uploads\/2018\/01\/IPC-HUM8231-L1-b-1-500x182.png\" srcset=\"https:\/\/www.okisan.com\/wp-content\/uploads\/2018\/01\/IPC-HUM8231-L1-b-1-120x44.png 120w, https:\/\/www.okisan.com\/wp-content\/uploads\/2018\/01\/IPC-HUM8231-L1-b-1-150x55.png 150w, https:\/\/www.okisan.com\/wp-content\/uploads\/2018\/01\/IPC-HUM8231-L1-b-1-200x73.png 200w, https:\/\/www.okisan.com\/wp-content\/uploads\/2018\/01\/IPC-HUM8231-L1-b-1-300x109.png 300w, https:\/\/www.okisan.com\/wp-content\/uploads\/2018\/01\/IPC-HUM8231-L1-b-1-400x146.png 400w, https:\/\/www.okisan.com\/wp-content\/uploads\/2018\/01\/IPC-HUM8231-L1-b-1-500x182.png 500w, https:\/\/www.okisan.com\/wp-content\/uploads\/2018\/01\/IPC-HUM8231-L1-b-1-600x218.png 600w, https:\/\/www.okisan.com\/wp-content\/uploads\/2018\/01\/IPC-HUM8231-L1-b-1.png 734w\" width=\"500\" \/><img loading=\"lazy\" alt=\"\" height=\"414\" sizes=\"(max-width: 500px) 100vw, 500px\" src=\"https:\/\/www.okisan.com\/wp-content\/uploads\/2018\/01\/IPC-HUM8231-L1-k-1-500x414.png\" srcset=\"https:\/\/www.okisan.com\/wp-content\/uploads\/2018\/01\/IPC-HUM8231-L1-k-1-120x99.png 120w, https:\/\/www.okisan.com\/wp-content\/uploads\/2018\/01\/IPC-HUM8231-L1-k-1-150x124.png 150w, https:\/\/www.okisan.com\/wp-content\/uploads\/2018\/01\/IPC-HUM8231-L1-k-1-200x165.png 200w, https:\/\/www.okisan.com\/wp-content\/uploads\/2018\/01\/IPC-HUM8231-L1-k-1-300x248.png 300w, https:\/\/www.okisan.com\/wp-content\/uploads\/2018\/01\/IPC-HUM8231-L1-k-1-400x331.png 400w, https:\/\/www.okisan.com\/wp-content\/uploads\/2018\/01\/IPC-HUM8231-L1-k-1-500x414.png 500w, https:\/\/www.okisan.com\/wp-content\/uploads\/2018\/01\/IPC-HUM8231-L1-k-1-600x496.png 600w, https:\/\/www.okisan.com\/wp-content\/uploads\/2018\/01\/IPC-HUM8231-L1-k-1.png 625w\" width=\"500\" \/><\/p>\n","protected":false},"excerpt":{"rendered":"<p>1\/2.8&rdquo; 2Megapiksel progresif tarama STARVIS&trade; CMOS G&uuml;nd&uuml;z \/ Gece (Elektronik), WDR 2.8mm Sabit Pinhole Lens 8 metrelik kablo Birlikte &ccedil;al\u0131\u015fmak i&ccedil;in bir Ana Kutuyu gerektirir Model Dahua IPC-HUM8231-L1-0280B Teknik &Ouml;zellikleri Kamera &nbsp; G&ouml;r&uuml;nt&uuml; Sens&ouml;r&uuml; 1 \/ 2.8 &ldquo;2Megapiksel progresif tarama CMOS Tarama Sistemi Progresif Efektif Piksel 1920(H)x1080(V) Minimum Ayd\u0131nlatma 0.02Lux \/ F2.4 (Renkli, 1 \/ [&#8230;]\n","protected":false},"featured_media":622,"comment_status":"closed","ping_status":"closed","template":"","meta":[],"_links":{"self":[{"href":"https:\/\/nilbilisim.com.tr\/magaza\/wp-json\/wp\/v2\/product\/621"}],"collection":[{"href":"https:\/\/nilbilisim.com.tr\/magaza\/wp-json\/wp\/v2\/product"}],"about":[{"href":"https:\/\/nilbilisim.com.tr\/magaza\/wp-json\/wp\/v2\/types\/product"}],"replies":[{"embeddable":true,"href":"https:\/\/nilbilisim.com.tr\/magaza\/wp-json\/wp\/v2\/comments?post=621"}],"wp:featuredmedia":[{"embeddable":true,"href":"https:\/\/nilbilisim.com.tr\/magaza\/wp-json\/wp\/v2\/media\/622"}],"wp:attachment":[{"href":"https:\/\/nilbilisim.com.tr\/magaza\/wp-json\/wp\/v2\/media?parent=621"}],"curies":[{"name":"wp","href":"https:\/\/api.w.org\/{rel}","templated":true}]}}