{"id":623,"date":"2021-01-18T20:09:23","date_gmt":"2021-01-18T20:09:23","guid":{"rendered":"https:\/\/nilbilisim.com.tr\/magaza\/urun\/dahua-ipc-ew4431p-asw-asia-4mp-vandalproof-fisheie-sesli-kamera\/"},"modified":"2024-07-01T01:42:11","modified_gmt":"2024-06-30T22:42:11","slug":"dahua-ipc-ew4431p-asw-asia-4mp-vandalproof-fisheie-sesli-kamera","status":"publish","type":"product","link":"https:\/\/nilbilisim.com.tr\/magaza\/urun\/dahua-ipc-ew4431p-asw-asia-4mp-vandalproof-fisheie-sesli-kamera\/","title":{"rendered":"Dahua IPC-EW4431P-ASW-ASIA 4MP Vandalproof Fisheye Sesli Kamera"},"content":{"rendered":"<ul>\n<li>1\/3&rdquo; 4Megapiksel progresif Tarama CMOS<\/li>\n<li>25fps @ 4M (2688&times;1520)<\/li>\n<li>H.265&amp;H.264 triple-stream kodlama<\/li>\n<li>Maks.&nbsp;IR LED&rsquo;ler Uzunluk 15m<\/li>\n<li>WDR (120dB), G&uuml;nd&uuml;z \/ Gece (ICR), 3DNR, AWB, AGC, BLC<\/li>\n<li>\u0130hlal, Tripwire, Is\u0131 Haritas\u0131<\/li>\n<li>1\/1 Alarm giri\u015f \/ &ccedil;\u0131k\u0131\u015f, 1\/1 ses giri\u015f \/ &ccedil;\u0131k\u0131\u015f, dahili MIC<\/li>\n<li>Mikro SD bellek 128G, POE, WIFI<\/li>\n<li>180 &deg; Angel G&ouml;r&uuml;n&uuml;m&uuml;, daha fazla detay<\/li>\n<\/ul>\n<table border=\"1\" cellpadding=\"5\" cellspacing=\"1\">\n<tbody>\n<tr>\n<td><strong>Model<\/strong><\/td>\n<td><strong>Dahua IPC-EW4431P-ASW-ASIA Teknik &Ouml;zellikleri<\/strong><\/td>\n<\/tr>\n<tr>\n<td><strong>Kamera<\/strong><\/td>\n<td colspan=\"1\">&nbsp;<\/td>\n<\/tr>\n<tr>\n<td>G&ouml;r&uuml;nt&uuml; Sens&ouml;r&uuml;<\/td>\n<td colspan=\"1\">1\/3&rdquo; 4Megapixel progressif Scan CMOS<\/td>\n<\/tr>\n<tr>\n<td>Efektif Piksel<\/td>\n<td colspan=\"1\">2688&times;1520<\/td>\n<\/tr>\n<tr>\n<td>Elektronik Shutter H\u0131z\u0131<\/td>\n<td colspan=\"1\">Otomatik \/ Manuel, 1s ~ 1 \/ 100000s<\/td>\n<\/tr>\n<tr>\n<td>Min. Ayd\u0131nlatma<\/td>\n<td colspan=\"1\">0.01Lux (Renkli, 1 \/ 3s, 30IRE)<br \/>\n\t\t\t0.1Lux (Renkli, 1 \/ 30&rsquo;lar, 30IRE)<br \/>\n\t\t\t0Lux (IR)<\/td>\n<\/tr>\n<tr>\n<td>IR Mesafesi<\/td>\n<td colspan=\"1\">15m&rsquo;ye kadar mesafe<\/td>\n<\/tr>\n<tr>\n<td>IR LED<\/td>\n<td>3<\/td>\n<\/tr>\n<tr>\n<td>IR A&ccedil;\u0131k \/ Kapal\u0131 Kontrol&uuml;<\/td>\n<td>Otomatik<\/td>\n<\/tr>\n<tr>\n<td>Parazit Azaltma<\/td>\n<td>3D DNR<\/td>\n<\/tr>\n<tr>\n<td>WDR<\/td>\n<td>120dB<\/td>\n<\/tr>\n<tr>\n<td>S \/ N Oran\u0131<\/td>\n<td>56 dB&rsquo;den fazla<\/td>\n<\/tr>\n<tr>\n<td>G&uuml;nd&uuml;z Gece<\/td>\n<td>Otomatik (ICR) \/ Renkli \/ S \/ B<\/td>\n<\/tr>\n<tr>\n<td>Kazan&ccedil; Kontrol&uuml;<\/td>\n<td>Otomatik&nbsp;\/&nbsp;Manuel<\/td>\n<\/tr>\n<tr>\n<td>Beyaz Dengesi Kontrol&uuml;<\/td>\n<td>Otomatik&nbsp;\/&nbsp;Manuel<\/td>\n<\/tr>\n<tr>\n<td>BLC<\/td>\n<td>Mevcut<\/td>\n<\/tr>\n<tr>\n<td>HLC<\/td>\n<td>Mevcut<\/td>\n<\/tr>\n<tr>\n<td><strong>Lens<\/strong><\/td>\n<td colspan=\"1\">&nbsp;<\/td>\n<\/tr>\n<tr>\n<td>Lens Tipi<\/td>\n<td colspan=\"1\">Sabit,&nbsp;1.6mm<\/td>\n<\/tr>\n<tr>\n<td>Montaj Tipi<\/td>\n<td colspan=\"1\">M12<\/td>\n<\/tr>\n<tr>\n<td>Aperture<\/td>\n<td colspan=\"1\">F1.4<\/td>\n<\/tr>\n<tr>\n<td>Aperture Kontrol&uuml;<\/td>\n<td colspan=\"1\">Otomatik<\/td>\n<\/tr>\n<tr>\n<td>G&ouml;r&uuml;\u015f A&ccedil;\u0131s\u0131<\/td>\n<td colspan=\"1\">H:182&deg;; V:118&deg;<\/td>\n<\/tr>\n<tr>\n<td><strong>Ses<\/strong><\/td>\n<td colspan=\"1\">&nbsp;<\/td>\n<\/tr>\n<tr>\n<td>Giri\u015f<\/td>\n<td colspan=\"1\">1 kanal giri\u015fi;&nbsp;Dahili MIC<\/td>\n<\/tr>\n<tr>\n<td>&Ccedil;\u0131k\u0131\u015f<\/td>\n<td colspan=\"1\">1 kanal<\/td>\n<\/tr>\n<tr>\n<td>S\u0131k\u0131\u015ft\u0131rma<\/td>\n<td>G.711a;G.711Mu;G.726;ACC<\/td>\n<\/tr>\n<tr>\n<td>&Ouml;rnekleme Oran\u0131<\/td>\n<td>64 Kbps&rsquo;ye kadar<\/td>\n<\/tr>\n<tr>\n<td><strong>Video<\/strong><\/td>\n<td colspan=\"1\">&nbsp;<\/td>\n<\/tr>\n<tr>\n<td>S\u0131k\u0131\u015ft\u0131rma<\/td>\n<td colspan=\"1\">H.264;H.264H;MJPEG;H.265<\/td>\n<\/tr>\n<tr>\n<td>Bit H\u0131z\u0131<\/td>\n<td colspan=\"1\">14Kbps\uff5e40Mbps<\/td>\n<\/tr>\n<tr>\n<td>Frame H\u0131z\u0131<\/td>\n<td colspan=\"1\">Ana Ak\u0131m (1280 &times; 720 @ 25fps),<br \/>\n\t\t\tAlt Ak\u0131\u015f (704 &times; 576 @ 25fps),<br \/>\n\t\t\t&Uuml;&ccedil;&uuml;nc&uuml; Ak\u0131\u015f (1280 &times; 720 @ 25fps)<\/td>\n<\/tr>\n<tr>\n<td><strong>Alarm<\/strong><\/td>\n<td colspan=\"1\">&nbsp;<\/td>\n<\/tr>\n<tr>\n<td>Giri\u015f<\/td>\n<td colspan=\"1\">1 kanal giri\u015fi<\/td>\n<\/tr>\n<tr>\n<td>&Ccedil;\u0131k\u0131\u015f<\/td>\n<td colspan=\"1\">1 kanal &ccedil;\u0131k\u0131\u015f\u0131<\/td>\n<\/tr>\n<tr>\n<td>Alarm Tetikleyici<\/td>\n<td>Disk yok; disk dolu;&nbsp;Disk hatas\u0131;&nbsp;A\u011f ba\u011flant\u0131s\u0131n\u0131 kesme;&nbsp;IP adresi Uyu\u015fmazl\u0131\u011f\u0131;&nbsp;Hareket alg\u0131lama;&nbsp;Video Kurcalama<\/td>\n<\/tr>\n<tr>\n<td><strong>Fonksiyonlar<\/strong><\/td>\n<td colspan=\"1\">&nbsp;<\/td>\n<\/tr>\n<tr>\n<td>OSD<\/td>\n<td colspan=\"1\">Zaman;&nbsp;Kanal;&nbsp;Yer;&nbsp;Resimler<\/td>\n<\/tr>\n<tr>\n<td>Flip<\/td>\n<td colspan=\"1\">&ndash;<\/td>\n<\/tr>\n<tr>\n<td>Mirror<\/td>\n<td colspan=\"1\">&ndash;<\/td>\n<\/tr>\n<tr>\n<td>Depolama<\/td>\n<td colspan=\"1\">Mikro SD kart 128GB NAS iSCSI FTP<\/td>\n<\/tr>\n<tr>\n<td>Maks. Kullan\u0131c\u0131 Giri\u015fi<\/td>\n<td colspan=\"1\">20 kullan\u0131c\u0131<\/td>\n<\/tr>\n<tr>\n<td>Varsay\u0131lan<\/td>\n<td colspan=\"1\">Bir anahtar s\u0131f\u0131rlama<\/td>\n<\/tr>\n<tr>\n<td>WiFi<\/td>\n<td>Mevcut<\/td>\n<\/tr>\n<tr>\n<td>IVS<\/td>\n<td>Mevcut<\/td>\n<\/tr>\n<tr>\n<td>Y&uuml;z Tan\u0131ma<\/td>\n<td>&ndash;<\/td>\n<\/tr>\n<tr>\n<td>&Ouml;zel Alan Maskeleme<\/td>\n<td>Maksimum 4 Alan<\/td>\n<\/tr>\n<tr>\n<td><strong>WIFI<\/strong><\/td>\n<td colspan=\"1\">&nbsp;<\/td>\n<\/tr>\n<tr>\n<td>WIFI Standard\u0131<\/td>\n<td colspan=\"1\">IEEE802.11b,802.11g,802.11n<\/td>\n<\/tr>\n<tr>\n<td>Frekans<\/td>\n<td colspan=\"1\">2.4G~2.4835GHZ<\/td>\n<\/tr>\n<tr>\n<td>G&uuml;venlik<\/td>\n<td colspan=\"1\">64\/128-bit WEP,WPA\/WPA2,WPA-PSK\/WPA2-PSK,WPS<\/td>\n<\/tr>\n<tr>\n<td>Aktar\u0131m H\u0131z\u0131<\/td>\n<td colspan=\"1\">11b: 11Mbps 11g \uff1a 54Mbps 11n: 150Mbps&rsquo;ye kadar<\/td>\n<\/tr>\n<tr>\n<td>Mesafe<\/td>\n<td>80M (Rahats\u0131z Edici Yok, M&uuml;dahale Yok)<\/td>\n<\/tr>\n<tr>\n<td><strong>Network Giri\u015fi<\/strong><\/td>\n<td>&nbsp;<\/td>\n<\/tr>\n<tr>\n<td>Ethernet<\/td>\n<td>RJ-45 (10\/100Base-T)<\/td>\n<\/tr>\n<tr>\n<td>Protokol<\/td>\n<td>HTTP;TCP;ARP;RTSP;RTP;UDP;RTCP;SMTP;FTP;DHCP;DNS;<\/p>\n<p>&nbsp;<\/p>\n<p>DDNS;PPPOE;IPv4\/v6;SNMP;QoS;UPnP;NTP<\/p>\n<\/td>\n<\/tr>\n<tr>\n<td>Eri\u015fim Standard\u0131<\/td>\n<td>ONVIF;GB\/T28181;CGI;PSIA<\/td>\n<\/tr>\n<tr>\n<td><strong>Genel<\/strong><\/td>\n<td colspan=\"1\">&nbsp;<\/td>\n<\/tr>\n<tr>\n<td>G&uuml;&ccedil; Kayna\u011f\u0131<\/td>\n<td colspan=\"1\">DC12V\/POE<\/td>\n<\/tr>\n<tr>\n<td>G&uuml;&ccedil; T&uuml;ketimi<\/td>\n<td colspan=\"1\">Maks. 10W<\/td>\n<\/tr>\n<tr>\n<td>&Ccedil;al\u0131\u015fma Ko\u015fullar\u0131<\/td>\n<td colspan=\"1\">-10\u2103~+50\u2103<\/td>\n<\/tr>\n<tr>\n<td>&Ccedil;al\u0131\u015fma Nemi<\/td>\n<td>&le;95%<\/td>\n<\/tr>\n<tr>\n<td>Koruma Sertifikas\u0131<\/td>\n<td colspan=\"1\">&ndash;<\/td>\n<\/tr>\n<tr>\n<td>Kasa<\/td>\n<td colspan=\"1\">Metal + Plastik<\/td>\n<\/tr>\n<tr>\n<td>Boyutlar<\/td>\n<td colspan=\"1\">&Phi;126*37.7<\/td>\n<\/tr>\n<tr>\n<td>Net A\u011f\u0131rl\u0131k<\/td>\n<td colspan=\"1\">500g (Paketli \uff1a 525g)<\/td>\n<\/tr>\n<\/tbody>\n<\/table>\n<p>&nbsp;<\/p>\n<p><img loading=\"lazy\" alt=\"\" height=\"491\" sizes=\"(max-width: 500px) 100vw, 500px\" src=\"https:\/\/www.okisan.com\/wp-content\/uploads\/2019\/01\/boyutlar-10-500x491.png\" srcset=\"https:\/\/www.okisan.com\/wp-content\/uploads\/2019\/01\/boyutlar-10-66x66.png 66w, https:\/\/www.okisan.com\/wp-content\/uploads\/2019\/01\/boyutlar-10-120x118.png 120w, https:\/\/www.okisan.com\/wp-content\/uploads\/2019\/01\/boyutlar-10-150x147.png 150w, https:\/\/www.okisan.com\/wp-content\/uploads\/2019\/01\/boyutlar-10-200x197.png 200w, https:\/\/www.okisan.com\/wp-content\/uploads\/2019\/01\/boyutlar-10-300x295.png 300w, https:\/\/www.okisan.com\/wp-content\/uploads\/2019\/01\/boyutlar-10-400x393.png 400w, https:\/\/www.okisan.com\/wp-content\/uploads\/2019\/01\/boyutlar-10-500x491.png 500w, https:\/\/www.okisan.com\/wp-content\/uploads\/2019\/01\/boyutlar-10.jpg 577w\" width=\"500\" \/><\/p>\n","protected":false},"excerpt":{"rendered":"<p>1\/3&rdquo; 4Megapiksel progresif Tarama CMOS 25fps @ 4M (2688&times;1520) H.265&amp;H.264 triple-stream kodlama Maks.&nbsp;IR LED&rsquo;ler Uzunluk 15m WDR (120dB), G&uuml;nd&uuml;z \/ Gece (ICR), 3DNR, AWB, AGC, BLC \u0130hlal, Tripwire, Is\u0131 Haritas\u0131 1\/1 Alarm giri\u015f \/ &ccedil;\u0131k\u0131\u015f, 1\/1 ses giri\u015f \/ &ccedil;\u0131k\u0131\u015f, dahili MIC Mikro SD bellek 128G, POE, WIFI 180 &deg; Angel G&ouml;r&uuml;n&uuml;m&uuml;, daha fazla detay [&#8230;]\n","protected":false},"featured_media":624,"comment_status":"closed","ping_status":"closed","template":"","meta":[],"_links":{"self":[{"href":"https:\/\/nilbilisim.com.tr\/magaza\/wp-json\/wp\/v2\/product\/623"}],"collection":[{"href":"https:\/\/nilbilisim.com.tr\/magaza\/wp-json\/wp\/v2\/product"}],"about":[{"href":"https:\/\/nilbilisim.com.tr\/magaza\/wp-json\/wp\/v2\/types\/product"}],"replies":[{"embeddable":true,"href":"https:\/\/nilbilisim.com.tr\/magaza\/wp-json\/wp\/v2\/comments?post=623"}],"wp:featuredmedia":[{"embeddable":true,"href":"https:\/\/nilbilisim.com.tr\/magaza\/wp-json\/wp\/v2\/media\/624"}],"wp:attachment":[{"href":"https:\/\/nilbilisim.com.tr\/magaza\/wp-json\/wp\/v2\/media?parent=623"}],"curies":[{"name":"wp","href":"https:\/\/api.w.org\/{rel}","templated":true}]}}