{"id":631,"date":"2021-01-18T20:10:10","date_gmt":"2021-01-18T20:10:10","guid":{"rendered":"https:\/\/nilbilisim.com.tr\/magaza\/urun\/dahua-sd42c212t-hn-2mp-12x-starlight-ptz-network-kamera\/"},"modified":"2024-07-01T01:42:10","modified_gmt":"2024-06-30T22:42:10","slug":"dahua-sd42c212t-hn-2mp-12x-starlight-ptz-network-kamera","status":"publish","type":"product","link":"https:\/\/nilbilisim.com.tr\/magaza\/urun\/dahua-sd42c212t-hn-2mp-12x-starlight-ptz-network-kamera\/","title":{"rendered":"Dahua SD42C212T-HN 2MP 12x Starlight PTZ Network Kamera"},"content":{"rendered":"<ul>\n<li>1\/2.8&rdquo; 2Megapiksel STARVIS&trade; CMOS<\/li>\n<li>G&uuml;&ccedil;l&uuml; 12x optik zoom<\/li>\n<li>&Uuml;&ccedil;l&uuml; ak\u0131\u015f kodlama mevcut<\/li>\n<li>Maks.&nbsp;25 \/ 30fps @ 1080P<\/li>\n<li>IVS<\/li>\n<li>PoE + mevcut<\/li>\n<li>IK10<\/li>\n<\/ul>\n<table border=\"1\" cellpadding=\"5\" cellspacing=\"1\">\n<tbody>\n<tr>\n<td><strong>Model<\/strong><\/td>\n<td><strong>Dahua SD42C212T-HN Teknik &Ouml;zellikleri<\/strong><\/td>\n<\/tr>\n<tr>\n<td><strong>Kamera<\/strong><\/td>\n<td colspan=\"1\">&nbsp;<\/td>\n<\/tr>\n<tr>\n<td>G&ouml;r&uuml;nt&uuml; Sens&ouml;r&uuml;<\/td>\n<td colspan=\"1\">1 \/ 2.8 &ldquo;STARVIS &trade; CMOS<\/td>\n<\/tr>\n<tr>\n<td>Efektif Piksel<\/td>\n<td colspan=\"1\">1920 (H) x 1080 (V), 2 megapiksel<\/td>\n<\/tr>\n<tr>\n<td>RAM \/ ROM<\/td>\n<td colspan=\"1\">1024M \/ 128M<\/td>\n<\/tr>\n<tr>\n<td>Tarama Sistemi<\/td>\n<td colspan=\"1\">Progresif<\/td>\n<\/tr>\n<tr>\n<td>Elektronik Shutter H\u0131z\u0131<\/td>\n<td>1\/1 s ~ 1 \/ 30,000s<\/td>\n<\/tr>\n<tr>\n<td>Min. Ayd\u0131nlatma<\/td>\n<td colspan=\"1\">Renk: 0.005Lux@F1.6;&nbsp;B \/ W: 0.0005Lux@F1.6<\/td>\n<\/tr>\n<tr>\n<td>S\/N Oran\u0131<\/td>\n<td colspan=\"1\">55 dB&rsquo;den fazla<\/td>\n<\/tr>\n<tr>\n<td>IR Mesafesi<\/td>\n<td>&ndash;<\/td>\n<\/tr>\n<tr>\n<td>IR A&ccedil;\u0131k \/ Kapal\u0131 Kontrol<\/td>\n<td>&ndash;<\/td>\n<\/tr>\n<tr>\n<td>IR LED<\/td>\n<td>&ndash;<\/td>\n<\/tr>\n<tr>\n<td><strong>Lens<\/strong><\/td>\n<td colspan=\"1\">&nbsp;<\/td>\n<\/tr>\n<tr>\n<td>Odak Uzakl\u0131\u011f\u0131<\/td>\n<td colspan=\"1\">5.3mm ~ 64 mm<\/td>\n<\/tr>\n<tr>\n<td>Maks. Aral\u0131k<\/td>\n<td colspan=\"1\">F1.6 ~ F4.4<\/td>\n<\/tr>\n<tr>\n<td>G&ouml;r&uuml;\u015f A&ccedil;\u0131s\u0131<\/td>\n<td>H: 58.2 &deg; ~ 4.8 &deg;<\/td>\n<\/tr>\n<tr>\n<td>Optik Zoom<\/td>\n<td>12x<\/td>\n<\/tr>\n<tr>\n<td>Odak Kontrol&uuml;<\/td>\n<td colspan=\"1\">Otomatik\/Manuel<\/td>\n<\/tr>\n<tr>\n<td>Yak\u0131n Odak Mesafesi<\/td>\n<td colspan=\"1\">100mm ~ 1000mm<\/td>\n<\/tr>\n<tr>\n<td><strong>PTZ<\/strong><\/td>\n<td colspan=\"1\">&nbsp;<\/td>\n<\/tr>\n<tr>\n<td>Pan \/Tilt Aral\u0131\u011f\u0131<\/td>\n<td colspan=\"1\">Pan: 0&deg; ~ 360&deg; endless; Tilt: -2&deg; ~ 90&deg;, otomatik flip 180&deg;<\/td>\n<\/tr>\n<tr>\n<td>Manuel Kontrol H\u0131z\u0131<\/td>\n<td colspan=\"1\">Pan: 0.1&deg; ~ 300&deg;\/s; Tilt: 0.1&deg; ~ 120&deg;\/s<\/td>\n<\/tr>\n<tr>\n<td>Preset H\u0131z\u0131<\/td>\n<td colspan=\"1\">Pan: 300&deg;\/s; Tilt: 200&deg;\/s<\/td>\n<\/tr>\n<tr>\n<td>Preset<\/td>\n<td colspan=\"1\">300<\/td>\n<\/tr>\n<tr>\n<td>PTZ Modu<\/td>\n<td colspan=\"1\">5 Pattern, 8 Tur, Otomatik Tarama, Otomatik Pan<\/td>\n<\/tr>\n<tr>\n<td>H\u0131z Ayar\u0131<\/td>\n<td colspan=\"1\">Ki\u015fi Odakl\u0131 Odak Uzunlu\u011fu \/ H\u0131z Adaptasyonu<\/td>\n<\/tr>\n<tr>\n<td>Eylem Durumu<\/td>\n<td colspan=\"1\">G&uuml;&ccedil; Kesintisinden sonra &ouml;nceki PTZ ve Lens durumuna Otomatik&nbsp;geri y&uuml;kleme<\/td>\n<\/tr>\n<tr>\n<td>PTZ Bo\u015fta \u0130ken<\/td>\n<td colspan=\"1\">Belirtilen s&uuml;re i&ccedil;inde komut Varsa, Preset \/ Tarama \/ Tur \/ Pattern&rsquo;i etkinle\u015ftirme<\/td>\n<\/tr>\n<tr>\n<td>Protokol<\/td>\n<td colspan=\"1\">DH-SD<\/td>\n<\/tr>\n<tr>\n<td><strong>Ak\u0131ll\u0131 Fonksiyonlar<\/strong><\/td>\n<td>&nbsp;<\/td>\n<\/tr>\n<tr>\n<td>Etkinlik Tetikleyici<\/td>\n<td>Hareket alg\u0131lama, Video kurcalama, A\u011f ba\u011flant\u0131 kesme, IP adresi &ccedil;ak\u0131\u015fmas\u0131, Yasa d\u0131\u015f\u0131 eri\u015fim, Depolama anormalli\u011fi<\/td>\n<\/tr>\n<tr>\n<td>Otomatik \u0130zleme<\/td>\n<td>&ndash;<\/td>\n<\/tr>\n<tr>\n<td>IVS<\/td>\n<td>Tripwire, Sald\u0131r\u0131, Terkedilmi\u015f \/ Eksik<\/td>\n<\/tr>\n<tr>\n<td>Geli\u015fmi\u015f Ak\u0131ll\u0131 Fonksiyonlar<\/td>\n<td>Y&uuml;z tan\u0131ma<\/td>\n<\/tr>\n<tr>\n<td><strong>Video<\/strong><\/td>\n<td colspan=\"1\">&nbsp;<\/td>\n<\/tr>\n<tr>\n<td>S\u0131k\u0131\u015ft\u0131rma<\/td>\n<td colspan=\"1\">H.265 + \/ H.265 \/ H.264 + \/ H.264<\/td>\n<\/tr>\n<tr>\n<td>G&ouml;r&uuml;nt&uuml; Ak\u0131\u015f Kapasitesi<\/td>\n<td>3&rsquo;l&uuml; Ak\u0131\u015f<\/td>\n<\/tr>\n<tr>\n<td>&Ccedil;&ouml;z&uuml;n&uuml;rl&uuml;k<\/td>\n<td colspan=\"1\">1080P (1920 &times; 1080)&nbsp;\/&nbsp;720P (1280 &times; 720) \/ D1 (704 &times; 576\/704 &times; 480) \/ CIF (352 &times; 288\/352 &times; 240)<\/td>\n<\/tr>\n<tr>\n<td><strong>Frame Oran\u0131<\/strong><\/td>\n<td colspan=\"1\">&nbsp;<\/td>\n<\/tr>\n<tr>\n<td>Ana Ak\u0131m<\/td>\n<td colspan=\"1\">1080P \/ 720P (1 ~ 25 \/ 30fps)<\/td>\n<\/tr>\n<tr>\n<td>Alt Ak\u0131m 1<\/td>\n<td colspan=\"1\">D1 \/ CIF (1 ~ 25 \/ 30fps)<\/td>\n<\/tr>\n<tr>\n<td>Alt Ak\u0131m 2<\/td>\n<td colspan=\"1\">720P \/ D1 \/ CIF (1 ~ 25 \/ 30fps)<\/td>\n<\/tr>\n<tr>\n<td>Bit H\u0131z\u0131 Kontrol&uuml;<\/td>\n<td>CBR \/ VBR<\/td>\n<\/tr>\n<tr>\n<td>Bit Oran\u0131<\/td>\n<td>H.265 \/ H.264: 448K ~ 8192Kbps<\/td>\n<\/tr>\n<tr>\n<td>G&uuml;nd&uuml;z Gece<\/td>\n<td>Otomatik (ICR) \/ Renkli \/ S \/ B<\/td>\n<\/tr>\n<tr>\n<td>Arka I\u015f\u0131k Telafisi<\/td>\n<td>BLC \/ HLC \/ WDR (120dB)<\/td>\n<\/tr>\n<tr>\n<td>Beyaz Dengesi<\/td>\n<td>Otomatik, ATW, Kapal\u0131, A&ccedil;\u0131k, Manuel<\/td>\n<\/tr>\n<tr>\n<td>Kazan&ccedil; Kontrol&uuml;<\/td>\n<td>Otomatik \/ Manuel<\/td>\n<\/tr>\n<tr>\n<td>Parazit Azaltma<\/td>\n<td>Ultra DNR (2D \/ 3D)<\/td>\n<\/tr>\n<tr>\n<td>Hareket Alg\u0131lama<\/td>\n<td>Mevcut<\/td>\n<\/tr>\n<tr>\n<td>ROI<\/td>\n<td>Mevcut<\/td>\n<\/tr>\n<tr>\n<td>Elektronik G&ouml;r&uuml;nt&uuml; \u0130stikrar (EIS)<\/td>\n<td>&ndash;<\/td>\n<\/tr>\n<tr>\n<td>Ultra Defog (Anti Sis)<\/td>\n<td>Mevcut<\/td>\n<\/tr>\n<tr>\n<td>Dijital Zoom<\/td>\n<td>16x<\/td>\n<\/tr>\n<tr>\n<td>Flip<\/td>\n<td>180&deg;<\/td>\n<\/tr>\n<tr>\n<td>&Ouml;zel Alan Maskelemesi<\/td>\n<td>24 Alana Kadar<\/td>\n<\/tr>\n<tr>\n<td><strong>Ses<\/strong><\/td>\n<td colspan=\"1\">&nbsp;<\/td>\n<\/tr>\n<tr>\n<td>S\u0131k\u0131\u015ft\u0131rma<\/td>\n<td colspan=\"1\">G.711a \/ G.711Mu \/ G.726 \/ AAC<\/td>\n<\/tr>\n<tr>\n<td><strong>Network<\/strong><\/td>\n<td colspan=\"1\">&nbsp;<\/td>\n<\/tr>\n<tr>\n<td>Ethernet<\/td>\n<td colspan=\"1\">RJ-45 (10Base-T\/100Base-TX)<\/td>\n<\/tr>\n<tr>\n<td>Protokol<\/td>\n<td colspan=\"1\">IPv4 \/ IPv6, HTTP, HTTPS, SSL, TCP \/ IP, UDP, UPnP, ICMP, IGMP, SNMP, RTSP, RTP, SMTP, NTP, DHCP, DNS, PPPOE, DDNS, FTP,&nbsp;IP Filtresi, QoS, Bonjour, 802.1 x<\/td>\n<\/tr>\n<tr>\n<td>ONVIF<\/td>\n<td colspan=\"1\">ONVIF Profili S &amp; G, API<\/td>\n<\/tr>\n<tr>\n<td>Ak\u0131\u015f Y&ouml;ntemi<\/td>\n<td>Tekli \/ &Ccedil;oklu<\/td>\n<\/tr>\n<tr>\n<td>Maks. Kullan\u0131c\u0131 Eri\u015fimi<\/td>\n<td colspan=\"1\">20 Kullan\u0131c\u0131<\/td>\n<\/tr>\n<tr>\n<td>Direkt Depolama<\/td>\n<td>NAS (A\u011fa Ba\u011fl\u0131 Depolama), anl\u0131k kay\u0131t i&ccedil;in Yerel PC, Mikro SD kart 256GB<\/td>\n<\/tr>\n<tr>\n<td>Web G&ouml;r&uuml;nt&uuml;leyici<\/td>\n<td>IE, Chrome, Firefox, Safari<\/td>\n<\/tr>\n<tr>\n<td>Yaz\u0131l\u0131m Y&ouml;netimi<\/td>\n<td>Ak\u0131ll\u0131 PSS, DSS, DMSS<\/td>\n<\/tr>\n<tr>\n<td>Ak\u0131ll\u0131 Telefon<\/td>\n<td colspan=\"1\">IOS, Android<\/td>\n<\/tr>\n<tr>\n<td><strong>Sertifikalar<\/strong><\/td>\n<td>&nbsp;<\/td>\n<\/tr>\n<tr>\n<td>Sertifikalar<\/td>\n<td>CE: EN55032 \/ EN55024 \/ EN50130-4<\/p>\n<p>&nbsp;<\/p>\n<p>FCC: Part15 altpartB, ANSI C63.4- 2014<\/p>\n<p>UL: UL60950-1 + CAN \/ CSA C22.2&nbsp;,&nbsp;No. 60950-1<\/p>\n<\/td>\n<\/tr>\n<tr>\n<td><strong>Aray&uuml;z<\/strong><\/td>\n<td colspan=\"1\">&nbsp;<\/td>\n<\/tr>\n<tr>\n<td>Video Aray&uuml;z&uuml;<\/td>\n<td colspan=\"1\">&ndash;<\/td>\n<\/tr>\n<tr>\n<td>RS485<\/td>\n<td colspan=\"1\">&ndash;<\/td>\n<\/tr>\n<tr>\n<td>Ses G \/ &Ccedil;<\/td>\n<td>1\/1<\/td>\n<\/tr>\n<tr>\n<td>Alarm G \/ &Ccedil;<\/td>\n<td colspan=\"1\">2\/1<\/td>\n<\/tr>\n<tr>\n<td><strong>Genel<\/strong><\/td>\n<td colspan=\"1\">&nbsp;<\/td>\n<\/tr>\n<tr>\n<td>G&uuml;&ccedil; Kayna\u011f\u0131<\/td>\n<td colspan=\"1\">AC 24V \/ 1.5A (&plusmn;% 10), PoE + (802.3at)<\/td>\n<\/tr>\n<tr>\n<td>G&uuml;&ccedil; T&uuml;ketimi<\/td>\n<td colspan=\"1\">12W<\/td>\n<\/tr>\n<tr>\n<td>&Ccedil;al\u0131\u015fma Ko\u015fullar\u0131<\/td>\n<td colspan=\"1\">-30 &deg; C ~ 60 &deg; C (-22 &deg; F ~ 140 &deg; F) \/% 90 RH&rsquo;den az<\/td>\n<\/tr>\n<tr>\n<td>Koruma Sertifikas\u0131<\/td>\n<td colspan=\"1\">&ndash;<\/td>\n<\/tr>\n<tr>\n<td>Dayan\u0131kl\u0131l\u0131k Sertifikas\u0131<\/td>\n<td colspan=\"1\">IK10<\/td>\n<\/tr>\n<tr>\n<td><strong>Kasa<\/strong><\/td>\n<td>&nbsp;<\/td>\n<\/tr>\n<tr>\n<td>Kasa<\/td>\n<td>Metal<\/td>\n<\/tr>\n<tr>\n<td>Boyutlar<\/td>\n<td colspan=\"1\">&Phi;198(mm)&times;158(mm)<\/td>\n<\/tr>\n<tr>\n<td>Net A\u011f\u0131rl\u0131k<\/td>\n<td colspan=\"1\">2.3kg<\/td>\n<\/tr>\n<\/tbody>\n<\/table>\n<p>&nbsp;<img loading=\"lazy\" alt=\"\" height=\"435\" sizes=\"(max-width: 500px) 100vw, 500px\" src=\"https:\/\/www.okisan.com\/wp-content\/uploads\/2016\/05\/SD42C212T-HN-500x435.png\" srcset=\"https:\/\/www.okisan.com\/wp-content\/uploads\/2016\/05\/SD42C212T-HN-120x104.png 120w, https:\/\/www.okisan.com\/wp-content\/uploads\/2016\/05\/SD42C212T-HN-150x131.png 150w, https:\/\/www.okisan.com\/wp-content\/uploads\/2016\/05\/SD42C212T-HN-200x174.png 200w, https:\/\/www.okisan.com\/wp-content\/uploads\/2016\/05\/SD42C212T-HN-300x261.png 300w, https:\/\/www.okisan.com\/wp-content\/uploads\/2016\/05\/SD42C212T-HN-400x348.png 400w, https:\/\/www.okisan.com\/wp-content\/uploads\/2016\/05\/SD42C212T-HN-500x435.png 500w, https:\/\/www.okisan.com\/wp-content\/uploads\/2016\/05\/SD42C212T-HN-600x522.png 600w, https:\/\/www.okisan.com\/wp-content\/uploads\/2016\/05\/SD42C212T-HN.png 649w\" width=\"500\" \/><\/p>\n","protected":false},"excerpt":{"rendered":"<p>1\/2.8&rdquo; 2Megapiksel STARVIS&trade; CMOS G&uuml;&ccedil;l&uuml; 12x optik zoom &Uuml;&ccedil;l&uuml; ak\u0131\u015f kodlama mevcut Maks.&nbsp;25 \/ 30fps @ 1080P IVS PoE + mevcut IK10 Model Dahua SD42C212T-HN Teknik &Ouml;zellikleri Kamera &nbsp; G&ouml;r&uuml;nt&uuml; Sens&ouml;r&uuml; 1 \/ 2.8 &ldquo;STARVIS &trade; CMOS Efektif Piksel 1920 (H) x 1080 (V), 2 megapiksel RAM \/ ROM 1024M \/ 128M Tarama Sistemi Progresif [&#8230;]\n","protected":false},"featured_media":632,"comment_status":"closed","ping_status":"closed","template":"","meta":[],"_links":{"self":[{"href":"https:\/\/nilbilisim.com.tr\/magaza\/wp-json\/wp\/v2\/product\/631"}],"collection":[{"href":"https:\/\/nilbilisim.com.tr\/magaza\/wp-json\/wp\/v2\/product"}],"about":[{"href":"https:\/\/nilbilisim.com.tr\/magaza\/wp-json\/wp\/v2\/types\/product"}],"replies":[{"embeddable":true,"href":"https:\/\/nilbilisim.com.tr\/magaza\/wp-json\/wp\/v2\/comments?post=631"}],"wp:featuredmedia":[{"embeddable":true,"href":"https:\/\/nilbilisim.com.tr\/magaza\/wp-json\/wp\/v2\/media\/632"}],"wp:attachment":[{"href":"https:\/\/nilbilisim.com.tr\/magaza\/wp-json\/wp\/v2\/media?parent=631"}],"curies":[{"name":"wp","href":"https:\/\/api.w.org\/{rel}","templated":true}]}}